{"id":786,"date":"2021-11-01T06:02:36","date_gmt":"2021-11-01T06:02:36","guid":{"rendered":"https:\/\/skrateljc.org\/?post_type=product&#038;p=786"},"modified":"2025-10-25T17:27:26","modified_gmt":"2025-10-25T15:27:26","slug":"pravljicni-komplet-pravljicni-sumberk","status":"publish","type":"product","link":"https:\/\/www.skrateljc.org\/it\/izdelek\/pravljicni-komplet-pravljicni-sumberk\/","title":{"rendered":"Pravlji\u010dni komplet Pravlji\u010dni \u0160umberk"},"content":{"rendered":"<h1>Pravlji\u010dni komplet Pravlji\u010dni \u0160umberk<\/h1>\n<p>Pravlji\u010dni komplet Pravlji\u010dni \u0160umberk je pravo darilo za \u0161kratolovce \u2013 raziskovalce \u0161kratjega sveta! Vsebuje slikanico, bele\u017eko za obisk poti in svin\u010dnik.<\/p>","protected":false},"excerpt":{"rendered":"<p><strong>Pravlji\u010dni komplet je pravo darilo za \u0161kratolovce \u2013 pustolovske raziskovalce \u0161kratjega sveta! Vsebuje slikanico, bele\u017eko za obisk pravlji\u010dno-do\u017eivljajske poti in svin\u010dnik oz. barvice. Na koncu pa vse \u0161kratolovce \u010daka zaslu\u017eena nagrada!<\/strong><\/p>\n<p><em>Po Sloveniji nastaja<a href=\"https:\/\/www.skrateljc.org\/it\/pravljicne-poti\/\"> transverzala pravlji\u010dno-do\u017eivljajskih poti<\/a>, ki dru\u017einam in otrokom naravo in kulturo ter lokalne posebnosti pribli\u017ea skozi zgodbo in pristna do\u017eivetja. Ve\u010dina poti se nahaja v neposredni bli\u017eini Ljubljane in ponujajo nekajurno do\u017eivetje za dru\u017eine, ki i\u0161\u010dejo prilo\u017enosti za gibanje v naravi in spro\u0161\u010deno, otrokom prilagojeno spoznavanje novih krajev in njihovih posebnosti. Na poti so otroci na pomembni misiji: i\u0161\u010dejo skrivna sporo\u010dila in \u0161kratje simbole, premagujejo \u0161kratji urok, pomagajo \u017eivalim in u\u017eivajo v gozdnih dogodiv\u0161\u010dinah<\/em>.<\/p>\n<p>Otroci za do\u017eivetje na pravlji\u010dno-do\u017eivljajskih poteh potrebujejo\u00a0<strong><a href=\"https:\/\/www.skrateljc.org\/it\/prodotto-2\/belezka-pravljicni-sumberk\/\">bele\u017eko<\/a> <\/strong>in svin\u010dnik, na cilju pa jih za uspe\u0161no opravljeno misijo vselej \u010daka nagrada. Z izjemo Krvavca, poti obratujejo vsak dan v letu in vas vabijo na samostojen obisk. Redno pa organiziramo tudi vodene pohode po poteh z interpretativnimi vodniki. Za ogled terminov spremljajte na\u0161o <a href=\"http:\/\/www.facebook.com\/skrateljc\">Facebook stran!<\/a><\/p>","protected":false},"featured_media":2473,"template":"","meta":{"inline_featured_image":false,"cybocfi_hide_featured_image":""},"product_brand":[],"product_cat":[69,79],"product_tag":[],"class_list":{"0":"post-786","1":"product","2":"type-product","3":"status-publish","4":"has-post-thumbnail","6":"product_cat-dozivetja-v-naravi","7":"product_cat-pravljicni-kompleti","9":"first","10":"instock","11":"sale","12":"shipping-taxable","13":"purchasable","14":"product-type-simple"},"yoast_head":"<!-- This site is optimized with the Yoast SEO Premium plugin v27.2 (Yoast SEO v27.4) - https:\/\/yoast.com\/product\/yoast-seo-premium-wordpress\/ -->\n<title>Pravlji\u010dni komplet Pravlji\u010dni \u0160umberk | \u0160krateljc<\/title>\n<meta name=\"description\" content=\"Pravlji\u010dni komplet Pravlji\u010dni \u0160umberk je pravo darilo za \u0161kratolovce \u2013 raziskovalce \u0161kratjega sveta! Vsebuje slikanico, bele\u017eko in svin\u010dnik.\" \/>\n<meta name=\"robots\" content=\"index, follow, max-snippet:-1, max-image-preview:large, max-video-preview:-1\" \/>\n<link rel=\"canonical\" href=\"https:\/\/www.skrateljc.org\/it\/prodotto-2\/pravljicni-komplet-pravljicni-sumberk\/\" \/>\n<meta property=\"og:locale\" content=\"it_IT\" \/>\n<meta property=\"og:type\" content=\"article\" \/>\n<meta property=\"og:title\" content=\"Pravlji\u010dni komplet Pravlji\u010dni \u0160umberk\" \/>\n<meta property=\"og:description\" content=\"Pravlji\u010dni komplet Pravlji\u010dni \u0160umberk je pravo darilo za \u0161kratolovce \u2013 raziskovalce \u0161kratjega sveta! Vsebuje slikanico, bele\u017eko in svin\u010dnik.\" \/>\n<meta property=\"og:url\" content=\"https:\/\/www.skrateljc.org\/it\/prodotto-2\/pravljicni-komplet-pravljicni-sumberk\/\" \/>\n<meta property=\"og:site_name\" content=\"\u0160krateljc\" \/>\n<meta property=\"article:publisher\" content=\"https:\/\/www.facebook.com\/skrateljc\" \/>\n<meta property=\"article:modified_time\" content=\"2025-10-25T15:27:26+00:00\" \/>\n<meta property=\"og:image\" content=\"https:\/\/www.skrateljc.org\/wp-content\/uploads\/2021\/11\/2-2.png\" \/>\n\t<meta property=\"og:image:width\" content=\"612\" \/>\n\t<meta property=\"og:image:height\" content=\"767\" \/>\n\t<meta property=\"og:image:type\" content=\"image\/png\" \/>\n<meta name=\"twitter:card\" content=\"summary_large_image\" \/>\n<script type=\"application\/ld+json\" class=\"yoast-schema-graph\">{\"@context\":\"https:\\\/\\\/schema.org\",\"@graph\":[{\"@type\":\"WebPage\",\"@id\":\"https:\\\/\\\/www.skrateljc.org\\\/izdelek\\\/pravljicni-komplet-pravljicni-sumberk\\\/\",\"url\":\"https:\\\/\\\/www.skrateljc.org\\\/izdelek\\\/pravljicni-komplet-pravljicni-sumberk\\\/\",\"name\":\"Pravlji\u010dni komplet Pravlji\u010dni \u0160umberk | \u0160krateljc\",\"isPartOf\":{\"@id\":\"https:\\\/\\\/www.skrateljc.org\\\/#website\"},\"primaryImageOfPage\":{\"@id\":\"https:\\\/\\\/www.skrateljc.org\\\/izdelek\\\/pravljicni-komplet-pravljicni-sumberk\\\/#primaryimage\"},\"image\":{\"@id\":\"https:\\\/\\\/www.skrateljc.org\\\/izdelek\\\/pravljicni-komplet-pravljicni-sumberk\\\/#primaryimage\"},\"thumbnailUrl\":\"https:\\\/\\\/www.skrateljc.org\\\/wp-content\\\/uploads\\\/2021\\\/11\\\/2-2.png\",\"datePublished\":\"2021-11-01T06:02:36+00:00\",\"dateModified\":\"2025-10-25T15:27:26+00:00\",\"description\":\"Pravlji\u010dni komplet Pravlji\u010dni \u0160umberk je pravo darilo za \u0161kratolovce \u2013 raziskovalce \u0161kratjega sveta! Vsebuje slikanico, bele\u017eko in svin\u010dnik.\",\"breadcrumb\":{\"@id\":\"https:\\\/\\\/www.skrateljc.org\\\/izdelek\\\/pravljicni-komplet-pravljicni-sumberk\\\/#breadcrumb\"},\"inLanguage\":\"it-IT\",\"potentialAction\":[{\"@type\":\"ReadAction\",\"target\":[\"https:\\\/\\\/www.skrateljc.org\\\/izdelek\\\/pravljicni-komplet-pravljicni-sumberk\\\/\"]}]},{\"@type\":\"ImageObject\",\"inLanguage\":\"it-IT\",\"@id\":\"https:\\\/\\\/www.skrateljc.org\\\/izdelek\\\/pravljicni-komplet-pravljicni-sumberk\\\/#primaryimage\",\"url\":\"https:\\\/\\\/www.skrateljc.org\\\/wp-content\\\/uploads\\\/2021\\\/11\\\/2-2.png\",\"contentUrl\":\"https:\\\/\\\/www.skrateljc.org\\\/wp-content\\\/uploads\\\/2021\\\/11\\\/2-2.png\",\"width\":612,\"height\":767,\"caption\":\"Pravlji\u010dni \u0160umberk Dom\u017eale \u0160krateljc Pravlji\u010dne poti Pravlji\u010dno-do\u017eivljajska transverzala dru\u017einski izleti\"},{\"@type\":\"BreadcrumbList\",\"@id\":\"https:\\\/\\\/www.skrateljc.org\\\/izdelek\\\/pravljicni-komplet-pravljicni-sumberk\\\/#breadcrumb\",\"itemListElement\":[{\"@type\":\"ListItem\",\"position\":1,\"name\":\"Domov\",\"item\":\"https:\\\/\\\/www.skrateljc.org\\\/\"},{\"@type\":\"ListItem\",\"position\":2,\"name\":\"Trgovina\",\"item\":\"https:\\\/\\\/www.skrateljc.org\\\/trgovina\\\/\"},{\"@type\":\"ListItem\",\"position\":3,\"name\":\"Pravlji\u010dni komplet Pravlji\u010dni \u0160umberk\"}]},{\"@type\":\"WebSite\",\"@id\":\"https:\\\/\\\/www.skrateljc.org\\\/#website\",\"url\":\"https:\\\/\\\/www.skrateljc.org\\\/\",\"name\":\"\u0160krateljc\",\"description\":\"- ustvarjamo do\u017eivetja\",\"publisher\":{\"@id\":\"https:\\\/\\\/www.skrateljc.org\\\/#organization\"},\"potentialAction\":[{\"@type\":\"SearchAction\",\"target\":{\"@type\":\"EntryPoint\",\"urlTemplate\":\"https:\\\/\\\/www.skrateljc.org\\\/?s={search_term_string}\"},\"query-input\":{\"@type\":\"PropertyValueSpecification\",\"valueRequired\":true,\"valueName\":\"search_term_string\"}}],\"inLanguage\":\"it-IT\"},{\"@type\":\"Organization\",\"@id\":\"https:\\\/\\\/www.skrateljc.org\\\/#organization\",\"name\":\"Zavod \u0160krateljc\",\"url\":\"https:\\\/\\\/www.skrateljc.org\\\/\",\"logo\":{\"@type\":\"ImageObject\",\"inLanguage\":\"it-IT\",\"@id\":\"https:\\\/\\\/www.skrateljc.org\\\/#\\\/schema\\\/logo\\\/image\\\/\",\"url\":\"https:\\\/\\\/www.skrateljc.org\\\/wp-content\\\/uploads\\\/2021\\\/11\\\/00_logo-skrateljc-COL.jpg\",\"contentUrl\":\"https:\\\/\\\/www.skrateljc.org\\\/wp-content\\\/uploads\\\/2021\\\/11\\\/00_logo-skrateljc-COL.jpg\",\"width\":1770,\"height\":471,\"caption\":\"Zavod \u0160krateljc\"},\"image\":{\"@id\":\"https:\\\/\\\/www.skrateljc.org\\\/#\\\/schema\\\/logo\\\/image\\\/\"},\"sameAs\":[\"https:\\\/\\\/www.facebook.com\\\/skrateljc\",\"https:\\\/\\\/www.youtube.com\\\/channel\\\/UCffLgYSmHefkqvSMHeoLSDg\",\"https:\\\/\\\/www.instagram.com\\\/zavodskrateljc\"]}]}<\/script>\n<!-- \/ Yoast SEO Premium plugin. -->","yoast_head_json":{"title":"Pravlji\u010dni komplet Pravlji\u010dni \u0160umberk | \u0160krateljc","description":"Pravlji\u010dni komplet Pravlji\u010dni \u0160umberk je pravo darilo za \u0161kratolovce \u2013 raziskovalce \u0161kratjega sveta! Vsebuje slikanico, bele\u017eko in svin\u010dnik.","robots":{"index":"index","follow":"follow","max-snippet":"max-snippet:-1","max-image-preview":"max-image-preview:large","max-video-preview":"max-video-preview:-1"},"canonical":"https:\/\/www.skrateljc.org\/it\/prodotto-2\/pravljicni-komplet-pravljicni-sumberk\/","og_locale":"it_IT","og_type":"article","og_title":"Pravlji\u010dni komplet Pravlji\u010dni \u0160umberk","og_description":"Pravlji\u010dni komplet Pravlji\u010dni \u0160umberk je pravo darilo za \u0161kratolovce \u2013 raziskovalce \u0161kratjega sveta! Vsebuje slikanico, bele\u017eko in svin\u010dnik.","og_url":"https:\/\/www.skrateljc.org\/it\/prodotto-2\/pravljicni-komplet-pravljicni-sumberk\/","og_site_name":"\u0160krateljc","article_publisher":"https:\/\/www.facebook.com\/skrateljc","article_modified_time":"2025-10-25T15:27:26+00:00","og_image":[{"width":612,"height":767,"url":"https:\/\/www.skrateljc.org\/wp-content\/uploads\/2021\/11\/2-2.png","type":"image\/png"}],"twitter_card":"summary_large_image","schema":{"@context":"https:\/\/schema.org","@graph":[{"@type":"WebPage","@id":"https:\/\/www.skrateljc.org\/izdelek\/pravljicni-komplet-pravljicni-sumberk\/","url":"https:\/\/www.skrateljc.org\/izdelek\/pravljicni-komplet-pravljicni-sumberk\/","name":"Pravlji\u010dni komplet Pravlji\u010dni \u0160umberk | \u0160krateljc","isPartOf":{"@id":"https:\/\/www.skrateljc.org\/#website"},"primaryImageOfPage":{"@id":"https:\/\/www.skrateljc.org\/izdelek\/pravljicni-komplet-pravljicni-sumberk\/#primaryimage"},"image":{"@id":"https:\/\/www.skrateljc.org\/izdelek\/pravljicni-komplet-pravljicni-sumberk\/#primaryimage"},"thumbnailUrl":"https:\/\/www.skrateljc.org\/wp-content\/uploads\/2021\/11\/2-2.png","datePublished":"2021-11-01T06:02:36+00:00","dateModified":"2025-10-25T15:27:26+00:00","description":"Pravlji\u010dni komplet Pravlji\u010dni \u0160umberk je pravo darilo za \u0161kratolovce \u2013 raziskovalce \u0161kratjega sveta! Vsebuje slikanico, bele\u017eko in svin\u010dnik.","breadcrumb":{"@id":"https:\/\/www.skrateljc.org\/izdelek\/pravljicni-komplet-pravljicni-sumberk\/#breadcrumb"},"inLanguage":"it-IT","potentialAction":[{"@type":"ReadAction","target":["https:\/\/www.skrateljc.org\/izdelek\/pravljicni-komplet-pravljicni-sumberk\/"]}]},{"@type":"ImageObject","inLanguage":"it-IT","@id":"https:\/\/www.skrateljc.org\/izdelek\/pravljicni-komplet-pravljicni-sumberk\/#primaryimage","url":"https:\/\/www.skrateljc.org\/wp-content\/uploads\/2021\/11\/2-2.png","contentUrl":"https:\/\/www.skrateljc.org\/wp-content\/uploads\/2021\/11\/2-2.png","width":612,"height":767,"caption":"Pravlji\u010dni \u0160umberk Dom\u017eale \u0160krateljc Pravlji\u010dne poti Pravlji\u010dno-do\u017eivljajska transverzala dru\u017einski izleti"},{"@type":"BreadcrumbList","@id":"https:\/\/www.skrateljc.org\/izdelek\/pravljicni-komplet-pravljicni-sumberk\/#breadcrumb","itemListElement":[{"@type":"ListItem","position":1,"name":"Domov","item":"https:\/\/www.skrateljc.org\/"},{"@type":"ListItem","position":2,"name":"Trgovina","item":"https:\/\/www.skrateljc.org\/trgovina\/"},{"@type":"ListItem","position":3,"name":"Pravlji\u010dni komplet Pravlji\u010dni \u0160umberk"}]},{"@type":"WebSite","@id":"https:\/\/www.skrateljc.org\/#website","url":"https:\/\/www.skrateljc.org\/","name":"\u0160krateljc","description":"- ustvarjamo do\u017eivetja","publisher":{"@id":"https:\/\/www.skrateljc.org\/#organization"},"potentialAction":[{"@type":"SearchAction","target":{"@type":"EntryPoint","urlTemplate":"https:\/\/www.skrateljc.org\/?s={search_term_string}"},"query-input":{"@type":"PropertyValueSpecification","valueRequired":true,"valueName":"search_term_string"}}],"inLanguage":"it-IT"},{"@type":"Organization","@id":"https:\/\/www.skrateljc.org\/#organization","name":"Zavod \u0160krateljc","url":"https:\/\/www.skrateljc.org\/","logo":{"@type":"ImageObject","inLanguage":"it-IT","@id":"https:\/\/www.skrateljc.org\/#\/schema\/logo\/image\/","url":"https:\/\/www.skrateljc.org\/wp-content\/uploads\/2021\/11\/00_logo-skrateljc-COL.jpg","contentUrl":"https:\/\/www.skrateljc.org\/wp-content\/uploads\/2021\/11\/00_logo-skrateljc-COL.jpg","width":1770,"height":471,"caption":"Zavod \u0160krateljc"},"image":{"@id":"https:\/\/www.skrateljc.org\/#\/schema\/logo\/image\/"},"sameAs":["https:\/\/www.facebook.com\/skrateljc","https:\/\/www.youtube.com\/channel\/UCffLgYSmHefkqvSMHeoLSDg","https:\/\/www.instagram.com\/zavodskrateljc"]}]}},"_links":{"self":[{"href":"https:\/\/www.skrateljc.org\/it\/wp-json\/wp\/v2\/product\/786","targetHints":{"allow":["GET"]}}],"collection":[{"href":"https:\/\/www.skrateljc.org\/it\/wp-json\/wp\/v2\/product"}],"about":[{"href":"https:\/\/www.skrateljc.org\/it\/wp-json\/wp\/v2\/types\/product"}],"wp:featuredmedia":[{"embeddable":true,"href":"https:\/\/www.skrateljc.org\/it\/wp-json\/wp\/v2\/media\/2473"}],"wp:attachment":[{"href":"https:\/\/www.skrateljc.org\/it\/wp-json\/wp\/v2\/media?parent=786"}],"wp:term":[{"taxonomy":"product_brand","embeddable":true,"href":"https:\/\/www.skrateljc.org\/it\/wp-json\/wp\/v2\/product_brand?post=786"},{"taxonomy":"product_cat","embeddable":true,"href":"https:\/\/www.skrateljc.org\/it\/wp-json\/wp\/v2\/product_cat?post=786"},{"taxonomy":"product_tag","embeddable":true,"href":"https:\/\/www.skrateljc.org\/it\/wp-json\/wp\/v2\/product_tag?post=786"}],"curies":[{"name":"wp","href":"https:\/\/api.w.org\/{rel}","templated":true}]}}