{"id":28662,"date":"2024-02-12T12:58:29","date_gmt":"2024-02-12T11:58:29","guid":{"rendered":"https:\/\/www.skrateljc.org\/?post_type=product&#038;p=28662"},"modified":"2025-10-25T17:11:05","modified_gmt":"2025-10-25T15:11:05","slug":"pravljicni-komplet-velikani-istre","status":"publish","type":"product","link":"https:\/\/www.skrateljc.org\/it\/izdelek\/pravljicni-komplet-velikani-istre\/","title":{"rendered":"Pravlji\u010dni komplet Velikani Istre"},"content":{"rendered":"<h1>Pravlji\u010dni komplet 2 kozi in 3 istrske<\/h1>\n<p>&nbsp;<\/p>\n<p>Pravlji\u010dni komplet Velikani Istre je pravo darilo za pustolovce \u010darobnega sveta! Vklju\u010duje slikanico, bele\u017eko, in nagrado za prehojeno pot. Otroci za do\u017eivetje na pravlji\u010dno-do\u017eivljajskih poteh potrebujejo bele\u017eko, na cilju pa jih za uspe\u0161no opravljeno misijo vselej \u010daka nagrada. Z izjemo Krvavca, poti obratujejo vsak dan v letu in vas vabijo na samostojen obisk. Redno pa organiziramo tudi voden pohode po poteh z interpretativnimi vodniki. Za ogled terminov spremljajte na\u0161o Facebook stran!<\/p>\n<p>Pravlji\u010dno-do\u017eivljajsko pot <a href=\"https:\/\/www.skrateljc.org\/it\/velikani-istre\/\">Velikani Istre<\/a> lahko obi\u0161\u010dete samostojno vse dni v tednu.<\/p>","protected":false},"excerpt":{"rendered":"<h1>Pravlji\u010dni komplet Velikani Istre<\/h1>\n<p>&nbsp;<\/p>\n<p>Pravlji\u010dni komplet Velikani Istre je pravo darilo za pustolovce \u010darobnega sveta! Vklju\u010duje slikanico, bele\u017eko, in nagrado za prehojeno pot. Otroci za do\u017eivetje na pravlji\u010dno-do\u017eivljajskih poteh potrebujejo bele\u017eko, na cilju pa jih za uspe\u0161no opravljeno misijo vselej \u010daka nagrada. Z izjemo Krvavca, poti obratujejo vsak dan v letu in vas vabijo na samostojen obisk. Redno pa organiziramo tudi voden pohode po poteh z interpretativnimi vodniki. Za ogled terminov spremljajte na\u0161o Facebook stran!<\/p>\n<p>Pravlji\u010dno-do\u017eivljajsko pot <a href=\"https:\/\/www.skrateljc.org\/it\/velikani-istre\/\">Velikani Istre<\/a> lahko obi\u0161\u010dete samostojno vse dni v tednu.<\/p>","protected":false},"featured_media":28663,"template":"","meta":{"inline_featured_image":false,"cybocfi_hide_featured_image":""},"product_brand":[],"product_cat":[69,79],"product_tag":[],"class_list":{"0":"post-28662","1":"product","2":"type-product","3":"status-publish","4":"has-post-thumbnail","6":"product_cat-dozivetja-v-naravi","7":"product_cat-pravljicni-kompleti","9":"first","10":"instock","11":"sale","12":"shipping-taxable","13":"purchasable","14":"product-type-simple"},"yoast_head":"<!-- This site is optimized with the Yoast SEO Premium plugin v27.4 (Yoast SEO v27.4) - https:\/\/yoast.com\/product\/yoast-seo-premium-wordpress\/ -->\n<title>Pravlji\u010dni komplet Velikani Istre | \u0160krateljc<\/title>\n<meta name=\"description\" content=\"Pravlji\u010dni komplet Velikani Istre je pravo darilo za pustolovce \u010darobnega sveta! Vklju\u010duje slikanico, bele\u017eko, in nagrado za prehojeno pot.\" \/>\n<meta name=\"robots\" content=\"index, follow, max-snippet:-1, max-image-preview:large, max-video-preview:-1\" \/>\n<link rel=\"canonical\" href=\"https:\/\/www.skrateljc.org\/it\/prodotto-2\/pravljicni-komplet-velikani-istre\/\" \/>\n<meta property=\"og:locale\" content=\"it_IT\" \/>\n<meta property=\"og:type\" content=\"article\" \/>\n<meta property=\"og:title\" content=\"Pravlji\u010dni komplet Velikani Istre\" \/>\n<meta property=\"og:description\" content=\"Pravlji\u010dni komplet Velikani Istre je pravo darilo za pustolovce \u010darobnega sveta! Vklju\u010duje slikanico, bele\u017eko, in nagrado za prehojeno pot.\" \/>\n<meta property=\"og:url\" content=\"https:\/\/www.skrateljc.org\/it\/prodotto-2\/pravljicni-komplet-velikani-istre\/\" \/>\n<meta property=\"og:site_name\" content=\"\u0160krateljc\" \/>\n<meta property=\"article:publisher\" content=\"https:\/\/www.facebook.com\/skrateljc\" \/>\n<meta property=\"article:modified_time\" content=\"2025-10-25T15:11:05+00:00\" \/>\n<meta property=\"og:image\" content=\"https:\/\/www.skrateljc.org\/wp-content\/uploads\/2024\/02\/Vele-komplet.png\" \/>\n\t<meta property=\"og:image:width\" content=\"940\" \/>\n\t<meta property=\"og:image:height\" content=\"788\" \/>\n\t<meta property=\"og:image:type\" content=\"image\/png\" \/>\n<meta name=\"twitter:card\" content=\"summary_large_image\" \/>\n<meta name=\"twitter:label1\" content=\"Tempo di lettura stimato\" \/>\n\t<meta name=\"twitter:data1\" content=\"1 minuto\" \/>\n<script type=\"application\/ld+json\" class=\"yoast-schema-graph\">{\"@context\":\"https:\\\/\\\/schema.org\",\"@graph\":[{\"@type\":\"WebPage\",\"@id\":\"https:\\\/\\\/www.skrateljc.org\\\/izdelek\\\/pravljicni-komplet-velikani-istre\\\/\",\"url\":\"https:\\\/\\\/www.skrateljc.org\\\/izdelek\\\/pravljicni-komplet-velikani-istre\\\/\",\"name\":\"Pravlji\u010dni komplet Velikani Istre | \u0160krateljc\",\"isPartOf\":{\"@id\":\"https:\\\/\\\/www.skrateljc.org\\\/#website\"},\"primaryImageOfPage\":{\"@id\":\"https:\\\/\\\/www.skrateljc.org\\\/izdelek\\\/pravljicni-komplet-velikani-istre\\\/#primaryimage\"},\"image\":{\"@id\":\"https:\\\/\\\/www.skrateljc.org\\\/izdelek\\\/pravljicni-komplet-velikani-istre\\\/#primaryimage\"},\"thumbnailUrl\":\"https:\\\/\\\/www.skrateljc.org\\\/wp-content\\\/uploads\\\/2024\\\/02\\\/Vele-komplet.png\",\"datePublished\":\"2024-02-12T11:58:29+00:00\",\"dateModified\":\"2025-10-25T15:11:05+00:00\",\"description\":\"Pravlji\u010dni komplet Velikani Istre je pravo darilo za pustolovce \u010darobnega sveta! Vklju\u010duje slikanico, bele\u017eko, in nagrado za prehojeno pot.\",\"breadcrumb\":{\"@id\":\"https:\\\/\\\/www.skrateljc.org\\\/izdelek\\\/pravljicni-komplet-velikani-istre\\\/#breadcrumb\"},\"inLanguage\":\"it-IT\",\"potentialAction\":[{\"@type\":\"ReadAction\",\"target\":[\"https:\\\/\\\/www.skrateljc.org\\\/izdelek\\\/pravljicni-komplet-velikani-istre\\\/\"]}]},{\"@type\":\"ImageObject\",\"inLanguage\":\"it-IT\",\"@id\":\"https:\\\/\\\/www.skrateljc.org\\\/izdelek\\\/pravljicni-komplet-velikani-istre\\\/#primaryimage\",\"url\":\"https:\\\/\\\/www.skrateljc.org\\\/wp-content\\\/uploads\\\/2024\\\/02\\\/Vele-komplet.png\",\"contentUrl\":\"https:\\\/\\\/www.skrateljc.org\\\/wp-content\\\/uploads\\\/2024\\\/02\\\/Vele-komplet.png\",\"width\":940,\"height\":788},{\"@type\":\"BreadcrumbList\",\"@id\":\"https:\\\/\\\/www.skrateljc.org\\\/izdelek\\\/pravljicni-komplet-velikani-istre\\\/#breadcrumb\",\"itemListElement\":[{\"@type\":\"ListItem\",\"position\":1,\"name\":\"Domov\",\"item\":\"https:\\\/\\\/www.skrateljc.org\\\/\"},{\"@type\":\"ListItem\",\"position\":2,\"name\":\"Trgovina\",\"item\":\"https:\\\/\\\/www.skrateljc.org\\\/trgovina\\\/\"},{\"@type\":\"ListItem\",\"position\":3,\"name\":\"Pravlji\u010dni komplet Velikani Istre\"}]},{\"@type\":\"WebSite\",\"@id\":\"https:\\\/\\\/www.skrateljc.org\\\/#website\",\"url\":\"https:\\\/\\\/www.skrateljc.org\\\/\",\"name\":\"\u0160krateljc\",\"description\":\"- ustvarjamo do\u017eivetja\",\"publisher\":{\"@id\":\"https:\\\/\\\/www.skrateljc.org\\\/#organization\"},\"potentialAction\":[{\"@type\":\"SearchAction\",\"target\":{\"@type\":\"EntryPoint\",\"urlTemplate\":\"https:\\\/\\\/www.skrateljc.org\\\/?s={search_term_string}\"},\"query-input\":{\"@type\":\"PropertyValueSpecification\",\"valueRequired\":true,\"valueName\":\"search_term_string\"}}],\"inLanguage\":\"it-IT\"},{\"@type\":\"Organization\",\"@id\":\"https:\\\/\\\/www.skrateljc.org\\\/#organization\",\"name\":\"Zavod \u0160krateljc\",\"url\":\"https:\\\/\\\/www.skrateljc.org\\\/\",\"logo\":{\"@type\":\"ImageObject\",\"inLanguage\":\"it-IT\",\"@id\":\"https:\\\/\\\/www.skrateljc.org\\\/#\\\/schema\\\/logo\\\/image\\\/\",\"url\":\"https:\\\/\\\/www.skrateljc.org\\\/wp-content\\\/uploads\\\/2021\\\/11\\\/00_logo-skrateljc-COL.jpg\",\"contentUrl\":\"https:\\\/\\\/www.skrateljc.org\\\/wp-content\\\/uploads\\\/2021\\\/11\\\/00_logo-skrateljc-COL.jpg\",\"width\":1770,\"height\":471,\"caption\":\"Zavod \u0160krateljc\"},\"image\":{\"@id\":\"https:\\\/\\\/www.skrateljc.org\\\/#\\\/schema\\\/logo\\\/image\\\/\"},\"sameAs\":[\"https:\\\/\\\/www.facebook.com\\\/skrateljc\",\"https:\\\/\\\/www.youtube.com\\\/channel\\\/UCffLgYSmHefkqvSMHeoLSDg\",\"https:\\\/\\\/www.instagram.com\\\/zavodskrateljc\"]}]}<\/script>\n<!-- \/ Yoast SEO Premium plugin. -->","yoast_head_json":{"title":"Pravlji\u010dni komplet Velikani Istre | \u0160krateljc","description":"Pravlji\u010dni komplet Velikani Istre je pravo darilo za pustolovce \u010darobnega sveta! Vklju\u010duje slikanico, bele\u017eko, in nagrado za prehojeno pot.","robots":{"index":"index","follow":"follow","max-snippet":"max-snippet:-1","max-image-preview":"max-image-preview:large","max-video-preview":"max-video-preview:-1"},"canonical":"https:\/\/www.skrateljc.org\/it\/prodotto-2\/pravljicni-komplet-velikani-istre\/","og_locale":"it_IT","og_type":"article","og_title":"Pravlji\u010dni komplet Velikani Istre","og_description":"Pravlji\u010dni komplet Velikani Istre je pravo darilo za pustolovce \u010darobnega sveta! Vklju\u010duje slikanico, bele\u017eko, in nagrado za prehojeno pot.","og_url":"https:\/\/www.skrateljc.org\/it\/prodotto-2\/pravljicni-komplet-velikani-istre\/","og_site_name":"\u0160krateljc","article_publisher":"https:\/\/www.facebook.com\/skrateljc","article_modified_time":"2025-10-25T15:11:05+00:00","og_image":[{"width":940,"height":788,"url":"https:\/\/www.skrateljc.org\/wp-content\/uploads\/2024\/02\/Vele-komplet.png","type":"image\/png"}],"twitter_card":"summary_large_image","twitter_misc":{"Tempo di lettura stimato":"1 minuto"},"schema":{"@context":"https:\/\/schema.org","@graph":[{"@type":"WebPage","@id":"https:\/\/www.skrateljc.org\/izdelek\/pravljicni-komplet-velikani-istre\/","url":"https:\/\/www.skrateljc.org\/izdelek\/pravljicni-komplet-velikani-istre\/","name":"Pravlji\u010dni komplet Velikani Istre | \u0160krateljc","isPartOf":{"@id":"https:\/\/www.skrateljc.org\/#website"},"primaryImageOfPage":{"@id":"https:\/\/www.skrateljc.org\/izdelek\/pravljicni-komplet-velikani-istre\/#primaryimage"},"image":{"@id":"https:\/\/www.skrateljc.org\/izdelek\/pravljicni-komplet-velikani-istre\/#primaryimage"},"thumbnailUrl":"https:\/\/www.skrateljc.org\/wp-content\/uploads\/2024\/02\/Vele-komplet.png","datePublished":"2024-02-12T11:58:29+00:00","dateModified":"2025-10-25T15:11:05+00:00","description":"Pravlji\u010dni komplet Velikani Istre je pravo darilo za pustolovce \u010darobnega sveta! Vklju\u010duje slikanico, bele\u017eko, in nagrado za prehojeno pot.","breadcrumb":{"@id":"https:\/\/www.skrateljc.org\/izdelek\/pravljicni-komplet-velikani-istre\/#breadcrumb"},"inLanguage":"it-IT","potentialAction":[{"@type":"ReadAction","target":["https:\/\/www.skrateljc.org\/izdelek\/pravljicni-komplet-velikani-istre\/"]}]},{"@type":"ImageObject","inLanguage":"it-IT","@id":"https:\/\/www.skrateljc.org\/izdelek\/pravljicni-komplet-velikani-istre\/#primaryimage","url":"https:\/\/www.skrateljc.org\/wp-content\/uploads\/2024\/02\/Vele-komplet.png","contentUrl":"https:\/\/www.skrateljc.org\/wp-content\/uploads\/2024\/02\/Vele-komplet.png","width":940,"height":788},{"@type":"BreadcrumbList","@id":"https:\/\/www.skrateljc.org\/izdelek\/pravljicni-komplet-velikani-istre\/#breadcrumb","itemListElement":[{"@type":"ListItem","position":1,"name":"Domov","item":"https:\/\/www.skrateljc.org\/"},{"@type":"ListItem","position":2,"name":"Trgovina","item":"https:\/\/www.skrateljc.org\/trgovina\/"},{"@type":"ListItem","position":3,"name":"Pravlji\u010dni komplet Velikani Istre"}]},{"@type":"WebSite","@id":"https:\/\/www.skrateljc.org\/#website","url":"https:\/\/www.skrateljc.org\/","name":"\u0160krateljc","description":"- ustvarjamo do\u017eivetja","publisher":{"@id":"https:\/\/www.skrateljc.org\/#organization"},"potentialAction":[{"@type":"SearchAction","target":{"@type":"EntryPoint","urlTemplate":"https:\/\/www.skrateljc.org\/?s={search_term_string}"},"query-input":{"@type":"PropertyValueSpecification","valueRequired":true,"valueName":"search_term_string"}}],"inLanguage":"it-IT"},{"@type":"Organization","@id":"https:\/\/www.skrateljc.org\/#organization","name":"Zavod \u0160krateljc","url":"https:\/\/www.skrateljc.org\/","logo":{"@type":"ImageObject","inLanguage":"it-IT","@id":"https:\/\/www.skrateljc.org\/#\/schema\/logo\/image\/","url":"https:\/\/www.skrateljc.org\/wp-content\/uploads\/2021\/11\/00_logo-skrateljc-COL.jpg","contentUrl":"https:\/\/www.skrateljc.org\/wp-content\/uploads\/2021\/11\/00_logo-skrateljc-COL.jpg","width":1770,"height":471,"caption":"Zavod \u0160krateljc"},"image":{"@id":"https:\/\/www.skrateljc.org\/#\/schema\/logo\/image\/"},"sameAs":["https:\/\/www.facebook.com\/skrateljc","https:\/\/www.youtube.com\/channel\/UCffLgYSmHefkqvSMHeoLSDg","https:\/\/www.instagram.com\/zavodskrateljc"]}]}},"_links":{"self":[{"href":"https:\/\/www.skrateljc.org\/it\/wp-json\/wp\/v2\/product\/28662","targetHints":{"allow":["GET"]}}],"collection":[{"href":"https:\/\/www.skrateljc.org\/it\/wp-json\/wp\/v2\/product"}],"about":[{"href":"https:\/\/www.skrateljc.org\/it\/wp-json\/wp\/v2\/types\/product"}],"wp:featuredmedia":[{"embeddable":true,"href":"https:\/\/www.skrateljc.org\/it\/wp-json\/wp\/v2\/media\/28663"}],"wp:attachment":[{"href":"https:\/\/www.skrateljc.org\/it\/wp-json\/wp\/v2\/media?parent=28662"}],"wp:term":[{"taxonomy":"product_brand","embeddable":true,"href":"https:\/\/www.skrateljc.org\/it\/wp-json\/wp\/v2\/product_brand?post=28662"},{"taxonomy":"product_cat","embeddable":true,"href":"https:\/\/www.skrateljc.org\/it\/wp-json\/wp\/v2\/product_cat?post=28662"},{"taxonomy":"product_tag","embeddable":true,"href":"https:\/\/www.skrateljc.org\/it\/wp-json\/wp\/v2\/product_tag?post=28662"}],"curies":[{"name":"wp","href":"https:\/\/api.w.org\/{rel}","templated":true}]}}