{"id":26685,"date":"2023-01-24T12:22:37","date_gmt":"2023-01-24T11:22:37","guid":{"rendered":"https:\/\/www.skrateljc.org\/?post_type=product&#038;p=26685"},"modified":"2025-10-25T17:20:41","modified_gmt":"2025-10-25T15:20:41","slug":"cukrarna-strip","status":"publish","type":"product","link":"https:\/\/www.skrateljc.org\/it\/izdelek\/cukrarna-strip\/","title":{"rendered":"Cukrarna &#8211; strip"},"content":{"rendered":"<h1>Cukrarna &#8211; strip<\/h1>\n<p>Cukrarna &#8211; strip: najbolj poeti\u010den strip vseh \u010dasov. Zgodba slovenske pesni\u0161ke du\u0161e je polna upanja, so\u010dutja in iskrenega prijateljstva.<\/p>\n<p>&nbsp;<\/p>\n<p>Ilustrator\u00a0<strong>Jaka Vukoti\u010d<\/strong>\u00a0in pisatelj in pesnik\u00a0<strong>\u017diga X Gomba\u010d<\/strong>\u00a0sta ustvarila zgodbo, ki spoji poeti\u010dno in stripovsko govorico v izjemno liri\u010dno in slikovito pripoved o veri v mo\u010d poezije in nastajanju nove pesni\u0161ke dobe. Je strip tu prevzel poeti\u010dno govorico ali pa je poezija navdahnila stripovsko ilustracijo?<\/p>\n<p>Strip\u00a0<strong><em>Cukrarna. Zgodba slovenske pesni\u0161ke du\u0161e<\/em><\/strong>\u00a0je polna upanja, so\u010dutja in iskrenega prijateljstva. Je velika zgodba, ep, ki opisuje nastanek pesmi in rojevanje nove vznemirljive pesni\u0161ke smeri \u2013 moderne. Je zgodba o Cukrarni, ki je bila zaznamovana z bedo, trpljenjem in marginalnostjo vseh vrst, a obenem prostor, kjer je pesni\u0161ka umetnost v Sloveniji do\u010dakala novo poglavje. Zato je to zgodba o svetlobi, muzah, navdihu in umetni\u0161ki svobodi, ki si jo lahko izborijo le najve\u010dje osebnosti.<\/p>\n<p>Strip je iz\u0161el s podporo Javne agencije RS za knjigo. \u017diga X Gomba\u010d, Jaka Vukoti\u010d, dr. Bla\u017e Vurnik<\/p>\n<p><strong><em>Cukrarna. Zgodba slovenske pesni\u0161ke du\u0161e.<br \/>\n<\/em><\/strong><\/p>\n<p>Zalo\u017eba \u0160krateljc napoveduje, da bo v sodelovanju z\u00a0<strong>Javnim zavodom Mladi zmaji<\/strong>\u00a0na temo stripa\u00a0<strong><em>Cukrarna. Zgodba slovenske pesni\u0161ke du\u0161e<\/em><\/strong>\u00a0v prihodnjih mesecih in letih razvila kompleksen program. Ta bo \u00bbduha slovenske moderne\u00ab, njegovo ustvarjalnost, subverzivnost, upornost in svetlobo, krepil skozi razli\u010dne na\u010dine dela z mladimi na lokaciji Pala\u010de Cukrarna, ki bo prav kmalu postal\u00a0<em>Center mladih Ljubljana<\/em>.<\/p>","protected":false},"excerpt":{"rendered":"<p>Najbolj poeti\u010den strip vseh \u010dasov: <strong><em>Cukrarna. Zgodba slovenske pesni\u0161ke du\u0161e.<\/em><\/strong><\/p>\n<p>Ilustrator <strong>Jaka Vukoti\u010d<\/strong> in pisatelj in pesnik <strong>\u017diga X Gomba\u010d<\/strong> sta ustvarila zgodbo, ki spoji poeti\u010dno in stripovsko govorico v izjemno liri\u010dno in slikovito pripoved o veri v mo\u010d poezije in nastajanju nove pesni\u0161ke dobe. Je strip tu prevzel poeti\u010dno govorico ali pa je poezija navdahnila stripovsko ilustracijo?<\/p>\n<p>Strip <strong><em>Cukrarna. Zgodba slovenske pesni\u0161ke du\u0161e<\/em><\/strong> je polna upanja, so\u010dutja in iskrenega prijateljstva. Je velika zgodba, ep, ki opisuje nastanek pesmi in rojevanje nove vznemirljive pesni\u0161ke smeri \u2013 moderne. Je zgodba o Cukrarni, ki je bila zaznamovana z bedo, trpljenjem in marginalnostjo vseh vrst, a obenem prostor, kjer je pesni\u0161ka umetnost v Sloveniji do\u010dakala novo poglavje. Zato je to zgodba o svetlobi, muzah, navdihu in umetni\u0161ki svobodi, ki si jo lahko izborijo le najve\u010dje osebnosti.<\/p>\n<p>Strip je iz\u0161el s podporo Javne agencije RS za knjigo.<\/p>\n<p><strong><em>Cukrarna. Zgodba slovenske pesni\u0161ke du\u0161e.<\/em><\/strong><\/p>\n<p><em>\u017diga X Gomba\u010d, Jaka Vukoti\u010d, dr. Bla\u017e Vurnik<\/em><\/p>\n<p><strong><em>\u00a0<\/em><\/strong><\/p>","protected":false},"featured_media":26686,"template":"","meta":{"inline_featured_image":false,"cybocfi_hide_featured_image":""},"product_brand":[],"product_cat":[70],"product_tag":[],"class_list":{"0":"post-26685","1":"product","2":"type-product","3":"status-publish","4":"has-post-thumbnail","6":"product_cat-stripi","8":"first","9":"instock","10":"featured","11":"shipping-taxable","12":"purchasable","13":"product-type-simple"},"yoast_head":"<!-- This site is optimized with the Yoast SEO Premium plugin v27.2 (Yoast SEO v27.4) - https:\/\/yoast.com\/product\/yoast-seo-premium-wordpress\/ -->\n<title>Cukrarna - strip<\/title>\n<meta name=\"description\" content=\"Cukrarna - Zgodba slovenske pesni\u0161ke du\u0161e: najbolj poeti\u010den strip vseh \u010dasov. Zgodba je polna upanja, so\u010dutja in iskrenega prijateljstva.\" \/>\n<meta name=\"robots\" content=\"index, follow, max-snippet:-1, max-image-preview:large, max-video-preview:-1\" \/>\n<link rel=\"canonical\" href=\"https:\/\/www.skrateljc.org\/it\/prodotto-2\/cukrarna-strip\/\" \/>\n<meta property=\"og:locale\" content=\"it_IT\" \/>\n<meta property=\"og:type\" content=\"article\" \/>\n<meta property=\"og:title\" content=\"Cukrarna - strip\" \/>\n<meta property=\"og:description\" content=\"Cukrarna - Zgodba slovenske pesni\u0161ke du\u0161e: najbolj poeti\u010den strip vseh \u010dasov. Zgodba je polna upanja, so\u010dutja in iskrenega prijateljstva.\" \/>\n<meta property=\"og:url\" content=\"https:\/\/www.skrateljc.org\/it\/prodotto-2\/cukrarna-strip\/\" \/>\n<meta property=\"og:site_name\" content=\"\u0160krateljc\" \/>\n<meta property=\"article:publisher\" content=\"https:\/\/www.facebook.com\/skrateljc\" \/>\n<meta property=\"article:modified_time\" content=\"2025-10-25T15:20:41+00:00\" \/>\n<meta property=\"og:image\" content=\"https:\/\/www.skrateljc.org\/wp-content\/uploads\/2023\/01\/Cukrarna_naslovnica.jpg\" \/>\n\t<meta property=\"og:image:width\" content=\"537\" \/>\n\t<meta property=\"og:image:height\" content=\"767\" \/>\n\t<meta property=\"og:image:type\" content=\"image\/jpeg\" \/>\n<meta name=\"twitter:card\" content=\"summary_large_image\" \/>\n<meta name=\"twitter:label1\" content=\"Tempo di lettura stimato\" \/>\n\t<meta name=\"twitter:data1\" content=\"1 minuto\" \/>\n<script type=\"application\/ld+json\" class=\"yoast-schema-graph\">{\"@context\":\"https:\\\/\\\/schema.org\",\"@graph\":[{\"@type\":\"WebPage\",\"@id\":\"https:\\\/\\\/www.skrateljc.org\\\/izdelek\\\/cukrarna-strip\\\/\",\"url\":\"https:\\\/\\\/www.skrateljc.org\\\/izdelek\\\/cukrarna-strip\\\/\",\"name\":\"Cukrarna - strip\",\"isPartOf\":{\"@id\":\"https:\\\/\\\/www.skrateljc.org\\\/#website\"},\"primaryImageOfPage\":{\"@id\":\"https:\\\/\\\/www.skrateljc.org\\\/izdelek\\\/cukrarna-strip\\\/#primaryimage\"},\"image\":{\"@id\":\"https:\\\/\\\/www.skrateljc.org\\\/izdelek\\\/cukrarna-strip\\\/#primaryimage\"},\"thumbnailUrl\":\"https:\\\/\\\/www.skrateljc.org\\\/wp-content\\\/uploads\\\/2023\\\/01\\\/Cukrarna_naslovnica.jpg\",\"datePublished\":\"2023-01-24T11:22:37+00:00\",\"dateModified\":\"2025-10-25T15:20:41+00:00\",\"description\":\"Cukrarna - Zgodba slovenske pesni\u0161ke du\u0161e: najbolj poeti\u010den strip vseh \u010dasov. Zgodba je polna upanja, so\u010dutja in iskrenega prijateljstva.\",\"breadcrumb\":{\"@id\":\"https:\\\/\\\/www.skrateljc.org\\\/izdelek\\\/cukrarna-strip\\\/#breadcrumb\"},\"inLanguage\":\"it-IT\",\"potentialAction\":[{\"@type\":\"ReadAction\",\"target\":[\"https:\\\/\\\/www.skrateljc.org\\\/izdelek\\\/cukrarna-strip\\\/\"]}]},{\"@type\":\"ImageObject\",\"inLanguage\":\"it-IT\",\"@id\":\"https:\\\/\\\/www.skrateljc.org\\\/izdelek\\\/cukrarna-strip\\\/#primaryimage\",\"url\":\"https:\\\/\\\/www.skrateljc.org\\\/wp-content\\\/uploads\\\/2023\\\/01\\\/Cukrarna_naslovnica.jpg\",\"contentUrl\":\"https:\\\/\\\/www.skrateljc.org\\\/wp-content\\\/uploads\\\/2023\\\/01\\\/Cukrarna_naslovnica.jpg\",\"width\":537,\"height\":767,\"caption\":\"Cukrarna najbolj poeti\u010den strip vseh \u010dasov - zgodba slovenske poeti\u010dne du\u0161e. \u017diga X Gomba\u010d Jaka Vukoti\u010d\"},{\"@type\":\"BreadcrumbList\",\"@id\":\"https:\\\/\\\/www.skrateljc.org\\\/izdelek\\\/cukrarna-strip\\\/#breadcrumb\",\"itemListElement\":[{\"@type\":\"ListItem\",\"position\":1,\"name\":\"Domov\",\"item\":\"https:\\\/\\\/www.skrateljc.org\\\/\"},{\"@type\":\"ListItem\",\"position\":2,\"name\":\"Trgovina\",\"item\":\"https:\\\/\\\/www.skrateljc.org\\\/trgovina\\\/\"},{\"@type\":\"ListItem\",\"position\":3,\"name\":\"Cukrarna &#8211; strip\"}]},{\"@type\":\"WebSite\",\"@id\":\"https:\\\/\\\/www.skrateljc.org\\\/#website\",\"url\":\"https:\\\/\\\/www.skrateljc.org\\\/\",\"name\":\"\u0160krateljc\",\"description\":\"- ustvarjamo do\u017eivetja\",\"publisher\":{\"@id\":\"https:\\\/\\\/www.skrateljc.org\\\/#organization\"},\"potentialAction\":[{\"@type\":\"SearchAction\",\"target\":{\"@type\":\"EntryPoint\",\"urlTemplate\":\"https:\\\/\\\/www.skrateljc.org\\\/?s={search_term_string}\"},\"query-input\":{\"@type\":\"PropertyValueSpecification\",\"valueRequired\":true,\"valueName\":\"search_term_string\"}}],\"inLanguage\":\"it-IT\"},{\"@type\":\"Organization\",\"@id\":\"https:\\\/\\\/www.skrateljc.org\\\/#organization\",\"name\":\"Zavod \u0160krateljc\",\"url\":\"https:\\\/\\\/www.skrateljc.org\\\/\",\"logo\":{\"@type\":\"ImageObject\",\"inLanguage\":\"it-IT\",\"@id\":\"https:\\\/\\\/www.skrateljc.org\\\/#\\\/schema\\\/logo\\\/image\\\/\",\"url\":\"https:\\\/\\\/www.skrateljc.org\\\/wp-content\\\/uploads\\\/2021\\\/11\\\/00_logo-skrateljc-COL.jpg\",\"contentUrl\":\"https:\\\/\\\/www.skrateljc.org\\\/wp-content\\\/uploads\\\/2021\\\/11\\\/00_logo-skrateljc-COL.jpg\",\"width\":1770,\"height\":471,\"caption\":\"Zavod \u0160krateljc\"},\"image\":{\"@id\":\"https:\\\/\\\/www.skrateljc.org\\\/#\\\/schema\\\/logo\\\/image\\\/\"},\"sameAs\":[\"https:\\\/\\\/www.facebook.com\\\/skrateljc\",\"https:\\\/\\\/www.youtube.com\\\/channel\\\/UCffLgYSmHefkqvSMHeoLSDg\",\"https:\\\/\\\/www.instagram.com\\\/zavodskrateljc\"]}]}<\/script>\n<!-- \/ Yoast SEO Premium plugin. -->","yoast_head_json":{"title":"Cukrarna - strip","description":"Cukrarna - Zgodba slovenske pesni\u0161ke du\u0161e: najbolj poeti\u010den strip vseh \u010dasov. Zgodba je polna upanja, so\u010dutja in iskrenega prijateljstva.","robots":{"index":"index","follow":"follow","max-snippet":"max-snippet:-1","max-image-preview":"max-image-preview:large","max-video-preview":"max-video-preview:-1"},"canonical":"https:\/\/www.skrateljc.org\/it\/prodotto-2\/cukrarna-strip\/","og_locale":"it_IT","og_type":"article","og_title":"Cukrarna - strip","og_description":"Cukrarna - Zgodba slovenske pesni\u0161ke du\u0161e: najbolj poeti\u010den strip vseh \u010dasov. Zgodba je polna upanja, so\u010dutja in iskrenega prijateljstva.","og_url":"https:\/\/www.skrateljc.org\/it\/prodotto-2\/cukrarna-strip\/","og_site_name":"\u0160krateljc","article_publisher":"https:\/\/www.facebook.com\/skrateljc","article_modified_time":"2025-10-25T15:20:41+00:00","og_image":[{"width":537,"height":767,"url":"https:\/\/www.skrateljc.org\/wp-content\/uploads\/2023\/01\/Cukrarna_naslovnica.jpg","type":"image\/jpeg"}],"twitter_card":"summary_large_image","twitter_misc":{"Tempo di lettura stimato":"1 minuto"},"schema":{"@context":"https:\/\/schema.org","@graph":[{"@type":"WebPage","@id":"https:\/\/www.skrateljc.org\/izdelek\/cukrarna-strip\/","url":"https:\/\/www.skrateljc.org\/izdelek\/cukrarna-strip\/","name":"Cukrarna - strip","isPartOf":{"@id":"https:\/\/www.skrateljc.org\/#website"},"primaryImageOfPage":{"@id":"https:\/\/www.skrateljc.org\/izdelek\/cukrarna-strip\/#primaryimage"},"image":{"@id":"https:\/\/www.skrateljc.org\/izdelek\/cukrarna-strip\/#primaryimage"},"thumbnailUrl":"https:\/\/www.skrateljc.org\/wp-content\/uploads\/2023\/01\/Cukrarna_naslovnica.jpg","datePublished":"2023-01-24T11:22:37+00:00","dateModified":"2025-10-25T15:20:41+00:00","description":"Cukrarna - Zgodba slovenske pesni\u0161ke du\u0161e: najbolj poeti\u010den strip vseh \u010dasov. Zgodba je polna upanja, so\u010dutja in iskrenega prijateljstva.","breadcrumb":{"@id":"https:\/\/www.skrateljc.org\/izdelek\/cukrarna-strip\/#breadcrumb"},"inLanguage":"it-IT","potentialAction":[{"@type":"ReadAction","target":["https:\/\/www.skrateljc.org\/izdelek\/cukrarna-strip\/"]}]},{"@type":"ImageObject","inLanguage":"it-IT","@id":"https:\/\/www.skrateljc.org\/izdelek\/cukrarna-strip\/#primaryimage","url":"https:\/\/www.skrateljc.org\/wp-content\/uploads\/2023\/01\/Cukrarna_naslovnica.jpg","contentUrl":"https:\/\/www.skrateljc.org\/wp-content\/uploads\/2023\/01\/Cukrarna_naslovnica.jpg","width":537,"height":767,"caption":"Cukrarna najbolj poeti\u010den strip vseh \u010dasov - zgodba slovenske poeti\u010dne du\u0161e. \u017diga X Gomba\u010d Jaka Vukoti\u010d"},{"@type":"BreadcrumbList","@id":"https:\/\/www.skrateljc.org\/izdelek\/cukrarna-strip\/#breadcrumb","itemListElement":[{"@type":"ListItem","position":1,"name":"Domov","item":"https:\/\/www.skrateljc.org\/"},{"@type":"ListItem","position":2,"name":"Trgovina","item":"https:\/\/www.skrateljc.org\/trgovina\/"},{"@type":"ListItem","position":3,"name":"Cukrarna &#8211; strip"}]},{"@type":"WebSite","@id":"https:\/\/www.skrateljc.org\/#website","url":"https:\/\/www.skrateljc.org\/","name":"\u0160krateljc","description":"- ustvarjamo do\u017eivetja","publisher":{"@id":"https:\/\/www.skrateljc.org\/#organization"},"potentialAction":[{"@type":"SearchAction","target":{"@type":"EntryPoint","urlTemplate":"https:\/\/www.skrateljc.org\/?s={search_term_string}"},"query-input":{"@type":"PropertyValueSpecification","valueRequired":true,"valueName":"search_term_string"}}],"inLanguage":"it-IT"},{"@type":"Organization","@id":"https:\/\/www.skrateljc.org\/#organization","name":"Zavod \u0160krateljc","url":"https:\/\/www.skrateljc.org\/","logo":{"@type":"ImageObject","inLanguage":"it-IT","@id":"https:\/\/www.skrateljc.org\/#\/schema\/logo\/image\/","url":"https:\/\/www.skrateljc.org\/wp-content\/uploads\/2021\/11\/00_logo-skrateljc-COL.jpg","contentUrl":"https:\/\/www.skrateljc.org\/wp-content\/uploads\/2021\/11\/00_logo-skrateljc-COL.jpg","width":1770,"height":471,"caption":"Zavod \u0160krateljc"},"image":{"@id":"https:\/\/www.skrateljc.org\/#\/schema\/logo\/image\/"},"sameAs":["https:\/\/www.facebook.com\/skrateljc","https:\/\/www.youtube.com\/channel\/UCffLgYSmHefkqvSMHeoLSDg","https:\/\/www.instagram.com\/zavodskrateljc"]}]}},"_links":{"self":[{"href":"https:\/\/www.skrateljc.org\/it\/wp-json\/wp\/v2\/product\/26685","targetHints":{"allow":["GET"]}}],"collection":[{"href":"https:\/\/www.skrateljc.org\/it\/wp-json\/wp\/v2\/product"}],"about":[{"href":"https:\/\/www.skrateljc.org\/it\/wp-json\/wp\/v2\/types\/product"}],"wp:featuredmedia":[{"embeddable":true,"href":"https:\/\/www.skrateljc.org\/it\/wp-json\/wp\/v2\/media\/26686"}],"wp:attachment":[{"href":"https:\/\/www.skrateljc.org\/it\/wp-json\/wp\/v2\/media?parent=26685"}],"wp:term":[{"taxonomy":"product_brand","embeddable":true,"href":"https:\/\/www.skrateljc.org\/it\/wp-json\/wp\/v2\/product_brand?post=26685"},{"taxonomy":"product_cat","embeddable":true,"href":"https:\/\/www.skrateljc.org\/it\/wp-json\/wp\/v2\/product_cat?post=26685"},{"taxonomy":"product_tag","embeddable":true,"href":"https:\/\/www.skrateljc.org\/it\/wp-json\/wp\/v2\/product_tag?post=26685"}],"curies":[{"name":"wp","href":"https:\/\/api.w.org\/{rel}","templated":true}]}}