{"id":1458,"date":"2021-10-25T10:22:15","date_gmt":"2021-10-25T10:22:15","guid":{"rendered":"https:\/\/skrateljc.org\/?post_type=product&#038;p=1458"},"modified":"2025-10-25T21:38:06","modified_gmt":"2025-10-25T19:38:06","slug":"majica-pravljicni-sumberk","status":"publish","type":"product","link":"https:\/\/www.skrateljc.org\/it\/izdelek\/majica-pravljicni-sumberk\/","title":{"rendered":"Majica Pravlji\u010dni \u0160umberk"},"content":{"rendered":"<p><span style=\"font-weight: 400;\">Vse velikosti majice \u017eal niso na zalogi.<br \/>\nNapro\u0161amo vas, da na blagajni v polje \u201cOpombe naro\u010dila\u201d vnesete svojo \u017eeleno velikost oziroma starost otroka.<\/span><\/p>","protected":false},"excerpt":{"rendered":"<p><strong>Za prave junake imamo na zalogi omejeno \u0161tevilo majic pravlji\u010dnih junakov!<\/strong><\/p>\n<p><span style=\"font-weight: 400;\">.<br \/>\n<em>Napro\u0161amo vas, da na blagajni v polje \u201cOpombe naro\u010dila\u201d vnesete svojo \u017eeleno velikost oziroma starost otroka.<\/em><\/span><\/p>","protected":false},"featured_media":2418,"template":"","meta":{"inline_featured_image":false,"cybocfi_hide_featured_image":""},"product_brand":[],"product_cat":[83],"product_tag":[],"class_list":{"0":"post-1458","1":"product","2":"type-product","3":"status-publish","4":"has-post-thumbnail","6":"product_cat-majice","8":"first","9":"instock","10":"shipping-taxable","11":"purchasable","12":"product-type-simple"},"yoast_head":"<!-- This site is optimized with the Yoast SEO Premium plugin v27.2 (Yoast SEO v27.4) - https:\/\/yoast.com\/product\/yoast-seo-premium-wordpress\/ -->\n<title>Majica Pravlji\u010dni \u0160umberk | \u0160krateljc<\/title>\n<meta name=\"description\" content=\"V ponudbi imamo otro\u0161ke majice z junaki na\u0161ih pravlji\u010dnih do\u017eivetij. Ve\u010dina majic je v velikosti za 3-11 let. Katero boste izbrali?\" \/>\n<meta name=\"robots\" content=\"index, follow, max-snippet:-1, max-image-preview:large, max-video-preview:-1\" \/>\n<link rel=\"canonical\" href=\"https:\/\/www.skrateljc.org\/it\/prodotto-2\/majica-pravljicni-sumberk\/\" \/>\n<meta property=\"og:locale\" content=\"it_IT\" \/>\n<meta property=\"og:type\" content=\"article\" \/>\n<meta property=\"og:title\" content=\"Majica Pravlji\u010dni \u0160umberk\" \/>\n<meta property=\"og:description\" content=\"V ponudbi imamo otro\u0161ke majice z junaki na\u0161ih pravlji\u010dnih do\u017eivetij. Ve\u010dina majic je v velikosti za 3-11 let. Katero boste izbrali?\" \/>\n<meta property=\"og:url\" content=\"https:\/\/www.skrateljc.org\/it\/prodotto-2\/majica-pravljicni-sumberk\/\" \/>\n<meta property=\"og:site_name\" content=\"\u0160krateljc\" \/>\n<meta property=\"article:publisher\" content=\"https:\/\/www.facebook.com\/skrateljc\" \/>\n<meta property=\"article:modified_time\" content=\"2025-10-25T19:38:06+00:00\" \/>\n<meta property=\"og:image\" content=\"https:\/\/www.skrateljc.org\/wp-content\/uploads\/2021\/10\/Majica-PravljicniSumberk-1.png\" \/>\n\t<meta property=\"og:image:width\" content=\"612\" \/>\n\t<meta property=\"og:image:height\" content=\"767\" \/>\n\t<meta property=\"og:image:type\" content=\"image\/png\" \/>\n<meta name=\"twitter:card\" content=\"summary_large_image\" \/>\n<script type=\"application\/ld+json\" class=\"yoast-schema-graph\">{\"@context\":\"https:\\\/\\\/schema.org\",\"@graph\":[{\"@type\":\"WebPage\",\"@id\":\"https:\\\/\\\/www.skrateljc.org\\\/izdelek\\\/majica-pravljicni-sumberk\\\/\",\"url\":\"https:\\\/\\\/www.skrateljc.org\\\/izdelek\\\/majica-pravljicni-sumberk\\\/\",\"name\":\"Majica Pravlji\u010dni \u0160umberk | \u0160krateljc\",\"isPartOf\":{\"@id\":\"https:\\\/\\\/www.skrateljc.org\\\/#website\"},\"primaryImageOfPage\":{\"@id\":\"https:\\\/\\\/www.skrateljc.org\\\/izdelek\\\/majica-pravljicni-sumberk\\\/#primaryimage\"},\"image\":{\"@id\":\"https:\\\/\\\/www.skrateljc.org\\\/izdelek\\\/majica-pravljicni-sumberk\\\/#primaryimage\"},\"thumbnailUrl\":\"https:\\\/\\\/www.skrateljc.org\\\/wp-content\\\/uploads\\\/2021\\\/10\\\/Majica-PravljicniSumberk-2.png\",\"datePublished\":\"2021-10-25T10:22:15+00:00\",\"dateModified\":\"2025-10-25T19:38:06+00:00\",\"description\":\"V ponudbi imamo otro\u0161ke majice z junaki na\u0161ih pravlji\u010dnih do\u017eivetij. Ve\u010dina majic je v velikosti za 3-11 let. Katero boste izbrali?\",\"breadcrumb\":{\"@id\":\"https:\\\/\\\/www.skrateljc.org\\\/izdelek\\\/majica-pravljicni-sumberk\\\/#breadcrumb\"},\"inLanguage\":\"it-IT\",\"potentialAction\":[{\"@type\":\"ReadAction\",\"target\":[\"https:\\\/\\\/www.skrateljc.org\\\/izdelek\\\/majica-pravljicni-sumberk\\\/\"]}]},{\"@type\":\"ImageObject\",\"inLanguage\":\"it-IT\",\"@id\":\"https:\\\/\\\/www.skrateljc.org\\\/izdelek\\\/majica-pravljicni-sumberk\\\/#primaryimage\",\"url\":\"https:\\\/\\\/www.skrateljc.org\\\/wp-content\\\/uploads\\\/2021\\\/10\\\/Majica-PravljicniSumberk-2.png\",\"contentUrl\":\"https:\\\/\\\/www.skrateljc.org\\\/wp-content\\\/uploads\\\/2021\\\/10\\\/Majica-PravljicniSumberk-2.png\",\"width\":612,\"height\":767,\"caption\":\"Pravlji\u010dni \u0160umberk \u0160krateljc Pravlji\u010dne poti Pravlji\u010dno-do\u017eivljajska transverzala po Sloveniji\"},{\"@type\":\"BreadcrumbList\",\"@id\":\"https:\\\/\\\/www.skrateljc.org\\\/izdelek\\\/majica-pravljicni-sumberk\\\/#breadcrumb\",\"itemListElement\":[{\"@type\":\"ListItem\",\"position\":1,\"name\":\"Domov\",\"item\":\"https:\\\/\\\/www.skrateljc.org\\\/\"},{\"@type\":\"ListItem\",\"position\":2,\"name\":\"Trgovina\",\"item\":\"https:\\\/\\\/www.skrateljc.org\\\/trgovina\\\/\"},{\"@type\":\"ListItem\",\"position\":3,\"name\":\"Majica Pravlji\u010dni \u0160umberk\"}]},{\"@type\":\"WebSite\",\"@id\":\"https:\\\/\\\/www.skrateljc.org\\\/#website\",\"url\":\"https:\\\/\\\/www.skrateljc.org\\\/\",\"name\":\"\u0160krateljc\",\"description\":\"- ustvarjamo do\u017eivetja\",\"publisher\":{\"@id\":\"https:\\\/\\\/www.skrateljc.org\\\/#organization\"},\"potentialAction\":[{\"@type\":\"SearchAction\",\"target\":{\"@type\":\"EntryPoint\",\"urlTemplate\":\"https:\\\/\\\/www.skrateljc.org\\\/?s={search_term_string}\"},\"query-input\":{\"@type\":\"PropertyValueSpecification\",\"valueRequired\":true,\"valueName\":\"search_term_string\"}}],\"inLanguage\":\"it-IT\"},{\"@type\":\"Organization\",\"@id\":\"https:\\\/\\\/www.skrateljc.org\\\/#organization\",\"name\":\"Zavod \u0160krateljc\",\"url\":\"https:\\\/\\\/www.skrateljc.org\\\/\",\"logo\":{\"@type\":\"ImageObject\",\"inLanguage\":\"it-IT\",\"@id\":\"https:\\\/\\\/www.skrateljc.org\\\/#\\\/schema\\\/logo\\\/image\\\/\",\"url\":\"https:\\\/\\\/www.skrateljc.org\\\/wp-content\\\/uploads\\\/2021\\\/11\\\/00_logo-skrateljc-COL.jpg\",\"contentUrl\":\"https:\\\/\\\/www.skrateljc.org\\\/wp-content\\\/uploads\\\/2021\\\/11\\\/00_logo-skrateljc-COL.jpg\",\"width\":1770,\"height\":471,\"caption\":\"Zavod \u0160krateljc\"},\"image\":{\"@id\":\"https:\\\/\\\/www.skrateljc.org\\\/#\\\/schema\\\/logo\\\/image\\\/\"},\"sameAs\":[\"https:\\\/\\\/www.facebook.com\\\/skrateljc\",\"https:\\\/\\\/www.youtube.com\\\/channel\\\/UCffLgYSmHefkqvSMHeoLSDg\",\"https:\\\/\\\/www.instagram.com\\\/zavodskrateljc\"]}]}<\/script>\n<!-- \/ Yoast SEO Premium plugin. -->","yoast_head_json":{"title":"Majica Pravlji\u010dni \u0160umberk | \u0160krateljc","description":"V ponudbi imamo otro\u0161ke majice z junaki na\u0161ih pravlji\u010dnih do\u017eivetij. Ve\u010dina majic je v velikosti za 3-11 let. Katero boste izbrali?","robots":{"index":"index","follow":"follow","max-snippet":"max-snippet:-1","max-image-preview":"max-image-preview:large","max-video-preview":"max-video-preview:-1"},"canonical":"https:\/\/www.skrateljc.org\/it\/prodotto-2\/majica-pravljicni-sumberk\/","og_locale":"it_IT","og_type":"article","og_title":"Majica Pravlji\u010dni \u0160umberk","og_description":"V ponudbi imamo otro\u0161ke majice z junaki na\u0161ih pravlji\u010dnih do\u017eivetij. Ve\u010dina majic je v velikosti za 3-11 let. Katero boste izbrali?","og_url":"https:\/\/www.skrateljc.org\/it\/prodotto-2\/majica-pravljicni-sumberk\/","og_site_name":"\u0160krateljc","article_publisher":"https:\/\/www.facebook.com\/skrateljc","article_modified_time":"2025-10-25T19:38:06+00:00","og_image":[{"width":612,"height":767,"url":"https:\/\/www.skrateljc.org\/wp-content\/uploads\/2021\/10\/Majica-PravljicniSumberk-1.png","type":"image\/png"}],"twitter_card":"summary_large_image","schema":{"@context":"https:\/\/schema.org","@graph":[{"@type":"WebPage","@id":"https:\/\/www.skrateljc.org\/izdelek\/majica-pravljicni-sumberk\/","url":"https:\/\/www.skrateljc.org\/izdelek\/majica-pravljicni-sumberk\/","name":"Majica Pravlji\u010dni \u0160umberk | \u0160krateljc","isPartOf":{"@id":"https:\/\/www.skrateljc.org\/#website"},"primaryImageOfPage":{"@id":"https:\/\/www.skrateljc.org\/izdelek\/majica-pravljicni-sumberk\/#primaryimage"},"image":{"@id":"https:\/\/www.skrateljc.org\/izdelek\/majica-pravljicni-sumberk\/#primaryimage"},"thumbnailUrl":"https:\/\/www.skrateljc.org\/wp-content\/uploads\/2021\/10\/Majica-PravljicniSumberk-2.png","datePublished":"2021-10-25T10:22:15+00:00","dateModified":"2025-10-25T19:38:06+00:00","description":"V ponudbi imamo otro\u0161ke majice z junaki na\u0161ih pravlji\u010dnih do\u017eivetij. Ve\u010dina majic je v velikosti za 3-11 let. Katero boste izbrali?","breadcrumb":{"@id":"https:\/\/www.skrateljc.org\/izdelek\/majica-pravljicni-sumberk\/#breadcrumb"},"inLanguage":"it-IT","potentialAction":[{"@type":"ReadAction","target":["https:\/\/www.skrateljc.org\/izdelek\/majica-pravljicni-sumberk\/"]}]},{"@type":"ImageObject","inLanguage":"it-IT","@id":"https:\/\/www.skrateljc.org\/izdelek\/majica-pravljicni-sumberk\/#primaryimage","url":"https:\/\/www.skrateljc.org\/wp-content\/uploads\/2021\/10\/Majica-PravljicniSumberk-2.png","contentUrl":"https:\/\/www.skrateljc.org\/wp-content\/uploads\/2021\/10\/Majica-PravljicniSumberk-2.png","width":612,"height":767,"caption":"Pravlji\u010dni \u0160umberk \u0160krateljc Pravlji\u010dne poti Pravlji\u010dno-do\u017eivljajska transverzala po Sloveniji"},{"@type":"BreadcrumbList","@id":"https:\/\/www.skrateljc.org\/izdelek\/majica-pravljicni-sumberk\/#breadcrumb","itemListElement":[{"@type":"ListItem","position":1,"name":"Domov","item":"https:\/\/www.skrateljc.org\/"},{"@type":"ListItem","position":2,"name":"Trgovina","item":"https:\/\/www.skrateljc.org\/trgovina\/"},{"@type":"ListItem","position":3,"name":"Majica Pravlji\u010dni \u0160umberk"}]},{"@type":"WebSite","@id":"https:\/\/www.skrateljc.org\/#website","url":"https:\/\/www.skrateljc.org\/","name":"\u0160krateljc","description":"- ustvarjamo do\u017eivetja","publisher":{"@id":"https:\/\/www.skrateljc.org\/#organization"},"potentialAction":[{"@type":"SearchAction","target":{"@type":"EntryPoint","urlTemplate":"https:\/\/www.skrateljc.org\/?s={search_term_string}"},"query-input":{"@type":"PropertyValueSpecification","valueRequired":true,"valueName":"search_term_string"}}],"inLanguage":"it-IT"},{"@type":"Organization","@id":"https:\/\/www.skrateljc.org\/#organization","name":"Zavod \u0160krateljc","url":"https:\/\/www.skrateljc.org\/","logo":{"@type":"ImageObject","inLanguage":"it-IT","@id":"https:\/\/www.skrateljc.org\/#\/schema\/logo\/image\/","url":"https:\/\/www.skrateljc.org\/wp-content\/uploads\/2021\/11\/00_logo-skrateljc-COL.jpg","contentUrl":"https:\/\/www.skrateljc.org\/wp-content\/uploads\/2021\/11\/00_logo-skrateljc-COL.jpg","width":1770,"height":471,"caption":"Zavod \u0160krateljc"},"image":{"@id":"https:\/\/www.skrateljc.org\/#\/schema\/logo\/image\/"},"sameAs":["https:\/\/www.facebook.com\/skrateljc","https:\/\/www.youtube.com\/channel\/UCffLgYSmHefkqvSMHeoLSDg","https:\/\/www.instagram.com\/zavodskrateljc"]}]}},"_links":{"self":[{"href":"https:\/\/www.skrateljc.org\/it\/wp-json\/wp\/v2\/product\/1458","targetHints":{"allow":["GET"]}}],"collection":[{"href":"https:\/\/www.skrateljc.org\/it\/wp-json\/wp\/v2\/product"}],"about":[{"href":"https:\/\/www.skrateljc.org\/it\/wp-json\/wp\/v2\/types\/product"}],"wp:featuredmedia":[{"embeddable":true,"href":"https:\/\/www.skrateljc.org\/it\/wp-json\/wp\/v2\/media\/2418"}],"wp:attachment":[{"href":"https:\/\/www.skrateljc.org\/it\/wp-json\/wp\/v2\/media?parent=1458"}],"wp:term":[{"taxonomy":"product_brand","embeddable":true,"href":"https:\/\/www.skrateljc.org\/it\/wp-json\/wp\/v2\/product_brand?post=1458"},{"taxonomy":"product_cat","embeddable":true,"href":"https:\/\/www.skrateljc.org\/it\/wp-json\/wp\/v2\/product_cat?post=1458"},{"taxonomy":"product_tag","embeddable":true,"href":"https:\/\/www.skrateljc.org\/it\/wp-json\/wp\/v2\/product_tag?post=1458"}],"curies":[{"name":"wp","href":"https:\/\/api.w.org\/{rel}","templated":true}]}}