{"id":553,"date":"2021-09-28T12:59:26","date_gmt":"2021-09-28T12:59:26","guid":{"rendered":"https:\/\/skrateljc.org\/?post_type=product&#038;p=553"},"modified":"2025-10-25T21:41:24","modified_gmt":"2025-10-25T19:41:24","slug":"reformatorji-v-stripu","status":"publish","type":"product","link":"https:\/\/www.skrateljc.org\/hr\/izdelek\/reformatorji-v-stripu\/","title":{"rendered":"Reformatorji v stripu"},"content":{"rendered":"<p><em><strong>Strip izpod nabru\u0161enega peresa Bo\u0161tjana Gorenca Pi\u017eame in z iskrivimi ilustracijami Jake Vukoti\u010da, oboje podkrepljeno z znanstveno in akademsko roko dr. Kozma Aha\u010di\u010da.<\/strong><\/em><\/p>\n<p><a href=\"https:\/\/www.facebook.com\/zgodbevstripu\">Reformatorji v stripu<\/a> so za svojo odli\u010dnost prejeli <a href=\"https:\/\/www.bralnaznacka.si\/sl\/priporocene-knjige\/reformatorji-v-stripu\">ZLATO HRU\u0160KO<\/a>, znak za knjige odli\u010dne kvalitete, ki ga vsako leto podeljuje Pionirska &#8211; Mestna knji\u017enica Ljubljana.<\/p>\n<div><em><b>Reformatorji v stripu<\/b>\u00a0so odgovor na to, kako lahko spremenimo svet, kako lahko\u00a0<\/em><em>ustvarjamo pomembne mejnike za \u017eivljenje vseh \u2013 in kako so nam veliki ljudje v\u00a0<\/em><em>resnici povsem podobni. Celo \u010de so \u017eiveli ve\u010d sto let pred nami.\u00a0<\/em><em>Hkrati pa je ta strip tudi poro\u010dilo o pubertetni\u0161ki dobi slovenskega knji\u017enega jezika. O \u010dasu, ko se je slovenski knji\u017eni jezik \u017ee rodil, ni pa \u0161e povsem odrastel.\u00a0<\/em><em>V odraslo dobo sta ga namre\u010d popeljali prav knjigi, na nastanek katerih se strip\u00a0<\/em><em>osredoto\u010da: Biblija Jurija Dalmatina in slovnica Adama Bohori\u010da. \u010ce je bil prevod\u00a0<\/em><em>celotne Biblije za slovenski knji\u017eni jezik matura, potem je bila slovnica Adama\u00a0<\/em><em>Bohori\u010da maturitetno spri\u010devalo.<\/em><br \/>\n<b>\u2014 dr. Kozma Aha\u010di\u010d<\/b><\/div>\n<div><\/div>\n<div><em>Pri\u010dujo\u010da stripovska zgodba bi lahko zavila v ve\u010d smeri. Toda\u00a0<\/em><em>ko je Jaka izrisal prvo poglavje, Me je navihana lahkotnost risbe,\u00a0<\/em><em>ki je vseeno vseskozi ostajala zvesta obdobju reformacije, navdihnila\u00a0<\/em><em>za \u0161aljiv in parodi\u010den pristop, ki vseeno spo\u0161tuje izvirno\u00a0<\/em><em>snov. Upam, da vam je kratko\u010dasno predstavila utiranje poti, ki\u00a0<\/em><em>je pripeljala do sloven\u0161\u010dine, kakr\u0161no poznamo danes.<\/em><\/div>\n<div><b>\u2014 Bo\u0161tjan Gorenc-Pi\u017eama<\/b><\/div>","protected":false},"excerpt":{"rendered":"<p><em><strong>Strip izpod nabru\u0161enega peresa Bo\u0161tjana Gorenca Pi\u017eame in z iskrivimi ilustracijami Jake Vukoti\u010da, oboje podkrepljeno z znanstveno in akademsko roko dr. Kozma Aha\u010di\u010da.<\/strong><\/em><\/p>\n<p><a href=\"https:\/\/www.facebook.com\/zgodbevstripu\">Reformatorji v stripu<\/a> so za svojo odli\u010dnost prejeli <a href=\"https:\/\/www.bralnaznacka.si\/sl\/priporocene-knjige\/reformatorji-v-stripu\">ZLATO HRU\u0160KO<\/a>, znak za knjige odli\u010dne kvalitete, ki ga vsako leto podeljuje Pionirska &#8211; Mestna knji\u017enica Ljubljana.<\/p>\n<div><em><b>Reformatorji v stripu<\/b>\u00a0so odgovor na to, kako lahko spremenimo svet, kako lahko\u00a0<\/em><em>ustvarjamo pomembne mejnike za \u017eivljenje vseh \u2013 in kako so nam veliki ljudje v\u00a0<\/em><em>resnici povsem podobni. Celo \u010de so \u017eiveli ve\u010d sto let pred nami.\u00a0<\/em><em>Hkrati pa je ta strip tudi poro\u010dilo o pubertetni\u0161ki dobi slovenskega knji\u017enega jezika. O \u010dasu, ko se je slovenski knji\u017eni jezik \u017ee rodil, ni pa \u0161e povsem odrastel.\u00a0<\/em><em>V odraslo dobo sta ga namre\u010d popeljali prav knjigi, na nastanek katerih se strip\u00a0<\/em><em>osredoto\u010da: Biblija Jurija Dalmatina in slovnica Adama Bohori\u010da. \u010ce je bil prevod\u00a0<\/em><em>celotne Biblije za slovenski knji\u017eni jezik matura, potem je bila slovnica Adama\u00a0<\/em><em>Bohori\u010da maturitetno spri\u010devalo.<\/em><br \/>\n<b>\u2014 dr. Kozma Aha\u010di\u010d<\/b><\/div>\n<div><\/div>\n<div><em>Pri\u010dujo\u010da stripovska zgodba bi lahko zavila v ve\u010d smeri. Toda\u00a0<\/em><em>ko je Jaka izrisal prvo poglavje, Me je navihana lahkotnost risbe,\u00a0<\/em><em>ki je vseeno vseskozi ostajala zvesta obdobju reformacije, navdihnila\u00a0<\/em><em>za \u0161aljiv in parodi\u010den pristop, ki vseeno spo\u0161tuje izvirno\u00a0<\/em><em>snov. Upam, da vam je kratko\u010dasno predstavila utiranje poti, ki\u00a0<\/em><em>je pripeljala do sloven\u0161\u010dine, kakr\u0161no poznamo danes.<\/em><\/div>\n<div><b>\u2014 Bo\u0161tjan Gorenc-Pi\u017eama<\/b><\/div>","protected":false},"featured_media":1230,"template":"","meta":{"inline_featured_image":false,"cybocfi_hide_featured_image":""},"product_brand":[],"product_cat":[70],"product_tag":[],"class_list":{"0":"post-553","1":"product","2":"type-product","3":"status-publish","4":"has-post-thumbnail","6":"product_cat-stripi","8":"first","9":"instock","10":"shipping-taxable","11":"purchasable","12":"product-type-simple"},"yoast_head":"<!-- This site is optimized with the Yoast SEO Premium plugin v27.2 (Yoast SEO v27.4) - https:\/\/yoast.com\/product\/yoast-seo-premium-wordpress\/ -->\n<title>Reformatorji v stripu | \u0160krateljc<\/title>\n<meta name=\"description\" content=\"Reformatorji v stripu je delo nabru\u0161enega peresa Bo\u0161tjana Gorenca Pi\u017eame z iskrivimi ilustracijami Jake Vukoti\u010da, podkrepljeno z akademsko roko dr. Kozma Aha\u010di\u010da.\" \/>\n<meta name=\"robots\" content=\"index, follow, max-snippet:-1, max-image-preview:large, max-video-preview:-1\" \/>\n<link rel=\"canonical\" href=\"https:\/\/www.skrateljc.org\/hr\/proizvod-2\/reformatorji-v-stripu\/\" \/>\n<meta property=\"og:locale\" content=\"hr_HR\" \/>\n<meta property=\"og:type\" content=\"article\" \/>\n<meta property=\"og:title\" content=\"Reformatorji v stripu\" \/>\n<meta property=\"og:description\" content=\"Reformatorji v stripu je delo nabru\u0161enega peresa Bo\u0161tjana Gorenca Pi\u017eame z iskrivimi ilustracijami Jake Vukoti\u010da, podkrepljeno z akademsko roko dr. Kozma Aha\u010di\u010da.\" \/>\n<meta property=\"og:url\" content=\"https:\/\/www.skrateljc.org\/hr\/proizvod-2\/reformatorji-v-stripu\/\" \/>\n<meta property=\"og:site_name\" content=\"\u0160krateljc\" \/>\n<meta property=\"article:publisher\" content=\"https:\/\/www.facebook.com\/skrateljc\" \/>\n<meta property=\"article:modified_time\" content=\"2025-10-25T19:41:24+00:00\" \/>\n<meta property=\"og:image\" content=\"https:\/\/www.skrateljc.org\/wp-content\/uploads\/2021\/09\/Reformatorji_v_stripu_koncna-2.jpg\" \/>\n\t<meta property=\"og:image:width\" content=\"612\" \/>\n\t<meta property=\"og:image:height\" content=\"767\" \/>\n\t<meta property=\"og:image:type\" content=\"image\/jpeg\" \/>\n<meta name=\"twitter:card\" content=\"summary_large_image\" \/>\n<meta name=\"twitter:label1\" content=\"Procijenjeno vrijeme \u010ditanja\" \/>\n\t<meta name=\"twitter:data1\" content=\"1 minuta\" \/>\n<script type=\"application\/ld+json\" class=\"yoast-schema-graph\">{\"@context\":\"https:\\\/\\\/schema.org\",\"@graph\":[{\"@type\":\"WebPage\",\"@id\":\"https:\\\/\\\/www.skrateljc.org\\\/izdelek\\\/reformatorji-v-stripu\\\/\",\"url\":\"https:\\\/\\\/www.skrateljc.org\\\/izdelek\\\/reformatorji-v-stripu\\\/\",\"name\":\"Reformatorji v stripu | \u0160krateljc\",\"isPartOf\":{\"@id\":\"https:\\\/\\\/www.skrateljc.org\\\/#website\"},\"primaryImageOfPage\":{\"@id\":\"https:\\\/\\\/www.skrateljc.org\\\/izdelek\\\/reformatorji-v-stripu\\\/#primaryimage\"},\"image\":{\"@id\":\"https:\\\/\\\/www.skrateljc.org\\\/izdelek\\\/reformatorji-v-stripu\\\/#primaryimage\"},\"thumbnailUrl\":\"https:\\\/\\\/www.skrateljc.org\\\/wp-content\\\/uploads\\\/2021\\\/09\\\/Reformatorji_v_stripu_koncna-2.jpg\",\"datePublished\":\"2021-09-28T12:59:26+00:00\",\"dateModified\":\"2025-10-25T19:41:24+00:00\",\"description\":\"Reformatorji v stripu je delo nabru\u0161enega peresa Bo\u0161tjana Gorenca Pi\u017eame z iskrivimi ilustracijami Jake Vukoti\u010da, podkrepljeno z akademsko roko dr. Kozma Aha\u010di\u010da.\",\"breadcrumb\":{\"@id\":\"https:\\\/\\\/www.skrateljc.org\\\/izdelek\\\/reformatorji-v-stripu\\\/#breadcrumb\"},\"inLanguage\":\"hr\",\"potentialAction\":[{\"@type\":\"ReadAction\",\"target\":[\"https:\\\/\\\/www.skrateljc.org\\\/izdelek\\\/reformatorji-v-stripu\\\/\"]}]},{\"@type\":\"ImageObject\",\"inLanguage\":\"hr\",\"@id\":\"https:\\\/\\\/www.skrateljc.org\\\/izdelek\\\/reformatorji-v-stripu\\\/#primaryimage\",\"url\":\"https:\\\/\\\/www.skrateljc.org\\\/wp-content\\\/uploads\\\/2021\\\/09\\\/Reformatorji_v_stripu_koncna-2.jpg\",\"contentUrl\":\"https:\\\/\\\/www.skrateljc.org\\\/wp-content\\\/uploads\\\/2021\\\/09\\\/Reformatorji_v_stripu_koncna-2.jpg\",\"width\":612,\"height\":767,\"caption\":\"Reformatorji v stripu \u0160krateljc strip\"},{\"@type\":\"BreadcrumbList\",\"@id\":\"https:\\\/\\\/www.skrateljc.org\\\/izdelek\\\/reformatorji-v-stripu\\\/#breadcrumb\",\"itemListElement\":[{\"@type\":\"ListItem\",\"position\":1,\"name\":\"Domov\",\"item\":\"https:\\\/\\\/www.skrateljc.org\\\/\"},{\"@type\":\"ListItem\",\"position\":2,\"name\":\"Trgovina\",\"item\":\"https:\\\/\\\/www.skrateljc.org\\\/trgovina\\\/\"},{\"@type\":\"ListItem\",\"position\":3,\"name\":\"Reformatorji v stripu\"}]},{\"@type\":\"WebSite\",\"@id\":\"https:\\\/\\\/www.skrateljc.org\\\/#website\",\"url\":\"https:\\\/\\\/www.skrateljc.org\\\/\",\"name\":\"\u0160krateljc\",\"description\":\"- ustvarjamo do\u017eivetja\",\"publisher\":{\"@id\":\"https:\\\/\\\/www.skrateljc.org\\\/#organization\"},\"potentialAction\":[{\"@type\":\"SearchAction\",\"target\":{\"@type\":\"EntryPoint\",\"urlTemplate\":\"https:\\\/\\\/www.skrateljc.org\\\/?s={search_term_string}\"},\"query-input\":{\"@type\":\"PropertyValueSpecification\",\"valueRequired\":true,\"valueName\":\"search_term_string\"}}],\"inLanguage\":\"hr\"},{\"@type\":\"Organization\",\"@id\":\"https:\\\/\\\/www.skrateljc.org\\\/#organization\",\"name\":\"Zavod \u0160krateljc\",\"url\":\"https:\\\/\\\/www.skrateljc.org\\\/\",\"logo\":{\"@type\":\"ImageObject\",\"inLanguage\":\"hr\",\"@id\":\"https:\\\/\\\/www.skrateljc.org\\\/#\\\/schema\\\/logo\\\/image\\\/\",\"url\":\"https:\\\/\\\/www.skrateljc.org\\\/wp-content\\\/uploads\\\/2021\\\/11\\\/00_logo-skrateljc-COL.jpg\",\"contentUrl\":\"https:\\\/\\\/www.skrateljc.org\\\/wp-content\\\/uploads\\\/2021\\\/11\\\/00_logo-skrateljc-COL.jpg\",\"width\":1770,\"height\":471,\"caption\":\"Zavod \u0160krateljc\"},\"image\":{\"@id\":\"https:\\\/\\\/www.skrateljc.org\\\/#\\\/schema\\\/logo\\\/image\\\/\"},\"sameAs\":[\"https:\\\/\\\/www.facebook.com\\\/skrateljc\",\"https:\\\/\\\/www.youtube.com\\\/channel\\\/UCffLgYSmHefkqvSMHeoLSDg\",\"https:\\\/\\\/www.instagram.com\\\/zavodskrateljc\"]}]}<\/script>\n<!-- \/ Yoast SEO Premium plugin. -->","yoast_head_json":{"title":"Reformatorji v stripu | \u0160krateljc","description":"Reformatorji v stripu je delo nabru\u0161enega peresa Bo\u0161tjana Gorenca Pi\u017eame z iskrivimi ilustracijami Jake Vukoti\u010da, podkrepljeno z akademsko roko dr. Kozma Aha\u010di\u010da.","robots":{"index":"index","follow":"follow","max-snippet":"max-snippet:-1","max-image-preview":"max-image-preview:large","max-video-preview":"max-video-preview:-1"},"canonical":"https:\/\/www.skrateljc.org\/hr\/proizvod-2\/reformatorji-v-stripu\/","og_locale":"hr_HR","og_type":"article","og_title":"Reformatorji v stripu","og_description":"Reformatorji v stripu je delo nabru\u0161enega peresa Bo\u0161tjana Gorenca Pi\u017eame z iskrivimi ilustracijami Jake Vukoti\u010da, podkrepljeno z akademsko roko dr. Kozma Aha\u010di\u010da.","og_url":"https:\/\/www.skrateljc.org\/hr\/proizvod-2\/reformatorji-v-stripu\/","og_site_name":"\u0160krateljc","article_publisher":"https:\/\/www.facebook.com\/skrateljc","article_modified_time":"2025-10-25T19:41:24+00:00","og_image":[{"width":612,"height":767,"url":"https:\/\/www.skrateljc.org\/wp-content\/uploads\/2021\/09\/Reformatorji_v_stripu_koncna-2.jpg","type":"image\/jpeg"}],"twitter_card":"summary_large_image","twitter_misc":{"Procijenjeno vrijeme \u010ditanja":"1 minuta"},"schema":{"@context":"https:\/\/schema.org","@graph":[{"@type":"WebPage","@id":"https:\/\/www.skrateljc.org\/izdelek\/reformatorji-v-stripu\/","url":"https:\/\/www.skrateljc.org\/izdelek\/reformatorji-v-stripu\/","name":"Reformatorji v stripu | \u0160krateljc","isPartOf":{"@id":"https:\/\/www.skrateljc.org\/#website"},"primaryImageOfPage":{"@id":"https:\/\/www.skrateljc.org\/izdelek\/reformatorji-v-stripu\/#primaryimage"},"image":{"@id":"https:\/\/www.skrateljc.org\/izdelek\/reformatorji-v-stripu\/#primaryimage"},"thumbnailUrl":"https:\/\/www.skrateljc.org\/wp-content\/uploads\/2021\/09\/Reformatorji_v_stripu_koncna-2.jpg","datePublished":"2021-09-28T12:59:26+00:00","dateModified":"2025-10-25T19:41:24+00:00","description":"Reformatorji v stripu je delo nabru\u0161enega peresa Bo\u0161tjana Gorenca Pi\u017eame z iskrivimi ilustracijami Jake Vukoti\u010da, podkrepljeno z akademsko roko dr. Kozma Aha\u010di\u010da.","breadcrumb":{"@id":"https:\/\/www.skrateljc.org\/izdelek\/reformatorji-v-stripu\/#breadcrumb"},"inLanguage":"hr","potentialAction":[{"@type":"ReadAction","target":["https:\/\/www.skrateljc.org\/izdelek\/reformatorji-v-stripu\/"]}]},{"@type":"ImageObject","inLanguage":"hr","@id":"https:\/\/www.skrateljc.org\/izdelek\/reformatorji-v-stripu\/#primaryimage","url":"https:\/\/www.skrateljc.org\/wp-content\/uploads\/2021\/09\/Reformatorji_v_stripu_koncna-2.jpg","contentUrl":"https:\/\/www.skrateljc.org\/wp-content\/uploads\/2021\/09\/Reformatorji_v_stripu_koncna-2.jpg","width":612,"height":767,"caption":"Reformatorji v stripu \u0160krateljc strip"},{"@type":"BreadcrumbList","@id":"https:\/\/www.skrateljc.org\/izdelek\/reformatorji-v-stripu\/#breadcrumb","itemListElement":[{"@type":"ListItem","position":1,"name":"Domov","item":"https:\/\/www.skrateljc.org\/"},{"@type":"ListItem","position":2,"name":"Trgovina","item":"https:\/\/www.skrateljc.org\/trgovina\/"},{"@type":"ListItem","position":3,"name":"Reformatorji v stripu"}]},{"@type":"WebSite","@id":"https:\/\/www.skrateljc.org\/#website","url":"https:\/\/www.skrateljc.org\/","name":"\u0160krateljc","description":"- ustvarjamo do\u017eivetja","publisher":{"@id":"https:\/\/www.skrateljc.org\/#organization"},"potentialAction":[{"@type":"SearchAction","target":{"@type":"EntryPoint","urlTemplate":"https:\/\/www.skrateljc.org\/?s={search_term_string}"},"query-input":{"@type":"PropertyValueSpecification","valueRequired":true,"valueName":"search_term_string"}}],"inLanguage":"hr"},{"@type":"Organization","@id":"https:\/\/www.skrateljc.org\/#organization","name":"Zavod \u0160krateljc","url":"https:\/\/www.skrateljc.org\/","logo":{"@type":"ImageObject","inLanguage":"hr","@id":"https:\/\/www.skrateljc.org\/#\/schema\/logo\/image\/","url":"https:\/\/www.skrateljc.org\/wp-content\/uploads\/2021\/11\/00_logo-skrateljc-COL.jpg","contentUrl":"https:\/\/www.skrateljc.org\/wp-content\/uploads\/2021\/11\/00_logo-skrateljc-COL.jpg","width":1770,"height":471,"caption":"Zavod \u0160krateljc"},"image":{"@id":"https:\/\/www.skrateljc.org\/#\/schema\/logo\/image\/"},"sameAs":["https:\/\/www.facebook.com\/skrateljc","https:\/\/www.youtube.com\/channel\/UCffLgYSmHefkqvSMHeoLSDg","https:\/\/www.instagram.com\/zavodskrateljc"]}]}},"_links":{"self":[{"href":"https:\/\/www.skrateljc.org\/hr\/wp-json\/wp\/v2\/product\/553","targetHints":{"allow":["GET"]}}],"collection":[{"href":"https:\/\/www.skrateljc.org\/hr\/wp-json\/wp\/v2\/product"}],"about":[{"href":"https:\/\/www.skrateljc.org\/hr\/wp-json\/wp\/v2\/types\/product"}],"wp:featuredmedia":[{"embeddable":true,"href":"https:\/\/www.skrateljc.org\/hr\/wp-json\/wp\/v2\/media\/1230"}],"wp:attachment":[{"href":"https:\/\/www.skrateljc.org\/hr\/wp-json\/wp\/v2\/media?parent=553"}],"wp:term":[{"taxonomy":"product_brand","embeddable":true,"href":"https:\/\/www.skrateljc.org\/hr\/wp-json\/wp\/v2\/product_brand?post=553"},{"taxonomy":"product_cat","embeddable":true,"href":"https:\/\/www.skrateljc.org\/hr\/wp-json\/wp\/v2\/product_cat?post=553"},{"taxonomy":"product_tag","embeddable":true,"href":"https:\/\/www.skrateljc.org\/hr\/wp-json\/wp\/v2\/product_tag?post=553"}],"curies":[{"name":"wp","href":"https:\/\/api.w.org\/{rel}","templated":true}]}}