{"id":489,"date":"2021-09-28T11:59:34","date_gmt":"2021-09-28T11:59:34","guid":{"rendered":"https:\/\/skrateljc.org\/?post_type=product&#038;p=489"},"modified":"2026-02-12T15:29:15","modified_gmt":"2026-02-12T14:29:15","slug":"izgubljeni-slamnik","status":"publish","type":"product","link":"https:\/\/www.skrateljc.org\/hr\/izdelek\/izgubljeni-slamnik\/","title":{"rendered":"Izgubljeni slamnik"},"content":{"rendered":"<p><em>V \u0160umberku ima brlog lisi\u010dka. Je nadvse prijazna in uglajena gospodi\u010dna in vse \u017eivali jo imajo za prijateljico. Ta zvitorepka je namre\u010d nekaj posebnega. Edina izmed \u017eivali nosi slamnik. Lep, okrogel slamnik z rde\u010dim svilenim trakom. Slamnik je nosila \u017ee lisi\u010dkina mama in tudi njena mama, pa njena mama \u2026 Ni\u010d \u010dudnega, da se lisi\u010dka ni nikoli lo\u010dila od svojega slamnika. Modre \u017eivali so tako pripovedovale, da bo \u0160umberk nekaj posebnega vse dotlej, dokler se bo po njem sprehajala lisi\u010dka s slamnikom.<\/em><\/p>\n<p>Toda nekega dne lisi\u010dkin slamnik izgine \u2026 Pot do njega razkrije \u0161tevilne skrivnosti \u0160umberka. Pa ti ve\u0161, da je to\u00a0<strong>resni\u010den kraj<\/strong>?<\/p>\n<p>Obi\u0161\u010di\u00a0<a href=\"https:\/\/www.skrateljc.org\/hr\/pravljicni-sumberk\/\">Pravlji\u010dni \u0160umberk<\/a> in se podaj na pravlji\u010dno-do\u017eivljajsko pot ter pomagaj lisi\u010dki najti izgubljeni slamnik.<\/p>","protected":false},"excerpt":{"rendered":"<p><em>V \u0160umberku ima brlog lisi\u010dka. Je nadvse prijazna in uglajena gospodi\u010dna in vse \u017eivali jo imajo za prijateljico. Ta zvitorepka je namre\u010d nekaj posebnega. Edina izmed \u017eivali nosi slamnik. Lep, okrogel slamnik z rde\u010dim svilenim trakom. Slamnik je nosila \u017ee lisi\u010dkina mama in tudi njena mama, pa njena mama \u2026 Ni\u010d \u010dudnega, da se lisi\u010dka ni nikoli lo\u010dila od svojega slamnika. Modre \u017eivali so tako pripovedovale, da bo \u0160umberk nekaj posebnega vse dotlej, dokler se bo po njem sprehajala lisi\u010dka s slamnikom.<\/em><\/p>\n<p>Toda nekega dne lisi\u010dkin slamnik izgine \u2026 Pot do njega razkrije \u0161tevilne skrivnosti \u0160umberka. Pa ti ve\u0161, da je to\u00a0<strong>resni\u010den kraj<\/strong>?<\/p>\n<p>Obi\u0161\u010di\u00a0<a href=\"https:\/\/www.skrateljc.org\/hr\/pravljicni-sumberk\/\">Pravlji\u010dni \u0160umberk<\/a> in se podaj na pravlji\u010dno-do\u017eivljajsko pot ter pomagaj lisi\u010dki najti izgubljeni slamnik.<\/p>","protected":false},"featured_media":1206,"template":"","meta":{"inline_featured_image":false,"cybocfi_hide_featured_image":""},"product_brand":[],"product_cat":[68],"product_tag":[],"class_list":{"0":"post-489","1":"product","2":"type-product","3":"status-publish","4":"has-post-thumbnail","6":"product_cat-pravljicne-slikanice","8":"first","9":"instock","10":"shipping-taxable","11":"purchasable","12":"product-type-simple"},"yoast_head":"<!-- This site is optimized with the Yoast SEO Premium plugin v27.4 (Yoast SEO v27.4) - https:\/\/yoast.com\/product\/yoast-seo-premium-wordpress\/ -->\n<title>Izgubljeni slamnik | \u0160krateljc<\/title>\n<meta name=\"description\" content=\"Izgubljeni slamnik je prikupna zgodba o lisi\u010dki iz \u0160umberka. Je prijazna in uglajena gospodi\u010dna, vse \u017eivali jo imajo za prijateljico. Spoznajte celo zgodbo!\" \/>\n<meta name=\"robots\" content=\"index, follow, max-snippet:-1, max-image-preview:large, max-video-preview:-1\" \/>\n<link rel=\"canonical\" href=\"https:\/\/www.skrateljc.org\/hr\/proizvod-2\/izgubljeni-slamnik\/\" \/>\n<meta property=\"og:locale\" content=\"hr_HR\" \/>\n<meta property=\"og:type\" content=\"article\" \/>\n<meta property=\"og:title\" content=\"Izgubljeni slamnik\" \/>\n<meta property=\"og:description\" content=\"Izgubljeni slamnik je prikupna zgodba o lisi\u010dki iz \u0160umberka. Je prijazna in uglajena gospodi\u010dna, vse \u017eivali jo imajo za prijateljico. Spoznajte celo zgodbo!\" \/>\n<meta property=\"og:url\" content=\"https:\/\/www.skrateljc.org\/hr\/proizvod-2\/izgubljeni-slamnik\/\" \/>\n<meta property=\"og:site_name\" content=\"\u0160krateljc\" \/>\n<meta property=\"article:publisher\" content=\"https:\/\/www.facebook.com\/skrateljc\" \/>\n<meta property=\"article:modified_time\" content=\"2026-02-12T14:29:15+00:00\" \/>\n<meta property=\"og:image\" content=\"https:\/\/www.skrateljc.org\/wp-content\/uploads\/2021\/09\/Izgubljeni_slamnik_koncana.jpg\" \/>\n\t<meta property=\"og:image:width\" content=\"612\" \/>\n\t<meta property=\"og:image:height\" content=\"767\" \/>\n\t<meta property=\"og:image:type\" content=\"image\/jpeg\" \/>\n<meta name=\"twitter:card\" content=\"summary_large_image\" \/>\n<meta name=\"twitter:label1\" content=\"Procijenjeno vrijeme \u010ditanja\" \/>\n\t<meta name=\"twitter:data1\" content=\"1 minuta\" \/>\n<script type=\"application\/ld+json\" class=\"yoast-schema-graph\">{\"@context\":\"https:\\\/\\\/schema.org\",\"@graph\":[{\"@type\":\"WebPage\",\"@id\":\"https:\\\/\\\/www.skrateljc.org\\\/izdelek\\\/izgubljeni-slamnik\\\/\",\"url\":\"https:\\\/\\\/www.skrateljc.org\\\/izdelek\\\/izgubljeni-slamnik\\\/\",\"name\":\"Izgubljeni slamnik | \u0160krateljc\",\"isPartOf\":{\"@id\":\"https:\\\/\\\/www.skrateljc.org\\\/#website\"},\"primaryImageOfPage\":{\"@id\":\"https:\\\/\\\/www.skrateljc.org\\\/izdelek\\\/izgubljeni-slamnik\\\/#primaryimage\"},\"image\":{\"@id\":\"https:\\\/\\\/www.skrateljc.org\\\/izdelek\\\/izgubljeni-slamnik\\\/#primaryimage\"},\"thumbnailUrl\":\"https:\\\/\\\/www.skrateljc.org\\\/wp-content\\\/uploads\\\/2021\\\/09\\\/Izgubljeni_slamnik_koncana.jpg\",\"datePublished\":\"2021-09-28T11:59:34+00:00\",\"dateModified\":\"2026-02-12T14:29:15+00:00\",\"description\":\"Izgubljeni slamnik je prikupna zgodba o lisi\u010dki iz \u0160umberka. Je prijazna in uglajena gospodi\u010dna, vse \u017eivali jo imajo za prijateljico. Spoznajte celo zgodbo!\",\"breadcrumb\":{\"@id\":\"https:\\\/\\\/www.skrateljc.org\\\/izdelek\\\/izgubljeni-slamnik\\\/#breadcrumb\"},\"inLanguage\":\"hr\",\"potentialAction\":[{\"@type\":\"ReadAction\",\"target\":[\"https:\\\/\\\/www.skrateljc.org\\\/izdelek\\\/izgubljeni-slamnik\\\/\"]}]},{\"@type\":\"ImageObject\",\"inLanguage\":\"hr\",\"@id\":\"https:\\\/\\\/www.skrateljc.org\\\/izdelek\\\/izgubljeni-slamnik\\\/#primaryimage\",\"url\":\"https:\\\/\\\/www.skrateljc.org\\\/wp-content\\\/uploads\\\/2021\\\/09\\\/Izgubljeni_slamnik_koncana.jpg\",\"contentUrl\":\"https:\\\/\\\/www.skrateljc.org\\\/wp-content\\\/uploads\\\/2021\\\/09\\\/Izgubljeni_slamnik_koncana.jpg\",\"width\":612,\"height\":767,\"caption\":\"Izgubljeni slamnik slikanica \u0160krateljc\"},{\"@type\":\"BreadcrumbList\",\"@id\":\"https:\\\/\\\/www.skrateljc.org\\\/izdelek\\\/izgubljeni-slamnik\\\/#breadcrumb\",\"itemListElement\":[{\"@type\":\"ListItem\",\"position\":1,\"name\":\"Domov\",\"item\":\"https:\\\/\\\/www.skrateljc.org\\\/\"},{\"@type\":\"ListItem\",\"position\":2,\"name\":\"Trgovina\",\"item\":\"https:\\\/\\\/www.skrateljc.org\\\/trgovina\\\/\"},{\"@type\":\"ListItem\",\"position\":3,\"name\":\"Izgubljeni slamnik\"}]},{\"@type\":\"WebSite\",\"@id\":\"https:\\\/\\\/www.skrateljc.org\\\/#website\",\"url\":\"https:\\\/\\\/www.skrateljc.org\\\/\",\"name\":\"\u0160krateljc\",\"description\":\"- ustvarjamo do\u017eivetja\",\"publisher\":{\"@id\":\"https:\\\/\\\/www.skrateljc.org\\\/#organization\"},\"potentialAction\":[{\"@type\":\"SearchAction\",\"target\":{\"@type\":\"EntryPoint\",\"urlTemplate\":\"https:\\\/\\\/www.skrateljc.org\\\/?s={search_term_string}\"},\"query-input\":{\"@type\":\"PropertyValueSpecification\",\"valueRequired\":true,\"valueName\":\"search_term_string\"}}],\"inLanguage\":\"hr\"},{\"@type\":\"Organization\",\"@id\":\"https:\\\/\\\/www.skrateljc.org\\\/#organization\",\"name\":\"Zavod \u0160krateljc\",\"url\":\"https:\\\/\\\/www.skrateljc.org\\\/\",\"logo\":{\"@type\":\"ImageObject\",\"inLanguage\":\"hr\",\"@id\":\"https:\\\/\\\/www.skrateljc.org\\\/#\\\/schema\\\/logo\\\/image\\\/\",\"url\":\"https:\\\/\\\/www.skrateljc.org\\\/wp-content\\\/uploads\\\/2021\\\/11\\\/00_logo-skrateljc-COL.jpg\",\"contentUrl\":\"https:\\\/\\\/www.skrateljc.org\\\/wp-content\\\/uploads\\\/2021\\\/11\\\/00_logo-skrateljc-COL.jpg\",\"width\":1770,\"height\":471,\"caption\":\"Zavod \u0160krateljc\"},\"image\":{\"@id\":\"https:\\\/\\\/www.skrateljc.org\\\/#\\\/schema\\\/logo\\\/image\\\/\"},\"sameAs\":[\"https:\\\/\\\/www.facebook.com\\\/skrateljc\",\"https:\\\/\\\/www.youtube.com\\\/channel\\\/UCffLgYSmHefkqvSMHeoLSDg\",\"https:\\\/\\\/www.instagram.com\\\/zavodskrateljc\"]}]}<\/script>\n<!-- \/ Yoast SEO Premium plugin. -->","yoast_head_json":{"title":"Izgubljeni slamnik | \u0160krateljc","description":"Izgubljeni slamnik je prikupna zgodba o lisi\u010dki iz \u0160umberka. Je prijazna in uglajena gospodi\u010dna, vse \u017eivali jo imajo za prijateljico. Spoznajte celo zgodbo!","robots":{"index":"index","follow":"follow","max-snippet":"max-snippet:-1","max-image-preview":"max-image-preview:large","max-video-preview":"max-video-preview:-1"},"canonical":"https:\/\/www.skrateljc.org\/hr\/proizvod-2\/izgubljeni-slamnik\/","og_locale":"hr_HR","og_type":"article","og_title":"Izgubljeni slamnik","og_description":"Izgubljeni slamnik je prikupna zgodba o lisi\u010dki iz \u0160umberka. Je prijazna in uglajena gospodi\u010dna, vse \u017eivali jo imajo za prijateljico. Spoznajte celo zgodbo!","og_url":"https:\/\/www.skrateljc.org\/hr\/proizvod-2\/izgubljeni-slamnik\/","og_site_name":"\u0160krateljc","article_publisher":"https:\/\/www.facebook.com\/skrateljc","article_modified_time":"2026-02-12T14:29:15+00:00","og_image":[{"width":612,"height":767,"url":"https:\/\/www.skrateljc.org\/wp-content\/uploads\/2021\/09\/Izgubljeni_slamnik_koncana.jpg","type":"image\/jpeg"}],"twitter_card":"summary_large_image","twitter_misc":{"Procijenjeno vrijeme \u010ditanja":"1 minuta"},"schema":{"@context":"https:\/\/schema.org","@graph":[{"@type":"WebPage","@id":"https:\/\/www.skrateljc.org\/izdelek\/izgubljeni-slamnik\/","url":"https:\/\/www.skrateljc.org\/izdelek\/izgubljeni-slamnik\/","name":"Izgubljeni slamnik | \u0160krateljc","isPartOf":{"@id":"https:\/\/www.skrateljc.org\/#website"},"primaryImageOfPage":{"@id":"https:\/\/www.skrateljc.org\/izdelek\/izgubljeni-slamnik\/#primaryimage"},"image":{"@id":"https:\/\/www.skrateljc.org\/izdelek\/izgubljeni-slamnik\/#primaryimage"},"thumbnailUrl":"https:\/\/www.skrateljc.org\/wp-content\/uploads\/2021\/09\/Izgubljeni_slamnik_koncana.jpg","datePublished":"2021-09-28T11:59:34+00:00","dateModified":"2026-02-12T14:29:15+00:00","description":"Izgubljeni slamnik je prikupna zgodba o lisi\u010dki iz \u0160umberka. Je prijazna in uglajena gospodi\u010dna, vse \u017eivali jo imajo za prijateljico. Spoznajte celo zgodbo!","breadcrumb":{"@id":"https:\/\/www.skrateljc.org\/izdelek\/izgubljeni-slamnik\/#breadcrumb"},"inLanguage":"hr","potentialAction":[{"@type":"ReadAction","target":["https:\/\/www.skrateljc.org\/izdelek\/izgubljeni-slamnik\/"]}]},{"@type":"ImageObject","inLanguage":"hr","@id":"https:\/\/www.skrateljc.org\/izdelek\/izgubljeni-slamnik\/#primaryimage","url":"https:\/\/www.skrateljc.org\/wp-content\/uploads\/2021\/09\/Izgubljeni_slamnik_koncana.jpg","contentUrl":"https:\/\/www.skrateljc.org\/wp-content\/uploads\/2021\/09\/Izgubljeni_slamnik_koncana.jpg","width":612,"height":767,"caption":"Izgubljeni slamnik slikanica \u0160krateljc"},{"@type":"BreadcrumbList","@id":"https:\/\/www.skrateljc.org\/izdelek\/izgubljeni-slamnik\/#breadcrumb","itemListElement":[{"@type":"ListItem","position":1,"name":"Domov","item":"https:\/\/www.skrateljc.org\/"},{"@type":"ListItem","position":2,"name":"Trgovina","item":"https:\/\/www.skrateljc.org\/trgovina\/"},{"@type":"ListItem","position":3,"name":"Izgubljeni slamnik"}]},{"@type":"WebSite","@id":"https:\/\/www.skrateljc.org\/#website","url":"https:\/\/www.skrateljc.org\/","name":"\u0160krateljc","description":"- ustvarjamo do\u017eivetja","publisher":{"@id":"https:\/\/www.skrateljc.org\/#organization"},"potentialAction":[{"@type":"SearchAction","target":{"@type":"EntryPoint","urlTemplate":"https:\/\/www.skrateljc.org\/?s={search_term_string}"},"query-input":{"@type":"PropertyValueSpecification","valueRequired":true,"valueName":"search_term_string"}}],"inLanguage":"hr"},{"@type":"Organization","@id":"https:\/\/www.skrateljc.org\/#organization","name":"Zavod \u0160krateljc","url":"https:\/\/www.skrateljc.org\/","logo":{"@type":"ImageObject","inLanguage":"hr","@id":"https:\/\/www.skrateljc.org\/#\/schema\/logo\/image\/","url":"https:\/\/www.skrateljc.org\/wp-content\/uploads\/2021\/11\/00_logo-skrateljc-COL.jpg","contentUrl":"https:\/\/www.skrateljc.org\/wp-content\/uploads\/2021\/11\/00_logo-skrateljc-COL.jpg","width":1770,"height":471,"caption":"Zavod \u0160krateljc"},"image":{"@id":"https:\/\/www.skrateljc.org\/#\/schema\/logo\/image\/"},"sameAs":["https:\/\/www.facebook.com\/skrateljc","https:\/\/www.youtube.com\/channel\/UCffLgYSmHefkqvSMHeoLSDg","https:\/\/www.instagram.com\/zavodskrateljc"]}]}},"_links":{"self":[{"href":"https:\/\/www.skrateljc.org\/hr\/wp-json\/wp\/v2\/product\/489","targetHints":{"allow":["GET"]}}],"collection":[{"href":"https:\/\/www.skrateljc.org\/hr\/wp-json\/wp\/v2\/product"}],"about":[{"href":"https:\/\/www.skrateljc.org\/hr\/wp-json\/wp\/v2\/types\/product"}],"wp:featuredmedia":[{"embeddable":true,"href":"https:\/\/www.skrateljc.org\/hr\/wp-json\/wp\/v2\/media\/1206"}],"wp:attachment":[{"href":"https:\/\/www.skrateljc.org\/hr\/wp-json\/wp\/v2\/media?parent=489"}],"wp:term":[{"taxonomy":"product_brand","embeddable":true,"href":"https:\/\/www.skrateljc.org\/hr\/wp-json\/wp\/v2\/product_brand?post=489"},{"taxonomy":"product_cat","embeddable":true,"href":"https:\/\/www.skrateljc.org\/hr\/wp-json\/wp\/v2\/product_cat?post=489"},{"taxonomy":"product_tag","embeddable":true,"href":"https:\/\/www.skrateljc.org\/hr\/wp-json\/wp\/v2\/product_tag?post=489"}],"curies":[{"name":"wp","href":"https:\/\/api.w.org\/{rel}","templated":true}]}}