{"id":31788,"date":"2026-03-16T10:57:10","date_gmt":"2026-03-16T09:57:10","guid":{"rendered":"https:\/\/www.skrateljc.org\/?post_type=product&#038;p=31788"},"modified":"2026-03-17T12:36:06","modified_gmt":"2026-03-17T11:36:06","slug":"skratolovske-pocitnice","status":"publish","type":"product","link":"https:\/\/www.skrateljc.org\/hr\/izdelek\/skratolovske-pocitnice\/","title":{"rendered":"\u0160kratolovske po\u010ditnice (13.07.2026 &#8211; 17.07.2026)"},"content":{"rendered":"<div class=\"relative basis-auto flex-col -mb-(--composer-overlap-px) [--composer-overlap-px:55px] grow flex\">\n<div class=\"flex flex-col text-sm @w-xl\/main:pt-header-height pb-25\">\n<article class=\"text-token-text-primary w-full focus:outline-none [--shadow-height:45px] has-data-writing-block:pointer-events-none has-data-writing-block:-mt-(--shadow-height) has-data-writing-block:pt-(--shadow-height) [&amp;:has([data-writing-block])&gt;*]:pointer-events-auto [content-visibility:auto] supports-[content-visibility:auto]:[contain-intrinsic-size:auto_100lvh] scroll-mt-[calc(var(--header-height)+min(200px,max(70px,20svh)))]\" dir=\"auto\" tabindex=\"-1\" data-turn-id=\"request-WEB:21a25963-9029-4248-a007-cd01c4406190-0\" data-testid=\"conversation-turn-2\" data-scroll-anchor=\"true\" data-turn=\"assistant\">\n<div class=\"text-base my-auto mx-auto pb-10 [--thread-content-margin:--spacing(4)] @w-sm\/main:[--thread-content-margin:--spacing(6)] @w-lg\/main:[--thread-content-margin:--spacing(16)] px-(--thread-content-margin)\">\n<div class=\"[--thread-content-max-width:40rem] @w-lg\/main:[--thread-content-max-width:48rem] mx-auto max-w-(--thread-content-max-width) flex-1 group\/turn-messages focus-visible:outline-hidden relative flex w-full min-w-0 flex-col agent-turn\" tabindex=\"-1\">\n<div class=\"flex max-w-full flex-col grow\">\n<div class=\"min-h-8 text-message relative flex w-full flex-col items-end gap-2 text-start break-words whitespace-normal [.text-message+&amp;]:mt-1\" dir=\"auto\" data-message-author-role=\"assistant\" data-message-id=\"7a4b9368-4fd6-47a9-a8b3-821087558953\" data-message-model-slug=\"gpt-5-1\">\n<div class=\"flex w-full flex-col gap-1 empty:hidden first:pt-[1px]\">\n<div class=\"markdown prose dark:prose-invert w-full break-words light markdown-new-styling\">\n<p>Z veseljem sporo\u010damo, da v zavodu \u0160krateljc v \u010dasu poletnih po\u010ditnic PRVI\u010c organiziramo enotedensko po\u010ditni\u0161ko varstvo za vse \u0161kratolovce, \u0161kratolovke in vse tiste, ki si to \u017eelijo postati! To bodo prave \u0161kratolovske po\u010ditnice, ki jih ne smete zamuditi! Narava, igra in knjige nam bodo pri\u010darale nepozabno poletno do\u017eivetje!<\/p>\n<p>\u0160kratolovske po\u010ditnice organiziramo v tednu od 13.7.2026 &#8211; 17.7. 2026, vsak dan od 8:00 do 16:00 &#8211; ROKODELSKI DOM VRHNIKA (TR\u017dA\u0160KA 23, 1360 VRHNIKA).<br \/>\nCena \u0161kratolovskih po\u010ditnic zna\u0161a 200\u20ac\/otroka. V ceno je vklju\u010deno varstvo, vse dejavnosti, dve bele\u017eki za obisk do\u017eivetij, prigrizki in pija\u010da, kosilo (organizirano pri lokalnem ponudniku) ter material za ustvarjalnice. Na prvi dan prihoda prejmejo otroci tudi \u0161kratolovsko darilo dobrodo\u0161lice.<br \/>\nPrimerno za otroke med 7. in 10. letom starosti. Za\u017eeljeno je, da so otroci vajeni hoje v naravi, saj bo velik poudarek ravno na gibanju v naravi in lahkem pohodni\u0161tvu.<\/p>\n<p>Za izvedbo \u0161kratolovskih po\u010ditnic je potrebno minimalno \u0161tevilo prijav, mesta so omejena.<br \/>\nRok za prijavo: 20.6.2026 oz do zapolnitve mest. Mo\u017ena je prijava za cel teden, ne le za posamezen dan. Za zgodnje prijave (do 15.5.2026) prejmete knji\u017eno darilo, slikanico iz zbirke \u0160kratolov\u0161\u010dine.<\/p>\n<p>Ve\u010d informacij in kontakt: <a href=\"mailto:ksenja@skrateljc.org\">ksenja@skrateljc.org<\/a>, <a href=\"tel:0038670409844\">070 409 844<\/a><\/p>\n<p>&nbsp;<\/p>\n<p>&nbsp;<\/p>\n<\/div>\n<\/div>\n<\/div>\n<\/div>\n<\/div>\n<\/div>\n<\/article>\n<\/div>\n<\/div>\n","protected":false},"excerpt":{"rendered":"<div class=\"relative basis-auto flex-col -mb-(--composer-overlap-px) [--composer-overlap-px:55px] grow flex\">\n<div class=\"flex flex-col text-sm @w-xl\/main:pt-header-height pb-25\">\n<article class=\"text-token-text-primary w-full focus:outline-none [--shadow-height:45px] has-data-writing-block:pointer-events-none has-data-writing-block:-mt-(--shadow-height) has-data-writing-block:pt-(--shadow-height) [&amp;:has([data-writing-block])&gt;*]:pointer-events-auto [content-visibility:auto] supports-[content-visibility:auto]:[contain-intrinsic-size:auto_100lvh] scroll-mt-[calc(var(--header-height)+min(200px,max(70px,20svh)))]\" dir=\"auto\" tabindex=\"-1\" data-turn-id=\"request-WEB:21a25963-9029-4248-a007-cd01c4406190-0\" data-testid=\"conversation-turn-2\" data-scroll-anchor=\"true\" data-turn=\"assistant\">\n<div class=\"text-base my-auto mx-auto pb-10 [--thread-content-margin:--spacing(4)] @w-sm\/main:[--thread-content-margin:--spacing(6)] @w-lg\/main:[--thread-content-margin:--spacing(16)] px-(--thread-content-margin)\">\n<div class=\"[--thread-content-max-width:40rem] @w-lg\/main:[--thread-content-max-width:48rem] mx-auto max-w-(--thread-content-max-width) flex-1 group\/turn-messages focus-visible:outline-hidden relative flex w-full min-w-0 flex-col agent-turn\" tabindex=\"-1\">\n<div class=\"flex max-w-full flex-col grow\">\n<div class=\"min-h-8 text-message relative flex w-full flex-col items-end gap-2 text-start break-words whitespace-normal [.text-message+&amp;]:mt-1\" dir=\"auto\" data-message-author-role=\"assistant\" data-message-id=\"7a4b9368-4fd6-47a9-a8b3-821087558953\" data-message-model-slug=\"gpt-5-1\">\n<div class=\"flex w-full flex-col gap-1 empty:hidden first:pt-[1px]\">\n<div class=\"markdown prose dark:prose-invert w-full break-words light markdown-new-styling\">\n<p>Z veseljem sporo\u010damo, da v zavodu \u0160krateljc v \u010dasu poletnih po\u010ditnic PRVI\u010c organiziramo enotedensko po\u010ditni\u0161ko varstvo za vse \u0161kratolovce, \u0161kratolovke in vse tiste, ki si to \u017eelijo postati! To bodo prave \u0161kratolovske po\u010ditnice, ki jih ne smete zamuditi! Narava, igra in knjige nam bodo pri\u010darale nepozabno poletno do\u017eivetje!<\/p>\n<p>\u0160kratolovske po\u010ditnice organiziramo v tednu od 13.7.2026 &#8211; 17.7. 2026, vsak dan od 8:00 do 16:00 &#8211; ROKODELSKI DOM VRHNIKA (TR\u017dA\u0160KA 23, 1360 VRHNIKA).<\/p>\n<p>Cena \u0161kratolovskih po\u010ditnic zna\u0161a 200\u20ac\/otroka. V ceno je vklju\u010deno varstvo, vse dejavnosti, dve bele\u017eki za obisk do\u017eivetij, prigrizki in pija\u010da, kosilo (organizirano pri lokalnem ponudniku) ter material za ustvarjalnice. Na prvi dan prihoda prejmejo otroci tudi \u0161kratolovsko darilo dobrodo\u0161lice.<br \/>\nPrimerno za otroke med 7. in 10. letom starosti. Za\u017eeljeno je, da so otroci vajeni hoje v naravi, saj bo velik poudarek ravno na gibanju v naravi in lahkem pohodni\u0161tvu.<\/p>\n<p>Za izvedbo \u0161kratolovskih po\u010ditnic je potrebno minimalno \u0161tevilo prijav, mesta so omejena.<br \/>\nRok za prijavo: 20.6.2026 oz do zapolnitve mest. Mo\u017ena je prijava za cel teden, ne le za posamezen dan. Za zgodnje prijave (do 15.5.2026) prejmete knji\u017eno darilo, slikanico iz zbirke \u0160kratolov\u0161\u010dine.<\/p>\n<p>Ve\u010d informacij in kontakt: <a href=\"mailto:ksenja@skrateljc.org\">ksenja@skrateljc.org<\/a>, <a href=\"tel:0038670409844\">070 409 844<\/a><\/p>\n<\/div>\n<\/div>\n<\/div>\n<\/div>\n<\/div>\n<\/div>\n<\/article>\n<\/div>\n<\/div>\n","protected":false},"featured_media":31797,"template":"","meta":{"inline_featured_image":false,"cybocfi_hide_featured_image":""},"product_brand":[],"product_cat":[81],"product_tag":[],"class_list":{"0":"post-31788","1":"product","2":"type-product","3":"status-publish","4":"has-post-thumbnail","6":"product_cat-ostalo","8":"first","9":"instock","10":"virtual","11":"purchasable","12":"product-type-simple"},"yoast_head":"<!-- This site is optimized with the Yoast SEO Premium plugin v27.2 (Yoast SEO v27.4) - https:\/\/yoast.com\/product\/yoast-seo-premium-wordpress\/ -->\n<title>\u0160kratolovske po\u010ditnice (13.07.2026 - 17.07.2026) | \u0160krateljc<\/title>\n<meta name=\"description\" content=\"\u0160kratolovske po\u010ditnice organiziramo v tednu od 13.7.2026 - 17.7. 2026, vsak dan od 8:00 do 16:00. Primerno za otroke med 7. in 10. letom starosti.\" \/>\n<meta name=\"robots\" content=\"index, follow, max-snippet:-1, max-image-preview:large, max-video-preview:-1\" \/>\n<link rel=\"canonical\" href=\"https:\/\/www.skrateljc.org\/hr\/proizvod-2\/skratolovske-pocitnice\/\" \/>\n<meta property=\"og:locale\" content=\"hr_HR\" \/>\n<meta property=\"og:type\" content=\"article\" \/>\n<meta property=\"og:title\" content=\"\u0160kratolovske po\u010ditnice (13.07.2026 - 17.07.2026)\" \/>\n<meta property=\"og:description\" content=\"\u0160kratolovske po\u010ditnice organiziramo v tednu od 13.7.2026 - 17.7. 2026, vsak dan od 8:00 do 16:00. Primerno za otroke med 7. in 10. letom starosti.\" \/>\n<meta property=\"og:url\" content=\"https:\/\/www.skrateljc.org\/hr\/proizvod-2\/skratolovske-pocitnice\/\" \/>\n<meta property=\"og:site_name\" content=\"\u0160krateljc\" \/>\n<meta property=\"article:publisher\" content=\"https:\/\/www.facebook.com\/skrateljc\" \/>\n<meta property=\"article:modified_time\" content=\"2026-03-17T11:36:06+00:00\" \/>\n<meta property=\"og:image\" content=\"https:\/\/www.skrateljc.org\/wp-content\/uploads\/2026\/03\/pocitnice2026.png\" \/>\n\t<meta property=\"og:image:width\" content=\"1080\" \/>\n\t<meta property=\"og:image:height\" content=\"1350\" \/>\n\t<meta property=\"og:image:type\" content=\"image\/png\" \/>\n<meta name=\"twitter:card\" content=\"summary_large_image\" \/>\n<meta name=\"twitter:label1\" content=\"Procijenjeno vrijeme \u010ditanja\" \/>\n\t<meta name=\"twitter:data1\" content=\"1 minuta\" \/>\n<script type=\"application\/ld+json\" class=\"yoast-schema-graph\">{\"@context\":\"https:\\\/\\\/schema.org\",\"@graph\":[{\"@type\":\"WebPage\",\"@id\":\"https:\\\/\\\/www.skrateljc.org\\\/izdelek\\\/skratolovske-pocitnice\\\/\",\"url\":\"https:\\\/\\\/www.skrateljc.org\\\/izdelek\\\/skratolovske-pocitnice\\\/\",\"name\":\"\u0160kratolovske po\u010ditnice (13.07.2026 - 17.07.2026) | \u0160krateljc\",\"isPartOf\":{\"@id\":\"https:\\\/\\\/www.skrateljc.org\\\/#website\"},\"primaryImageOfPage\":{\"@id\":\"https:\\\/\\\/www.skrateljc.org\\\/izdelek\\\/skratolovske-pocitnice\\\/#primaryimage\"},\"image\":{\"@id\":\"https:\\\/\\\/www.skrateljc.org\\\/izdelek\\\/skratolovske-pocitnice\\\/#primaryimage\"},\"thumbnailUrl\":\"https:\\\/\\\/www.skrateljc.org\\\/wp-content\\\/uploads\\\/2026\\\/03\\\/pocitnice2026.png\",\"datePublished\":\"2026-03-16T09:57:10+00:00\",\"dateModified\":\"2026-03-17T11:36:06+00:00\",\"description\":\"\u0160kratolovske po\u010ditnice organiziramo v tednu od 13.7.2026 - 17.7. 2026, vsak dan od 8:00 do 16:00. Primerno za otroke med 7. in 10. letom starosti.\",\"breadcrumb\":{\"@id\":\"https:\\\/\\\/www.skrateljc.org\\\/izdelek\\\/skratolovske-pocitnice\\\/#breadcrumb\"},\"inLanguage\":\"hr\",\"potentialAction\":[{\"@type\":\"ReadAction\",\"target\":[\"https:\\\/\\\/www.skrateljc.org\\\/izdelek\\\/skratolovske-pocitnice\\\/\"]}]},{\"@type\":\"ImageObject\",\"inLanguage\":\"hr\",\"@id\":\"https:\\\/\\\/www.skrateljc.org\\\/izdelek\\\/skratolovske-pocitnice\\\/#primaryimage\",\"url\":\"https:\\\/\\\/www.skrateljc.org\\\/wp-content\\\/uploads\\\/2026\\\/03\\\/pocitnice2026.png\",\"contentUrl\":\"https:\\\/\\\/www.skrateljc.org\\\/wp-content\\\/uploads\\\/2026\\\/03\\\/pocitnice2026.png\",\"width\":1080,\"height\":1350},{\"@type\":\"BreadcrumbList\",\"@id\":\"https:\\\/\\\/www.skrateljc.org\\\/izdelek\\\/skratolovske-pocitnice\\\/#breadcrumb\",\"itemListElement\":[{\"@type\":\"ListItem\",\"position\":1,\"name\":\"Domov\",\"item\":\"https:\\\/\\\/www.skrateljc.org\\\/\"},{\"@type\":\"ListItem\",\"position\":2,\"name\":\"Trgovina\",\"item\":\"https:\\\/\\\/www.skrateljc.org\\\/trgovina\\\/\"},{\"@type\":\"ListItem\",\"position\":3,\"name\":\"\u0160kratolovske po\u010ditnice (13.07.2026 &#8211; 17.07.2026)\"}]},{\"@type\":\"WebSite\",\"@id\":\"https:\\\/\\\/www.skrateljc.org\\\/#website\",\"url\":\"https:\\\/\\\/www.skrateljc.org\\\/\",\"name\":\"\u0160krateljc\",\"description\":\"- ustvarjamo do\u017eivetja\",\"publisher\":{\"@id\":\"https:\\\/\\\/www.skrateljc.org\\\/#organization\"},\"potentialAction\":[{\"@type\":\"SearchAction\",\"target\":{\"@type\":\"EntryPoint\",\"urlTemplate\":\"https:\\\/\\\/www.skrateljc.org\\\/?s={search_term_string}\"},\"query-input\":{\"@type\":\"PropertyValueSpecification\",\"valueRequired\":true,\"valueName\":\"search_term_string\"}}],\"inLanguage\":\"hr\"},{\"@type\":\"Organization\",\"@id\":\"https:\\\/\\\/www.skrateljc.org\\\/#organization\",\"name\":\"Zavod \u0160krateljc\",\"url\":\"https:\\\/\\\/www.skrateljc.org\\\/\",\"logo\":{\"@type\":\"ImageObject\",\"inLanguage\":\"hr\",\"@id\":\"https:\\\/\\\/www.skrateljc.org\\\/#\\\/schema\\\/logo\\\/image\\\/\",\"url\":\"https:\\\/\\\/www.skrateljc.org\\\/wp-content\\\/uploads\\\/2021\\\/11\\\/00_logo-skrateljc-COL.jpg\",\"contentUrl\":\"https:\\\/\\\/www.skrateljc.org\\\/wp-content\\\/uploads\\\/2021\\\/11\\\/00_logo-skrateljc-COL.jpg\",\"width\":1770,\"height\":471,\"caption\":\"Zavod \u0160krateljc\"},\"image\":{\"@id\":\"https:\\\/\\\/www.skrateljc.org\\\/#\\\/schema\\\/logo\\\/image\\\/\"},\"sameAs\":[\"https:\\\/\\\/www.facebook.com\\\/skrateljc\",\"https:\\\/\\\/www.youtube.com\\\/channel\\\/UCffLgYSmHefkqvSMHeoLSDg\",\"https:\\\/\\\/www.instagram.com\\\/zavodskrateljc\"]}]}<\/script>\n<!-- \/ Yoast SEO Premium plugin. -->","yoast_head_json":{"title":"\u0160kratolovske po\u010ditnice (13.07.2026 - 17.07.2026) | \u0160krateljc","description":"\u0160kratolovske po\u010ditnice organiziramo v tednu od 13.7.2026 - 17.7. 2026, vsak dan od 8:00 do 16:00. Primerno za otroke med 7. in 10. letom starosti.","robots":{"index":"index","follow":"follow","max-snippet":"max-snippet:-1","max-image-preview":"max-image-preview:large","max-video-preview":"max-video-preview:-1"},"canonical":"https:\/\/www.skrateljc.org\/hr\/proizvod-2\/skratolovske-pocitnice\/","og_locale":"hr_HR","og_type":"article","og_title":"\u0160kratolovske po\u010ditnice (13.07.2026 - 17.07.2026)","og_description":"\u0160kratolovske po\u010ditnice organiziramo v tednu od 13.7.2026 - 17.7. 2026, vsak dan od 8:00 do 16:00. Primerno za otroke med 7. in 10. letom starosti.","og_url":"https:\/\/www.skrateljc.org\/hr\/proizvod-2\/skratolovske-pocitnice\/","og_site_name":"\u0160krateljc","article_publisher":"https:\/\/www.facebook.com\/skrateljc","article_modified_time":"2026-03-17T11:36:06+00:00","og_image":[{"width":1080,"height":1350,"url":"https:\/\/www.skrateljc.org\/wp-content\/uploads\/2026\/03\/pocitnice2026.png","type":"image\/png"}],"twitter_card":"summary_large_image","twitter_misc":{"Procijenjeno vrijeme \u010ditanja":"1 minuta"},"schema":{"@context":"https:\/\/schema.org","@graph":[{"@type":"WebPage","@id":"https:\/\/www.skrateljc.org\/izdelek\/skratolovske-pocitnice\/","url":"https:\/\/www.skrateljc.org\/izdelek\/skratolovske-pocitnice\/","name":"\u0160kratolovske po\u010ditnice (13.07.2026 - 17.07.2026) | \u0160krateljc","isPartOf":{"@id":"https:\/\/www.skrateljc.org\/#website"},"primaryImageOfPage":{"@id":"https:\/\/www.skrateljc.org\/izdelek\/skratolovske-pocitnice\/#primaryimage"},"image":{"@id":"https:\/\/www.skrateljc.org\/izdelek\/skratolovske-pocitnice\/#primaryimage"},"thumbnailUrl":"https:\/\/www.skrateljc.org\/wp-content\/uploads\/2026\/03\/pocitnice2026.png","datePublished":"2026-03-16T09:57:10+00:00","dateModified":"2026-03-17T11:36:06+00:00","description":"\u0160kratolovske po\u010ditnice organiziramo v tednu od 13.7.2026 - 17.7. 2026, vsak dan od 8:00 do 16:00. Primerno za otroke med 7. in 10. letom starosti.","breadcrumb":{"@id":"https:\/\/www.skrateljc.org\/izdelek\/skratolovske-pocitnice\/#breadcrumb"},"inLanguage":"hr","potentialAction":[{"@type":"ReadAction","target":["https:\/\/www.skrateljc.org\/izdelek\/skratolovske-pocitnice\/"]}]},{"@type":"ImageObject","inLanguage":"hr","@id":"https:\/\/www.skrateljc.org\/izdelek\/skratolovske-pocitnice\/#primaryimage","url":"https:\/\/www.skrateljc.org\/wp-content\/uploads\/2026\/03\/pocitnice2026.png","contentUrl":"https:\/\/www.skrateljc.org\/wp-content\/uploads\/2026\/03\/pocitnice2026.png","width":1080,"height":1350},{"@type":"BreadcrumbList","@id":"https:\/\/www.skrateljc.org\/izdelek\/skratolovske-pocitnice\/#breadcrumb","itemListElement":[{"@type":"ListItem","position":1,"name":"Domov","item":"https:\/\/www.skrateljc.org\/"},{"@type":"ListItem","position":2,"name":"Trgovina","item":"https:\/\/www.skrateljc.org\/trgovina\/"},{"@type":"ListItem","position":3,"name":"\u0160kratolovske po\u010ditnice (13.07.2026 &#8211; 17.07.2026)"}]},{"@type":"WebSite","@id":"https:\/\/www.skrateljc.org\/#website","url":"https:\/\/www.skrateljc.org\/","name":"\u0160krateljc","description":"- ustvarjamo do\u017eivetja","publisher":{"@id":"https:\/\/www.skrateljc.org\/#organization"},"potentialAction":[{"@type":"SearchAction","target":{"@type":"EntryPoint","urlTemplate":"https:\/\/www.skrateljc.org\/?s={search_term_string}"},"query-input":{"@type":"PropertyValueSpecification","valueRequired":true,"valueName":"search_term_string"}}],"inLanguage":"hr"},{"@type":"Organization","@id":"https:\/\/www.skrateljc.org\/#organization","name":"Zavod \u0160krateljc","url":"https:\/\/www.skrateljc.org\/","logo":{"@type":"ImageObject","inLanguage":"hr","@id":"https:\/\/www.skrateljc.org\/#\/schema\/logo\/image\/","url":"https:\/\/www.skrateljc.org\/wp-content\/uploads\/2021\/11\/00_logo-skrateljc-COL.jpg","contentUrl":"https:\/\/www.skrateljc.org\/wp-content\/uploads\/2021\/11\/00_logo-skrateljc-COL.jpg","width":1770,"height":471,"caption":"Zavod \u0160krateljc"},"image":{"@id":"https:\/\/www.skrateljc.org\/#\/schema\/logo\/image\/"},"sameAs":["https:\/\/www.facebook.com\/skrateljc","https:\/\/www.youtube.com\/channel\/UCffLgYSmHefkqvSMHeoLSDg","https:\/\/www.instagram.com\/zavodskrateljc"]}]}},"_links":{"self":[{"href":"https:\/\/www.skrateljc.org\/hr\/wp-json\/wp\/v2\/product\/31788","targetHints":{"allow":["GET"]}}],"collection":[{"href":"https:\/\/www.skrateljc.org\/hr\/wp-json\/wp\/v2\/product"}],"about":[{"href":"https:\/\/www.skrateljc.org\/hr\/wp-json\/wp\/v2\/types\/product"}],"wp:featuredmedia":[{"embeddable":true,"href":"https:\/\/www.skrateljc.org\/hr\/wp-json\/wp\/v2\/media\/31797"}],"wp:attachment":[{"href":"https:\/\/www.skrateljc.org\/hr\/wp-json\/wp\/v2\/media?parent=31788"}],"wp:term":[{"taxonomy":"product_brand","embeddable":true,"href":"https:\/\/www.skrateljc.org\/hr\/wp-json\/wp\/v2\/product_brand?post=31788"},{"taxonomy":"product_cat","embeddable":true,"href":"https:\/\/www.skrateljc.org\/hr\/wp-json\/wp\/v2\/product_cat?post=31788"},{"taxonomy":"product_tag","embeddable":true,"href":"https:\/\/www.skrateljc.org\/hr\/wp-json\/wp\/v2\/product_tag?post=31788"}],"curies":[{"name":"wp","href":"https:\/\/api.w.org\/{rel}","templated":true}]}}