{"id":30306,"date":"2025-04-28T09:00:04","date_gmt":"2025-04-28T08:00:04","guid":{"rendered":"https:\/\/www.skrateljc.org\/?post_type=product&#038;p=30306"},"modified":"2025-10-25T17:08:49","modified_gmt":"2025-10-25T15:08:49","slug":"carobnost-cudenja","status":"publish","type":"product","link":"https:\/\/www.skrateljc.org\/hr\/izdelek\/carobnost-cudenja\/","title":{"rendered":"\u010carobnost \u010dudenja. U\u017eivanje v naravi za star\u0161e in otroke"},"content":{"rendered":"<p>\u010cAROBNOST \u010cUDENJA. U\u017dIVANJE V NARAVI ZA STAR\u0160E IN OTROKE (Rachel Carson) je izjemna knjiga, ki star\u0161e spodbuja k temu, da otroke popeljejo v naravo in se prepustijo njenim \u010dudesom.<\/p>\n<p>\u00bb<em>\u010ce naj otrok svoj prirojeni \u010dut za \u010dudenje ohrani \u017eiv<\/em>,\u00ab zapi\u0161e Rachel Carson, \u00bbpotem potrebuje dru\u017ebo vsaj ene odrasle osebe, ki je zmo\u017ena to \u010dudenje z njim deliti ter ponovno odkrivati radost, vznemirjenje in skrivnostnost sveta, v katerem \u017eivimo.\u00ab Knjiga, ki vam bo odprla o\u010di do majhnih in velikih \u010dudes narave, ki je \u010disto blizu nas, predvsem pa vas spomnila, da je \u010dudenje tisto, kar spodbudi radovednost, u\u010denje in na koncu skrb za naravo.<\/p>\n<div dir=\"auto\">Knjiga je iz\u0161la v sodelovanju z Lutkovnim gledali\u0161\u010dem Ljubljana in Javnim zavodom Mala ulica.<\/div>\n<div dir=\"auto\"><\/div>","protected":false},"excerpt":{"rendered":"<p>\u010cAROBNOST \u010cUDENJA. U\u017dIVANJE V NARAVI ZA STAR\u0160E IN OTROKE (Rachel Carson) je izjemna knjiga, ki star\u0161e spodbuja k temu, da otroke popeljejo v naravo in se prepustijo njenim \u010dudesom.<\/p>\n<p>\u00bb<em>\u010ce naj otrok svoj prirojeni \u010dut za \u010dudenje ohrani \u017eiv<\/em>,\u00ab zapi\u0161e Rachel Carson, \u00bbpotem potrebuje dru\u017ebo vsaj ene odrasle osebe, ki je zmo\u017ena to \u010dudenje z njim deliti ter ponovno odkrivati radost, vznemirjenje in skrivnostnost sveta, v katerem \u017eivimo.\u00ab Knjiga, ki vam bo odprla o\u010di do majhnih in velikih \u010dudes narave, ki je \u010disto blizu nas, predvsem pa vas spomnila, da je \u010dudenje tisto, kar spodbudi radovednost, u\u010denje in na koncu skrb za naravo.<\/p>\n<p>Knjiga je iz\u0161la v sodelovanju z Lutkovnim gledali\u0161\u010dem Ljubljana in Javnim zavodom Mala ulica.<\/p>","protected":false},"featured_media":30307,"template":"","meta":{"inline_featured_image":false,"cybocfi_hide_featured_image":""},"product_brand":[],"product_cat":[69],"product_tag":[],"class_list":{"0":"post-30306","1":"product","2":"type-product","3":"status-publish","4":"has-post-thumbnail","6":"product_cat-dozivetja-v-naravi","7":"product_shipping_class-brezplacna-dostava","9":"first","10":"instock","11":"featured","12":"shipping-taxable","13":"purchasable","14":"product-type-simple"},"yoast_head":"<!-- This site is optimized with the Yoast SEO Premium plugin v27.4 (Yoast SEO v27.4) - https:\/\/yoast.com\/product\/yoast-seo-premium-wordpress\/ -->\n<title>\u010carobnost \u010dudenja. U\u017eivanje v naravi za star\u0161e in otroke | \u0160krateljc<\/title>\n<meta name=\"description\" content=\"\u010carobnost \u010dudenja je izjemna knjiga, ki star\u0161e spodbuja k temu, da otroke popeljejo v naravo in se prepustijo njenim \u010dudesom.\" \/>\n<meta name=\"robots\" content=\"index, follow, max-snippet:-1, max-image-preview:large, max-video-preview:-1\" \/>\n<link rel=\"canonical\" href=\"https:\/\/www.skrateljc.org\/hr\/proizvod-2\/carobnost-cudenja\/\" \/>\n<meta property=\"og:locale\" content=\"hr_HR\" \/>\n<meta property=\"og:type\" content=\"article\" \/>\n<meta property=\"og:title\" content=\"\u010carobnost \u010dudenja. U\u017eivanje v naravi za star\u0161e in otroke\" \/>\n<meta property=\"og:description\" content=\"\u010carobnost \u010dudenja je izjemna knjiga, ki star\u0161e spodbuja k temu, da otroke popeljejo v naravo in se prepustijo njenim \u010dudesom.\" \/>\n<meta property=\"og:url\" content=\"https:\/\/www.skrateljc.org\/hr\/proizvod-2\/carobnost-cudenja\/\" \/>\n<meta property=\"og:site_name\" content=\"\u0160krateljc\" \/>\n<meta property=\"article:publisher\" content=\"https:\/\/www.facebook.com\/skrateljc\" \/>\n<meta property=\"article:modified_time\" content=\"2025-10-25T15:08:49+00:00\" \/>\n<meta property=\"og:image\" content=\"https:\/\/www.skrateljc.org\/wp-content\/uploads\/2025\/04\/Rachel_Carson_ovitek_Page_1.jpg\" \/>\n\t<meta property=\"og:image:width\" content=\"604\" \/>\n\t<meta property=\"og:image:height\" content=\"976\" \/>\n\t<meta property=\"og:image:type\" content=\"image\/jpeg\" \/>\n<meta name=\"twitter:card\" content=\"summary_large_image\" \/>\n<meta name=\"twitter:label1\" content=\"Procijenjeno vrijeme \u010ditanja\" \/>\n\t<meta name=\"twitter:data1\" content=\"1 minuta\" \/>\n<script type=\"application\/ld+json\" class=\"yoast-schema-graph\">{\"@context\":\"https:\\\/\\\/schema.org\",\"@graph\":[{\"@type\":\"WebPage\",\"@id\":\"https:\\\/\\\/www.skrateljc.org\\\/izdelek\\\/carobnost-cudenja\\\/\",\"url\":\"https:\\\/\\\/www.skrateljc.org\\\/izdelek\\\/carobnost-cudenja\\\/\",\"name\":\"\u010carobnost \u010dudenja. U\u017eivanje v naravi za star\u0161e in otroke | \u0160krateljc\",\"isPartOf\":{\"@id\":\"https:\\\/\\\/www.skrateljc.org\\\/#website\"},\"primaryImageOfPage\":{\"@id\":\"https:\\\/\\\/www.skrateljc.org\\\/izdelek\\\/carobnost-cudenja\\\/#primaryimage\"},\"image\":{\"@id\":\"https:\\\/\\\/www.skrateljc.org\\\/izdelek\\\/carobnost-cudenja\\\/#primaryimage\"},\"thumbnailUrl\":\"https:\\\/\\\/www.skrateljc.org\\\/wp-content\\\/uploads\\\/2025\\\/04\\\/Rachel_Carson_ovitek_Page_1.jpg\",\"datePublished\":\"2025-04-28T08:00:04+00:00\",\"dateModified\":\"2025-10-25T15:08:49+00:00\",\"description\":\"\u010carobnost \u010dudenja je izjemna knjiga, ki star\u0161e spodbuja k temu, da otroke popeljejo v naravo in se prepustijo njenim \u010dudesom.\",\"breadcrumb\":{\"@id\":\"https:\\\/\\\/www.skrateljc.org\\\/izdelek\\\/carobnost-cudenja\\\/#breadcrumb\"},\"inLanguage\":\"hr\",\"potentialAction\":[{\"@type\":\"ReadAction\",\"target\":[\"https:\\\/\\\/www.skrateljc.org\\\/izdelek\\\/carobnost-cudenja\\\/\"]}]},{\"@type\":\"ImageObject\",\"inLanguage\":\"hr\",\"@id\":\"https:\\\/\\\/www.skrateljc.org\\\/izdelek\\\/carobnost-cudenja\\\/#primaryimage\",\"url\":\"https:\\\/\\\/www.skrateljc.org\\\/wp-content\\\/uploads\\\/2025\\\/04\\\/Rachel_Carson_ovitek_Page_1.jpg\",\"contentUrl\":\"https:\\\/\\\/www.skrateljc.org\\\/wp-content\\\/uploads\\\/2025\\\/04\\\/Rachel_Carson_ovitek_Page_1.jpg\",\"width\":604,\"height\":976},{\"@type\":\"BreadcrumbList\",\"@id\":\"https:\\\/\\\/www.skrateljc.org\\\/izdelek\\\/carobnost-cudenja\\\/#breadcrumb\",\"itemListElement\":[{\"@type\":\"ListItem\",\"position\":1,\"name\":\"Domov\",\"item\":\"https:\\\/\\\/www.skrateljc.org\\\/\"},{\"@type\":\"ListItem\",\"position\":2,\"name\":\"Trgovina\",\"item\":\"https:\\\/\\\/www.skrateljc.org\\\/trgovina\\\/\"},{\"@type\":\"ListItem\",\"position\":3,\"name\":\"\u010carobnost \u010dudenja. U\u017eivanje v naravi za star\u0161e in otroke\"}]},{\"@type\":\"WebSite\",\"@id\":\"https:\\\/\\\/www.skrateljc.org\\\/#website\",\"url\":\"https:\\\/\\\/www.skrateljc.org\\\/\",\"name\":\"\u0160krateljc\",\"description\":\"- ustvarjamo do\u017eivetja\",\"publisher\":{\"@id\":\"https:\\\/\\\/www.skrateljc.org\\\/#organization\"},\"potentialAction\":[{\"@type\":\"SearchAction\",\"target\":{\"@type\":\"EntryPoint\",\"urlTemplate\":\"https:\\\/\\\/www.skrateljc.org\\\/?s={search_term_string}\"},\"query-input\":{\"@type\":\"PropertyValueSpecification\",\"valueRequired\":true,\"valueName\":\"search_term_string\"}}],\"inLanguage\":\"hr\"},{\"@type\":\"Organization\",\"@id\":\"https:\\\/\\\/www.skrateljc.org\\\/#organization\",\"name\":\"Zavod \u0160krateljc\",\"url\":\"https:\\\/\\\/www.skrateljc.org\\\/\",\"logo\":{\"@type\":\"ImageObject\",\"inLanguage\":\"hr\",\"@id\":\"https:\\\/\\\/www.skrateljc.org\\\/#\\\/schema\\\/logo\\\/image\\\/\",\"url\":\"https:\\\/\\\/www.skrateljc.org\\\/wp-content\\\/uploads\\\/2021\\\/11\\\/00_logo-skrateljc-COL.jpg\",\"contentUrl\":\"https:\\\/\\\/www.skrateljc.org\\\/wp-content\\\/uploads\\\/2021\\\/11\\\/00_logo-skrateljc-COL.jpg\",\"width\":1770,\"height\":471,\"caption\":\"Zavod \u0160krateljc\"},\"image\":{\"@id\":\"https:\\\/\\\/www.skrateljc.org\\\/#\\\/schema\\\/logo\\\/image\\\/\"},\"sameAs\":[\"https:\\\/\\\/www.facebook.com\\\/skrateljc\",\"https:\\\/\\\/www.youtube.com\\\/channel\\\/UCffLgYSmHefkqvSMHeoLSDg\",\"https:\\\/\\\/www.instagram.com\\\/zavodskrateljc\"]}]}<\/script>\n<!-- \/ Yoast SEO Premium plugin. -->","yoast_head_json":{"title":"\u010carobnost \u010dudenja. U\u017eivanje v naravi za star\u0161e in otroke | \u0160krateljc","description":"\u010carobnost \u010dudenja je izjemna knjiga, ki star\u0161e spodbuja k temu, da otroke popeljejo v naravo in se prepustijo njenim \u010dudesom.","robots":{"index":"index","follow":"follow","max-snippet":"max-snippet:-1","max-image-preview":"max-image-preview:large","max-video-preview":"max-video-preview:-1"},"canonical":"https:\/\/www.skrateljc.org\/hr\/proizvod-2\/carobnost-cudenja\/","og_locale":"hr_HR","og_type":"article","og_title":"\u010carobnost \u010dudenja. U\u017eivanje v naravi za star\u0161e in otroke","og_description":"\u010carobnost \u010dudenja je izjemna knjiga, ki star\u0161e spodbuja k temu, da otroke popeljejo v naravo in se prepustijo njenim \u010dudesom.","og_url":"https:\/\/www.skrateljc.org\/hr\/proizvod-2\/carobnost-cudenja\/","og_site_name":"\u0160krateljc","article_publisher":"https:\/\/www.facebook.com\/skrateljc","article_modified_time":"2025-10-25T15:08:49+00:00","og_image":[{"width":604,"height":976,"url":"https:\/\/www.skrateljc.org\/wp-content\/uploads\/2025\/04\/Rachel_Carson_ovitek_Page_1.jpg","type":"image\/jpeg"}],"twitter_card":"summary_large_image","twitter_misc":{"Procijenjeno vrijeme \u010ditanja":"1 minuta"},"schema":{"@context":"https:\/\/schema.org","@graph":[{"@type":"WebPage","@id":"https:\/\/www.skrateljc.org\/izdelek\/carobnost-cudenja\/","url":"https:\/\/www.skrateljc.org\/izdelek\/carobnost-cudenja\/","name":"\u010carobnost \u010dudenja. U\u017eivanje v naravi za star\u0161e in otroke | \u0160krateljc","isPartOf":{"@id":"https:\/\/www.skrateljc.org\/#website"},"primaryImageOfPage":{"@id":"https:\/\/www.skrateljc.org\/izdelek\/carobnost-cudenja\/#primaryimage"},"image":{"@id":"https:\/\/www.skrateljc.org\/izdelek\/carobnost-cudenja\/#primaryimage"},"thumbnailUrl":"https:\/\/www.skrateljc.org\/wp-content\/uploads\/2025\/04\/Rachel_Carson_ovitek_Page_1.jpg","datePublished":"2025-04-28T08:00:04+00:00","dateModified":"2025-10-25T15:08:49+00:00","description":"\u010carobnost \u010dudenja je izjemna knjiga, ki star\u0161e spodbuja k temu, da otroke popeljejo v naravo in se prepustijo njenim \u010dudesom.","breadcrumb":{"@id":"https:\/\/www.skrateljc.org\/izdelek\/carobnost-cudenja\/#breadcrumb"},"inLanguage":"hr","potentialAction":[{"@type":"ReadAction","target":["https:\/\/www.skrateljc.org\/izdelek\/carobnost-cudenja\/"]}]},{"@type":"ImageObject","inLanguage":"hr","@id":"https:\/\/www.skrateljc.org\/izdelek\/carobnost-cudenja\/#primaryimage","url":"https:\/\/www.skrateljc.org\/wp-content\/uploads\/2025\/04\/Rachel_Carson_ovitek_Page_1.jpg","contentUrl":"https:\/\/www.skrateljc.org\/wp-content\/uploads\/2025\/04\/Rachel_Carson_ovitek_Page_1.jpg","width":604,"height":976},{"@type":"BreadcrumbList","@id":"https:\/\/www.skrateljc.org\/izdelek\/carobnost-cudenja\/#breadcrumb","itemListElement":[{"@type":"ListItem","position":1,"name":"Domov","item":"https:\/\/www.skrateljc.org\/"},{"@type":"ListItem","position":2,"name":"Trgovina","item":"https:\/\/www.skrateljc.org\/trgovina\/"},{"@type":"ListItem","position":3,"name":"\u010carobnost \u010dudenja. U\u017eivanje v naravi za star\u0161e in otroke"}]},{"@type":"WebSite","@id":"https:\/\/www.skrateljc.org\/#website","url":"https:\/\/www.skrateljc.org\/","name":"\u0160krateljc","description":"- ustvarjamo do\u017eivetja","publisher":{"@id":"https:\/\/www.skrateljc.org\/#organization"},"potentialAction":[{"@type":"SearchAction","target":{"@type":"EntryPoint","urlTemplate":"https:\/\/www.skrateljc.org\/?s={search_term_string}"},"query-input":{"@type":"PropertyValueSpecification","valueRequired":true,"valueName":"search_term_string"}}],"inLanguage":"hr"},{"@type":"Organization","@id":"https:\/\/www.skrateljc.org\/#organization","name":"Zavod \u0160krateljc","url":"https:\/\/www.skrateljc.org\/","logo":{"@type":"ImageObject","inLanguage":"hr","@id":"https:\/\/www.skrateljc.org\/#\/schema\/logo\/image\/","url":"https:\/\/www.skrateljc.org\/wp-content\/uploads\/2021\/11\/00_logo-skrateljc-COL.jpg","contentUrl":"https:\/\/www.skrateljc.org\/wp-content\/uploads\/2021\/11\/00_logo-skrateljc-COL.jpg","width":1770,"height":471,"caption":"Zavod \u0160krateljc"},"image":{"@id":"https:\/\/www.skrateljc.org\/#\/schema\/logo\/image\/"},"sameAs":["https:\/\/www.facebook.com\/skrateljc","https:\/\/www.youtube.com\/channel\/UCffLgYSmHefkqvSMHeoLSDg","https:\/\/www.instagram.com\/zavodskrateljc"]}]}},"_links":{"self":[{"href":"https:\/\/www.skrateljc.org\/hr\/wp-json\/wp\/v2\/product\/30306","targetHints":{"allow":["GET"]}}],"collection":[{"href":"https:\/\/www.skrateljc.org\/hr\/wp-json\/wp\/v2\/product"}],"about":[{"href":"https:\/\/www.skrateljc.org\/hr\/wp-json\/wp\/v2\/types\/product"}],"wp:featuredmedia":[{"embeddable":true,"href":"https:\/\/www.skrateljc.org\/hr\/wp-json\/wp\/v2\/media\/30307"}],"wp:attachment":[{"href":"https:\/\/www.skrateljc.org\/hr\/wp-json\/wp\/v2\/media?parent=30306"}],"wp:term":[{"taxonomy":"product_brand","embeddable":true,"href":"https:\/\/www.skrateljc.org\/hr\/wp-json\/wp\/v2\/product_brand?post=30306"},{"taxonomy":"product_cat","embeddable":true,"href":"https:\/\/www.skrateljc.org\/hr\/wp-json\/wp\/v2\/product_cat?post=30306"},{"taxonomy":"product_tag","embeddable":true,"href":"https:\/\/www.skrateljc.org\/hr\/wp-json\/wp\/v2\/product_tag?post=30306"}],"curies":[{"name":"wp","href":"https:\/\/api.w.org\/{rel}","templated":true}]}}