{"id":29742,"date":"2025-01-16T15:42:11","date_gmt":"2025-01-16T14:42:11","guid":{"rendered":"https:\/\/www.skrateljc.org\/?post_type=product&#038;p=29742"},"modified":"2026-04-20T07:28:15","modified_gmt":"2026-04-20T06:28:15","slug":"rezervacije","status":"publish","type":"product","link":"https:\/\/www.skrateljc.org\/hr\/izdelek\/rezervacije\/","title":{"rendered":"\u0160kratolovski dogodki: prijave"},"content":{"rendered":"<div>\n<div>\n<div>\n<p class=\"LC20lb MBeuO DKV0Md\">\ud83d\udc46 Za udele\u017ebo na \u0160kratolovskih dogodkih je\u00a0obvezna rezervacija s pla\u010dilom.\u00a0Z otrokom je obvezna\u00a0udele\u017eba vsaj ene odrasle osebe. \u010ce nam odpoved udele\u017ebe sporo\u010dite vsaj 24 ur pred dogodkom, prejmete kupon, ki ga lahko porabite za drug \u0160kratolovski dogodek ali ga prenesete na drugo osebo.<br \/>\n<span style=\"font-size: 14.4px;\">\u274c\u00a0 V primeru odpovedi dogodka s strani organizatorja, prejmete kupon, ki ga lahko porabite v na\u0161i <a href=\"http:\/\/www.skrateljc.org\/hr\/\">spletni trgovini.<\/a><\/span><\/p>\n<\/div>\n<div>\n<p class=\"p1\"><span class=\"s1\">\ud83c\udf9f\ufe0f Bele\u017eko za do\u017eivetje prejmete\u00a0<strong>ob prihodu na dogodek.<\/strong>\u00a0Enako velja za slikanico, \u010de ste jo naro\u010dili ob rezervaciji. S slikanico bo va\u0161e do\u017eivetje popolno!\u00a0Za ogled in naro\u010dilo slikanic<\/span><span class=\"s1\">\u00a0<a href=\"https:\/\/www.skrateljc.org\/hr\/pravljicne-slikanice\/\"><span class=\"s2\">kliknite tukaj<\/span><\/a>.<\/span><\/p>\n<p class=\"p1\"><span class=\"s1\">\u2705 Vsaj 24 ur pred dogodkom boste prejeli na\u0161\u00a0<strong>e-mail z vsemi informacijami,<\/strong> zato je va\u0161a rezervacija nujna. \u0160kratolovske dogodke izvajamo ob ustreznem vremenu in zadostnem \u0161tevilu prijavljenih, zato povabite prijatelje!<br \/>\n<\/span><span class=\"s1\">\ud83c\udded\ud83c\uddf7 Za rezervaciju vo\u0111enih bajkovitih iskustva na hrvatskom,\u00a0<a href=\"https:\/\/www.skrateljc.org\/hr\/proizvod-2\/vodene-setnje\/\" target=\"_blank\" rel=\"noopener\" data-saferedirecturl=\"https:\/\/www.google.com\/url?q=https:\/\/www.skrateljc.org\/izdelek\/vodene-setnje\/&amp;source=gmail&amp;ust=1768383692013000&amp;usg=AOvVaw3L0MtbB5cvZq3469mhu4HG\">kliknite ovdje<\/a>.<\/span><\/p>\n<\/div>\n<\/div>\n<\/div>","protected":false},"excerpt":{"rendered":"<div>\n<div>\n<div>\n<p class=\"LC20lb MBeuO DKV0Md\">\ud83d\udc46 Za udele\u017ebo na \u0160kratolovskih dogodkih je\u00a0obvezna rezervacija s pla\u010dilom.\u00a0Z otrokom je obvezna\u00a0udele\u017eba vsaj ene odrasle osebe. \u010ce nam odpoved udele\u017ebe sporo\u010dite vsaj 24 ur pred dogodkom, prejmete kupon, ki ga lahko porabite za drug \u0160kratolovski dogodek ali ga prenesete na drugo osebo.<br \/>\n<span style=\"font-size: 14.4px;\">\u274c\u00a0 V primeru odpovedi dogodka s strani organizatorja, prejmete kupon, ki ga lahko porabite v na\u0161i <a href=\"http:\/\/www.skrateljc.org\/hr\/\">spletni trgovini.<\/a><\/span><\/p>\n<\/div>\n<div>\n<p class=\"p1\"><span class=\"s1\">\ud83c\udf9f\ufe0f Bele\u017eko za do\u017eivetje prejmete\u00a0<strong>ob prihodu na dogodek.<\/strong>\u00a0Enako velja za slikanico, \u010de ste jo naro\u010dili ob rezervaciji. S slikanico bo va\u0161e do\u017eivetje popolno!\u00a0Za ogled in naro\u010dilo slikanic<\/span><span class=\"s1\">\u00a0<a href=\"https:\/\/www.skrateljc.org\/hr\/pravljicne-slikanice\/\"><span class=\"s2\">kliknite tukaj<\/span><\/a>.<\/span><\/p>\n<p class=\"p1\"><span class=\"s1\">\u2705 Vsaj 24 ur pred dogodkom boste prejeli na\u0161\u00a0<strong>e-mail z vsemi informacijami,<\/strong> zato je va\u0161a rezervacija nujna. \u0160kratolovske dogodke izvajamo ob ustreznem vremenu in zadostnem \u0161tevilu prijavljenih, zato povabite prijatelje!<br \/>\n<\/span><span class=\"s1\">\ud83c\udded\ud83c\uddf7 Za rezervaciju vo\u0111enih bajkovitih iskustva na hrvatskom,\u00a0<a href=\"https:\/\/www.skrateljc.org\/hr\/proizvod-2\/vodene-setnje\/\" target=\"_blank\" rel=\"noopener\" data-saferedirecturl=\"https:\/\/www.google.com\/url?q=https:\/\/www.skrateljc.org\/izdelek\/vodene-setnje\/&amp;source=gmail&amp;ust=1768383692013000&amp;usg=AOvVaw3L0MtbB5cvZq3469mhu4HG\">kliknite ovdje<\/a>.<\/span><\/p>\n<\/div>\n<\/div>\n<\/div>","protected":false},"featured_media":29946,"template":"","meta":{"inline_featured_image":false,"cybocfi_hide_featured_image":""},"product_brand":[],"product_cat":[81],"product_tag":[],"class_list":{"0":"post-29742","1":"product","2":"type-product","3":"status-publish","4":"has-post-thumbnail","6":"product_cat-ostalo","8":"first","9":"instock","10":"shipping-taxable","11":"purchasable","12":"product-type-variable","13":"has-default-attributes"},"yoast_head":"<!-- This site is optimized with the Yoast SEO Premium plugin v27.2 (Yoast SEO v27.4) - https:\/\/yoast.com\/product\/yoast-seo-premium-wordpress\/ -->\n<title>\u0160kratolovski dogodki: prijave | \u0160krateljc<\/title>\n<meta name=\"description\" content=\"Pridru\u017eite se nam na \u0160kratolovskih dogodkih! Posebna do\u017eivetja na pravlji\u010dno-do\u017eivljajskih poteh, glasbene pravljice, ustvarjalne delavnice in \u0161e ve\u010d.\" \/>\n<meta name=\"robots\" content=\"index, follow, max-snippet:-1, max-image-preview:large, max-video-preview:-1\" \/>\n<link rel=\"canonical\" href=\"https:\/\/www.skrateljc.org\/hr\/proizvod-2\/rezervacije\/\" \/>\n<meta property=\"og:locale\" content=\"hr_HR\" \/>\n<meta property=\"og:type\" content=\"article\" \/>\n<meta property=\"og:title\" content=\"\u0160kratolovski dogodki: prijave\" \/>\n<meta property=\"og:description\" content=\"Pridru\u017eite se nam na \u0160kratolovskih dogodkih! Posebna do\u017eivetja na pravlji\u010dno-do\u017eivljajskih poteh, glasbene pravljice, ustvarjalne delavnice in \u0161e ve\u010d.\" \/>\n<meta property=\"og:url\" content=\"https:\/\/www.skrateljc.org\/hr\/proizvod-2\/rezervacije\/\" \/>\n<meta property=\"og:site_name\" content=\"\u0160krateljc\" \/>\n<meta property=\"article:publisher\" content=\"https:\/\/www.facebook.com\/skrateljc\" \/>\n<meta property=\"article:modified_time\" content=\"2026-04-20T06:28:15+00:00\" \/>\n<meta property=\"og:image\" content=\"https:\/\/www.skrateljc.org\/wp-content\/uploads\/2024\/01\/transverzala-4proti5-slo.png\" \/>\n\t<meta property=\"og:image:width\" content=\"568\" \/>\n\t<meta property=\"og:image:height\" content=\"709\" \/>\n\t<meta property=\"og:image:type\" content=\"image\/png\" \/>\n<meta name=\"twitter:card\" content=\"summary_large_image\" \/>\n<meta name=\"twitter:label1\" content=\"Procijenjeno vrijeme \u010ditanja\" \/>\n\t<meta name=\"twitter:data1\" content=\"1 minuta\" \/>\n<script type=\"application\/ld+json\" class=\"yoast-schema-graph\">{\"@context\":\"https:\\\/\\\/schema.org\",\"@graph\":[{\"@type\":\"WebPage\",\"@id\":\"https:\\\/\\\/www.skrateljc.org\\\/izdelek\\\/rezervacije\\\/\",\"url\":\"https:\\\/\\\/www.skrateljc.org\\\/izdelek\\\/rezervacije\\\/\",\"name\":\"\u0160kratolovski dogodki: prijave | \u0160krateljc\",\"isPartOf\":{\"@id\":\"https:\\\/\\\/www.skrateljc.org\\\/#website\"},\"primaryImageOfPage\":{\"@id\":\"https:\\\/\\\/www.skrateljc.org\\\/izdelek\\\/rezervacije\\\/#primaryimage\"},\"image\":{\"@id\":\"https:\\\/\\\/www.skrateljc.org\\\/izdelek\\\/rezervacije\\\/#primaryimage\"},\"thumbnailUrl\":\"https:\\\/\\\/www.skrateljc.org\\\/wp-content\\\/uploads\\\/2025\\\/01\\\/skratolovski-dogodki.png\",\"datePublished\":\"2025-01-16T14:42:11+00:00\",\"dateModified\":\"2026-04-20T06:28:15+00:00\",\"description\":\"Pridru\u017eite se nam na \u0160kratolovskih dogodkih! Posebna do\u017eivetja na pravlji\u010dno-do\u017eivljajskih poteh, glasbene pravljice, ustvarjalne delavnice in \u0161e ve\u010d.\",\"breadcrumb\":{\"@id\":\"https:\\\/\\\/www.skrateljc.org\\\/izdelek\\\/rezervacije\\\/#breadcrumb\"},\"inLanguage\":\"hr\",\"potentialAction\":[{\"@type\":\"ReadAction\",\"target\":[\"https:\\\/\\\/www.skrateljc.org\\\/izdelek\\\/rezervacije\\\/\"]}]},{\"@type\":\"ImageObject\",\"inLanguage\":\"hr\",\"@id\":\"https:\\\/\\\/www.skrateljc.org\\\/izdelek\\\/rezervacije\\\/#primaryimage\",\"url\":\"https:\\\/\\\/www.skrateljc.org\\\/wp-content\\\/uploads\\\/2025\\\/01\\\/skratolovski-dogodki.png\",\"contentUrl\":\"https:\\\/\\\/www.skrateljc.org\\\/wp-content\\\/uploads\\\/2025\\\/01\\\/skratolovski-dogodki.png\",\"width\":1110,\"height\":838},{\"@type\":\"BreadcrumbList\",\"@id\":\"https:\\\/\\\/www.skrateljc.org\\\/izdelek\\\/rezervacije\\\/#breadcrumb\",\"itemListElement\":[{\"@type\":\"ListItem\",\"position\":1,\"name\":\"Domov\",\"item\":\"https:\\\/\\\/www.skrateljc.org\\\/\"},{\"@type\":\"ListItem\",\"position\":2,\"name\":\"Trgovina\",\"item\":\"https:\\\/\\\/www.skrateljc.org\\\/trgovina\\\/\"},{\"@type\":\"ListItem\",\"position\":3,\"name\":\"\u0160kratolovski dogodki: prijave\"}]},{\"@type\":\"WebSite\",\"@id\":\"https:\\\/\\\/www.skrateljc.org\\\/#website\",\"url\":\"https:\\\/\\\/www.skrateljc.org\\\/\",\"name\":\"\u0160krateljc\",\"description\":\"- ustvarjamo do\u017eivetja\",\"publisher\":{\"@id\":\"https:\\\/\\\/www.skrateljc.org\\\/#organization\"},\"potentialAction\":[{\"@type\":\"SearchAction\",\"target\":{\"@type\":\"EntryPoint\",\"urlTemplate\":\"https:\\\/\\\/www.skrateljc.org\\\/?s={search_term_string}\"},\"query-input\":{\"@type\":\"PropertyValueSpecification\",\"valueRequired\":true,\"valueName\":\"search_term_string\"}}],\"inLanguage\":\"hr\"},{\"@type\":\"Organization\",\"@id\":\"https:\\\/\\\/www.skrateljc.org\\\/#organization\",\"name\":\"Zavod \u0160krateljc\",\"url\":\"https:\\\/\\\/www.skrateljc.org\\\/\",\"logo\":{\"@type\":\"ImageObject\",\"inLanguage\":\"hr\",\"@id\":\"https:\\\/\\\/www.skrateljc.org\\\/#\\\/schema\\\/logo\\\/image\\\/\",\"url\":\"https:\\\/\\\/www.skrateljc.org\\\/wp-content\\\/uploads\\\/2021\\\/11\\\/00_logo-skrateljc-COL.jpg\",\"contentUrl\":\"https:\\\/\\\/www.skrateljc.org\\\/wp-content\\\/uploads\\\/2021\\\/11\\\/00_logo-skrateljc-COL.jpg\",\"width\":1770,\"height\":471,\"caption\":\"Zavod \u0160krateljc\"},\"image\":{\"@id\":\"https:\\\/\\\/www.skrateljc.org\\\/#\\\/schema\\\/logo\\\/image\\\/\"},\"sameAs\":[\"https:\\\/\\\/www.facebook.com\\\/skrateljc\",\"https:\\\/\\\/www.youtube.com\\\/channel\\\/UCffLgYSmHefkqvSMHeoLSDg\",\"https:\\\/\\\/www.instagram.com\\\/zavodskrateljc\"]}]}<\/script>\n<!-- \/ Yoast SEO Premium plugin. -->","yoast_head_json":{"title":"\u0160kratolovski dogodki: prijave | \u0160krateljc","description":"Pridru\u017eite se nam na \u0160kratolovskih dogodkih! Posebna do\u017eivetja na pravlji\u010dno-do\u017eivljajskih poteh, glasbene pravljice, ustvarjalne delavnice in \u0161e ve\u010d.","robots":{"index":"index","follow":"follow","max-snippet":"max-snippet:-1","max-image-preview":"max-image-preview:large","max-video-preview":"max-video-preview:-1"},"canonical":"https:\/\/www.skrateljc.org\/hr\/proizvod-2\/rezervacije\/","og_locale":"hr_HR","og_type":"article","og_title":"\u0160kratolovski dogodki: prijave","og_description":"Pridru\u017eite se nam na \u0160kratolovskih dogodkih! Posebna do\u017eivetja na pravlji\u010dno-do\u017eivljajskih poteh, glasbene pravljice, ustvarjalne delavnice in \u0161e ve\u010d.","og_url":"https:\/\/www.skrateljc.org\/hr\/proizvod-2\/rezervacije\/","og_site_name":"\u0160krateljc","article_publisher":"https:\/\/www.facebook.com\/skrateljc","article_modified_time":"2026-04-20T06:28:15+00:00","og_image":[{"width":568,"height":709,"url":"https:\/\/www.skrateljc.org\/wp-content\/uploads\/2024\/01\/transverzala-4proti5-slo.png","type":"image\/png"}],"twitter_card":"summary_large_image","twitter_misc":{"Procijenjeno vrijeme \u010ditanja":"1 minuta"},"schema":{"@context":"https:\/\/schema.org","@graph":[{"@type":"WebPage","@id":"https:\/\/www.skrateljc.org\/izdelek\/rezervacije\/","url":"https:\/\/www.skrateljc.org\/izdelek\/rezervacije\/","name":"\u0160kratolovski dogodki: prijave | \u0160krateljc","isPartOf":{"@id":"https:\/\/www.skrateljc.org\/#website"},"primaryImageOfPage":{"@id":"https:\/\/www.skrateljc.org\/izdelek\/rezervacije\/#primaryimage"},"image":{"@id":"https:\/\/www.skrateljc.org\/izdelek\/rezervacije\/#primaryimage"},"thumbnailUrl":"https:\/\/www.skrateljc.org\/wp-content\/uploads\/2025\/01\/skratolovski-dogodki.png","datePublished":"2025-01-16T14:42:11+00:00","dateModified":"2026-04-20T06:28:15+00:00","description":"Pridru\u017eite se nam na \u0160kratolovskih dogodkih! Posebna do\u017eivetja na pravlji\u010dno-do\u017eivljajskih poteh, glasbene pravljice, ustvarjalne delavnice in \u0161e ve\u010d.","breadcrumb":{"@id":"https:\/\/www.skrateljc.org\/izdelek\/rezervacije\/#breadcrumb"},"inLanguage":"hr","potentialAction":[{"@type":"ReadAction","target":["https:\/\/www.skrateljc.org\/izdelek\/rezervacije\/"]}]},{"@type":"ImageObject","inLanguage":"hr","@id":"https:\/\/www.skrateljc.org\/izdelek\/rezervacije\/#primaryimage","url":"https:\/\/www.skrateljc.org\/wp-content\/uploads\/2025\/01\/skratolovski-dogodki.png","contentUrl":"https:\/\/www.skrateljc.org\/wp-content\/uploads\/2025\/01\/skratolovski-dogodki.png","width":1110,"height":838},{"@type":"BreadcrumbList","@id":"https:\/\/www.skrateljc.org\/izdelek\/rezervacije\/#breadcrumb","itemListElement":[{"@type":"ListItem","position":1,"name":"Domov","item":"https:\/\/www.skrateljc.org\/"},{"@type":"ListItem","position":2,"name":"Trgovina","item":"https:\/\/www.skrateljc.org\/trgovina\/"},{"@type":"ListItem","position":3,"name":"\u0160kratolovski dogodki: prijave"}]},{"@type":"WebSite","@id":"https:\/\/www.skrateljc.org\/#website","url":"https:\/\/www.skrateljc.org\/","name":"\u0160krateljc","description":"- ustvarjamo do\u017eivetja","publisher":{"@id":"https:\/\/www.skrateljc.org\/#organization"},"potentialAction":[{"@type":"SearchAction","target":{"@type":"EntryPoint","urlTemplate":"https:\/\/www.skrateljc.org\/?s={search_term_string}"},"query-input":{"@type":"PropertyValueSpecification","valueRequired":true,"valueName":"search_term_string"}}],"inLanguage":"hr"},{"@type":"Organization","@id":"https:\/\/www.skrateljc.org\/#organization","name":"Zavod \u0160krateljc","url":"https:\/\/www.skrateljc.org\/","logo":{"@type":"ImageObject","inLanguage":"hr","@id":"https:\/\/www.skrateljc.org\/#\/schema\/logo\/image\/","url":"https:\/\/www.skrateljc.org\/wp-content\/uploads\/2021\/11\/00_logo-skrateljc-COL.jpg","contentUrl":"https:\/\/www.skrateljc.org\/wp-content\/uploads\/2021\/11\/00_logo-skrateljc-COL.jpg","width":1770,"height":471,"caption":"Zavod \u0160krateljc"},"image":{"@id":"https:\/\/www.skrateljc.org\/#\/schema\/logo\/image\/"},"sameAs":["https:\/\/www.facebook.com\/skrateljc","https:\/\/www.youtube.com\/channel\/UCffLgYSmHefkqvSMHeoLSDg","https:\/\/www.instagram.com\/zavodskrateljc"]}]}},"_links":{"self":[{"href":"https:\/\/www.skrateljc.org\/hr\/wp-json\/wp\/v2\/product\/29742","targetHints":{"allow":["GET"]}}],"collection":[{"href":"https:\/\/www.skrateljc.org\/hr\/wp-json\/wp\/v2\/product"}],"about":[{"href":"https:\/\/www.skrateljc.org\/hr\/wp-json\/wp\/v2\/types\/product"}],"wp:featuredmedia":[{"embeddable":true,"href":"https:\/\/www.skrateljc.org\/hr\/wp-json\/wp\/v2\/media\/29946"}],"wp:attachment":[{"href":"https:\/\/www.skrateljc.org\/hr\/wp-json\/wp\/v2\/media?parent=29742"}],"wp:term":[{"taxonomy":"product_brand","embeddable":true,"href":"https:\/\/www.skrateljc.org\/hr\/wp-json\/wp\/v2\/product_brand?post=29742"},{"taxonomy":"product_cat","embeddable":true,"href":"https:\/\/www.skrateljc.org\/hr\/wp-json\/wp\/v2\/product_cat?post=29742"},{"taxonomy":"product_tag","embeddable":true,"href":"https:\/\/www.skrateljc.org\/hr\/wp-json\/wp\/v2\/product_tag?post=29742"}],"curies":[{"name":"wp","href":"https:\/\/api.w.org\/{rel}","templated":true}]}}