{"id":28789,"date":"2024-03-18T08:34:20","date_gmt":"2024-03-18T07:34:20","guid":{"rendered":"https:\/\/www.skrateljc.org\/?post_type=product&#038;p=28789"},"modified":"2026-02-12T12:27:25","modified_gmt":"2026-02-12T11:27:25","slug":"ucitelj-sova-in-jezicno-drevo","status":"publish","type":"product","link":"https:\/\/www.skrateljc.org\/hr\/izdelek\/ucitelj-sova-in-jezicno-drevo\/","title":{"rendered":"U\u010ditelj Sova in jezi\u010dno drevo"},"content":{"rendered":"<div>Slikanica Bo\u0161tjana Gorenca Pi\u017eame in ilustratorja Damijana Stepan\u010di\u010da, U\u010cITELJ SOVA IN JEZI\u010cNO DREVO!<\/div>\n<div>\n<p>Priljubljen pisatelj\u00a0<b>Bo\u0161tjan Gorenc \u2013 Pi\u017eama<\/b>\u00a0je zasnoval zgodbo, ki najmlaj\u0161e bralce prvi\u010d popelje v \u010dudoviti svet sloven\u0161\u010dine in v kraje, kjer se je ta porajala. Mladi bralci se tako sre\u010dajo s Primo\u017eem Trubarjem, superjunakom, in spoznajo, kako se je sloven\u0161\u010dina razvijala in kako se razvija \u0161e danes. Ilustrator\u00a0<b>Damijan Stepan\u010di\u010d<\/b>\u00a0je tej zgodbi o ljubezni do slovenskega jezika dodal ilustracije, ki zgodbo spreminjajo v pravo\u00a0<i>jezi\u010dno dogodiv\u0161\u010dino<\/i>. Saj res, knjiga\u00a0je del\u00a0<i>Jezi\u010dne dogodiv\u0161\u010dine<\/i>, zabavne dru\u017einske dogodiv\u0161\u010dine v naravi, ki se dogaja v Trubarjevih krajih. \u010cisto blizu in prav kmalu!<\/p>\n<p><i>Odpravili so se proti jasi, na kateri je stalo mogo\u010dno drevo. Ko\u0161ata kro\u0161nja je valovila v vetru in zdelo se je, kot da iz nje \u0161epe\u010de ne\u0161teto glasov.<\/i><\/p>\n<p><i>\u00bbTo je jezi\u010dno drevo, ki je pognalo iz Abecednika,\u00ab je rekel u\u010ditelj Sova. \u00bbVsak list je svoja beseda. Najve\u010d listov je zelenih. To so besede, ki jih uporabljamo bolj ali manj redno.\u00ab<\/i><\/p>\n<p><i>\u00bbA tudi\u00a0<\/i>d\u017eazno<i>, kot govori babi?\u00ab je vpra\u0161al Jakob.<\/i><\/p>\n<p><i>\u00bbTudi\u00a0<\/i>d\u017eazno<i>,\u00ab se je nasmehnil u\u010ditelj Sova.<\/i><\/p>\n<p><i>\u00bb<\/i>\u0160ponsko<i>,\u00ab se je zasmejal Jakob.<\/i><\/p>\n<\/div>","protected":false},"excerpt":{"rendered":"<div>Slikanica Bo\u0161tjana Gorenca Pi\u017eame in ilustratorja Damijana Stepan\u010di\u010da, U\u010cITELJ SOVA IN JEZI\u010cNO DREVO!<\/div>\n<div><\/div>\n<div>\n<p>Priljubljen pisatelj\u00a0<b>Bo\u0161tjan Gorenc \u2013 Pi\u017eama<\/b>\u00a0je zasnoval zgodbo, ki najmlaj\u0161e bralce prvi\u010d popelje v \u010dudoviti svet sloven\u0161\u010dine in v kraje, kjer se je ta porajala. Mladi bralci se tako sre\u010dajo s Primo\u017eem Trubarjem, superjunakom, in spoznajo, kako se je sloven\u0161\u010dina razvijala in kako se razvija \u0161e danes. Ilustrator\u00a0<b>Damijan Stepan\u010di\u010d<\/b>\u00a0je tej zgodbi o ljubezni do slovenskega jezika dodal ilustracije, ki zgodbo spreminjajo v pravo\u00a0<i>jezi\u010dno dogodiv\u0161\u010dino<\/i>. Saj res, knjiga\u00a0je del\u00a0<i>Jezi\u010dne dogodiv\u0161\u010dine<\/i>, zabavne dru\u017einske dogodiv\u0161\u010dine v naravi, ki se dogaja v Trubarjevih krajih. \u010cisto blizu in prav kmalu!<\/p>\n<\/div>\n<div><i>Slikanica je iz\u0161la ob podpori\u00a0<a href=\"https:\/\/www.jakrs.si\/\">Javne agencije za knjigo<\/a> in v sodelovanju z <a href=\"https:\/\/jztk.si\/\">Javnim zavodom Trubarjevi kraji.<\/a><\/i><\/div>\n<div>\n<p><i>Odpravili so se proti jasi, na kateri je stalo mogo\u010dno drevo. Ko\u0161ata kro\u0161nja je valovila v vetru in zdelo se je, kot da iz nje \u0161epe\u010de ne\u0161teto glasov.<\/i><\/p>\n<p><i>\u00bbTo je jezi\u010dno drevo, ki je pognalo iz Abecednika,\u00ab je rekel u\u010ditelj Sova. \u00bbVsak list je svoja beseda. Najve\u010d listov je zelenih. To so besede, ki jih uporabljamo bolj ali manj redno.\u00ab<\/i><\/p>\n<p><i>\u00bbA tudi\u00a0<\/i>d\u017eazno<i>, kot govori babi?\u00ab je vpra\u0161al Jakob.<\/i><\/p>\n<p><i>\u00bbTudi\u00a0<\/i>d\u017eazno<i>,\u00ab se je nasmehnil u\u010ditelj Sova.<\/i><\/p>\n<p><i>\u00bb<\/i>\u0160ponsko<i>,\u00ab se je zasmejal Jakob.<\/i><\/p>\n<\/div>","protected":false},"featured_media":28790,"template":"","meta":{"inline_featured_image":false,"cybocfi_hide_featured_image":""},"product_brand":[],"product_cat":[68],"product_tag":[],"class_list":{"0":"post-28789","1":"product","2":"type-product","3":"status-publish","4":"has-post-thumbnail","6":"product_cat-pravljicne-slikanice","8":"first","9":"instock","10":"featured","11":"shipping-taxable","12":"purchasable","13":"product-type-simple"},"yoast_head":"<!-- This site is optimized with the Yoast SEO Premium plugin v27.2 (Yoast SEO v27.4) - https:\/\/yoast.com\/product\/yoast-seo-premium-wordpress\/ -->\n<title>U\u010ditelj Sova in jezi\u010dno drevo | \u0160krateljc<\/title>\n<meta name=\"description\" content=\"U\u010ditelj Sova in jezi\u010dno drevo je slikanica, ki najmlaj\u0161e bralce prvi\u010d popelje v \u010dudoviti svet sloven\u0161\u010dine in v kraje, kjer se je ta porajala.\" \/>\n<meta name=\"robots\" content=\"index, follow, max-snippet:-1, max-image-preview:large, max-video-preview:-1\" \/>\n<link rel=\"canonical\" href=\"https:\/\/www.skrateljc.org\/hr\/proizvod-2\/ucitelj-sova-in-jezicno-drevo\/\" \/>\n<meta property=\"og:locale\" content=\"hr_HR\" \/>\n<meta property=\"og:type\" content=\"article\" \/>\n<meta property=\"og:title\" content=\"U\u010ditelj Sova in jezi\u010dno drevo\" \/>\n<meta property=\"og:description\" content=\"U\u010ditelj Sova in jezi\u010dno drevo je slikanica, ki najmlaj\u0161e bralce prvi\u010d popelje v \u010dudoviti svet sloven\u0161\u010dine in v kraje, kjer se je ta porajala.\" \/>\n<meta property=\"og:url\" content=\"https:\/\/www.skrateljc.org\/hr\/proizvod-2\/ucitelj-sova-in-jezicno-drevo\/\" \/>\n<meta property=\"og:site_name\" content=\"\u0160krateljc\" \/>\n<meta property=\"article:publisher\" content=\"https:\/\/www.facebook.com\/skrateljc\" \/>\n<meta property=\"article:modified_time\" content=\"2026-02-12T11:27:25+00:00\" \/>\n<meta property=\"og:image\" content=\"https:\/\/www.skrateljc.org\/wp-content\/uploads\/2024\/03\/Ucitelj_Sova_naslovnica.jpg\" \/>\n\t<meta property=\"og:image:width\" content=\"1270\" \/>\n\t<meta property=\"og:image:height\" content=\"1600\" \/>\n\t<meta property=\"og:image:type\" content=\"image\/jpeg\" \/>\n<meta name=\"twitter:card\" content=\"summary_large_image\" \/>\n<meta name=\"twitter:label1\" content=\"Procijenjeno vrijeme \u010ditanja\" \/>\n\t<meta name=\"twitter:data1\" content=\"1 minuta\" \/>\n<script type=\"application\/ld+json\" class=\"yoast-schema-graph\">{\"@context\":\"https:\\\/\\\/schema.org\",\"@graph\":[{\"@type\":\"WebPage\",\"@id\":\"https:\\\/\\\/www.skrateljc.org\\\/izdelek\\\/ucitelj-sova-in-jezicno-drevo\\\/\",\"url\":\"https:\\\/\\\/www.skrateljc.org\\\/izdelek\\\/ucitelj-sova-in-jezicno-drevo\\\/\",\"name\":\"U\u010ditelj Sova in jezi\u010dno drevo | \u0160krateljc\",\"isPartOf\":{\"@id\":\"https:\\\/\\\/www.skrateljc.org\\\/#website\"},\"primaryImageOfPage\":{\"@id\":\"https:\\\/\\\/www.skrateljc.org\\\/izdelek\\\/ucitelj-sova-in-jezicno-drevo\\\/#primaryimage\"},\"image\":{\"@id\":\"https:\\\/\\\/www.skrateljc.org\\\/izdelek\\\/ucitelj-sova-in-jezicno-drevo\\\/#primaryimage\"},\"thumbnailUrl\":\"https:\\\/\\\/www.skrateljc.org\\\/wp-content\\\/uploads\\\/2024\\\/03\\\/Ucitelj_Sova_naslovnica.jpg\",\"datePublished\":\"2024-03-18T07:34:20+00:00\",\"dateModified\":\"2026-02-12T11:27:25+00:00\",\"description\":\"U\u010ditelj Sova in jezi\u010dno drevo je slikanica, ki najmlaj\u0161e bralce prvi\u010d popelje v \u010dudoviti svet sloven\u0161\u010dine in v kraje, kjer se je ta porajala.\",\"breadcrumb\":{\"@id\":\"https:\\\/\\\/www.skrateljc.org\\\/izdelek\\\/ucitelj-sova-in-jezicno-drevo\\\/#breadcrumb\"},\"inLanguage\":\"hr\",\"potentialAction\":[{\"@type\":\"ReadAction\",\"target\":[\"https:\\\/\\\/www.skrateljc.org\\\/izdelek\\\/ucitelj-sova-in-jezicno-drevo\\\/\"]}]},{\"@type\":\"ImageObject\",\"inLanguage\":\"hr\",\"@id\":\"https:\\\/\\\/www.skrateljc.org\\\/izdelek\\\/ucitelj-sova-in-jezicno-drevo\\\/#primaryimage\",\"url\":\"https:\\\/\\\/www.skrateljc.org\\\/wp-content\\\/uploads\\\/2024\\\/03\\\/Ucitelj_Sova_naslovnica.jpg\",\"contentUrl\":\"https:\\\/\\\/www.skrateljc.org\\\/wp-content\\\/uploads\\\/2024\\\/03\\\/Ucitelj_Sova_naslovnica.jpg\",\"width\":1270,\"height\":1600,\"caption\":\"U\u010cITELJ SOVA IN JEZI\u010cNO DREVO\"},{\"@type\":\"BreadcrumbList\",\"@id\":\"https:\\\/\\\/www.skrateljc.org\\\/izdelek\\\/ucitelj-sova-in-jezicno-drevo\\\/#breadcrumb\",\"itemListElement\":[{\"@type\":\"ListItem\",\"position\":1,\"name\":\"Domov\",\"item\":\"https:\\\/\\\/www.skrateljc.org\\\/\"},{\"@type\":\"ListItem\",\"position\":2,\"name\":\"Trgovina\",\"item\":\"https:\\\/\\\/www.skrateljc.org\\\/trgovina\\\/\"},{\"@type\":\"ListItem\",\"position\":3,\"name\":\"U\u010ditelj Sova in jezi\u010dno drevo\"}]},{\"@type\":\"WebSite\",\"@id\":\"https:\\\/\\\/www.skrateljc.org\\\/#website\",\"url\":\"https:\\\/\\\/www.skrateljc.org\\\/\",\"name\":\"\u0160krateljc\",\"description\":\"- ustvarjamo do\u017eivetja\",\"publisher\":{\"@id\":\"https:\\\/\\\/www.skrateljc.org\\\/#organization\"},\"potentialAction\":[{\"@type\":\"SearchAction\",\"target\":{\"@type\":\"EntryPoint\",\"urlTemplate\":\"https:\\\/\\\/www.skrateljc.org\\\/?s={search_term_string}\"},\"query-input\":{\"@type\":\"PropertyValueSpecification\",\"valueRequired\":true,\"valueName\":\"search_term_string\"}}],\"inLanguage\":\"hr\"},{\"@type\":\"Organization\",\"@id\":\"https:\\\/\\\/www.skrateljc.org\\\/#organization\",\"name\":\"Zavod \u0160krateljc\",\"url\":\"https:\\\/\\\/www.skrateljc.org\\\/\",\"logo\":{\"@type\":\"ImageObject\",\"inLanguage\":\"hr\",\"@id\":\"https:\\\/\\\/www.skrateljc.org\\\/#\\\/schema\\\/logo\\\/image\\\/\",\"url\":\"https:\\\/\\\/www.skrateljc.org\\\/wp-content\\\/uploads\\\/2021\\\/11\\\/00_logo-skrateljc-COL.jpg\",\"contentUrl\":\"https:\\\/\\\/www.skrateljc.org\\\/wp-content\\\/uploads\\\/2021\\\/11\\\/00_logo-skrateljc-COL.jpg\",\"width\":1770,\"height\":471,\"caption\":\"Zavod \u0160krateljc\"},\"image\":{\"@id\":\"https:\\\/\\\/www.skrateljc.org\\\/#\\\/schema\\\/logo\\\/image\\\/\"},\"sameAs\":[\"https:\\\/\\\/www.facebook.com\\\/skrateljc\",\"https:\\\/\\\/www.youtube.com\\\/channel\\\/UCffLgYSmHefkqvSMHeoLSDg\",\"https:\\\/\\\/www.instagram.com\\\/zavodskrateljc\"]}]}<\/script>\n<!-- \/ Yoast SEO Premium plugin. -->","yoast_head_json":{"title":"U\u010ditelj Sova in jezi\u010dno drevo | \u0160krateljc","description":"U\u010ditelj Sova in jezi\u010dno drevo je slikanica, ki najmlaj\u0161e bralce prvi\u010d popelje v \u010dudoviti svet sloven\u0161\u010dine in v kraje, kjer se je ta porajala.","robots":{"index":"index","follow":"follow","max-snippet":"max-snippet:-1","max-image-preview":"max-image-preview:large","max-video-preview":"max-video-preview:-1"},"canonical":"https:\/\/www.skrateljc.org\/hr\/proizvod-2\/ucitelj-sova-in-jezicno-drevo\/","og_locale":"hr_HR","og_type":"article","og_title":"U\u010ditelj Sova in jezi\u010dno drevo","og_description":"U\u010ditelj Sova in jezi\u010dno drevo je slikanica, ki najmlaj\u0161e bralce prvi\u010d popelje v \u010dudoviti svet sloven\u0161\u010dine in v kraje, kjer se je ta porajala.","og_url":"https:\/\/www.skrateljc.org\/hr\/proizvod-2\/ucitelj-sova-in-jezicno-drevo\/","og_site_name":"\u0160krateljc","article_publisher":"https:\/\/www.facebook.com\/skrateljc","article_modified_time":"2026-02-12T11:27:25+00:00","og_image":[{"width":1270,"height":1600,"url":"https:\/\/www.skrateljc.org\/wp-content\/uploads\/2024\/03\/Ucitelj_Sova_naslovnica.jpg","type":"image\/jpeg"}],"twitter_card":"summary_large_image","twitter_misc":{"Procijenjeno vrijeme \u010ditanja":"1 minuta"},"schema":{"@context":"https:\/\/schema.org","@graph":[{"@type":"WebPage","@id":"https:\/\/www.skrateljc.org\/izdelek\/ucitelj-sova-in-jezicno-drevo\/","url":"https:\/\/www.skrateljc.org\/izdelek\/ucitelj-sova-in-jezicno-drevo\/","name":"U\u010ditelj Sova in jezi\u010dno drevo | \u0160krateljc","isPartOf":{"@id":"https:\/\/www.skrateljc.org\/#website"},"primaryImageOfPage":{"@id":"https:\/\/www.skrateljc.org\/izdelek\/ucitelj-sova-in-jezicno-drevo\/#primaryimage"},"image":{"@id":"https:\/\/www.skrateljc.org\/izdelek\/ucitelj-sova-in-jezicno-drevo\/#primaryimage"},"thumbnailUrl":"https:\/\/www.skrateljc.org\/wp-content\/uploads\/2024\/03\/Ucitelj_Sova_naslovnica.jpg","datePublished":"2024-03-18T07:34:20+00:00","dateModified":"2026-02-12T11:27:25+00:00","description":"U\u010ditelj Sova in jezi\u010dno drevo je slikanica, ki najmlaj\u0161e bralce prvi\u010d popelje v \u010dudoviti svet sloven\u0161\u010dine in v kraje, kjer se je ta porajala.","breadcrumb":{"@id":"https:\/\/www.skrateljc.org\/izdelek\/ucitelj-sova-in-jezicno-drevo\/#breadcrumb"},"inLanguage":"hr","potentialAction":[{"@type":"ReadAction","target":["https:\/\/www.skrateljc.org\/izdelek\/ucitelj-sova-in-jezicno-drevo\/"]}]},{"@type":"ImageObject","inLanguage":"hr","@id":"https:\/\/www.skrateljc.org\/izdelek\/ucitelj-sova-in-jezicno-drevo\/#primaryimage","url":"https:\/\/www.skrateljc.org\/wp-content\/uploads\/2024\/03\/Ucitelj_Sova_naslovnica.jpg","contentUrl":"https:\/\/www.skrateljc.org\/wp-content\/uploads\/2024\/03\/Ucitelj_Sova_naslovnica.jpg","width":1270,"height":1600,"caption":"U\u010cITELJ SOVA IN JEZI\u010cNO DREVO"},{"@type":"BreadcrumbList","@id":"https:\/\/www.skrateljc.org\/izdelek\/ucitelj-sova-in-jezicno-drevo\/#breadcrumb","itemListElement":[{"@type":"ListItem","position":1,"name":"Domov","item":"https:\/\/www.skrateljc.org\/"},{"@type":"ListItem","position":2,"name":"Trgovina","item":"https:\/\/www.skrateljc.org\/trgovina\/"},{"@type":"ListItem","position":3,"name":"U\u010ditelj Sova in jezi\u010dno drevo"}]},{"@type":"WebSite","@id":"https:\/\/www.skrateljc.org\/#website","url":"https:\/\/www.skrateljc.org\/","name":"\u0160krateljc","description":"- ustvarjamo do\u017eivetja","publisher":{"@id":"https:\/\/www.skrateljc.org\/#organization"},"potentialAction":[{"@type":"SearchAction","target":{"@type":"EntryPoint","urlTemplate":"https:\/\/www.skrateljc.org\/?s={search_term_string}"},"query-input":{"@type":"PropertyValueSpecification","valueRequired":true,"valueName":"search_term_string"}}],"inLanguage":"hr"},{"@type":"Organization","@id":"https:\/\/www.skrateljc.org\/#organization","name":"Zavod \u0160krateljc","url":"https:\/\/www.skrateljc.org\/","logo":{"@type":"ImageObject","inLanguage":"hr","@id":"https:\/\/www.skrateljc.org\/#\/schema\/logo\/image\/","url":"https:\/\/www.skrateljc.org\/wp-content\/uploads\/2021\/11\/00_logo-skrateljc-COL.jpg","contentUrl":"https:\/\/www.skrateljc.org\/wp-content\/uploads\/2021\/11\/00_logo-skrateljc-COL.jpg","width":1770,"height":471,"caption":"Zavod \u0160krateljc"},"image":{"@id":"https:\/\/www.skrateljc.org\/#\/schema\/logo\/image\/"},"sameAs":["https:\/\/www.facebook.com\/skrateljc","https:\/\/www.youtube.com\/channel\/UCffLgYSmHefkqvSMHeoLSDg","https:\/\/www.instagram.com\/zavodskrateljc"]}]}},"_links":{"self":[{"href":"https:\/\/www.skrateljc.org\/hr\/wp-json\/wp\/v2\/product\/28789","targetHints":{"allow":["GET"]}}],"collection":[{"href":"https:\/\/www.skrateljc.org\/hr\/wp-json\/wp\/v2\/product"}],"about":[{"href":"https:\/\/www.skrateljc.org\/hr\/wp-json\/wp\/v2\/types\/product"}],"wp:featuredmedia":[{"embeddable":true,"href":"https:\/\/www.skrateljc.org\/hr\/wp-json\/wp\/v2\/media\/28790"}],"wp:attachment":[{"href":"https:\/\/www.skrateljc.org\/hr\/wp-json\/wp\/v2\/media?parent=28789"}],"wp:term":[{"taxonomy":"product_brand","embeddable":true,"href":"https:\/\/www.skrateljc.org\/hr\/wp-json\/wp\/v2\/product_brand?post=28789"},{"taxonomy":"product_cat","embeddable":true,"href":"https:\/\/www.skrateljc.org\/hr\/wp-json\/wp\/v2\/product_cat?post=28789"},{"taxonomy":"product_tag","embeddable":true,"href":"https:\/\/www.skrateljc.org\/hr\/wp-json\/wp\/v2\/product_tag?post=28789"}],"curies":[{"name":"wp","href":"https:\/\/api.w.org\/{rel}","templated":true}]}}