{"id":28688,"date":"2024-02-22T11:40:12","date_gmt":"2024-02-22T10:40:12","guid":{"rendered":"https:\/\/www.skrateljc.org\/?post_type=product&#038;p=28688"},"modified":"2025-10-25T17:10:47","modified_gmt":"2025-10-25T15:10:47","slug":"skozi-okna-ljubljane","status":"publish","type":"product","link":"https:\/\/www.skrateljc.org\/hr\/izdelek\/skozi-okna-ljubljane\/","title":{"rendered":"Skozi okna Ljubljane"},"content":{"rendered":"<div>Ilustrator Peter \u0160kerl in pisec Uro\u0161 Grilc sta ustvarila slikanico, ki je nekaj \u010disto posebnega.Slikanica\u00a0<i>Skozi okna Ljubljane<\/i>\u00a0je do\u017eivljajsko popotovanje po imenitnih, v\u010dasih pretresljivih in neverjetnih zgodbah znamenitih Ljubljan\u010dank in Ljubljan\u010danov. Tistih, ki so gradili mesto in klesali duha tega mesta. Katerih sledi so vidne \u0161e danes. Katerih okna na ulicah in v hi\u0161ah, kjer so \u017eiveli ali ustvarjali, nam odstirajo du\u0161o in skrivnosti mesta.<\/div>\n<div>Naj nam bodo v navdih!<\/div>","protected":false},"excerpt":{"rendered":"<div>Ilustrator Peter \u0160kerl in pisec Uro\u0161 Grilc sta ustvarila slikanico, ki je nekaj \u010disto posebnega. Slikanica <i>Skozi okna Ljubljane<\/i>\u00a0je do\u017eivljajsko popotovanje po imenitnih, v\u010dasih pretresljivih in neverjetnih zgodbah znamenitih Ljubljan\u010dank in Ljubljan\u010danov. Tistih, ki so gradili mesto in klesali duha tega mesta. Katerih sledi so vidne \u0161e danes. Katerih okna na ulicah in v hi\u0161ah, kjer so \u017eiveli ali ustvarjali, nam odstirajo du\u0161o in skrivnosti mesta.<\/div>\n<div><strong>Naj nam bodo v navdih!<\/strong><\/div>","protected":false},"featured_media":28689,"template":"","meta":{"inline_featured_image":false,"cybocfi_hide_featured_image":""},"product_brand":[],"product_cat":[68],"product_tag":[],"class_list":{"0":"post-28688","1":"product","2":"type-product","3":"status-publish","4":"has-post-thumbnail","6":"product_cat-pravljicne-slikanice","8":"first","9":"instock","10":"featured","11":"shipping-taxable","12":"purchasable","13":"product-type-simple"},"yoast_head":"<!-- This site is optimized with the Yoast SEO Premium plugin v27.2 (Yoast SEO v27.4) - https:\/\/yoast.com\/product\/yoast-seo-premium-wordpress\/ -->\n<title>Skozi okna Ljubljane | \u0160krateljc<\/title>\n<meta name=\"description\" content=\"Slikanica\u00a0Skozi okna Ljubljane\u00a0je do\u017eivljajsko popotovanje po imenitnih, v\u010dasih pretresljivih in neverjetnih zgodbah znamenitih Ljubljan\u010dank in Ljubljan\u010danov.\" \/>\n<meta name=\"robots\" content=\"index, follow, max-snippet:-1, max-image-preview:large, max-video-preview:-1\" \/>\n<link rel=\"canonical\" href=\"https:\/\/www.skrateljc.org\/hr\/proizvod-2\/skozi-okna-ljubljane\/\" \/>\n<meta property=\"og:locale\" content=\"hr_HR\" \/>\n<meta property=\"og:type\" content=\"article\" \/>\n<meta property=\"og:title\" content=\"Skozi okna Ljubljane\" \/>\n<meta property=\"og:description\" content=\"Slikanica\u00a0Skozi okna Ljubljane\u00a0je do\u017eivljajsko popotovanje po imenitnih, v\u010dasih pretresljivih in neverjetnih zgodbah znamenitih Ljubljan\u010dank in Ljubljan\u010danov.\" \/>\n<meta property=\"og:url\" content=\"https:\/\/www.skrateljc.org\/hr\/proizvod-2\/skozi-okna-ljubljane\/\" \/>\n<meta property=\"og:site_name\" content=\"\u0160krateljc\" \/>\n<meta property=\"article:publisher\" content=\"https:\/\/www.facebook.com\/skrateljc\" \/>\n<meta property=\"article:modified_time\" content=\"2025-10-25T15:10:47+00:00\" \/>\n<meta property=\"og:image\" content=\"https:\/\/www.skrateljc.org\/wp-content\/uploads\/2024\/02\/SKOZI-OKNA-LJUBLJANE.jpeg\" \/>\n\t<meta property=\"og:image:width\" content=\"960\" \/>\n\t<meta property=\"og:image:height\" content=\"1211\" \/>\n\t<meta property=\"og:image:type\" content=\"image\/jpeg\" \/>\n<meta name=\"twitter:card\" content=\"summary_large_image\" \/>\n<meta name=\"twitter:label1\" content=\"Procijenjeno vrijeme \u010ditanja\" \/>\n\t<meta name=\"twitter:data1\" content=\"1 minuta\" \/>\n<script type=\"application\/ld+json\" class=\"yoast-schema-graph\">{\"@context\":\"https:\\\/\\\/schema.org\",\"@graph\":[{\"@type\":\"WebPage\",\"@id\":\"https:\\\/\\\/www.skrateljc.org\\\/izdelek\\\/skozi-okna-ljubljane\\\/\",\"url\":\"https:\\\/\\\/www.skrateljc.org\\\/izdelek\\\/skozi-okna-ljubljane\\\/\",\"name\":\"Skozi okna Ljubljane | \u0160krateljc\",\"isPartOf\":{\"@id\":\"https:\\\/\\\/www.skrateljc.org\\\/#website\"},\"primaryImageOfPage\":{\"@id\":\"https:\\\/\\\/www.skrateljc.org\\\/izdelek\\\/skozi-okna-ljubljane\\\/#primaryimage\"},\"image\":{\"@id\":\"https:\\\/\\\/www.skrateljc.org\\\/izdelek\\\/skozi-okna-ljubljane\\\/#primaryimage\"},\"thumbnailUrl\":\"https:\\\/\\\/www.skrateljc.org\\\/wp-content\\\/uploads\\\/2024\\\/02\\\/SKOZI-OKNA-LJUBLJANE.jpeg\",\"datePublished\":\"2024-02-22T10:40:12+00:00\",\"dateModified\":\"2025-10-25T15:10:47+00:00\",\"description\":\"Slikanica\u00a0Skozi okna Ljubljane\u00a0je do\u017eivljajsko popotovanje po imenitnih, v\u010dasih pretresljivih in neverjetnih zgodbah znamenitih Ljubljan\u010dank in Ljubljan\u010danov.\",\"breadcrumb\":{\"@id\":\"https:\\\/\\\/www.skrateljc.org\\\/izdelek\\\/skozi-okna-ljubljane\\\/#breadcrumb\"},\"inLanguage\":\"hr\",\"potentialAction\":[{\"@type\":\"ReadAction\",\"target\":[\"https:\\\/\\\/www.skrateljc.org\\\/izdelek\\\/skozi-okna-ljubljane\\\/\"]}]},{\"@type\":\"ImageObject\",\"inLanguage\":\"hr\",\"@id\":\"https:\\\/\\\/www.skrateljc.org\\\/izdelek\\\/skozi-okna-ljubljane\\\/#primaryimage\",\"url\":\"https:\\\/\\\/www.skrateljc.org\\\/wp-content\\\/uploads\\\/2024\\\/02\\\/SKOZI-OKNA-LJUBLJANE.jpeg\",\"contentUrl\":\"https:\\\/\\\/www.skrateljc.org\\\/wp-content\\\/uploads\\\/2024\\\/02\\\/SKOZI-OKNA-LJUBLJANE.jpeg\",\"width\":960,\"height\":1211,\"caption\":\"Skozi okna Ljubljane slikanica \u0160krateljc\"},{\"@type\":\"BreadcrumbList\",\"@id\":\"https:\\\/\\\/www.skrateljc.org\\\/izdelek\\\/skozi-okna-ljubljane\\\/#breadcrumb\",\"itemListElement\":[{\"@type\":\"ListItem\",\"position\":1,\"name\":\"Domov\",\"item\":\"https:\\\/\\\/www.skrateljc.org\\\/\"},{\"@type\":\"ListItem\",\"position\":2,\"name\":\"Trgovina\",\"item\":\"https:\\\/\\\/www.skrateljc.org\\\/trgovina\\\/\"},{\"@type\":\"ListItem\",\"position\":3,\"name\":\"Skozi okna Ljubljane\"}]},{\"@type\":\"WebSite\",\"@id\":\"https:\\\/\\\/www.skrateljc.org\\\/#website\",\"url\":\"https:\\\/\\\/www.skrateljc.org\\\/\",\"name\":\"\u0160krateljc\",\"description\":\"- ustvarjamo do\u017eivetja\",\"publisher\":{\"@id\":\"https:\\\/\\\/www.skrateljc.org\\\/#organization\"},\"potentialAction\":[{\"@type\":\"SearchAction\",\"target\":{\"@type\":\"EntryPoint\",\"urlTemplate\":\"https:\\\/\\\/www.skrateljc.org\\\/?s={search_term_string}\"},\"query-input\":{\"@type\":\"PropertyValueSpecification\",\"valueRequired\":true,\"valueName\":\"search_term_string\"}}],\"inLanguage\":\"hr\"},{\"@type\":\"Organization\",\"@id\":\"https:\\\/\\\/www.skrateljc.org\\\/#organization\",\"name\":\"Zavod \u0160krateljc\",\"url\":\"https:\\\/\\\/www.skrateljc.org\\\/\",\"logo\":{\"@type\":\"ImageObject\",\"inLanguage\":\"hr\",\"@id\":\"https:\\\/\\\/www.skrateljc.org\\\/#\\\/schema\\\/logo\\\/image\\\/\",\"url\":\"https:\\\/\\\/www.skrateljc.org\\\/wp-content\\\/uploads\\\/2021\\\/11\\\/00_logo-skrateljc-COL.jpg\",\"contentUrl\":\"https:\\\/\\\/www.skrateljc.org\\\/wp-content\\\/uploads\\\/2021\\\/11\\\/00_logo-skrateljc-COL.jpg\",\"width\":1770,\"height\":471,\"caption\":\"Zavod \u0160krateljc\"},\"image\":{\"@id\":\"https:\\\/\\\/www.skrateljc.org\\\/#\\\/schema\\\/logo\\\/image\\\/\"},\"sameAs\":[\"https:\\\/\\\/www.facebook.com\\\/skrateljc\",\"https:\\\/\\\/www.youtube.com\\\/channel\\\/UCffLgYSmHefkqvSMHeoLSDg\",\"https:\\\/\\\/www.instagram.com\\\/zavodskrateljc\"]}]}<\/script>\n<!-- \/ Yoast SEO Premium plugin. -->","yoast_head_json":{"title":"Skozi okna Ljubljane | \u0160krateljc","description":"Slikanica\u00a0Skozi okna Ljubljane\u00a0je do\u017eivljajsko popotovanje po imenitnih, v\u010dasih pretresljivih in neverjetnih zgodbah znamenitih Ljubljan\u010dank in Ljubljan\u010danov.","robots":{"index":"index","follow":"follow","max-snippet":"max-snippet:-1","max-image-preview":"max-image-preview:large","max-video-preview":"max-video-preview:-1"},"canonical":"https:\/\/www.skrateljc.org\/hr\/proizvod-2\/skozi-okna-ljubljane\/","og_locale":"hr_HR","og_type":"article","og_title":"Skozi okna Ljubljane","og_description":"Slikanica\u00a0Skozi okna Ljubljane\u00a0je do\u017eivljajsko popotovanje po imenitnih, v\u010dasih pretresljivih in neverjetnih zgodbah znamenitih Ljubljan\u010dank in Ljubljan\u010danov.","og_url":"https:\/\/www.skrateljc.org\/hr\/proizvod-2\/skozi-okna-ljubljane\/","og_site_name":"\u0160krateljc","article_publisher":"https:\/\/www.facebook.com\/skrateljc","article_modified_time":"2025-10-25T15:10:47+00:00","og_image":[{"width":960,"height":1211,"url":"https:\/\/www.skrateljc.org\/wp-content\/uploads\/2024\/02\/SKOZI-OKNA-LJUBLJANE.jpeg","type":"image\/jpeg"}],"twitter_card":"summary_large_image","twitter_misc":{"Procijenjeno vrijeme \u010ditanja":"1 minuta"},"schema":{"@context":"https:\/\/schema.org","@graph":[{"@type":"WebPage","@id":"https:\/\/www.skrateljc.org\/izdelek\/skozi-okna-ljubljane\/","url":"https:\/\/www.skrateljc.org\/izdelek\/skozi-okna-ljubljane\/","name":"Skozi okna Ljubljane | \u0160krateljc","isPartOf":{"@id":"https:\/\/www.skrateljc.org\/#website"},"primaryImageOfPage":{"@id":"https:\/\/www.skrateljc.org\/izdelek\/skozi-okna-ljubljane\/#primaryimage"},"image":{"@id":"https:\/\/www.skrateljc.org\/izdelek\/skozi-okna-ljubljane\/#primaryimage"},"thumbnailUrl":"https:\/\/www.skrateljc.org\/wp-content\/uploads\/2024\/02\/SKOZI-OKNA-LJUBLJANE.jpeg","datePublished":"2024-02-22T10:40:12+00:00","dateModified":"2025-10-25T15:10:47+00:00","description":"Slikanica\u00a0Skozi okna Ljubljane\u00a0je do\u017eivljajsko popotovanje po imenitnih, v\u010dasih pretresljivih in neverjetnih zgodbah znamenitih Ljubljan\u010dank in Ljubljan\u010danov.","breadcrumb":{"@id":"https:\/\/www.skrateljc.org\/izdelek\/skozi-okna-ljubljane\/#breadcrumb"},"inLanguage":"hr","potentialAction":[{"@type":"ReadAction","target":["https:\/\/www.skrateljc.org\/izdelek\/skozi-okna-ljubljane\/"]}]},{"@type":"ImageObject","inLanguage":"hr","@id":"https:\/\/www.skrateljc.org\/izdelek\/skozi-okna-ljubljane\/#primaryimage","url":"https:\/\/www.skrateljc.org\/wp-content\/uploads\/2024\/02\/SKOZI-OKNA-LJUBLJANE.jpeg","contentUrl":"https:\/\/www.skrateljc.org\/wp-content\/uploads\/2024\/02\/SKOZI-OKNA-LJUBLJANE.jpeg","width":960,"height":1211,"caption":"Skozi okna Ljubljane slikanica \u0160krateljc"},{"@type":"BreadcrumbList","@id":"https:\/\/www.skrateljc.org\/izdelek\/skozi-okna-ljubljane\/#breadcrumb","itemListElement":[{"@type":"ListItem","position":1,"name":"Domov","item":"https:\/\/www.skrateljc.org\/"},{"@type":"ListItem","position":2,"name":"Trgovina","item":"https:\/\/www.skrateljc.org\/trgovina\/"},{"@type":"ListItem","position":3,"name":"Skozi okna Ljubljane"}]},{"@type":"WebSite","@id":"https:\/\/www.skrateljc.org\/#website","url":"https:\/\/www.skrateljc.org\/","name":"\u0160krateljc","description":"- ustvarjamo do\u017eivetja","publisher":{"@id":"https:\/\/www.skrateljc.org\/#organization"},"potentialAction":[{"@type":"SearchAction","target":{"@type":"EntryPoint","urlTemplate":"https:\/\/www.skrateljc.org\/?s={search_term_string}"},"query-input":{"@type":"PropertyValueSpecification","valueRequired":true,"valueName":"search_term_string"}}],"inLanguage":"hr"},{"@type":"Organization","@id":"https:\/\/www.skrateljc.org\/#organization","name":"Zavod \u0160krateljc","url":"https:\/\/www.skrateljc.org\/","logo":{"@type":"ImageObject","inLanguage":"hr","@id":"https:\/\/www.skrateljc.org\/#\/schema\/logo\/image\/","url":"https:\/\/www.skrateljc.org\/wp-content\/uploads\/2021\/11\/00_logo-skrateljc-COL.jpg","contentUrl":"https:\/\/www.skrateljc.org\/wp-content\/uploads\/2021\/11\/00_logo-skrateljc-COL.jpg","width":1770,"height":471,"caption":"Zavod \u0160krateljc"},"image":{"@id":"https:\/\/www.skrateljc.org\/#\/schema\/logo\/image\/"},"sameAs":["https:\/\/www.facebook.com\/skrateljc","https:\/\/www.youtube.com\/channel\/UCffLgYSmHefkqvSMHeoLSDg","https:\/\/www.instagram.com\/zavodskrateljc"]}]}},"_links":{"self":[{"href":"https:\/\/www.skrateljc.org\/hr\/wp-json\/wp\/v2\/product\/28688","targetHints":{"allow":["GET"]}}],"collection":[{"href":"https:\/\/www.skrateljc.org\/hr\/wp-json\/wp\/v2\/product"}],"about":[{"href":"https:\/\/www.skrateljc.org\/hr\/wp-json\/wp\/v2\/types\/product"}],"wp:featuredmedia":[{"embeddable":true,"href":"https:\/\/www.skrateljc.org\/hr\/wp-json\/wp\/v2\/media\/28689"}],"wp:attachment":[{"href":"https:\/\/www.skrateljc.org\/hr\/wp-json\/wp\/v2\/media?parent=28688"}],"wp:term":[{"taxonomy":"product_brand","embeddable":true,"href":"https:\/\/www.skrateljc.org\/hr\/wp-json\/wp\/v2\/product_brand?post=28688"},{"taxonomy":"product_cat","embeddable":true,"href":"https:\/\/www.skrateljc.org\/hr\/wp-json\/wp\/v2\/product_cat?post=28688"},{"taxonomy":"product_tag","embeddable":true,"href":"https:\/\/www.skrateljc.org\/hr\/wp-json\/wp\/v2\/product_tag?post=28688"}],"curies":[{"name":"wp","href":"https:\/\/api.w.org\/{rel}","templated":true}]}}