{"id":27201,"date":"2023-05-30T15:37:11","date_gmt":"2023-05-30T14:37:11","guid":{"rendered":"https:\/\/www.skrateljc.org\/?post_type=product&#038;p=27201"},"modified":"2026-02-12T15:25:59","modified_gmt":"2026-02-12T14:25:59","slug":"2-kozi-in-3-istrske","status":"publish","type":"product","link":"https:\/\/www.skrateljc.org\/hr\/izdelek\/2-kozi-in-3-istrske\/","title":{"rendered":"2 kozi in 3 istrske"},"content":{"rendered":"<p><em>\u00bbPino, vidi\u0161 tole mesto? Ali nama ni nona pripovedovala, da smo mu prav me koze dale ime?\u00ab se zamisli Pina. \u00bbPa res. Ampak spomnim se tudi, kako je nono pripovedoval stra\u0161ne zgodbe o mogo\u010dnih bogovih, ki so prav v na\u0161ih krajih bili svoje krute bitke,\u00ab se spominja Pino. In \u017ee odskakljata v \u010das, ko sta bila \u0161e mala kozli\u010dka in je bil nadvse \u010dudovit \u010das ravno takrat, ko so se kozli\u010dki posedli na jaso in so jim stari kozli in koze pripovedovali sto in eno <\/em><em>kozjo zgodbo.<\/em><\/p>\n<p>Slikanica Uro\u0161a Grilca in ilustratorke Polone Dra\u0161ler govori o dveh navihanih kozli\u010dkih, Pini in Pinu, ki se rada podita po skalovju in odkrivata skrivnostne koti\u010dke Istre. In kako sta \u0161ele navdu\u0161ena, ko si pripovedujeta zgodbe, ki so se rodile v teh \u010dudovitih krajih: tisto o velikanih, pa ono o luni in soncu ter njima ljubo zgodbo o kozjem otoku \u2026 Zagotovo ti pri\u010darata Pravlji\u010dno Istro, zato preberi knjigo in ju \u010dim prej obi\u0161\u010di!<\/p>","protected":false},"excerpt":{"rendered":"<p><em>\u00bbPino, vidi\u0161 tole mesto? Ali nama ni nona pripovedovala, da smo mu prav me koze dale ime?\u00ab se zamisli Pina. \u00bbPa res. Ampak spomnim se tudi, kako je nono pripovedoval stra\u0161ne zgodbe o mogo\u010dnih bogovih, ki so prav v na\u0161ih krajih bili svoje krute bitke,\u00ab se spominja Pino. In \u017ee odskakljata v \u010das, ko sta bila \u0161e mala kozli\u010dka in je bil nadvse \u010dudovit \u010das ravno takrat, ko so se kozli\u010dki posedli na jaso in so jim stari kozli in koze pripovedovali sto in eno <\/em><em>kozjo zgodbo.<\/em><\/p>\n<p>Nova slikanica Uro\u0161a Grilca in ilustratorke Polone Dra\u0161ler govori o dveh navihanih kozli\u010dkih, Pini in Pinu, ki se rada podita po skalovju in odkrivata skrivnostne koti\u010dke Istre. In kako sta \u0161ele navdu\u0161ena, ko si pripovedujeta zgodbe, ki so se rodile v teh \u010dudovitih krajih: tisto o velikanih, pa ono o luni in soncu ter njima ljubo zgodbo o kozjem otoku \u2026 Zagotovo ti pri\u010darata Pravlji\u010dno Istro, zato preberi knjigo in ju \u010dim prej obi\u0161\u010di!<\/p>","protected":false},"featured_media":27202,"template":"","meta":{"inline_featured_image":false,"cybocfi_hide_featured_image":""},"product_brand":[],"product_cat":[68],"product_tag":[],"class_list":{"0":"post-27201","1":"product","2":"type-product","3":"status-publish","4":"has-post-thumbnail","6":"product_cat-pravljicne-slikanice","8":"first","9":"instock","10":"featured","11":"shipping-taxable","12":"purchasable","13":"product-type-simple"},"yoast_head":"<!-- This site is optimized with the Yoast SEO Premium plugin v27.4 (Yoast SEO v27.4) - https:\/\/yoast.com\/product\/yoast-seo-premium-wordpress\/ -->\n<title>2 kozi in 3 istrske | \u0160krateljc<\/title>\n<meta name=\"description\" content=\"2 kozi in 3 istrske je slikanica, ki govori o dveh navihanih kozli\u010dkih, Pini in Pinu, ki se rada podita po skalovju in odkrivata skrivnostne koti\u010dke Istre.\" \/>\n<meta name=\"robots\" content=\"index, follow, max-snippet:-1, max-image-preview:large, max-video-preview:-1\" \/>\n<link rel=\"canonical\" href=\"https:\/\/www.skrateljc.org\/hr\/proizvod-2\/2-kozi-in-3-istrske\/\" \/>\n<meta property=\"og:locale\" content=\"hr_HR\" \/>\n<meta property=\"og:type\" content=\"article\" \/>\n<meta property=\"og:title\" content=\"2 kozi in 3 istrske\" \/>\n<meta property=\"og:description\" content=\"2 kozi in 3 istrske je slikanica, ki govori o dveh navihanih kozli\u010dkih, Pini in Pinu, ki se rada podita po skalovju in odkrivata skrivnostne koti\u010dke Istre.\" \/>\n<meta property=\"og:url\" content=\"https:\/\/www.skrateljc.org\/hr\/proizvod-2\/2-kozi-in-3-istrske\/\" \/>\n<meta property=\"og:site_name\" content=\"\u0160krateljc\" \/>\n<meta property=\"article:publisher\" content=\"https:\/\/www.facebook.com\/skrateljc\" \/>\n<meta property=\"article:modified_time\" content=\"2026-02-12T14:25:59+00:00\" \/>\n<meta property=\"og:image\" content=\"https:\/\/www.skrateljc.org\/wp-content\/uploads\/2023\/05\/2kozi-3istrske.jpg\" \/>\n\t<meta property=\"og:image:width\" content=\"1236\" \/>\n\t<meta property=\"og:image:height\" content=\"1536\" \/>\n\t<meta property=\"og:image:type\" content=\"image\/jpeg\" \/>\n<meta name=\"twitter:card\" content=\"summary_large_image\" \/>\n<meta name=\"twitter:label1\" content=\"Procijenjeno vrijeme \u010ditanja\" \/>\n\t<meta name=\"twitter:data1\" content=\"1 minuta\" \/>\n<script type=\"application\/ld+json\" class=\"yoast-schema-graph\">{\"@context\":\"https:\\\/\\\/schema.org\",\"@graph\":[{\"@type\":\"WebPage\",\"@id\":\"https:\\\/\\\/www.skrateljc.org\\\/izdelek\\\/2-kozi-in-3-istrske\\\/\",\"url\":\"https:\\\/\\\/www.skrateljc.org\\\/izdelek\\\/2-kozi-in-3-istrske\\\/\",\"name\":\"2 kozi in 3 istrske | \u0160krateljc\",\"isPartOf\":{\"@id\":\"https:\\\/\\\/www.skrateljc.org\\\/#website\"},\"primaryImageOfPage\":{\"@id\":\"https:\\\/\\\/www.skrateljc.org\\\/izdelek\\\/2-kozi-in-3-istrske\\\/#primaryimage\"},\"image\":{\"@id\":\"https:\\\/\\\/www.skrateljc.org\\\/izdelek\\\/2-kozi-in-3-istrske\\\/#primaryimage\"},\"thumbnailUrl\":\"https:\\\/\\\/www.skrateljc.org\\\/wp-content\\\/uploads\\\/2023\\\/05\\\/2kozi-3istrske.jpg\",\"datePublished\":\"2023-05-30T14:37:11+00:00\",\"dateModified\":\"2026-02-12T14:25:59+00:00\",\"description\":\"2 kozi in 3 istrske je slikanica, ki govori o dveh navihanih kozli\u010dkih, Pini in Pinu, ki se rada podita po skalovju in odkrivata skrivnostne koti\u010dke Istre.\",\"breadcrumb\":{\"@id\":\"https:\\\/\\\/www.skrateljc.org\\\/izdelek\\\/2-kozi-in-3-istrske\\\/#breadcrumb\"},\"inLanguage\":\"hr\",\"potentialAction\":[{\"@type\":\"ReadAction\",\"target\":[\"https:\\\/\\\/www.skrateljc.org\\\/izdelek\\\/2-kozi-in-3-istrske\\\/\"]}]},{\"@type\":\"ImageObject\",\"inLanguage\":\"hr\",\"@id\":\"https:\\\/\\\/www.skrateljc.org\\\/izdelek\\\/2-kozi-in-3-istrske\\\/#primaryimage\",\"url\":\"https:\\\/\\\/www.skrateljc.org\\\/wp-content\\\/uploads\\\/2023\\\/05\\\/2kozi-3istrske.jpg\",\"contentUrl\":\"https:\\\/\\\/www.skrateljc.org\\\/wp-content\\\/uploads\\\/2023\\\/05\\\/2kozi-3istrske.jpg\",\"width\":1236,\"height\":1536},{\"@type\":\"BreadcrumbList\",\"@id\":\"https:\\\/\\\/www.skrateljc.org\\\/izdelek\\\/2-kozi-in-3-istrske\\\/#breadcrumb\",\"itemListElement\":[{\"@type\":\"ListItem\",\"position\":1,\"name\":\"Domov\",\"item\":\"https:\\\/\\\/www.skrateljc.org\\\/\"},{\"@type\":\"ListItem\",\"position\":2,\"name\":\"Trgovina\",\"item\":\"https:\\\/\\\/www.skrateljc.org\\\/trgovina\\\/\"},{\"@type\":\"ListItem\",\"position\":3,\"name\":\"2 kozi in 3 istrske\"}]},{\"@type\":\"WebSite\",\"@id\":\"https:\\\/\\\/www.skrateljc.org\\\/#website\",\"url\":\"https:\\\/\\\/www.skrateljc.org\\\/\",\"name\":\"\u0160krateljc\",\"description\":\"- ustvarjamo do\u017eivetja\",\"publisher\":{\"@id\":\"https:\\\/\\\/www.skrateljc.org\\\/#organization\"},\"potentialAction\":[{\"@type\":\"SearchAction\",\"target\":{\"@type\":\"EntryPoint\",\"urlTemplate\":\"https:\\\/\\\/www.skrateljc.org\\\/?s={search_term_string}\"},\"query-input\":{\"@type\":\"PropertyValueSpecification\",\"valueRequired\":true,\"valueName\":\"search_term_string\"}}],\"inLanguage\":\"hr\"},{\"@type\":\"Organization\",\"@id\":\"https:\\\/\\\/www.skrateljc.org\\\/#organization\",\"name\":\"Zavod \u0160krateljc\",\"url\":\"https:\\\/\\\/www.skrateljc.org\\\/\",\"logo\":{\"@type\":\"ImageObject\",\"inLanguage\":\"hr\",\"@id\":\"https:\\\/\\\/www.skrateljc.org\\\/#\\\/schema\\\/logo\\\/image\\\/\",\"url\":\"https:\\\/\\\/www.skrateljc.org\\\/wp-content\\\/uploads\\\/2021\\\/11\\\/00_logo-skrateljc-COL.jpg\",\"contentUrl\":\"https:\\\/\\\/www.skrateljc.org\\\/wp-content\\\/uploads\\\/2021\\\/11\\\/00_logo-skrateljc-COL.jpg\",\"width\":1770,\"height\":471,\"caption\":\"Zavod \u0160krateljc\"},\"image\":{\"@id\":\"https:\\\/\\\/www.skrateljc.org\\\/#\\\/schema\\\/logo\\\/image\\\/\"},\"sameAs\":[\"https:\\\/\\\/www.facebook.com\\\/skrateljc\",\"https:\\\/\\\/www.youtube.com\\\/channel\\\/UCffLgYSmHefkqvSMHeoLSDg\",\"https:\\\/\\\/www.instagram.com\\\/zavodskrateljc\"]}]}<\/script>\n<!-- \/ Yoast SEO Premium plugin. -->","yoast_head_json":{"title":"2 kozi in 3 istrske | \u0160krateljc","description":"2 kozi in 3 istrske je slikanica, ki govori o dveh navihanih kozli\u010dkih, Pini in Pinu, ki se rada podita po skalovju in odkrivata skrivnostne koti\u010dke Istre.","robots":{"index":"index","follow":"follow","max-snippet":"max-snippet:-1","max-image-preview":"max-image-preview:large","max-video-preview":"max-video-preview:-1"},"canonical":"https:\/\/www.skrateljc.org\/hr\/proizvod-2\/2-kozi-in-3-istrske\/","og_locale":"hr_HR","og_type":"article","og_title":"2 kozi in 3 istrske","og_description":"2 kozi in 3 istrske je slikanica, ki govori o dveh navihanih kozli\u010dkih, Pini in Pinu, ki se rada podita po skalovju in odkrivata skrivnostne koti\u010dke Istre.","og_url":"https:\/\/www.skrateljc.org\/hr\/proizvod-2\/2-kozi-in-3-istrske\/","og_site_name":"\u0160krateljc","article_publisher":"https:\/\/www.facebook.com\/skrateljc","article_modified_time":"2026-02-12T14:25:59+00:00","og_image":[{"width":1236,"height":1536,"url":"https:\/\/www.skrateljc.org\/wp-content\/uploads\/2023\/05\/2kozi-3istrske.jpg","type":"image\/jpeg"}],"twitter_card":"summary_large_image","twitter_misc":{"Procijenjeno vrijeme \u010ditanja":"1 minuta"},"schema":{"@context":"https:\/\/schema.org","@graph":[{"@type":"WebPage","@id":"https:\/\/www.skrateljc.org\/izdelek\/2-kozi-in-3-istrske\/","url":"https:\/\/www.skrateljc.org\/izdelek\/2-kozi-in-3-istrske\/","name":"2 kozi in 3 istrske | \u0160krateljc","isPartOf":{"@id":"https:\/\/www.skrateljc.org\/#website"},"primaryImageOfPage":{"@id":"https:\/\/www.skrateljc.org\/izdelek\/2-kozi-in-3-istrske\/#primaryimage"},"image":{"@id":"https:\/\/www.skrateljc.org\/izdelek\/2-kozi-in-3-istrske\/#primaryimage"},"thumbnailUrl":"https:\/\/www.skrateljc.org\/wp-content\/uploads\/2023\/05\/2kozi-3istrske.jpg","datePublished":"2023-05-30T14:37:11+00:00","dateModified":"2026-02-12T14:25:59+00:00","description":"2 kozi in 3 istrske je slikanica, ki govori o dveh navihanih kozli\u010dkih, Pini in Pinu, ki se rada podita po skalovju in odkrivata skrivnostne koti\u010dke Istre.","breadcrumb":{"@id":"https:\/\/www.skrateljc.org\/izdelek\/2-kozi-in-3-istrske\/#breadcrumb"},"inLanguage":"hr","potentialAction":[{"@type":"ReadAction","target":["https:\/\/www.skrateljc.org\/izdelek\/2-kozi-in-3-istrske\/"]}]},{"@type":"ImageObject","inLanguage":"hr","@id":"https:\/\/www.skrateljc.org\/izdelek\/2-kozi-in-3-istrske\/#primaryimage","url":"https:\/\/www.skrateljc.org\/wp-content\/uploads\/2023\/05\/2kozi-3istrske.jpg","contentUrl":"https:\/\/www.skrateljc.org\/wp-content\/uploads\/2023\/05\/2kozi-3istrske.jpg","width":1236,"height":1536},{"@type":"BreadcrumbList","@id":"https:\/\/www.skrateljc.org\/izdelek\/2-kozi-in-3-istrske\/#breadcrumb","itemListElement":[{"@type":"ListItem","position":1,"name":"Domov","item":"https:\/\/www.skrateljc.org\/"},{"@type":"ListItem","position":2,"name":"Trgovina","item":"https:\/\/www.skrateljc.org\/trgovina\/"},{"@type":"ListItem","position":3,"name":"2 kozi in 3 istrske"}]},{"@type":"WebSite","@id":"https:\/\/www.skrateljc.org\/#website","url":"https:\/\/www.skrateljc.org\/","name":"\u0160krateljc","description":"- ustvarjamo do\u017eivetja","publisher":{"@id":"https:\/\/www.skrateljc.org\/#organization"},"potentialAction":[{"@type":"SearchAction","target":{"@type":"EntryPoint","urlTemplate":"https:\/\/www.skrateljc.org\/?s={search_term_string}"},"query-input":{"@type":"PropertyValueSpecification","valueRequired":true,"valueName":"search_term_string"}}],"inLanguage":"hr"},{"@type":"Organization","@id":"https:\/\/www.skrateljc.org\/#organization","name":"Zavod \u0160krateljc","url":"https:\/\/www.skrateljc.org\/","logo":{"@type":"ImageObject","inLanguage":"hr","@id":"https:\/\/www.skrateljc.org\/#\/schema\/logo\/image\/","url":"https:\/\/www.skrateljc.org\/wp-content\/uploads\/2021\/11\/00_logo-skrateljc-COL.jpg","contentUrl":"https:\/\/www.skrateljc.org\/wp-content\/uploads\/2021\/11\/00_logo-skrateljc-COL.jpg","width":1770,"height":471,"caption":"Zavod \u0160krateljc"},"image":{"@id":"https:\/\/www.skrateljc.org\/#\/schema\/logo\/image\/"},"sameAs":["https:\/\/www.facebook.com\/skrateljc","https:\/\/www.youtube.com\/channel\/UCffLgYSmHefkqvSMHeoLSDg","https:\/\/www.instagram.com\/zavodskrateljc"]}]}},"_links":{"self":[{"href":"https:\/\/www.skrateljc.org\/hr\/wp-json\/wp\/v2\/product\/27201","targetHints":{"allow":["GET"]}}],"collection":[{"href":"https:\/\/www.skrateljc.org\/hr\/wp-json\/wp\/v2\/product"}],"about":[{"href":"https:\/\/www.skrateljc.org\/hr\/wp-json\/wp\/v2\/types\/product"}],"wp:featuredmedia":[{"embeddable":true,"href":"https:\/\/www.skrateljc.org\/hr\/wp-json\/wp\/v2\/media\/27202"}],"wp:attachment":[{"href":"https:\/\/www.skrateljc.org\/hr\/wp-json\/wp\/v2\/media?parent=27201"}],"wp:term":[{"taxonomy":"product_brand","embeddable":true,"href":"https:\/\/www.skrateljc.org\/hr\/wp-json\/wp\/v2\/product_brand?post=27201"},{"taxonomy":"product_cat","embeddable":true,"href":"https:\/\/www.skrateljc.org\/hr\/wp-json\/wp\/v2\/product_cat?post=27201"},{"taxonomy":"product_tag","embeddable":true,"href":"https:\/\/www.skrateljc.org\/hr\/wp-json\/wp\/v2\/product_tag?post=27201"}],"curies":[{"name":"wp","href":"https:\/\/api.w.org\/{rel}","templated":true}]}}