{"id":1331,"date":"2021-10-29T10:01:35","date_gmt":"2021-10-29T10:01:35","guid":{"rendered":"https:\/\/skrateljc.org\/?post_type=product&#038;p=1331"},"modified":"2026-02-12T15:27:21","modified_gmt":"2026-02-12T14:27:21","slug":"slikanica-carovniska-sola-krskocara","status":"publish","type":"product","link":"https:\/\/www.skrateljc.org\/hr\/izdelek\/slikanica-carovniska-sola-krskocara\/","title":{"rendered":"\u010carovni\u0161ka \u0161ola Kr\u0161ko\u010dara (SLO, HR, ANG)"},"content":{"rendered":"<h1>\u010carovni\u0161ka \u0161ola Kr\u0161ko\u010dara<\/h1>\n<p>\u010carovni\u0161ka \u0161ola Kr\u0161ko\u010dara je skrivnostna zgodba, ki sta jo ustvarila Jure Engelsberger in Uro\u0161 Grilc.<\/p>\n<p>Slikanica vas na kar 56 straneh skozi pripoved in do\u017eivete ilustracije popelje v nek povsem drug svet \u2026 Ki vas vabi na obisk v \u017eivo, po \u010darovni\u0161ki \u0161oli pa vas popeljejo nadvse zanimivi u\u010ditelji.<\/p>\n<p>Dobrodo\u0161li v \u010carovni\u0161ki \u0161oli <a href=\"https:\/\/www.skrateljc.org\/hr\/krskocara\/\">(HR) Kr\u0161ko\u010dara<\/a>!<\/p>\n<p><em>\u00bb\u010ciri-copra-\u010dara, kr\u0161ko-\u010dara-mara!<\/em><br \/>\n<em>Samo ena stvar premaga urok<\/em><br \/>\n<em>Kr\u0161ko\u010dare: skrbno zacopran in s<\/em><br \/>\n<em>\u0161\u010depcem skrivnosti za\u0161iljen \u010darobni<\/em><br \/>\n<em>zvarek!\u00ab u\u010deno razglasi Krakoved in z<\/em><br \/>\n<em>dolgim ko\u0161\u010denim prstom poka\u017ee \u010disto<\/em><br \/>\n<em>dolo\u010deno stran v \u010darovni\u0161ki bukvi.<\/em><\/p>\n<p>Zgodba \u010carovni\u0161ka \u0161ola Kr\u0161ko\u010dara je pripoved o \u0161tirih prijateljih, ki se u\u010dijo in urijo za \u010darovnike. A \u017ee prvi dan \u0161ole jih \u010daka velika preizku\u0161nja, saj je njihovo \u0161olo zadel tristoletni urok. Podaj se na dogodiv\u0161\u010dino z Adamom, Jurijem, Veroniko in Valom ter odkrij skrivnosti Kr\u0161ko\u010dare.<\/p>\n<p>&nbsp;<\/p>\n<p>Pravlji\u010dno-do\u017eivljajsko pot <a href=\"https:\/\/www.skrateljc.org\/hr\/krskocara\/\">(HR) Kr\u0161ko\u010dara<\/a> lahko obi\u0161\u010dete samostojno vse dni v tednu. <a href=\"https:\/\/goo.gl\/maps\/Qv8dHGLuvUJM5biu5\">Izhodi\u0161\u010de poti.<\/a><\/p>","protected":false},"excerpt":{"rendered":"<p>\u010carovni\u0161ka \u0161ola Kr\u0161ko\u010dara je skrivnostna zgodba, ki sta jo ustvarila Jure Engelsberger in Uro\u0161 Grilc.<\/p>\n<p>Slikanica vas na kar 56 straneh skozi pripoved in do\u017eivete ilustracije popelje v nek povsem drug svet \u2026 Ki vas vabi na obisk v \u017eivo, po \u010darovni\u0161ki \u0161oli pa vas popeljejo nadvse zanimivi u\u010ditelji.<\/p>\n<p>Dobrodo\u0161li v \u010carovni\u0161ki \u0161oli <a href=\"https:\/\/www.skrateljc.org\/hr\/krskocara\/\">(HR) Kr\u0161ko\u010dara<\/a>!<\/p>","protected":false},"featured_media":2375,"template":"","meta":{"inline_featured_image":false,"cybocfi_hide_featured_image":""},"product_brand":[],"product_cat":[68,91],"product_tag":[],"class_list":{"0":"post-1331","1":"product","2":"type-product","3":"status-publish","4":"has-post-thumbnail","6":"product_cat-pravljicne-slikanice","7":"product_cat-slikanice-v-tujem-jeziku","9":"first","10":"instock","11":"shipping-taxable","12":"purchasable","13":"product-type-variable","14":"has-default-attributes"},"yoast_head":"<!-- This site is optimized with the Yoast SEO Premium plugin v27.5 (Yoast SEO v27.6) - https:\/\/yoast.com\/product\/yoast-seo-premium-wordpress\/ -->\n<title>\u010carovni\u0161ka \u0161ola Kr\u0161ko\u010dara (SLO, HR, ANG) | \u0160krateljc<\/title>\n<meta name=\"description\" content=\"\u010carovni\u0161ka \u0161ola Kr\u0161ko\u010dara je pripoved o \u0161tirih prijateljih, ki se urijo za \u010darovnike. \u017de prvi dan \u0161ole jih \u010daka preizku\u0161nja, saj je njihovo \u0161olo zadel urok.\" \/>\n<meta name=\"robots\" content=\"index, follow, max-snippet:-1, max-image-preview:large, max-video-preview:-1\" \/>\n<link rel=\"canonical\" href=\"https:\/\/www.skrateljc.org\/hr\/proizvod-2\/slikanica-carovniska-sola-krskocara\/\" \/>\n<meta property=\"og:locale\" content=\"hr_HR\" \/>\n<meta property=\"og:type\" content=\"article\" \/>\n<meta property=\"og:title\" content=\"\u010carovni\u0161ka \u0161ola Kr\u0161ko\u010dara (SLO, HR, ANG)\" \/>\n<meta property=\"og:description\" content=\"\u010carovni\u0161ka \u0161ola Kr\u0161ko\u010dara je pripoved o \u0161tirih prijateljih, ki se urijo za \u010darovnike. \u017de prvi dan \u0161ole jih \u010daka preizku\u0161nja, saj je njihovo \u0161olo zadel urok.\" \/>\n<meta property=\"og:url\" content=\"https:\/\/www.skrateljc.org\/hr\/proizvod-2\/slikanica-carovniska-sola-krskocara\/\" \/>\n<meta property=\"og:site_name\" content=\"\u0160krateljc\" \/>\n<meta property=\"article:publisher\" content=\"https:\/\/www.facebook.com\/skrateljc\" \/>\n<meta property=\"article:modified_time\" content=\"2026-02-12T14:27:21+00:00\" \/>\n<meta property=\"og:image\" content=\"https:\/\/www.skrateljc.org\/wp-content\/uploads\/2021\/11\/Krsko_cara.png\" \/>\n\t<meta property=\"og:image:width\" content=\"612\" \/>\n\t<meta property=\"og:image:height\" content=\"767\" \/>\n\t<meta property=\"og:image:type\" content=\"image\/png\" \/>\n<meta name=\"twitter:card\" content=\"summary_large_image\" \/>\n<meta name=\"twitter:label1\" content=\"Procijenjeno vrijeme \u010ditanja\" \/>\n\t<meta name=\"twitter:data1\" content=\"1 minuta\" \/>\n<script type=\"application\/ld+json\" class=\"yoast-schema-graph\">{\"@context\":\"https:\\\/\\\/schema.org\",\"@graph\":[{\"@type\":\"WebPage\",\"@id\":\"https:\\\/\\\/www.skrateljc.org\\\/izdelek\\\/slikanica-carovniska-sola-krskocara\\\/\",\"url\":\"https:\\\/\\\/www.skrateljc.org\\\/izdelek\\\/slikanica-carovniska-sola-krskocara\\\/\",\"name\":\"\u010carovni\u0161ka \u0161ola Kr\u0161ko\u010dara (SLO, HR, ANG) | \u0160krateljc\",\"isPartOf\":{\"@id\":\"https:\\\/\\\/www.skrateljc.org\\\/#website\"},\"primaryImageOfPage\":{\"@id\":\"https:\\\/\\\/www.skrateljc.org\\\/izdelek\\\/slikanica-carovniska-sola-krskocara\\\/#primaryimage\"},\"image\":{\"@id\":\"https:\\\/\\\/www.skrateljc.org\\\/izdelek\\\/slikanica-carovniska-sola-krskocara\\\/#primaryimage\"},\"thumbnailUrl\":\"https:\\\/\\\/www.skrateljc.org\\\/wp-content\\\/uploads\\\/2021\\\/10\\\/Krsko_cara.png\",\"datePublished\":\"2021-10-29T10:01:35+00:00\",\"dateModified\":\"2026-02-12T14:27:21+00:00\",\"description\":\"\u010carovni\u0161ka \u0161ola Kr\u0161ko\u010dara je pripoved o \u0161tirih prijateljih, ki se urijo za \u010darovnike. \u017de prvi dan \u0161ole jih \u010daka preizku\u0161nja, saj je njihovo \u0161olo zadel urok.\",\"breadcrumb\":{\"@id\":\"https:\\\/\\\/www.skrateljc.org\\\/izdelek\\\/slikanica-carovniska-sola-krskocara\\\/#breadcrumb\"},\"inLanguage\":\"hr\",\"potentialAction\":[{\"@type\":\"ReadAction\",\"target\":[\"https:\\\/\\\/www.skrateljc.org\\\/izdelek\\\/slikanica-carovniska-sola-krskocara\\\/\"]}]},{\"@type\":\"ImageObject\",\"inLanguage\":\"hr\",\"@id\":\"https:\\\/\\\/www.skrateljc.org\\\/izdelek\\\/slikanica-carovniska-sola-krskocara\\\/#primaryimage\",\"url\":\"https:\\\/\\\/www.skrateljc.org\\\/wp-content\\\/uploads\\\/2021\\\/10\\\/Krsko_cara.png\",\"contentUrl\":\"https:\\\/\\\/www.skrateljc.org\\\/wp-content\\\/uploads\\\/2021\\\/10\\\/Krsko_cara.png\",\"width\":612,\"height\":767,\"caption\":\"\u010carovni\u0161ka \u0161ola Kr\u0161ko\u010dara slikanica \u0160krateljc\"},{\"@type\":\"BreadcrumbList\",\"@id\":\"https:\\\/\\\/www.skrateljc.org\\\/izdelek\\\/slikanica-carovniska-sola-krskocara\\\/#breadcrumb\",\"itemListElement\":[{\"@type\":\"ListItem\",\"position\":1,\"name\":\"Domov\",\"item\":\"https:\\\/\\\/www.skrateljc.org\\\/\"},{\"@type\":\"ListItem\",\"position\":2,\"name\":\"Trgovina\",\"item\":\"https:\\\/\\\/www.skrateljc.org\\\/trgovina\\\/\"},{\"@type\":\"ListItem\",\"position\":3,\"name\":\"\u010carovni\u0161ka \u0161ola Kr\u0161ko\u010dara (SLO, HR, ANG)\"}]},{\"@type\":\"WebSite\",\"@id\":\"https:\\\/\\\/www.skrateljc.org\\\/#website\",\"url\":\"https:\\\/\\\/www.skrateljc.org\\\/\",\"name\":\"\u0160krateljc\",\"description\":\"- ustvarjamo do\u017eivetja\",\"publisher\":{\"@id\":\"https:\\\/\\\/www.skrateljc.org\\\/#organization\"},\"potentialAction\":[{\"@type\":\"SearchAction\",\"target\":{\"@type\":\"EntryPoint\",\"urlTemplate\":\"https:\\\/\\\/www.skrateljc.org\\\/?s={search_term_string}\"},\"query-input\":{\"@type\":\"PropertyValueSpecification\",\"valueRequired\":true,\"valueName\":\"search_term_string\"}}],\"inLanguage\":\"hr\"},{\"@type\":\"Organization\",\"@id\":\"https:\\\/\\\/www.skrateljc.org\\\/#organization\",\"name\":\"Zavod \u0160krateljc\",\"url\":\"https:\\\/\\\/www.skrateljc.org\\\/\",\"logo\":{\"@type\":\"ImageObject\",\"inLanguage\":\"hr\",\"@id\":\"https:\\\/\\\/www.skrateljc.org\\\/#\\\/schema\\\/logo\\\/image\\\/\",\"url\":\"https:\\\/\\\/www.skrateljc.org\\\/wp-content\\\/uploads\\\/2021\\\/11\\\/00_logo-skrateljc-COL.jpg\",\"contentUrl\":\"https:\\\/\\\/www.skrateljc.org\\\/wp-content\\\/uploads\\\/2021\\\/11\\\/00_logo-skrateljc-COL.jpg\",\"width\":1770,\"height\":471,\"caption\":\"Zavod \u0160krateljc\"},\"image\":{\"@id\":\"https:\\\/\\\/www.skrateljc.org\\\/#\\\/schema\\\/logo\\\/image\\\/\"},\"sameAs\":[\"https:\\\/\\\/www.facebook.com\\\/skrateljc\",\"https:\\\/\\\/www.youtube.com\\\/channel\\\/UCffLgYSmHefkqvSMHeoLSDg\",\"https:\\\/\\\/www.instagram.com\\\/zavodskrateljc\"]}]}<\/script>\n<!-- \/ Yoast SEO Premium plugin. -->","yoast_head_json":{"title":"\u010carovni\u0161ka \u0161ola Kr\u0161ko\u010dara (SLO, HR, ANG) | \u0160krateljc","description":"\u010carovni\u0161ka \u0161ola Kr\u0161ko\u010dara je pripoved o \u0161tirih prijateljih, ki se urijo za \u010darovnike. \u017de prvi dan \u0161ole jih \u010daka preizku\u0161nja, saj je njihovo \u0161olo zadel urok.","robots":{"index":"index","follow":"follow","max-snippet":"max-snippet:-1","max-image-preview":"max-image-preview:large","max-video-preview":"max-video-preview:-1"},"canonical":"https:\/\/www.skrateljc.org\/hr\/proizvod-2\/slikanica-carovniska-sola-krskocara\/","og_locale":"hr_HR","og_type":"article","og_title":"\u010carovni\u0161ka \u0161ola Kr\u0161ko\u010dara (SLO, HR, ANG)","og_description":"\u010carovni\u0161ka \u0161ola Kr\u0161ko\u010dara je pripoved o \u0161tirih prijateljih, ki se urijo za \u010darovnike. \u017de prvi dan \u0161ole jih \u010daka preizku\u0161nja, saj je njihovo \u0161olo zadel urok.","og_url":"https:\/\/www.skrateljc.org\/hr\/proizvod-2\/slikanica-carovniska-sola-krskocara\/","og_site_name":"\u0160krateljc","article_publisher":"https:\/\/www.facebook.com\/skrateljc","article_modified_time":"2026-02-12T14:27:21+00:00","og_image":[{"width":612,"height":767,"url":"https:\/\/www.skrateljc.org\/wp-content\/uploads\/2021\/11\/Krsko_cara.png","type":"image\/png"}],"twitter_card":"summary_large_image","twitter_misc":{"Procijenjeno vrijeme \u010ditanja":"1 minuta"},"schema":{"@context":"https:\/\/schema.org","@graph":[{"@type":"WebPage","@id":"https:\/\/www.skrateljc.org\/izdelek\/slikanica-carovniska-sola-krskocara\/","url":"https:\/\/www.skrateljc.org\/izdelek\/slikanica-carovniska-sola-krskocara\/","name":"\u010carovni\u0161ka \u0161ola Kr\u0161ko\u010dara (SLO, HR, ANG) | \u0160krateljc","isPartOf":{"@id":"https:\/\/www.skrateljc.org\/#website"},"primaryImageOfPage":{"@id":"https:\/\/www.skrateljc.org\/izdelek\/slikanica-carovniska-sola-krskocara\/#primaryimage"},"image":{"@id":"https:\/\/www.skrateljc.org\/izdelek\/slikanica-carovniska-sola-krskocara\/#primaryimage"},"thumbnailUrl":"https:\/\/www.skrateljc.org\/wp-content\/uploads\/2021\/10\/Krsko_cara.png","datePublished":"2021-10-29T10:01:35+00:00","dateModified":"2026-02-12T14:27:21+00:00","description":"\u010carovni\u0161ka \u0161ola Kr\u0161ko\u010dara je pripoved o \u0161tirih prijateljih, ki se urijo za \u010darovnike. \u017de prvi dan \u0161ole jih \u010daka preizku\u0161nja, saj je njihovo \u0161olo zadel urok.","breadcrumb":{"@id":"https:\/\/www.skrateljc.org\/izdelek\/slikanica-carovniska-sola-krskocara\/#breadcrumb"},"inLanguage":"hr","potentialAction":[{"@type":"ReadAction","target":["https:\/\/www.skrateljc.org\/izdelek\/slikanica-carovniska-sola-krskocara\/"]}]},{"@type":"ImageObject","inLanguage":"hr","@id":"https:\/\/www.skrateljc.org\/izdelek\/slikanica-carovniska-sola-krskocara\/#primaryimage","url":"https:\/\/www.skrateljc.org\/wp-content\/uploads\/2021\/10\/Krsko_cara.png","contentUrl":"https:\/\/www.skrateljc.org\/wp-content\/uploads\/2021\/10\/Krsko_cara.png","width":612,"height":767,"caption":"\u010carovni\u0161ka \u0161ola Kr\u0161ko\u010dara slikanica \u0160krateljc"},{"@type":"BreadcrumbList","@id":"https:\/\/www.skrateljc.org\/izdelek\/slikanica-carovniska-sola-krskocara\/#breadcrumb","itemListElement":[{"@type":"ListItem","position":1,"name":"Domov","item":"https:\/\/www.skrateljc.org\/"},{"@type":"ListItem","position":2,"name":"Trgovina","item":"https:\/\/www.skrateljc.org\/trgovina\/"},{"@type":"ListItem","position":3,"name":"\u010carovni\u0161ka \u0161ola Kr\u0161ko\u010dara (SLO, HR, ANG)"}]},{"@type":"WebSite","@id":"https:\/\/www.skrateljc.org\/#website","url":"https:\/\/www.skrateljc.org\/","name":"\u0160krateljc","description":"- ustvarjamo do\u017eivetja","publisher":{"@id":"https:\/\/www.skrateljc.org\/#organization"},"potentialAction":[{"@type":"SearchAction","target":{"@type":"EntryPoint","urlTemplate":"https:\/\/www.skrateljc.org\/?s={search_term_string}"},"query-input":{"@type":"PropertyValueSpecification","valueRequired":true,"valueName":"search_term_string"}}],"inLanguage":"hr"},{"@type":"Organization","@id":"https:\/\/www.skrateljc.org\/#organization","name":"Zavod \u0160krateljc","url":"https:\/\/www.skrateljc.org\/","logo":{"@type":"ImageObject","inLanguage":"hr","@id":"https:\/\/www.skrateljc.org\/#\/schema\/logo\/image\/","url":"https:\/\/www.skrateljc.org\/wp-content\/uploads\/2021\/11\/00_logo-skrateljc-COL.jpg","contentUrl":"https:\/\/www.skrateljc.org\/wp-content\/uploads\/2021\/11\/00_logo-skrateljc-COL.jpg","width":1770,"height":471,"caption":"Zavod \u0160krateljc"},"image":{"@id":"https:\/\/www.skrateljc.org\/#\/schema\/logo\/image\/"},"sameAs":["https:\/\/www.facebook.com\/skrateljc","https:\/\/www.youtube.com\/channel\/UCffLgYSmHefkqvSMHeoLSDg","https:\/\/www.instagram.com\/zavodskrateljc"]}]}},"_links":{"self":[{"href":"https:\/\/www.skrateljc.org\/hr\/wp-json\/wp\/v2\/product\/1331","targetHints":{"allow":["GET"]}}],"collection":[{"href":"https:\/\/www.skrateljc.org\/hr\/wp-json\/wp\/v2\/product"}],"about":[{"href":"https:\/\/www.skrateljc.org\/hr\/wp-json\/wp\/v2\/types\/product"}],"wp:featuredmedia":[{"embeddable":true,"href":"https:\/\/www.skrateljc.org\/hr\/wp-json\/wp\/v2\/media\/2375"}],"wp:attachment":[{"href":"https:\/\/www.skrateljc.org\/hr\/wp-json\/wp\/v2\/media?parent=1331"}],"wp:term":[{"taxonomy":"product_brand","embeddable":true,"href":"https:\/\/www.skrateljc.org\/hr\/wp-json\/wp\/v2\/product_brand?post=1331"},{"taxonomy":"product_cat","embeddable":true,"href":"https:\/\/www.skrateljc.org\/hr\/wp-json\/wp\/v2\/product_cat?post=1331"},{"taxonomy":"product_tag","embeddable":true,"href":"https:\/\/www.skrateljc.org\/hr\/wp-json\/wp\/v2\/product_tag?post=1331"}],"curies":[{"name":"wp","href":"https:\/\/api.w.org\/{rel}","templated":true}]}}