{"id":1055,"date":"2021-10-29T07:33:23","date_gmt":"2021-10-29T07:33:23","guid":{"rendered":"https:\/\/skrateljc.org\/?post_type=product&#038;p=1055"},"modified":"2026-02-12T15:26:52","modified_gmt":"2026-02-12T14:26:52","slug":"mali-plac","status":"publish","type":"product","link":"https:\/\/www.skrateljc.org\/hr\/izdelek\/mali-plac\/","title":{"rendered":"Mali plac"},"content":{"rendered":"<p><strong>Mali plac je gozdi\u010dek sredi mo\u010dvirja z majhnim jezercem. Pravlji\u010dno lep kraj je to!<\/strong>\u00a0Je dom \u017eelve Bevke in \u0161tevilnih drugih \u017eivali. A nekega dne mo\u010dvirski \u0161kratje uro\u010dijo ta prijazen koti\u010dek narave in \u017eivali morajo oditi. Le \u017eelva Bevka zmore dovolj poguma in modrosti, da se soo\u010di s hudobnimi \u0161krati. Bo re\u0161ila Mali plac pred \u0161kratjim urokom?<\/p>\n<p><em>Kot bi strela tre\u0161\u010dila z vedrega neba, se pred \u017eelvo znajde mo\u010dvirski \u0161krat, imenovan \u0160krateljc, in se rezko hihita. \u00bbTi \u0161ment, ja kak\u0161na ko\u010da na \u0161tirih nogah pa si ti in kako ti pade na pamet, da moti\u0161 moj \u0161kratji mir!\u00ab sikne in se \u010doha za za\u0161iljenimi uhlji. Nikakor mu ne gre v ra\u010dun, da si takole bitje upa samo tacati po \u0161kratjem kraljestvu.<\/em><\/p>\n<p>&nbsp;<\/p>\n<p>Morda ji lahko pri tem pomaga\u0161 tudi ti, zato te vabim na\u00a0<a href=\"https:\/\/www.skrateljc.org\/hr\/pot-mocvirskih-skratov-na-mali-plac\/\">Pot mo\u010dvirskih \u0161kratov na Mali plac!<\/a><\/p>","protected":false},"excerpt":{"rendered":"<p><strong>Mali plac je gozdi\u010dek sredi mo\u010dvirja z majhnim jezercem. Pravlji\u010dno lep kraj je to!<\/strong>\u00a0Je dom \u017eelve Bevke in \u0161tevilnih drugih \u017eivali. A nekega dne mo\u010dvirski \u0161kratje uro\u010dijo ta prijazen koti\u010dek narave in \u017eivali morajo oditi. Le \u017eelva Bevka zmore dovolj poguma in modrosti, da se soo\u010di s hudobnimi \u0161krati. Bo re\u0161ila Mali plac pred \u0161kratjim urokom?<\/p>\n<p><em>Kot bi strela tre\u0161\u010dila z vedrega neba, se pred \u017eelvo znajde mo\u010dvirski \u0161krat, imenovan \u0160krateljc, in se rezko hihita. \u00bbTi \u0161ment, ja kak\u0161na ko\u010da na \u0161tirih nogah pa si ti in kako ti pade na pamet, da moti\u0161 moj \u0161kratji mir!\u00ab sikne in se \u010doha za za\u0161iljenimi uhlji. Nikakor mu ne gre v ra\u010dun, da si takole bitje upa samo tacati po \u0161kratjem kraljestvu.<\/em><\/p>\n<p>&nbsp;<\/p>\n<p>Morda ji lahko pri tem pomaga\u0161 tudi ti, zato te vabim na\u00a0<a href=\"https:\/\/www.skrateljc.org\/hr\/pot-mocvirskih-skratov-na-mali-plac\/\">Pot mo\u010dvirskih \u0161kratov na Mali plac!<\/a><\/p>","protected":false},"featured_media":1189,"template":"","meta":{"inline_featured_image":false,"cybocfi_hide_featured_image":""},"product_brand":[],"product_cat":[68],"product_tag":[],"class_list":{"0":"post-1055","1":"product","2":"type-product","3":"status-publish","4":"has-post-thumbnail","6":"product_cat-pravljicne-slikanice","8":"first","9":"instock","10":"shipping-taxable","11":"purchasable","12":"product-type-simple"},"yoast_head":"<!-- This site is optimized with the Yoast SEO Premium plugin v27.4 (Yoast SEO v27.4) - https:\/\/yoast.com\/product\/yoast-seo-premium-wordpress\/ -->\n<title>Mali plac | \u0160krateljc<\/title>\n<meta name=\"description\" content=\"Mali plac je slikanica, ki govori o pravlji\u010dno lepem kraju na Ljubljanskem barju. A nekega dne mo\u010dvirski \u0161kratje uro\u010dijo ta prijazen koti\u010dek narave in \u017eivali morajo oditi.\" \/>\n<meta name=\"robots\" content=\"index, follow, max-snippet:-1, max-image-preview:large, max-video-preview:-1\" \/>\n<link rel=\"canonical\" href=\"https:\/\/www.skrateljc.org\/hr\/proizvod-2\/mali-plac\/\" \/>\n<meta property=\"og:locale\" content=\"hr_HR\" \/>\n<meta property=\"og:type\" content=\"article\" \/>\n<meta property=\"og:title\" content=\"Mali plac\" \/>\n<meta property=\"og:description\" content=\"Mali plac je slikanica, ki govori o pravlji\u010dno lepem kraju na Ljubljanskem barju. A nekega dne mo\u010dvirski \u0161kratje uro\u010dijo ta prijazen koti\u010dek narave in \u017eivali morajo oditi.\" \/>\n<meta property=\"og:url\" content=\"https:\/\/www.skrateljc.org\/hr\/proizvod-2\/mali-plac\/\" \/>\n<meta property=\"og:site_name\" content=\"\u0160krateljc\" \/>\n<meta property=\"article:publisher\" content=\"https:\/\/www.facebook.com\/skrateljc\" \/>\n<meta property=\"article:modified_time\" content=\"2026-02-12T14:26:52+00:00\" \/>\n<meta property=\"og:image\" content=\"https:\/\/www.skrateljc.org\/wp-content\/uploads\/2021\/10\/Mali_plac_koncna-1.jpg\" \/>\n\t<meta property=\"og:image:width\" content=\"612\" \/>\n\t<meta property=\"og:image:height\" content=\"767\" \/>\n\t<meta property=\"og:image:type\" content=\"image\/jpeg\" \/>\n<meta name=\"twitter:card\" content=\"summary_large_image\" \/>\n<meta name=\"twitter:label1\" content=\"Procijenjeno vrijeme \u010ditanja\" \/>\n\t<meta name=\"twitter:data1\" content=\"1 minuta\" \/>\n<script type=\"application\/ld+json\" class=\"yoast-schema-graph\">{\"@context\":\"https:\\\/\\\/schema.org\",\"@graph\":[{\"@type\":\"WebPage\",\"@id\":\"https:\\\/\\\/www.skrateljc.org\\\/izdelek\\\/mali-plac\\\/\",\"url\":\"https:\\\/\\\/www.skrateljc.org\\\/izdelek\\\/mali-plac\\\/\",\"name\":\"Mali plac | \u0160krateljc\",\"isPartOf\":{\"@id\":\"https:\\\/\\\/www.skrateljc.org\\\/#website\"},\"primaryImageOfPage\":{\"@id\":\"https:\\\/\\\/www.skrateljc.org\\\/izdelek\\\/mali-plac\\\/#primaryimage\"},\"image\":{\"@id\":\"https:\\\/\\\/www.skrateljc.org\\\/izdelek\\\/mali-plac\\\/#primaryimage\"},\"thumbnailUrl\":\"https:\\\/\\\/www.skrateljc.org\\\/wp-content\\\/uploads\\\/2021\\\/10\\\/Mali_plac_koncna-1.jpg\",\"datePublished\":\"2021-10-29T07:33:23+00:00\",\"dateModified\":\"2026-02-12T14:26:52+00:00\",\"description\":\"Mali plac je slikanica, ki govori o pravlji\u010dno lepem kraju na Ljubljanskem barju. A nekega dne mo\u010dvirski \u0161kratje uro\u010dijo ta prijazen koti\u010dek narave in \u017eivali morajo oditi.\",\"breadcrumb\":{\"@id\":\"https:\\\/\\\/www.skrateljc.org\\\/izdelek\\\/mali-plac\\\/#breadcrumb\"},\"inLanguage\":\"hr\",\"potentialAction\":[{\"@type\":\"ReadAction\",\"target\":[\"https:\\\/\\\/www.skrateljc.org\\\/izdelek\\\/mali-plac\\\/\"]}]},{\"@type\":\"ImageObject\",\"inLanguage\":\"hr\",\"@id\":\"https:\\\/\\\/www.skrateljc.org\\\/izdelek\\\/mali-plac\\\/#primaryimage\",\"url\":\"https:\\\/\\\/www.skrateljc.org\\\/wp-content\\\/uploads\\\/2021\\\/10\\\/Mali_plac_koncna-1.jpg\",\"contentUrl\":\"https:\\\/\\\/www.skrateljc.org\\\/wp-content\\\/uploads\\\/2021\\\/10\\\/Mali_plac_koncna-1.jpg\",\"width\":612,\"height\":767,\"caption\":\"Mali plac slikanica \u0160krateljc\"},{\"@type\":\"BreadcrumbList\",\"@id\":\"https:\\\/\\\/www.skrateljc.org\\\/izdelek\\\/mali-plac\\\/#breadcrumb\",\"itemListElement\":[{\"@type\":\"ListItem\",\"position\":1,\"name\":\"Domov\",\"item\":\"https:\\\/\\\/www.skrateljc.org\\\/\"},{\"@type\":\"ListItem\",\"position\":2,\"name\":\"Trgovina\",\"item\":\"https:\\\/\\\/www.skrateljc.org\\\/trgovina\\\/\"},{\"@type\":\"ListItem\",\"position\":3,\"name\":\"Mali plac\"}]},{\"@type\":\"WebSite\",\"@id\":\"https:\\\/\\\/www.skrateljc.org\\\/#website\",\"url\":\"https:\\\/\\\/www.skrateljc.org\\\/\",\"name\":\"\u0160krateljc\",\"description\":\"- ustvarjamo do\u017eivetja\",\"publisher\":{\"@id\":\"https:\\\/\\\/www.skrateljc.org\\\/#organization\"},\"potentialAction\":[{\"@type\":\"SearchAction\",\"target\":{\"@type\":\"EntryPoint\",\"urlTemplate\":\"https:\\\/\\\/www.skrateljc.org\\\/?s={search_term_string}\"},\"query-input\":{\"@type\":\"PropertyValueSpecification\",\"valueRequired\":true,\"valueName\":\"search_term_string\"}}],\"inLanguage\":\"hr\"},{\"@type\":\"Organization\",\"@id\":\"https:\\\/\\\/www.skrateljc.org\\\/#organization\",\"name\":\"Zavod \u0160krateljc\",\"url\":\"https:\\\/\\\/www.skrateljc.org\\\/\",\"logo\":{\"@type\":\"ImageObject\",\"inLanguage\":\"hr\",\"@id\":\"https:\\\/\\\/www.skrateljc.org\\\/#\\\/schema\\\/logo\\\/image\\\/\",\"url\":\"https:\\\/\\\/www.skrateljc.org\\\/wp-content\\\/uploads\\\/2021\\\/11\\\/00_logo-skrateljc-COL.jpg\",\"contentUrl\":\"https:\\\/\\\/www.skrateljc.org\\\/wp-content\\\/uploads\\\/2021\\\/11\\\/00_logo-skrateljc-COL.jpg\",\"width\":1770,\"height\":471,\"caption\":\"Zavod \u0160krateljc\"},\"image\":{\"@id\":\"https:\\\/\\\/www.skrateljc.org\\\/#\\\/schema\\\/logo\\\/image\\\/\"},\"sameAs\":[\"https:\\\/\\\/www.facebook.com\\\/skrateljc\",\"https:\\\/\\\/www.youtube.com\\\/channel\\\/UCffLgYSmHefkqvSMHeoLSDg\",\"https:\\\/\\\/www.instagram.com\\\/zavodskrateljc\"]}]}<\/script>\n<!-- \/ Yoast SEO Premium plugin. -->","yoast_head_json":{"title":"Mali plac | \u0160krateljc","description":"Mali plac je slikanica, ki govori o pravlji\u010dno lepem kraju na Ljubljanskem barju. A nekega dne mo\u010dvirski \u0161kratje uro\u010dijo ta prijazen koti\u010dek narave in \u017eivali morajo oditi.","robots":{"index":"index","follow":"follow","max-snippet":"max-snippet:-1","max-image-preview":"max-image-preview:large","max-video-preview":"max-video-preview:-1"},"canonical":"https:\/\/www.skrateljc.org\/hr\/proizvod-2\/mali-plac\/","og_locale":"hr_HR","og_type":"article","og_title":"Mali plac","og_description":"Mali plac je slikanica, ki govori o pravlji\u010dno lepem kraju na Ljubljanskem barju. A nekega dne mo\u010dvirski \u0161kratje uro\u010dijo ta prijazen koti\u010dek narave in \u017eivali morajo oditi.","og_url":"https:\/\/www.skrateljc.org\/hr\/proizvod-2\/mali-plac\/","og_site_name":"\u0160krateljc","article_publisher":"https:\/\/www.facebook.com\/skrateljc","article_modified_time":"2026-02-12T14:26:52+00:00","og_image":[{"width":612,"height":767,"url":"https:\/\/www.skrateljc.org\/wp-content\/uploads\/2021\/10\/Mali_plac_koncna-1.jpg","type":"image\/jpeg"}],"twitter_card":"summary_large_image","twitter_misc":{"Procijenjeno vrijeme \u010ditanja":"1 minuta"},"schema":{"@context":"https:\/\/schema.org","@graph":[{"@type":"WebPage","@id":"https:\/\/www.skrateljc.org\/izdelek\/mali-plac\/","url":"https:\/\/www.skrateljc.org\/izdelek\/mali-plac\/","name":"Mali plac | \u0160krateljc","isPartOf":{"@id":"https:\/\/www.skrateljc.org\/#website"},"primaryImageOfPage":{"@id":"https:\/\/www.skrateljc.org\/izdelek\/mali-plac\/#primaryimage"},"image":{"@id":"https:\/\/www.skrateljc.org\/izdelek\/mali-plac\/#primaryimage"},"thumbnailUrl":"https:\/\/www.skrateljc.org\/wp-content\/uploads\/2021\/10\/Mali_plac_koncna-1.jpg","datePublished":"2021-10-29T07:33:23+00:00","dateModified":"2026-02-12T14:26:52+00:00","description":"Mali plac je slikanica, ki govori o pravlji\u010dno lepem kraju na Ljubljanskem barju. A nekega dne mo\u010dvirski \u0161kratje uro\u010dijo ta prijazen koti\u010dek narave in \u017eivali morajo oditi.","breadcrumb":{"@id":"https:\/\/www.skrateljc.org\/izdelek\/mali-plac\/#breadcrumb"},"inLanguage":"hr","potentialAction":[{"@type":"ReadAction","target":["https:\/\/www.skrateljc.org\/izdelek\/mali-plac\/"]}]},{"@type":"ImageObject","inLanguage":"hr","@id":"https:\/\/www.skrateljc.org\/izdelek\/mali-plac\/#primaryimage","url":"https:\/\/www.skrateljc.org\/wp-content\/uploads\/2021\/10\/Mali_plac_koncna-1.jpg","contentUrl":"https:\/\/www.skrateljc.org\/wp-content\/uploads\/2021\/10\/Mali_plac_koncna-1.jpg","width":612,"height":767,"caption":"Mali plac slikanica \u0160krateljc"},{"@type":"BreadcrumbList","@id":"https:\/\/www.skrateljc.org\/izdelek\/mali-plac\/#breadcrumb","itemListElement":[{"@type":"ListItem","position":1,"name":"Domov","item":"https:\/\/www.skrateljc.org\/"},{"@type":"ListItem","position":2,"name":"Trgovina","item":"https:\/\/www.skrateljc.org\/trgovina\/"},{"@type":"ListItem","position":3,"name":"Mali plac"}]},{"@type":"WebSite","@id":"https:\/\/www.skrateljc.org\/#website","url":"https:\/\/www.skrateljc.org\/","name":"\u0160krateljc","description":"- ustvarjamo do\u017eivetja","publisher":{"@id":"https:\/\/www.skrateljc.org\/#organization"},"potentialAction":[{"@type":"SearchAction","target":{"@type":"EntryPoint","urlTemplate":"https:\/\/www.skrateljc.org\/?s={search_term_string}"},"query-input":{"@type":"PropertyValueSpecification","valueRequired":true,"valueName":"search_term_string"}}],"inLanguage":"hr"},{"@type":"Organization","@id":"https:\/\/www.skrateljc.org\/#organization","name":"Zavod \u0160krateljc","url":"https:\/\/www.skrateljc.org\/","logo":{"@type":"ImageObject","inLanguage":"hr","@id":"https:\/\/www.skrateljc.org\/#\/schema\/logo\/image\/","url":"https:\/\/www.skrateljc.org\/wp-content\/uploads\/2021\/11\/00_logo-skrateljc-COL.jpg","contentUrl":"https:\/\/www.skrateljc.org\/wp-content\/uploads\/2021\/11\/00_logo-skrateljc-COL.jpg","width":1770,"height":471,"caption":"Zavod \u0160krateljc"},"image":{"@id":"https:\/\/www.skrateljc.org\/#\/schema\/logo\/image\/"},"sameAs":["https:\/\/www.facebook.com\/skrateljc","https:\/\/www.youtube.com\/channel\/UCffLgYSmHefkqvSMHeoLSDg","https:\/\/www.instagram.com\/zavodskrateljc"]}]}},"_links":{"self":[{"href":"https:\/\/www.skrateljc.org\/hr\/wp-json\/wp\/v2\/product\/1055","targetHints":{"allow":["GET"]}}],"collection":[{"href":"https:\/\/www.skrateljc.org\/hr\/wp-json\/wp\/v2\/product"}],"about":[{"href":"https:\/\/www.skrateljc.org\/hr\/wp-json\/wp\/v2\/types\/product"}],"wp:featuredmedia":[{"embeddable":true,"href":"https:\/\/www.skrateljc.org\/hr\/wp-json\/wp\/v2\/media\/1189"}],"wp:attachment":[{"href":"https:\/\/www.skrateljc.org\/hr\/wp-json\/wp\/v2\/media?parent=1055"}],"wp:term":[{"taxonomy":"product_brand","embeddable":true,"href":"https:\/\/www.skrateljc.org\/hr\/wp-json\/wp\/v2\/product_brand?post=1055"},{"taxonomy":"product_cat","embeddable":true,"href":"https:\/\/www.skrateljc.org\/hr\/wp-json\/wp\/v2\/product_cat?post=1055"},{"taxonomy":"product_tag","embeddable":true,"href":"https:\/\/www.skrateljc.org\/hr\/wp-json\/wp\/v2\/product_tag?post=1055"}],"curies":[{"name":"wp","href":"https:\/\/api.w.org\/{rel}","templated":true}]}}