{"id":9302,"date":"2022-03-21T13:39:08","date_gmt":"2022-03-21T12:39:08","guid":{"rendered":"https:\/\/www.skrateljc.org\/?post_type=product&#038;p=9302"},"modified":"2025-10-25T17:26:05","modified_gmt":"2025-10-25T15:26:05","slug":"arheokolovrhnika","status":"publish","type":"product","link":"https:\/\/www.skrateljc.org\/en\/izdelek\/arheokolovrhnika\/","title":{"rendered":"ArheoKoloVrhnika"},"content":{"rendered":"<p>ArheoKoloVrhnika je posebna dogodiv\u0161\u010dina. Sledi arheolo\u0161ki poti Po stopinjah preteklosti, ki del\u010dek za del\u010dkom razkriva tan\u010dico skrivnosti preteklih obdobij na Vrhniki. S knji\u017eico ArheoKoloVrhnika obiskovalci dobijo v roke raziskovalni klju\u010d, ki odklepa skrite zgodbe iz preteklosti ter vas tu pa tam popelje tudi na kako stranpot. In teh je mnogo: Mo\u010dilnik, koli\u0161\u010darji na Starih Gmajnah, Rimljani v Nauportusu in v zapornem zdi Claustre, deblak v Ljubljanici \u2026<\/p>","protected":false},"excerpt":{"rendered":"<p>ArheoKoloVrhnika je posebna dogodiv\u0161\u010dina. Sledi arheolo\u0161ki poti Po stopinjah preteklosti, ki del\u010dek za del\u010dkom razkriva tan\u010dico skrivnosti preteklih obdobij na Vrhniki. S knji\u017eico ArheoKoloVrhnika obiskovalci dobijo v roke raziskovalni klju\u010d, ki odklepa skrite zgodbe iz preteklosti ter vas tu pa tam popelje tudi na kako stranpot. In teh je mnogo: Mo\u010dilnik, koli\u0161\u010darji na Starih Gmajnah, Rimljani v Nauportusu in v zapornem zdi Claustre, deblak v Ljubljanici \u2026<\/p>","protected":false},"featured_media":9307,"template":"","meta":{"inline_featured_image":false,"cybocfi_hide_featured_image":""},"product_brand":[],"product_cat":[81],"product_tag":[],"class_list":{"0":"post-9302","1":"product","2":"type-product","3":"status-publish","4":"has-post-thumbnail","6":"product_cat-ostalo","8":"first","9":"instock","10":"shipping-taxable","11":"purchasable","12":"product-type-variable","13":"has-default-attributes"},"yoast_head":"<!-- This site is optimized with the Yoast SEO Premium plugin v27.2 (Yoast SEO v27.4) - https:\/\/yoast.com\/product\/yoast-seo-premium-wordpress\/ -->\n<title>ArheoKoloVrhnika | \u0160krateljc<\/title>\n<meta name=\"description\" content=\"ArheoKoloVrhnika je posebna dogodiv\u0161\u010dina. Sledi arheolo\u0161ki poti Po stopinjah preteklosti, ki razkriva tan\u010dico skrivnosti preteklih obdobij na Vrhniki.\" \/>\n<meta name=\"robots\" content=\"index, follow, max-snippet:-1, max-image-preview:large, max-video-preview:-1\" \/>\n<link rel=\"canonical\" href=\"https:\/\/www.skrateljc.org\/en\/product-2\/arheokolovrhnika\/\" \/>\n<meta property=\"og:locale\" content=\"en_GB\" \/>\n<meta property=\"og:type\" content=\"article\" \/>\n<meta property=\"og:title\" content=\"ArheoKoloVrhnika\" \/>\n<meta property=\"og:description\" content=\"ArheoKoloVrhnika je posebna dogodiv\u0161\u010dina. Sledi arheolo\u0161ki poti Po stopinjah preteklosti, ki razkriva tan\u010dico skrivnosti preteklih obdobij na Vrhniki.\" \/>\n<meta property=\"og:url\" content=\"https:\/\/www.skrateljc.org\/en\/product-2\/arheokolovrhnika\/\" \/>\n<meta property=\"og:site_name\" content=\"\u0160krateljc\" \/>\n<meta property=\"article:publisher\" content=\"https:\/\/www.facebook.com\/skrateljc\" \/>\n<meta property=\"article:modified_time\" content=\"2025-10-25T15:26:05+00:00\" \/>\n<meta property=\"og:image\" content=\"https:\/\/www.skrateljc.org\/wp-content\/uploads\/2022\/03\/ArheoKoloVrhnika.jpg\" \/>\n\t<meta property=\"og:image:width\" content=\"768\" \/>\n\t<meta property=\"og:image:height\" content=\"1160\" \/>\n\t<meta property=\"og:image:type\" content=\"image\/jpeg\" \/>\n<meta name=\"twitter:card\" content=\"summary_large_image\" \/>\n<script type=\"application\/ld+json\" class=\"yoast-schema-graph\">{\"@context\":\"https:\\\/\\\/schema.org\",\"@graph\":[{\"@type\":\"WebPage\",\"@id\":\"https:\\\/\\\/www.skrateljc.org\\\/izdelek\\\/arheokolovrhnika\\\/\",\"url\":\"https:\\\/\\\/www.skrateljc.org\\\/izdelek\\\/arheokolovrhnika\\\/\",\"name\":\"ArheoKoloVrhnika | \u0160krateljc\",\"isPartOf\":{\"@id\":\"https:\\\/\\\/www.skrateljc.org\\\/#website\"},\"primaryImageOfPage\":{\"@id\":\"https:\\\/\\\/www.skrateljc.org\\\/izdelek\\\/arheokolovrhnika\\\/#primaryimage\"},\"image\":{\"@id\":\"https:\\\/\\\/www.skrateljc.org\\\/izdelek\\\/arheokolovrhnika\\\/#primaryimage\"},\"thumbnailUrl\":\"https:\\\/\\\/www.skrateljc.org\\\/wp-content\\\/uploads\\\/2022\\\/03\\\/ArheoKoloVrhnika.jpg\",\"datePublished\":\"2022-03-21T12:39:08+00:00\",\"dateModified\":\"2025-10-25T15:26:05+00:00\",\"description\":\"ArheoKoloVrhnika je posebna dogodiv\u0161\u010dina. Sledi arheolo\u0161ki poti Po stopinjah preteklosti, ki razkriva tan\u010dico skrivnosti preteklih obdobij na Vrhniki.\",\"breadcrumb\":{\"@id\":\"https:\\\/\\\/www.skrateljc.org\\\/izdelek\\\/arheokolovrhnika\\\/#breadcrumb\"},\"inLanguage\":\"en-GB\",\"potentialAction\":[{\"@type\":\"ReadAction\",\"target\":[\"https:\\\/\\\/www.skrateljc.org\\\/izdelek\\\/arheokolovrhnika\\\/\"]}]},{\"@type\":\"ImageObject\",\"inLanguage\":\"en-GB\",\"@id\":\"https:\\\/\\\/www.skrateljc.org\\\/izdelek\\\/arheokolovrhnika\\\/#primaryimage\",\"url\":\"https:\\\/\\\/www.skrateljc.org\\\/wp-content\\\/uploads\\\/2022\\\/03\\\/ArheoKoloVrhnika.jpg\",\"contentUrl\":\"https:\\\/\\\/www.skrateljc.org\\\/wp-content\\\/uploads\\\/2022\\\/03\\\/ArheoKoloVrhnika.jpg\",\"width\":768,\"height\":1160,\"caption\":\"KoloVagaBevke ArheoKoloVrhnika \u0160krateljc Pravlji\u010dne poti\"},{\"@type\":\"BreadcrumbList\",\"@id\":\"https:\\\/\\\/www.skrateljc.org\\\/izdelek\\\/arheokolovrhnika\\\/#breadcrumb\",\"itemListElement\":[{\"@type\":\"ListItem\",\"position\":1,\"name\":\"Domov\",\"item\":\"https:\\\/\\\/www.skrateljc.org\\\/\"},{\"@type\":\"ListItem\",\"position\":2,\"name\":\"Trgovina\",\"item\":\"https:\\\/\\\/www.skrateljc.org\\\/trgovina\\\/\"},{\"@type\":\"ListItem\",\"position\":3,\"name\":\"ArheoKoloVrhnika\"}]},{\"@type\":\"WebSite\",\"@id\":\"https:\\\/\\\/www.skrateljc.org\\\/#website\",\"url\":\"https:\\\/\\\/www.skrateljc.org\\\/\",\"name\":\"\u0160krateljc\",\"description\":\"- ustvarjamo do\u017eivetja\",\"publisher\":{\"@id\":\"https:\\\/\\\/www.skrateljc.org\\\/#organization\"},\"potentialAction\":[{\"@type\":\"SearchAction\",\"target\":{\"@type\":\"EntryPoint\",\"urlTemplate\":\"https:\\\/\\\/www.skrateljc.org\\\/?s={search_term_string}\"},\"query-input\":{\"@type\":\"PropertyValueSpecification\",\"valueRequired\":true,\"valueName\":\"search_term_string\"}}],\"inLanguage\":\"en-GB\"},{\"@type\":\"Organization\",\"@id\":\"https:\\\/\\\/www.skrateljc.org\\\/#organization\",\"name\":\"Zavod \u0160krateljc\",\"url\":\"https:\\\/\\\/www.skrateljc.org\\\/\",\"logo\":{\"@type\":\"ImageObject\",\"inLanguage\":\"en-GB\",\"@id\":\"https:\\\/\\\/www.skrateljc.org\\\/#\\\/schema\\\/logo\\\/image\\\/\",\"url\":\"https:\\\/\\\/www.skrateljc.org\\\/wp-content\\\/uploads\\\/2021\\\/11\\\/00_logo-skrateljc-COL.jpg\",\"contentUrl\":\"https:\\\/\\\/www.skrateljc.org\\\/wp-content\\\/uploads\\\/2021\\\/11\\\/00_logo-skrateljc-COL.jpg\",\"width\":1770,\"height\":471,\"caption\":\"Zavod \u0160krateljc\"},\"image\":{\"@id\":\"https:\\\/\\\/www.skrateljc.org\\\/#\\\/schema\\\/logo\\\/image\\\/\"},\"sameAs\":[\"https:\\\/\\\/www.facebook.com\\\/skrateljc\",\"https:\\\/\\\/www.youtube.com\\\/channel\\\/UCffLgYSmHefkqvSMHeoLSDg\",\"https:\\\/\\\/www.instagram.com\\\/zavodskrateljc\"]}]}<\/script>\n<!-- \/ Yoast SEO Premium plugin. -->","yoast_head_json":{"title":"ArheoKoloVrhnika | \u0160krateljc","description":"ArheoKoloVrhnika je posebna dogodiv\u0161\u010dina. Sledi arheolo\u0161ki poti Po stopinjah preteklosti, ki razkriva tan\u010dico skrivnosti preteklih obdobij na Vrhniki.","robots":{"index":"index","follow":"follow","max-snippet":"max-snippet:-1","max-image-preview":"max-image-preview:large","max-video-preview":"max-video-preview:-1"},"canonical":"https:\/\/www.skrateljc.org\/en\/product-2\/arheokolovrhnika\/","og_locale":"en_GB","og_type":"article","og_title":"ArheoKoloVrhnika","og_description":"ArheoKoloVrhnika je posebna dogodiv\u0161\u010dina. Sledi arheolo\u0161ki poti Po stopinjah preteklosti, ki razkriva tan\u010dico skrivnosti preteklih obdobij na Vrhniki.","og_url":"https:\/\/www.skrateljc.org\/en\/product-2\/arheokolovrhnika\/","og_site_name":"\u0160krateljc","article_publisher":"https:\/\/www.facebook.com\/skrateljc","article_modified_time":"2025-10-25T15:26:05+00:00","og_image":[{"width":768,"height":1160,"url":"https:\/\/www.skrateljc.org\/wp-content\/uploads\/2022\/03\/ArheoKoloVrhnika.jpg","type":"image\/jpeg"}],"twitter_card":"summary_large_image","schema":{"@context":"https:\/\/schema.org","@graph":[{"@type":"WebPage","@id":"https:\/\/www.skrateljc.org\/izdelek\/arheokolovrhnika\/","url":"https:\/\/www.skrateljc.org\/izdelek\/arheokolovrhnika\/","name":"ArheoKoloVrhnika | \u0160krateljc","isPartOf":{"@id":"https:\/\/www.skrateljc.org\/#website"},"primaryImageOfPage":{"@id":"https:\/\/www.skrateljc.org\/izdelek\/arheokolovrhnika\/#primaryimage"},"image":{"@id":"https:\/\/www.skrateljc.org\/izdelek\/arheokolovrhnika\/#primaryimage"},"thumbnailUrl":"https:\/\/www.skrateljc.org\/wp-content\/uploads\/2022\/03\/ArheoKoloVrhnika.jpg","datePublished":"2022-03-21T12:39:08+00:00","dateModified":"2025-10-25T15:26:05+00:00","description":"ArheoKoloVrhnika je posebna dogodiv\u0161\u010dina. Sledi arheolo\u0161ki poti Po stopinjah preteklosti, ki razkriva tan\u010dico skrivnosti preteklih obdobij na Vrhniki.","breadcrumb":{"@id":"https:\/\/www.skrateljc.org\/izdelek\/arheokolovrhnika\/#breadcrumb"},"inLanguage":"en-GB","potentialAction":[{"@type":"ReadAction","target":["https:\/\/www.skrateljc.org\/izdelek\/arheokolovrhnika\/"]}]},{"@type":"ImageObject","inLanguage":"en-GB","@id":"https:\/\/www.skrateljc.org\/izdelek\/arheokolovrhnika\/#primaryimage","url":"https:\/\/www.skrateljc.org\/wp-content\/uploads\/2022\/03\/ArheoKoloVrhnika.jpg","contentUrl":"https:\/\/www.skrateljc.org\/wp-content\/uploads\/2022\/03\/ArheoKoloVrhnika.jpg","width":768,"height":1160,"caption":"KoloVagaBevke ArheoKoloVrhnika \u0160krateljc Pravlji\u010dne poti"},{"@type":"BreadcrumbList","@id":"https:\/\/www.skrateljc.org\/izdelek\/arheokolovrhnika\/#breadcrumb","itemListElement":[{"@type":"ListItem","position":1,"name":"Domov","item":"https:\/\/www.skrateljc.org\/"},{"@type":"ListItem","position":2,"name":"Trgovina","item":"https:\/\/www.skrateljc.org\/trgovina\/"},{"@type":"ListItem","position":3,"name":"ArheoKoloVrhnika"}]},{"@type":"WebSite","@id":"https:\/\/www.skrateljc.org\/#website","url":"https:\/\/www.skrateljc.org\/","name":"\u0160krateljc","description":"- ustvarjamo do\u017eivetja","publisher":{"@id":"https:\/\/www.skrateljc.org\/#organization"},"potentialAction":[{"@type":"SearchAction","target":{"@type":"EntryPoint","urlTemplate":"https:\/\/www.skrateljc.org\/?s={search_term_string}"},"query-input":{"@type":"PropertyValueSpecification","valueRequired":true,"valueName":"search_term_string"}}],"inLanguage":"en-GB"},{"@type":"Organization","@id":"https:\/\/www.skrateljc.org\/#organization","name":"Zavod \u0160krateljc","url":"https:\/\/www.skrateljc.org\/","logo":{"@type":"ImageObject","inLanguage":"en-GB","@id":"https:\/\/www.skrateljc.org\/#\/schema\/logo\/image\/","url":"https:\/\/www.skrateljc.org\/wp-content\/uploads\/2021\/11\/00_logo-skrateljc-COL.jpg","contentUrl":"https:\/\/www.skrateljc.org\/wp-content\/uploads\/2021\/11\/00_logo-skrateljc-COL.jpg","width":1770,"height":471,"caption":"Zavod \u0160krateljc"},"image":{"@id":"https:\/\/www.skrateljc.org\/#\/schema\/logo\/image\/"},"sameAs":["https:\/\/www.facebook.com\/skrateljc","https:\/\/www.youtube.com\/channel\/UCffLgYSmHefkqvSMHeoLSDg","https:\/\/www.instagram.com\/zavodskrateljc"]}]}},"_links":{"self":[{"href":"https:\/\/www.skrateljc.org\/en\/wp-json\/wp\/v2\/product\/9302","targetHints":{"allow":["GET"]}}],"collection":[{"href":"https:\/\/www.skrateljc.org\/en\/wp-json\/wp\/v2\/product"}],"about":[{"href":"https:\/\/www.skrateljc.org\/en\/wp-json\/wp\/v2\/types\/product"}],"wp:featuredmedia":[{"embeddable":true,"href":"https:\/\/www.skrateljc.org\/en\/wp-json\/wp\/v2\/media\/9307"}],"wp:attachment":[{"href":"https:\/\/www.skrateljc.org\/en\/wp-json\/wp\/v2\/media?parent=9302"}],"wp:term":[{"taxonomy":"product_brand","embeddable":true,"href":"https:\/\/www.skrateljc.org\/en\/wp-json\/wp\/v2\/product_brand?post=9302"},{"taxonomy":"product_cat","embeddable":true,"href":"https:\/\/www.skrateljc.org\/en\/wp-json\/wp\/v2\/product_cat?post=9302"},{"taxonomy":"product_tag","embeddable":true,"href":"https:\/\/www.skrateljc.org\/en\/wp-json\/wp\/v2\/product_tag?post=9302"}],"curies":[{"name":"wp","href":"https:\/\/api.w.org\/{rel}","templated":true}]}}