{"id":802,"date":"2021-10-29T06:18:01","date_gmt":"2021-10-29T06:18:01","guid":{"rendered":"https:\/\/skrateljc.org\/?post_type=product&#038;p=802"},"modified":"2025-10-25T21:31:58","modified_gmt":"2025-10-25T19:31:58","slug":"zemljevid-za-menihov-vrt-skrivnostna-bistra","status":"publish","type":"product","link":"https:\/\/www.skrateljc.org\/en\/izdelek\/zemljevid-za-menihov-vrt-skrivnostna-bistra\/","title":{"rendered":"Zemljevid Menihov vrt &#8211; Skrivnostna Bistra"},"content":{"rendered":"<p><strong>Menihov vrt je simbol zdravega \u017eivljenja, povezanosti z naravo, samooskrbe in \u010dude\u017enih mo\u010di plodov narave, ki jih spoznate v do\u017eivetju Skrivnostna Bistra.<\/strong><\/p>\n<p>Po Sloveniji nastaja\u00a0<b>transverzala pravlji\u010dno-do\u017eivljajskih poti<\/b>, ki dru\u017einam in otrokom naravo in kulturo ter lokalne posebnosti pribli\u017ea skozi zgodbo in pristna do\u017eivetja. Vse poti se nahajajo v neposredni bli\u017eini Ljubljane in ponujajo nekajurno do\u017eivetje za dru\u017eine, ki i\u0161\u010dejo prilo\u017enosti za gibanje v naravi in spro\u0161\u010deno, otrokom prilagojeno spoznavanje novih krajev in njihovih posebnosti.<\/p>\n<p><strong>V neposredni bli\u017eini Gostilne Bistra in Tehni\u0161kega muzeja Slovenije se nahaja\u00a0Menihov vrt,\u00a0simbol zdravega \u017eivljenja, povezanosti z naravo, samooskrbe in \u010dude\u017enih mo\u010di plodov narave, ki jih obiskovalci zeli\u0161\u010dnega vrta spoznavajo v do\u017eivetju<a href=\"https:\/\/www.skrateljc.org\/en\/skrivnostna-bistra\/\">\u00a0Skrivnostna Bistra<\/a>.<\/strong><\/p>","protected":false},"excerpt":{"rendered":"<p><strong>Menihov vrt je simbol zdravega \u017eivljenja, povezanosti z naravo, samooskrbe in \u010dude\u017enih mo\u010di plodov narave, ki jih spoznate v do\u017eivetju Skrivnostna Bistra.<\/strong><\/p>\n<p>Po Sloveniji nastaja\u00a0<b>transverzala pravlji\u010dno-do\u017eivljajskih poti<\/b>, ki dru\u017einam in otrokom naravo in kulturo ter lokalne posebnosti pribli\u017ea skozi zgodbo in pristna do\u017eivetja. Vse poti se nahajajo v neposredni bli\u017eini Ljubljane in ponujajo nekajurno do\u017eivetje za dru\u017eine, ki i\u0161\u010dejo prilo\u017enosti za gibanje v naravi in spro\u0161\u010deno, otrokom prilagojeno spoznavanje novih krajev in njihovih posebnosti.<\/p>\n<p><strong>V neposredni bli\u017eini Gostilne Bistra in Tehni\u0161kega muzeja Slovenije se nahaja\u00a0Menihov vrt,\u00a0simbol zdravega \u017eivljenja, povezanosti z naravo, samooskrbe in \u010dude\u017enih mo\u010di plodov narave, ki jih obiskovalci zeli\u0161\u010dnega vrta spoznavajo v do\u017eivetju<a href=\"https:\/\/www.skrateljc.org\/en\/skrivnostna-bistra\/\">\u00a0Skrivnostna Bistra<\/a>.<\/strong><\/p>","protected":false},"featured_media":1218,"template":"","meta":{"inline_featured_image":false,"cybocfi_hide_featured_image":""},"product_brand":[],"product_cat":[81],"product_tag":[],"class_list":{"0":"post-802","1":"product","2":"type-product","3":"status-publish","4":"has-post-thumbnail","6":"product_cat-ostalo","8":"first","9":"instock","10":"shipping-taxable","11":"purchasable","12":"product-type-simple"},"yoast_head":"<!-- This site is optimized with the Yoast SEO Premium plugin v27.2 (Yoast SEO v27.4) - https:\/\/yoast.com\/product\/yoast-seo-premium-wordpress\/ -->\n<title>Zemljevid Menihov vrt - Skrivnostna Bistra | \u0160krateljc<\/title>\n<meta name=\"description\" content=\"Menihov vrt je simbol zdravega \u017eivljenja, povezanosti z naravo, samooskrbe in \u010dude\u017enih mo\u010di plodov narave, ki jih spoznate v do\u017eivetju Skrivnostna Bistra.\" \/>\n<meta name=\"robots\" content=\"index, follow, max-snippet:-1, max-image-preview:large, max-video-preview:-1\" \/>\n<link rel=\"canonical\" href=\"https:\/\/www.skrateljc.org\/en\/product-2\/zemljevid-za-menihov-vrt-skrivnostna-bistra\/\" \/>\n<meta property=\"og:locale\" content=\"en_GB\" \/>\n<meta property=\"og:type\" content=\"article\" \/>\n<meta property=\"og:title\" content=\"Zemljevid Menihov vrt - Skrivnostna Bistra\" \/>\n<meta property=\"og:description\" content=\"Menihov vrt je simbol zdravega \u017eivljenja, povezanosti z naravo, samooskrbe in \u010dude\u017enih mo\u010di plodov narave, ki jih spoznate v do\u017eivetju Skrivnostna Bistra.\" \/>\n<meta property=\"og:url\" content=\"https:\/\/www.skrateljc.org\/en\/product-2\/zemljevid-za-menihov-vrt-skrivnostna-bistra\/\" \/>\n<meta property=\"og:site_name\" content=\"\u0160krateljc\" \/>\n<meta property=\"article:publisher\" content=\"https:\/\/www.facebook.com\/skrateljc\" \/>\n<meta property=\"article:modified_time\" content=\"2025-10-25T19:31:58+00:00\" \/>\n<meta property=\"og:image\" content=\"https:\/\/www.skrateljc.org\/wp-content\/uploads\/2021\/09\/menihov-vrt_X2.jpg\" \/>\n\t<meta property=\"og:image:width\" content=\"612\" \/>\n\t<meta property=\"og:image:height\" content=\"767\" \/>\n\t<meta property=\"og:image:type\" content=\"image\/jpeg\" \/>\n<meta name=\"twitter:card\" content=\"summary_large_image\" \/>\n<meta name=\"twitter:label1\" content=\"Estimated reading time\" \/>\n\t<meta name=\"twitter:data1\" content=\"1 minute\" \/>\n<script type=\"application\/ld+json\" class=\"yoast-schema-graph\">{\"@context\":\"https:\\\/\\\/schema.org\",\"@graph\":[{\"@type\":\"WebPage\",\"@id\":\"https:\\\/\\\/www.skrateljc.org\\\/izdelek\\\/zemljevid-za-menihov-vrt-skrivnostna-bistra\\\/\",\"url\":\"https:\\\/\\\/www.skrateljc.org\\\/izdelek\\\/zemljevid-za-menihov-vrt-skrivnostna-bistra\\\/\",\"name\":\"Zemljevid Menihov vrt - Skrivnostna Bistra | \u0160krateljc\",\"isPartOf\":{\"@id\":\"https:\\\/\\\/www.skrateljc.org\\\/#website\"},\"primaryImageOfPage\":{\"@id\":\"https:\\\/\\\/www.skrateljc.org\\\/izdelek\\\/zemljevid-za-menihov-vrt-skrivnostna-bistra\\\/#primaryimage\"},\"image\":{\"@id\":\"https:\\\/\\\/www.skrateljc.org\\\/izdelek\\\/zemljevid-za-menihov-vrt-skrivnostna-bistra\\\/#primaryimage\"},\"thumbnailUrl\":\"https:\\\/\\\/www.skrateljc.org\\\/wp-content\\\/uploads\\\/2021\\\/09\\\/menihov-vrt_X2.jpg\",\"datePublished\":\"2021-10-29T06:18:01+00:00\",\"dateModified\":\"2025-10-25T19:31:58+00:00\",\"description\":\"Menihov vrt je simbol zdravega \u017eivljenja, povezanosti z naravo, samooskrbe in \u010dude\u017enih mo\u010di plodov narave, ki jih spoznate v do\u017eivetju Skrivnostna Bistra.\",\"breadcrumb\":{\"@id\":\"https:\\\/\\\/www.skrateljc.org\\\/izdelek\\\/zemljevid-za-menihov-vrt-skrivnostna-bistra\\\/#breadcrumb\"},\"inLanguage\":\"en-GB\",\"potentialAction\":[{\"@type\":\"ReadAction\",\"target\":[\"https:\\\/\\\/www.skrateljc.org\\\/izdelek\\\/zemljevid-za-menihov-vrt-skrivnostna-bistra\\\/\"]}]},{\"@type\":\"ImageObject\",\"inLanguage\":\"en-GB\",\"@id\":\"https:\\\/\\\/www.skrateljc.org\\\/izdelek\\\/zemljevid-za-menihov-vrt-skrivnostna-bistra\\\/#primaryimage\",\"url\":\"https:\\\/\\\/www.skrateljc.org\\\/wp-content\\\/uploads\\\/2021\\\/09\\\/menihov-vrt_X2.jpg\",\"contentUrl\":\"https:\\\/\\\/www.skrateljc.org\\\/wp-content\\\/uploads\\\/2021\\\/09\\\/menihov-vrt_X2.jpg\",\"width\":612,\"height\":767,\"caption\":\"Skrivnostna Bistra Vrhnika Pravlji\u010dno-do\u017eivljajska pot \u0160krateljc\"},{\"@type\":\"BreadcrumbList\",\"@id\":\"https:\\\/\\\/www.skrateljc.org\\\/izdelek\\\/zemljevid-za-menihov-vrt-skrivnostna-bistra\\\/#breadcrumb\",\"itemListElement\":[{\"@type\":\"ListItem\",\"position\":1,\"name\":\"Domov\",\"item\":\"https:\\\/\\\/www.skrateljc.org\\\/\"},{\"@type\":\"ListItem\",\"position\":2,\"name\":\"Trgovina\",\"item\":\"https:\\\/\\\/www.skrateljc.org\\\/trgovina\\\/\"},{\"@type\":\"ListItem\",\"position\":3,\"name\":\"Zemljevid Menihov vrt &#8211; Skrivnostna Bistra\"}]},{\"@type\":\"WebSite\",\"@id\":\"https:\\\/\\\/www.skrateljc.org\\\/#website\",\"url\":\"https:\\\/\\\/www.skrateljc.org\\\/\",\"name\":\"\u0160krateljc\",\"description\":\"- ustvarjamo do\u017eivetja\",\"publisher\":{\"@id\":\"https:\\\/\\\/www.skrateljc.org\\\/#organization\"},\"potentialAction\":[{\"@type\":\"SearchAction\",\"target\":{\"@type\":\"EntryPoint\",\"urlTemplate\":\"https:\\\/\\\/www.skrateljc.org\\\/?s={search_term_string}\"},\"query-input\":{\"@type\":\"PropertyValueSpecification\",\"valueRequired\":true,\"valueName\":\"search_term_string\"}}],\"inLanguage\":\"en-GB\"},{\"@type\":\"Organization\",\"@id\":\"https:\\\/\\\/www.skrateljc.org\\\/#organization\",\"name\":\"Zavod \u0160krateljc\",\"url\":\"https:\\\/\\\/www.skrateljc.org\\\/\",\"logo\":{\"@type\":\"ImageObject\",\"inLanguage\":\"en-GB\",\"@id\":\"https:\\\/\\\/www.skrateljc.org\\\/#\\\/schema\\\/logo\\\/image\\\/\",\"url\":\"https:\\\/\\\/www.skrateljc.org\\\/wp-content\\\/uploads\\\/2021\\\/11\\\/00_logo-skrateljc-COL.jpg\",\"contentUrl\":\"https:\\\/\\\/www.skrateljc.org\\\/wp-content\\\/uploads\\\/2021\\\/11\\\/00_logo-skrateljc-COL.jpg\",\"width\":1770,\"height\":471,\"caption\":\"Zavod \u0160krateljc\"},\"image\":{\"@id\":\"https:\\\/\\\/www.skrateljc.org\\\/#\\\/schema\\\/logo\\\/image\\\/\"},\"sameAs\":[\"https:\\\/\\\/www.facebook.com\\\/skrateljc\",\"https:\\\/\\\/www.youtube.com\\\/channel\\\/UCffLgYSmHefkqvSMHeoLSDg\",\"https:\\\/\\\/www.instagram.com\\\/zavodskrateljc\"]}]}<\/script>\n<!-- \/ Yoast SEO Premium plugin. -->","yoast_head_json":{"title":"Zemljevid Menihov vrt - Skrivnostna Bistra | \u0160krateljc","description":"Menihov vrt je simbol zdravega \u017eivljenja, povezanosti z naravo, samooskrbe in \u010dude\u017enih mo\u010di plodov narave, ki jih spoznate v do\u017eivetju Skrivnostna Bistra.","robots":{"index":"index","follow":"follow","max-snippet":"max-snippet:-1","max-image-preview":"max-image-preview:large","max-video-preview":"max-video-preview:-1"},"canonical":"https:\/\/www.skrateljc.org\/en\/product-2\/zemljevid-za-menihov-vrt-skrivnostna-bistra\/","og_locale":"en_GB","og_type":"article","og_title":"Zemljevid Menihov vrt - Skrivnostna Bistra","og_description":"Menihov vrt je simbol zdravega \u017eivljenja, povezanosti z naravo, samooskrbe in \u010dude\u017enih mo\u010di plodov narave, ki jih spoznate v do\u017eivetju Skrivnostna Bistra.","og_url":"https:\/\/www.skrateljc.org\/en\/product-2\/zemljevid-za-menihov-vrt-skrivnostna-bistra\/","og_site_name":"\u0160krateljc","article_publisher":"https:\/\/www.facebook.com\/skrateljc","article_modified_time":"2025-10-25T19:31:58+00:00","og_image":[{"width":612,"height":767,"url":"https:\/\/www.skrateljc.org\/wp-content\/uploads\/2021\/09\/menihov-vrt_X2.jpg","type":"image\/jpeg"}],"twitter_card":"summary_large_image","twitter_misc":{"Estimated reading time":"1 minute"},"schema":{"@context":"https:\/\/schema.org","@graph":[{"@type":"WebPage","@id":"https:\/\/www.skrateljc.org\/izdelek\/zemljevid-za-menihov-vrt-skrivnostna-bistra\/","url":"https:\/\/www.skrateljc.org\/izdelek\/zemljevid-za-menihov-vrt-skrivnostna-bistra\/","name":"Zemljevid Menihov vrt - Skrivnostna Bistra | \u0160krateljc","isPartOf":{"@id":"https:\/\/www.skrateljc.org\/#website"},"primaryImageOfPage":{"@id":"https:\/\/www.skrateljc.org\/izdelek\/zemljevid-za-menihov-vrt-skrivnostna-bistra\/#primaryimage"},"image":{"@id":"https:\/\/www.skrateljc.org\/izdelek\/zemljevid-za-menihov-vrt-skrivnostna-bistra\/#primaryimage"},"thumbnailUrl":"https:\/\/www.skrateljc.org\/wp-content\/uploads\/2021\/09\/menihov-vrt_X2.jpg","datePublished":"2021-10-29T06:18:01+00:00","dateModified":"2025-10-25T19:31:58+00:00","description":"Menihov vrt je simbol zdravega \u017eivljenja, povezanosti z naravo, samooskrbe in \u010dude\u017enih mo\u010di plodov narave, ki jih spoznate v do\u017eivetju Skrivnostna Bistra.","breadcrumb":{"@id":"https:\/\/www.skrateljc.org\/izdelek\/zemljevid-za-menihov-vrt-skrivnostna-bistra\/#breadcrumb"},"inLanguage":"en-GB","potentialAction":[{"@type":"ReadAction","target":["https:\/\/www.skrateljc.org\/izdelek\/zemljevid-za-menihov-vrt-skrivnostna-bistra\/"]}]},{"@type":"ImageObject","inLanguage":"en-GB","@id":"https:\/\/www.skrateljc.org\/izdelek\/zemljevid-za-menihov-vrt-skrivnostna-bistra\/#primaryimage","url":"https:\/\/www.skrateljc.org\/wp-content\/uploads\/2021\/09\/menihov-vrt_X2.jpg","contentUrl":"https:\/\/www.skrateljc.org\/wp-content\/uploads\/2021\/09\/menihov-vrt_X2.jpg","width":612,"height":767,"caption":"Skrivnostna Bistra Vrhnika Pravlji\u010dno-do\u017eivljajska pot \u0160krateljc"},{"@type":"BreadcrumbList","@id":"https:\/\/www.skrateljc.org\/izdelek\/zemljevid-za-menihov-vrt-skrivnostna-bistra\/#breadcrumb","itemListElement":[{"@type":"ListItem","position":1,"name":"Domov","item":"https:\/\/www.skrateljc.org\/"},{"@type":"ListItem","position":2,"name":"Trgovina","item":"https:\/\/www.skrateljc.org\/trgovina\/"},{"@type":"ListItem","position":3,"name":"Zemljevid Menihov vrt &#8211; Skrivnostna Bistra"}]},{"@type":"WebSite","@id":"https:\/\/www.skrateljc.org\/#website","url":"https:\/\/www.skrateljc.org\/","name":"\u0160krateljc","description":"- ustvarjamo do\u017eivetja","publisher":{"@id":"https:\/\/www.skrateljc.org\/#organization"},"potentialAction":[{"@type":"SearchAction","target":{"@type":"EntryPoint","urlTemplate":"https:\/\/www.skrateljc.org\/?s={search_term_string}"},"query-input":{"@type":"PropertyValueSpecification","valueRequired":true,"valueName":"search_term_string"}}],"inLanguage":"en-GB"},{"@type":"Organization","@id":"https:\/\/www.skrateljc.org\/#organization","name":"Zavod \u0160krateljc","url":"https:\/\/www.skrateljc.org\/","logo":{"@type":"ImageObject","inLanguage":"en-GB","@id":"https:\/\/www.skrateljc.org\/#\/schema\/logo\/image\/","url":"https:\/\/www.skrateljc.org\/wp-content\/uploads\/2021\/11\/00_logo-skrateljc-COL.jpg","contentUrl":"https:\/\/www.skrateljc.org\/wp-content\/uploads\/2021\/11\/00_logo-skrateljc-COL.jpg","width":1770,"height":471,"caption":"Zavod \u0160krateljc"},"image":{"@id":"https:\/\/www.skrateljc.org\/#\/schema\/logo\/image\/"},"sameAs":["https:\/\/www.facebook.com\/skrateljc","https:\/\/www.youtube.com\/channel\/UCffLgYSmHefkqvSMHeoLSDg","https:\/\/www.instagram.com\/zavodskrateljc"]}]}},"_links":{"self":[{"href":"https:\/\/www.skrateljc.org\/en\/wp-json\/wp\/v2\/product\/802","targetHints":{"allow":["GET"]}}],"collection":[{"href":"https:\/\/www.skrateljc.org\/en\/wp-json\/wp\/v2\/product"}],"about":[{"href":"https:\/\/www.skrateljc.org\/en\/wp-json\/wp\/v2\/types\/product"}],"wp:featuredmedia":[{"embeddable":true,"href":"https:\/\/www.skrateljc.org\/en\/wp-json\/wp\/v2\/media\/1218"}],"wp:attachment":[{"href":"https:\/\/www.skrateljc.org\/en\/wp-json\/wp\/v2\/media?parent=802"}],"wp:term":[{"taxonomy":"product_brand","embeddable":true,"href":"https:\/\/www.skrateljc.org\/en\/wp-json\/wp\/v2\/product_brand?post=802"},{"taxonomy":"product_cat","embeddable":true,"href":"https:\/\/www.skrateljc.org\/en\/wp-json\/wp\/v2\/product_cat?post=802"},{"taxonomy":"product_tag","embeddable":true,"href":"https:\/\/www.skrateljc.org\/en\/wp-json\/wp\/v2\/product_tag?post=802"}],"curies":[{"name":"wp","href":"https:\/\/api.w.org\/{rel}","templated":true}]}}