{"id":800,"date":"2021-10-30T06:16:19","date_gmt":"2021-10-30T06:16:19","guid":{"rendered":"https:\/\/skrateljc.org\/?post_type=product&#038;p=800"},"modified":"2025-10-25T17:32:48","modified_gmt":"2025-10-25T15:32:48","slug":"mocvirska-belezka","status":"publish","type":"product","link":"https:\/\/www.skrateljc.org\/en\/izdelek\/mocvirska-belezka\/","title":{"rendered":"Mo\u010dvirska bele\u017eka"},"content":{"rendered":"<p>Po Sloveniji nastaja\u00a0<a href=\"https:\/\/www.skrateljc.org\/en\/pravljicne-poti\/\"><b>transverzala pravlji\u010dno-do\u017eivljajskih poti<\/b><\/a>, ki dru\u017einam in otrokom naravo in kulturo ter lokalne posebnosti pribli\u017ea skozi zgodbo in pristna do\u017eivetja. Ve\u010dina poti se nahaja v neposredni bli\u017eini Ljubljane in ponujajo nekajurno do\u017eivetje za dru\u017eine, ki i\u0161\u010dejo prilo\u017enosti za gibanje v naravi in spro\u0161\u010deno, otrokom prilagojeno spoznavanje novih krajev in njihovih posebnosti.<\/p>\n<p><b>Na poti so otroci na pomembni misiji:<\/b>\u00a0i\u0161\u010dejo skrivna sporo\u010dila in \u0161kratje simbole, premagujejo \u0161kratji urok, pomagajo \u017eivalim in u\u017eivajo v gozdnih dogodiv\u0161\u010dinah. Otroci za do\u017eivetje na pravlji\u010dno-do\u017eivljajskih poteh potrebujejo\u00a0<b><a href=\"https:\/\/www.skrateljc.org\/en\/product-2\/mocvirska-belezka\/\">bele\u017eko in svin\u010dnik<\/a> oziroma barvice<\/b>, na cilju pa jih za uspe\u0161no opravljeno misijo vselej \u010daka nagrada.<\/p>\n<blockquote><p>Z izjemo Krvavca, poti obratujejo celo leto, vse dni v tednu in so na voljo za samostojen obisk. Organiziramo pa tudi vodene pohode po poteh z interpretativnimi vodniki, ki jih redno objavljamo na na\u0161i <a href=\"http:\/\/www.facebook.com\/skrateljc\">Facebook strani.<\/a><\/p><\/blockquote>","protected":false},"excerpt":{"rendered":"<p>Po Sloveniji nastaja\u00a0<a href=\"https:\/\/www.skrateljc.org\/en\/pravljicne-poti\/\"><b>transverzala pravlji\u010dno-do\u017eivljajskih poti<\/b><\/a>, ki dru\u017einam in otrokom naravo in kulturo ter lokalne posebnosti pribli\u017ea skozi zgodbo in pristna do\u017eivetja. Ve\u010dina poti se nahaja v neposredni bli\u017eini Ljubljane in ponujajo nekajurno do\u017eivetje za dru\u017eine, ki i\u0161\u010dejo prilo\u017enosti za gibanje v naravi in spro\u0161\u010deno, otrokom prilagojeno spoznavanje novih krajev in njihovih posebnosti.<\/p>\n<p><b>Na poti so otroci na pomembni misiji:<\/b>\u00a0i\u0161\u010dejo skrivna sporo\u010dila in \u0161kratje simbole, premagujejo \u0161kratji urok, pomagajo \u017eivalim in u\u017eivajo v gozdnih dogodiv\u0161\u010dinah. Otroci za do\u017eivetje na pravlji\u010dno-do\u017eivljajskih poteh potrebujejo\u00a0<b><a href=\"https:\/\/www.skrateljc.org\/en\/product-2\/mocvirska-belezka\/\">bele\u017eko in svin\u010dnik<\/a> oziroma barvice<\/b>, na cilju pa jih za uspe\u0161no opravljeno misijo vselej \u010daka nagrada.<\/p>\n<blockquote><p>Z izjemo Krvavca, poti obratujejo celo leto, vse dni v tednu in so na voljo za samostojen obisk. Organiziramo pa tudi vodene pohode po poteh z interpretativnimi vodniki, ki jih redno objavljamo na na\u0161i <a href=\"http:\/\/www.facebook.com\/skrateljc\">Facebook strani.<\/a><\/p><\/blockquote>","protected":false},"featured_media":1191,"template":"","meta":{"inline_featured_image":false,"cybocfi_hide_featured_image":""},"product_brand":[],"product_cat":[80,69],"product_tag":[],"class_list":{"0":"post-800","1":"product","2":"type-product","3":"status-publish","4":"has-post-thumbnail","6":"product_cat-belezke","7":"product_cat-dozivetja-v-naravi","9":"first","10":"instock","11":"shipping-taxable","12":"purchasable","13":"product-type-simple"},"yoast_head":"<!-- This site is optimized with the Yoast SEO Premium plugin v27.2 (Yoast SEO v27.4) - https:\/\/yoast.com\/product\/yoast-seo-premium-wordpress\/ -->\n<title>Mo\u010dvirska bele\u017eka | \u0160krateljc<\/title>\n<meta name=\"description\" content=\"Mo\u010dvirska bele\u017eka vam pri\u010dara do\u017eivetje na pravlji\u010dno-do\u017eivljajskih poteh. Slu\u017ei kot zemljevid po poti, notri pa re\u0161ujete uganke in odkrivate zgodbo.\" \/>\n<meta name=\"robots\" content=\"index, follow, max-snippet:-1, max-image-preview:large, max-video-preview:-1\" \/>\n<link rel=\"canonical\" href=\"https:\/\/www.skrateljc.org\/en\/product-2\/mocvirska-belezka\/\" \/>\n<meta property=\"og:locale\" content=\"en_GB\" \/>\n<meta property=\"og:type\" content=\"article\" \/>\n<meta property=\"og:title\" content=\"Mo\u010dvirska bele\u017eka\" \/>\n<meta property=\"og:description\" content=\"Mo\u010dvirska bele\u017eka vam pri\u010dara do\u017eivetje na pravlji\u010dno-do\u017eivljajskih poteh. Slu\u017ei kot zemljevid po poti, notri pa re\u0161ujete uganke in odkrivate zgodbo.\" \/>\n<meta property=\"og:url\" content=\"https:\/\/www.skrateljc.org\/en\/product-2\/mocvirska-belezka\/\" \/>\n<meta property=\"og:site_name\" content=\"\u0160krateljc\" \/>\n<meta property=\"article:publisher\" content=\"https:\/\/www.facebook.com\/skrateljc\" \/>\n<meta property=\"article:modified_time\" content=\"2025-10-25T15:32:48+00:00\" \/>\n<meta property=\"og:image\" content=\"https:\/\/www.skrateljc.org\/wp-content\/uploads\/2021\/09\/Pot_mocvirskih_skratov_na_Mali_plac-1.jpg\" \/>\n\t<meta property=\"og:image:width\" content=\"768\" \/>\n\t<meta property=\"og:image:height\" content=\"1275\" \/>\n\t<meta property=\"og:image:type\" content=\"image\/jpeg\" \/>\n<meta name=\"twitter:card\" content=\"summary_large_image\" \/>\n<meta name=\"twitter:label1\" content=\"Estimated reading time\" \/>\n\t<meta name=\"twitter:data1\" content=\"1 minute\" \/>\n<script type=\"application\/ld+json\" class=\"yoast-schema-graph\">{\"@context\":\"https:\\\/\\\/schema.org\",\"@graph\":[{\"@type\":\"WebPage\",\"@id\":\"https:\\\/\\\/www.skrateljc.org\\\/izdelek\\\/mocvirska-belezka\\\/\",\"url\":\"https:\\\/\\\/www.skrateljc.org\\\/izdelek\\\/mocvirska-belezka\\\/\",\"name\":\"Mo\u010dvirska bele\u017eka | \u0160krateljc\",\"isPartOf\":{\"@id\":\"https:\\\/\\\/www.skrateljc.org\\\/#website\"},\"primaryImageOfPage\":{\"@id\":\"https:\\\/\\\/www.skrateljc.org\\\/izdelek\\\/mocvirska-belezka\\\/#primaryimage\"},\"image\":{\"@id\":\"https:\\\/\\\/www.skrateljc.org\\\/izdelek\\\/mocvirska-belezka\\\/#primaryimage\"},\"thumbnailUrl\":\"https:\\\/\\\/www.skrateljc.org\\\/wp-content\\\/uploads\\\/2021\\\/09\\\/Pot_mocvirskih_skratov_na_Mali_plac_koncana.jpg\",\"datePublished\":\"2021-10-30T06:16:19+00:00\",\"dateModified\":\"2025-10-25T15:32:48+00:00\",\"description\":\"Mo\u010dvirska bele\u017eka vam pri\u010dara do\u017eivetje na pravlji\u010dno-do\u017eivljajskih poteh. Slu\u017ei kot zemljevid po poti, notri pa re\u0161ujete uganke in odkrivate zgodbo.\",\"breadcrumb\":{\"@id\":\"https:\\\/\\\/www.skrateljc.org\\\/izdelek\\\/mocvirska-belezka\\\/#breadcrumb\"},\"inLanguage\":\"en-GB\",\"potentialAction\":[{\"@type\":\"ReadAction\",\"target\":[\"https:\\\/\\\/www.skrateljc.org\\\/izdelek\\\/mocvirska-belezka\\\/\"]}]},{\"@type\":\"ImageObject\",\"inLanguage\":\"en-GB\",\"@id\":\"https:\\\/\\\/www.skrateljc.org\\\/izdelek\\\/mocvirska-belezka\\\/#primaryimage\",\"url\":\"https:\\\/\\\/www.skrateljc.org\\\/wp-content\\\/uploads\\\/2021\\\/09\\\/Pot_mocvirskih_skratov_na_Mali_plac_koncana.jpg\",\"contentUrl\":\"https:\\\/\\\/www.skrateljc.org\\\/wp-content\\\/uploads\\\/2021\\\/09\\\/Pot_mocvirskih_skratov_na_Mali_plac_koncana.jpg\",\"width\":612,\"height\":767,\"caption\":\"Mo\u010dvirska bele\u017eka Pot mo\u010dvirskih \u0161kratov na Mali plac pravlji\u010dno-do\u017eivljajska pot \u0160krateljc\"},{\"@type\":\"BreadcrumbList\",\"@id\":\"https:\\\/\\\/www.skrateljc.org\\\/izdelek\\\/mocvirska-belezka\\\/#breadcrumb\",\"itemListElement\":[{\"@type\":\"ListItem\",\"position\":1,\"name\":\"Domov\",\"item\":\"https:\\\/\\\/www.skrateljc.org\\\/\"},{\"@type\":\"ListItem\",\"position\":2,\"name\":\"Trgovina\",\"item\":\"https:\\\/\\\/www.skrateljc.org\\\/trgovina\\\/\"},{\"@type\":\"ListItem\",\"position\":3,\"name\":\"Mo\u010dvirska bele\u017eka\"}]},{\"@type\":\"WebSite\",\"@id\":\"https:\\\/\\\/www.skrateljc.org\\\/#website\",\"url\":\"https:\\\/\\\/www.skrateljc.org\\\/\",\"name\":\"\u0160krateljc\",\"description\":\"- ustvarjamo do\u017eivetja\",\"publisher\":{\"@id\":\"https:\\\/\\\/www.skrateljc.org\\\/#organization\"},\"potentialAction\":[{\"@type\":\"SearchAction\",\"target\":{\"@type\":\"EntryPoint\",\"urlTemplate\":\"https:\\\/\\\/www.skrateljc.org\\\/?s={search_term_string}\"},\"query-input\":{\"@type\":\"PropertyValueSpecification\",\"valueRequired\":true,\"valueName\":\"search_term_string\"}}],\"inLanguage\":\"en-GB\"},{\"@type\":\"Organization\",\"@id\":\"https:\\\/\\\/www.skrateljc.org\\\/#organization\",\"name\":\"Zavod \u0160krateljc\",\"url\":\"https:\\\/\\\/www.skrateljc.org\\\/\",\"logo\":{\"@type\":\"ImageObject\",\"inLanguage\":\"en-GB\",\"@id\":\"https:\\\/\\\/www.skrateljc.org\\\/#\\\/schema\\\/logo\\\/image\\\/\",\"url\":\"https:\\\/\\\/www.skrateljc.org\\\/wp-content\\\/uploads\\\/2021\\\/11\\\/00_logo-skrateljc-COL.jpg\",\"contentUrl\":\"https:\\\/\\\/www.skrateljc.org\\\/wp-content\\\/uploads\\\/2021\\\/11\\\/00_logo-skrateljc-COL.jpg\",\"width\":1770,\"height\":471,\"caption\":\"Zavod \u0160krateljc\"},\"image\":{\"@id\":\"https:\\\/\\\/www.skrateljc.org\\\/#\\\/schema\\\/logo\\\/image\\\/\"},\"sameAs\":[\"https:\\\/\\\/www.facebook.com\\\/skrateljc\",\"https:\\\/\\\/www.youtube.com\\\/channel\\\/UCffLgYSmHefkqvSMHeoLSDg\",\"https:\\\/\\\/www.instagram.com\\\/zavodskrateljc\"]}]}<\/script>\n<!-- \/ Yoast SEO Premium plugin. -->","yoast_head_json":{"title":"Mo\u010dvirska bele\u017eka | \u0160krateljc","description":"Mo\u010dvirska bele\u017eka vam pri\u010dara do\u017eivetje na pravlji\u010dno-do\u017eivljajskih poteh. Slu\u017ei kot zemljevid po poti, notri pa re\u0161ujete uganke in odkrivate zgodbo.","robots":{"index":"index","follow":"follow","max-snippet":"max-snippet:-1","max-image-preview":"max-image-preview:large","max-video-preview":"max-video-preview:-1"},"canonical":"https:\/\/www.skrateljc.org\/en\/product-2\/mocvirska-belezka\/","og_locale":"en_GB","og_type":"article","og_title":"Mo\u010dvirska bele\u017eka","og_description":"Mo\u010dvirska bele\u017eka vam pri\u010dara do\u017eivetje na pravlji\u010dno-do\u017eivljajskih poteh. Slu\u017ei kot zemljevid po poti, notri pa re\u0161ujete uganke in odkrivate zgodbo.","og_url":"https:\/\/www.skrateljc.org\/en\/product-2\/mocvirska-belezka\/","og_site_name":"\u0160krateljc","article_publisher":"https:\/\/www.facebook.com\/skrateljc","article_modified_time":"2025-10-25T15:32:48+00:00","og_image":[{"width":768,"height":1275,"url":"https:\/\/www.skrateljc.org\/wp-content\/uploads\/2021\/09\/Pot_mocvirskih_skratov_na_Mali_plac-1.jpg","type":"image\/jpeg"}],"twitter_card":"summary_large_image","twitter_misc":{"Estimated reading time":"1 minute"},"schema":{"@context":"https:\/\/schema.org","@graph":[{"@type":"WebPage","@id":"https:\/\/www.skrateljc.org\/izdelek\/mocvirska-belezka\/","url":"https:\/\/www.skrateljc.org\/izdelek\/mocvirska-belezka\/","name":"Mo\u010dvirska bele\u017eka | \u0160krateljc","isPartOf":{"@id":"https:\/\/www.skrateljc.org\/#website"},"primaryImageOfPage":{"@id":"https:\/\/www.skrateljc.org\/izdelek\/mocvirska-belezka\/#primaryimage"},"image":{"@id":"https:\/\/www.skrateljc.org\/izdelek\/mocvirska-belezka\/#primaryimage"},"thumbnailUrl":"https:\/\/www.skrateljc.org\/wp-content\/uploads\/2021\/09\/Pot_mocvirskih_skratov_na_Mali_plac_koncana.jpg","datePublished":"2021-10-30T06:16:19+00:00","dateModified":"2025-10-25T15:32:48+00:00","description":"Mo\u010dvirska bele\u017eka vam pri\u010dara do\u017eivetje na pravlji\u010dno-do\u017eivljajskih poteh. Slu\u017ei kot zemljevid po poti, notri pa re\u0161ujete uganke in odkrivate zgodbo.","breadcrumb":{"@id":"https:\/\/www.skrateljc.org\/izdelek\/mocvirska-belezka\/#breadcrumb"},"inLanguage":"en-GB","potentialAction":[{"@type":"ReadAction","target":["https:\/\/www.skrateljc.org\/izdelek\/mocvirska-belezka\/"]}]},{"@type":"ImageObject","inLanguage":"en-GB","@id":"https:\/\/www.skrateljc.org\/izdelek\/mocvirska-belezka\/#primaryimage","url":"https:\/\/www.skrateljc.org\/wp-content\/uploads\/2021\/09\/Pot_mocvirskih_skratov_na_Mali_plac_koncana.jpg","contentUrl":"https:\/\/www.skrateljc.org\/wp-content\/uploads\/2021\/09\/Pot_mocvirskih_skratov_na_Mali_plac_koncana.jpg","width":612,"height":767,"caption":"Mo\u010dvirska bele\u017eka Pot mo\u010dvirskih \u0161kratov na Mali plac pravlji\u010dno-do\u017eivljajska pot \u0160krateljc"},{"@type":"BreadcrumbList","@id":"https:\/\/www.skrateljc.org\/izdelek\/mocvirska-belezka\/#breadcrumb","itemListElement":[{"@type":"ListItem","position":1,"name":"Domov","item":"https:\/\/www.skrateljc.org\/"},{"@type":"ListItem","position":2,"name":"Trgovina","item":"https:\/\/www.skrateljc.org\/trgovina\/"},{"@type":"ListItem","position":3,"name":"Mo\u010dvirska bele\u017eka"}]},{"@type":"WebSite","@id":"https:\/\/www.skrateljc.org\/#website","url":"https:\/\/www.skrateljc.org\/","name":"\u0160krateljc","description":"- ustvarjamo do\u017eivetja","publisher":{"@id":"https:\/\/www.skrateljc.org\/#organization"},"potentialAction":[{"@type":"SearchAction","target":{"@type":"EntryPoint","urlTemplate":"https:\/\/www.skrateljc.org\/?s={search_term_string}"},"query-input":{"@type":"PropertyValueSpecification","valueRequired":true,"valueName":"search_term_string"}}],"inLanguage":"en-GB"},{"@type":"Organization","@id":"https:\/\/www.skrateljc.org\/#organization","name":"Zavod \u0160krateljc","url":"https:\/\/www.skrateljc.org\/","logo":{"@type":"ImageObject","inLanguage":"en-GB","@id":"https:\/\/www.skrateljc.org\/#\/schema\/logo\/image\/","url":"https:\/\/www.skrateljc.org\/wp-content\/uploads\/2021\/11\/00_logo-skrateljc-COL.jpg","contentUrl":"https:\/\/www.skrateljc.org\/wp-content\/uploads\/2021\/11\/00_logo-skrateljc-COL.jpg","width":1770,"height":471,"caption":"Zavod \u0160krateljc"},"image":{"@id":"https:\/\/www.skrateljc.org\/#\/schema\/logo\/image\/"},"sameAs":["https:\/\/www.facebook.com\/skrateljc","https:\/\/www.youtube.com\/channel\/UCffLgYSmHefkqvSMHeoLSDg","https:\/\/www.instagram.com\/zavodskrateljc"]}]}},"_links":{"self":[{"href":"https:\/\/www.skrateljc.org\/en\/wp-json\/wp\/v2\/product\/800","targetHints":{"allow":["GET"]}}],"collection":[{"href":"https:\/\/www.skrateljc.org\/en\/wp-json\/wp\/v2\/product"}],"about":[{"href":"https:\/\/www.skrateljc.org\/en\/wp-json\/wp\/v2\/types\/product"}],"wp:featuredmedia":[{"embeddable":true,"href":"https:\/\/www.skrateljc.org\/en\/wp-json\/wp\/v2\/media\/1191"}],"wp:attachment":[{"href":"https:\/\/www.skrateljc.org\/en\/wp-json\/wp\/v2\/media?parent=800"}],"wp:term":[{"taxonomy":"product_brand","embeddable":true,"href":"https:\/\/www.skrateljc.org\/en\/wp-json\/wp\/v2\/product_brand?post=800"},{"taxonomy":"product_cat","embeddable":true,"href":"https:\/\/www.skrateljc.org\/en\/wp-json\/wp\/v2\/product_cat?post=800"},{"taxonomy":"product_tag","embeddable":true,"href":"https:\/\/www.skrateljc.org\/en\/wp-json\/wp\/v2\/product_tag?post=800"}],"curies":[{"name":"wp","href":"https:\/\/api.w.org\/{rel}","templated":true}]}}