{"id":492,"date":"2021-09-28T12:00:01","date_gmt":"2021-09-28T12:00:01","guid":{"rendered":"https:\/\/skrateljc.org\/?post_type=product&#038;p=492"},"modified":"2026-02-12T15:28:38","modified_gmt":"2026-02-12T14:28:38","slug":"o-pastirjih-in-skratih-s-krvavca","status":"publish","type":"product","link":"https:\/\/www.skrateljc.org\/en\/izdelek\/o-pastirjih-in-skratih-s-krvavca\/","title":{"rendered":"O pastirjih in \u0161kratih s Krvavca"},"content":{"rendered":"<p><strong>O pastirjih in \u0161kratih s Krvavca je pripoved o dveh pastir\u010dkih, ki prvi\u010d sama paseta svojo \u010dredo na Krvavcu. Ni jima lahko, saj ju posku\u0161ajo s planine pregnati zoprni pastirski \u0161kratje.<\/strong><\/p>\n<p><em>Pastirca se ozirata po planini. A krave Cike ni nikjer. Prav nikjer. Lu\u010dka sede na velik kamen in tiho zajoka. \u00bbRazdejana bajta, pobezljana \u017eivina, Cikin zvon\u010dek, ropotanje v dimniku, ren\u010danje in zdaj \u0161e izginula Cika,\u00ab v solzah na\u0161teva Lu\u010dka. Potem jo spreleti: \u00bbOjoj, A\u017ebe, menda se niso veliki kosmati divji mo\u017eje spravili nad naju? Kaj pa, \u010de so krive zoprne babe coprnice, ki pastirjem ne dajo miru?\u00ab<\/em><\/p>\n<p>\u017de od davnih \u010dasov planine nad Ambro\u017eem v poletnih dneh nudijo zavetje pastirjem in njihovim \u010dredam. Cveto\u010di pa\u0161niki, prepolni zdravilnih zeli, se kopajo v soncu in dehtijo v ne\u017enih sapah. Ti\u0161ina okoli\u0161kih gora objema prostrane pa\u0161nike, ki zvi\u0161ka zrejo na svet tam doli, svet poln hrupa, hitenja in grobosti. Kakor da bi vstopili v pravljico,<strong>\u00a0tako \u010daroben je ta planinski svet<\/strong>, ki kar kli\u010de, da se ga nau\u017eijemo.<\/p>\n<p>\u017de poznate\u00a0<a href=\"https:\/\/www.skrateljc.org\/en\/pot-pastirskih-skratov-na-krvavcu\/\">The Krvavec Goblin Adventure<\/a>? Na Krvavcu \u0161e vedno rogovilijo \u0161kratje, obi\u0161\u010dite pravlji\u010dno planino!<\/p>","protected":false},"excerpt":{"rendered":"<p><strong>O pastirjih in \u0161kratih s Krvavca je pripoved o dveh pastir\u010dkih, ki prvi\u010d sama paseta svojo \u010dredo na Krvavcu. Ni jima lahko, saj ju posku\u0161ajo s planine pregnati zoprni pastirski \u0161kratje.<\/strong><\/p>\n<p><em>Pastirca se ozirata po planini. A krave Cike ni nikjer. Prav nikjer. Lu\u010dka sede na velik kamen in tiho zajoka. \u00bbRazdejana bajta, pobezljana \u017eivina, Cikin zvon\u010dek, ropotanje v dimniku, ren\u010danje in zdaj \u0161e izginula Cika,\u00ab v solzah na\u0161teva Lu\u010dka. Potem jo spreleti: \u00bbOjoj, A\u017ebe, menda se niso veliki kosmati divji mo\u017eje spravili nad naju? Kaj pa, \u010de so krive zoprne babe coprnice, ki pastirjem ne dajo miru?\u00ab<\/em><\/p>\n<p>\u017de od davnih \u010dasov planine nad Ambro\u017eem v poletnih dneh nudijo zavetje pastirjem in njihovim \u010dredam. Cveto\u010di pa\u0161niki, prepolni zdravilnih zeli, se kopajo v soncu in dehtijo v ne\u017enih sapah. Ti\u0161ina okoli\u0161kih gora objema prostrane pa\u0161nike, ki zvi\u0161ka zrejo na svet tam doli, svet poln hrupa, hitenja in grobosti. Kakor da bi vstopili v pravljico,<strong>\u00a0tako \u010daroben je ta planinski svet<\/strong>, ki kar kli\u010de, da se ga nau\u017eijemo.<\/p>\n<p>\u017de poznate\u00a0<a href=\"https:\/\/www.skrateljc.org\/en\/pot-pastirskih-skratov-na-krvavcu\/\">The Krvavec Goblin Adventure<\/a>? Na Krvavcu \u0161e vedno rogovilijo \u0161kratje, obi\u0161\u010dite pravlji\u010dno planino!<\/p>","protected":false},"featured_media":1205,"template":"","meta":{"inline_featured_image":false,"cybocfi_hide_featured_image":""},"product_brand":[],"product_cat":[68],"product_tag":[],"class_list":{"0":"post-492","1":"product","2":"type-product","3":"status-publish","4":"has-post-thumbnail","6":"product_cat-pravljicne-slikanice","8":"first","9":"instock","10":"shipping-taxable","11":"purchasable","12":"product-type-simple"},"yoast_head":"<!-- This site is optimized with the Yoast SEO Premium plugin v27.2 (Yoast SEO v27.4) - https:\/\/yoast.com\/product\/yoast-seo-premium-wordpress\/ -->\n<title>O pastirjih in \u0161kratih s Krvavca | \u0160krateljc<\/title>\n<meta name=\"description\" content=\"O pastirjih in \u0161kratih s Krvavca je pripoved o dveh pastir\u010dkih, ki prvi\u010d sama paseta svojo \u010dredo na Krvavcu. Ni jima lahko, saj ju posku\u0161ajo s planine pregnati zoprni pastirski \u0161kratje.\" \/>\n<meta name=\"robots\" content=\"index, follow, max-snippet:-1, max-image-preview:large, max-video-preview:-1\" \/>\n<link rel=\"canonical\" href=\"https:\/\/www.skrateljc.org\/en\/product-2\/o-pastirjih-in-skratih-s-krvavca\/\" \/>\n<meta property=\"og:locale\" content=\"en_GB\" \/>\n<meta property=\"og:type\" content=\"article\" \/>\n<meta property=\"og:title\" content=\"O pastirjih in \u0161kratih s Krvavca\" \/>\n<meta property=\"og:description\" content=\"O pastirjih in \u0161kratih s Krvavca je pripoved o dveh pastir\u010dkih, ki prvi\u010d sama paseta svojo \u010dredo na Krvavcu. Ni jima lahko, saj ju posku\u0161ajo s planine pregnati zoprni pastirski \u0161kratje.\" \/>\n<meta property=\"og:url\" content=\"https:\/\/www.skrateljc.org\/en\/product-2\/o-pastirjih-in-skratih-s-krvavca\/\" \/>\n<meta property=\"og:site_name\" content=\"\u0160krateljc\" \/>\n<meta property=\"article:publisher\" content=\"https:\/\/www.facebook.com\/skrateljc\" \/>\n<meta property=\"article:modified_time\" content=\"2026-02-12T14:28:38+00:00\" \/>\n<meta property=\"og:image\" content=\"https:\/\/www.skrateljc.org\/wp-content\/uploads\/2021\/09\/O-pastirjih-in-skratih-s-Krvavca.jpg\" \/>\n\t<meta property=\"og:image:width\" content=\"230\" \/>\n\t<meta property=\"og:image:height\" content=\"295\" \/>\n\t<meta property=\"og:image:type\" content=\"image\/jpeg\" \/>\n<meta name=\"twitter:card\" content=\"summary_large_image\" \/>\n<meta name=\"twitter:label1\" content=\"Estimated reading time\" \/>\n\t<meta name=\"twitter:data1\" content=\"1 minute\" \/>\n<script type=\"application\/ld+json\" class=\"yoast-schema-graph\">{\"@context\":\"https:\\\/\\\/schema.org\",\"@graph\":[{\"@type\":\"WebPage\",\"@id\":\"https:\\\/\\\/www.skrateljc.org\\\/izdelek\\\/o-pastirjih-in-skratih-s-krvavca\\\/\",\"url\":\"https:\\\/\\\/www.skrateljc.org\\\/izdelek\\\/o-pastirjih-in-skratih-s-krvavca\\\/\",\"name\":\"O pastirjih in \u0161kratih s Krvavca | \u0160krateljc\",\"isPartOf\":{\"@id\":\"https:\\\/\\\/www.skrateljc.org\\\/#website\"},\"primaryImageOfPage\":{\"@id\":\"https:\\\/\\\/www.skrateljc.org\\\/izdelek\\\/o-pastirjih-in-skratih-s-krvavca\\\/#primaryimage\"},\"image\":{\"@id\":\"https:\\\/\\\/www.skrateljc.org\\\/izdelek\\\/o-pastirjih-in-skratih-s-krvavca\\\/#primaryimage\"},\"thumbnailUrl\":\"https:\\\/\\\/www.skrateljc.org\\\/wp-content\\\/uploads\\\/2021\\\/09\\\/O_pastirjih_in_skratih_s_Krvavca_koncna.jpg\",\"datePublished\":\"2021-09-28T12:00:01+00:00\",\"dateModified\":\"2026-02-12T14:28:38+00:00\",\"description\":\"O pastirjih in \u0161kratih s Krvavca je pripoved o dveh pastir\u010dkih, ki prvi\u010d sama paseta svojo \u010dredo na Krvavcu. Ni jima lahko, saj ju posku\u0161ajo s planine pregnati zoprni pastirski \u0161kratje.\",\"breadcrumb\":{\"@id\":\"https:\\\/\\\/www.skrateljc.org\\\/izdelek\\\/o-pastirjih-in-skratih-s-krvavca\\\/#breadcrumb\"},\"inLanguage\":\"en-GB\",\"potentialAction\":[{\"@type\":\"ReadAction\",\"target\":[\"https:\\\/\\\/www.skrateljc.org\\\/izdelek\\\/o-pastirjih-in-skratih-s-krvavca\\\/\"]}]},{\"@type\":\"ImageObject\",\"inLanguage\":\"en-GB\",\"@id\":\"https:\\\/\\\/www.skrateljc.org\\\/izdelek\\\/o-pastirjih-in-skratih-s-krvavca\\\/#primaryimage\",\"url\":\"https:\\\/\\\/www.skrateljc.org\\\/wp-content\\\/uploads\\\/2021\\\/09\\\/O_pastirjih_in_skratih_s_Krvavca_koncna.jpg\",\"contentUrl\":\"https:\\\/\\\/www.skrateljc.org\\\/wp-content\\\/uploads\\\/2021\\\/09\\\/O_pastirjih_in_skratih_s_Krvavca_koncna.jpg\",\"width\":612,\"height\":767,\"caption\":\"O pastirjih in \u0161kratih s Krvavca slikanica \u0160krateljc\"},{\"@type\":\"BreadcrumbList\",\"@id\":\"https:\\\/\\\/www.skrateljc.org\\\/izdelek\\\/o-pastirjih-in-skratih-s-krvavca\\\/#breadcrumb\",\"itemListElement\":[{\"@type\":\"ListItem\",\"position\":1,\"name\":\"Domov\",\"item\":\"https:\\\/\\\/www.skrateljc.org\\\/\"},{\"@type\":\"ListItem\",\"position\":2,\"name\":\"Trgovina\",\"item\":\"https:\\\/\\\/www.skrateljc.org\\\/trgovina\\\/\"},{\"@type\":\"ListItem\",\"position\":3,\"name\":\"O pastirjih in \u0161kratih s Krvavca\"}]},{\"@type\":\"WebSite\",\"@id\":\"https:\\\/\\\/www.skrateljc.org\\\/#website\",\"url\":\"https:\\\/\\\/www.skrateljc.org\\\/\",\"name\":\"\u0160krateljc\",\"description\":\"- ustvarjamo do\u017eivetja\",\"publisher\":{\"@id\":\"https:\\\/\\\/www.skrateljc.org\\\/#organization\"},\"potentialAction\":[{\"@type\":\"SearchAction\",\"target\":{\"@type\":\"EntryPoint\",\"urlTemplate\":\"https:\\\/\\\/www.skrateljc.org\\\/?s={search_term_string}\"},\"query-input\":{\"@type\":\"PropertyValueSpecification\",\"valueRequired\":true,\"valueName\":\"search_term_string\"}}],\"inLanguage\":\"en-GB\"},{\"@type\":\"Organization\",\"@id\":\"https:\\\/\\\/www.skrateljc.org\\\/#organization\",\"name\":\"Zavod \u0160krateljc\",\"url\":\"https:\\\/\\\/www.skrateljc.org\\\/\",\"logo\":{\"@type\":\"ImageObject\",\"inLanguage\":\"en-GB\",\"@id\":\"https:\\\/\\\/www.skrateljc.org\\\/#\\\/schema\\\/logo\\\/image\\\/\",\"url\":\"https:\\\/\\\/www.skrateljc.org\\\/wp-content\\\/uploads\\\/2021\\\/11\\\/00_logo-skrateljc-COL.jpg\",\"contentUrl\":\"https:\\\/\\\/www.skrateljc.org\\\/wp-content\\\/uploads\\\/2021\\\/11\\\/00_logo-skrateljc-COL.jpg\",\"width\":1770,\"height\":471,\"caption\":\"Zavod \u0160krateljc\"},\"image\":{\"@id\":\"https:\\\/\\\/www.skrateljc.org\\\/#\\\/schema\\\/logo\\\/image\\\/\"},\"sameAs\":[\"https:\\\/\\\/www.facebook.com\\\/skrateljc\",\"https:\\\/\\\/www.youtube.com\\\/channel\\\/UCffLgYSmHefkqvSMHeoLSDg\",\"https:\\\/\\\/www.instagram.com\\\/zavodskrateljc\"]}]}<\/script>\n<!-- \/ Yoast SEO Premium plugin. -->","yoast_head_json":{"title":"O pastirjih in \u0161kratih s Krvavca | \u0160krateljc","description":"O pastirjih in \u0161kratih s Krvavca je pripoved o dveh pastir\u010dkih, ki prvi\u010d sama paseta svojo \u010dredo na Krvavcu. Ni jima lahko, saj ju posku\u0161ajo s planine pregnati zoprni pastirski \u0161kratje.","robots":{"index":"index","follow":"follow","max-snippet":"max-snippet:-1","max-image-preview":"max-image-preview:large","max-video-preview":"max-video-preview:-1"},"canonical":"https:\/\/www.skrateljc.org\/en\/product-2\/o-pastirjih-in-skratih-s-krvavca\/","og_locale":"en_GB","og_type":"article","og_title":"O pastirjih in \u0161kratih s Krvavca","og_description":"O pastirjih in \u0161kratih s Krvavca je pripoved o dveh pastir\u010dkih, ki prvi\u010d sama paseta svojo \u010dredo na Krvavcu. Ni jima lahko, saj ju posku\u0161ajo s planine pregnati zoprni pastirski \u0161kratje.","og_url":"https:\/\/www.skrateljc.org\/en\/product-2\/o-pastirjih-in-skratih-s-krvavca\/","og_site_name":"\u0160krateljc","article_publisher":"https:\/\/www.facebook.com\/skrateljc","article_modified_time":"2026-02-12T14:28:38+00:00","og_image":[{"width":230,"height":295,"url":"https:\/\/www.skrateljc.org\/wp-content\/uploads\/2021\/09\/O-pastirjih-in-skratih-s-Krvavca.jpg","type":"image\/jpeg"}],"twitter_card":"summary_large_image","twitter_misc":{"Estimated reading time":"1 minute"},"schema":{"@context":"https:\/\/schema.org","@graph":[{"@type":"WebPage","@id":"https:\/\/www.skrateljc.org\/izdelek\/o-pastirjih-in-skratih-s-krvavca\/","url":"https:\/\/www.skrateljc.org\/izdelek\/o-pastirjih-in-skratih-s-krvavca\/","name":"O pastirjih in \u0161kratih s Krvavca | \u0160krateljc","isPartOf":{"@id":"https:\/\/www.skrateljc.org\/#website"},"primaryImageOfPage":{"@id":"https:\/\/www.skrateljc.org\/izdelek\/o-pastirjih-in-skratih-s-krvavca\/#primaryimage"},"image":{"@id":"https:\/\/www.skrateljc.org\/izdelek\/o-pastirjih-in-skratih-s-krvavca\/#primaryimage"},"thumbnailUrl":"https:\/\/www.skrateljc.org\/wp-content\/uploads\/2021\/09\/O_pastirjih_in_skratih_s_Krvavca_koncna.jpg","datePublished":"2021-09-28T12:00:01+00:00","dateModified":"2026-02-12T14:28:38+00:00","description":"O pastirjih in \u0161kratih s Krvavca je pripoved o dveh pastir\u010dkih, ki prvi\u010d sama paseta svojo \u010dredo na Krvavcu. Ni jima lahko, saj ju posku\u0161ajo s planine pregnati zoprni pastirski \u0161kratje.","breadcrumb":{"@id":"https:\/\/www.skrateljc.org\/izdelek\/o-pastirjih-in-skratih-s-krvavca\/#breadcrumb"},"inLanguage":"en-GB","potentialAction":[{"@type":"ReadAction","target":["https:\/\/www.skrateljc.org\/izdelek\/o-pastirjih-in-skratih-s-krvavca\/"]}]},{"@type":"ImageObject","inLanguage":"en-GB","@id":"https:\/\/www.skrateljc.org\/izdelek\/o-pastirjih-in-skratih-s-krvavca\/#primaryimage","url":"https:\/\/www.skrateljc.org\/wp-content\/uploads\/2021\/09\/O_pastirjih_in_skratih_s_Krvavca_koncna.jpg","contentUrl":"https:\/\/www.skrateljc.org\/wp-content\/uploads\/2021\/09\/O_pastirjih_in_skratih_s_Krvavca_koncna.jpg","width":612,"height":767,"caption":"O pastirjih in \u0161kratih s Krvavca slikanica \u0160krateljc"},{"@type":"BreadcrumbList","@id":"https:\/\/www.skrateljc.org\/izdelek\/o-pastirjih-in-skratih-s-krvavca\/#breadcrumb","itemListElement":[{"@type":"ListItem","position":1,"name":"Domov","item":"https:\/\/www.skrateljc.org\/"},{"@type":"ListItem","position":2,"name":"Trgovina","item":"https:\/\/www.skrateljc.org\/trgovina\/"},{"@type":"ListItem","position":3,"name":"O pastirjih in \u0161kratih s Krvavca"}]},{"@type":"WebSite","@id":"https:\/\/www.skrateljc.org\/#website","url":"https:\/\/www.skrateljc.org\/","name":"\u0160krateljc","description":"- ustvarjamo do\u017eivetja","publisher":{"@id":"https:\/\/www.skrateljc.org\/#organization"},"potentialAction":[{"@type":"SearchAction","target":{"@type":"EntryPoint","urlTemplate":"https:\/\/www.skrateljc.org\/?s={search_term_string}"},"query-input":{"@type":"PropertyValueSpecification","valueRequired":true,"valueName":"search_term_string"}}],"inLanguage":"en-GB"},{"@type":"Organization","@id":"https:\/\/www.skrateljc.org\/#organization","name":"Zavod \u0160krateljc","url":"https:\/\/www.skrateljc.org\/","logo":{"@type":"ImageObject","inLanguage":"en-GB","@id":"https:\/\/www.skrateljc.org\/#\/schema\/logo\/image\/","url":"https:\/\/www.skrateljc.org\/wp-content\/uploads\/2021\/11\/00_logo-skrateljc-COL.jpg","contentUrl":"https:\/\/www.skrateljc.org\/wp-content\/uploads\/2021\/11\/00_logo-skrateljc-COL.jpg","width":1770,"height":471,"caption":"Zavod \u0160krateljc"},"image":{"@id":"https:\/\/www.skrateljc.org\/#\/schema\/logo\/image\/"},"sameAs":["https:\/\/www.facebook.com\/skrateljc","https:\/\/www.youtube.com\/channel\/UCffLgYSmHefkqvSMHeoLSDg","https:\/\/www.instagram.com\/zavodskrateljc"]}]}},"_links":{"self":[{"href":"https:\/\/www.skrateljc.org\/en\/wp-json\/wp\/v2\/product\/492","targetHints":{"allow":["GET"]}}],"collection":[{"href":"https:\/\/www.skrateljc.org\/en\/wp-json\/wp\/v2\/product"}],"about":[{"href":"https:\/\/www.skrateljc.org\/en\/wp-json\/wp\/v2\/types\/product"}],"wp:featuredmedia":[{"embeddable":true,"href":"https:\/\/www.skrateljc.org\/en\/wp-json\/wp\/v2\/media\/1205"}],"wp:attachment":[{"href":"https:\/\/www.skrateljc.org\/en\/wp-json\/wp\/v2\/media?parent=492"}],"wp:term":[{"taxonomy":"product_brand","embeddable":true,"href":"https:\/\/www.skrateljc.org\/en\/wp-json\/wp\/v2\/product_brand?post=492"},{"taxonomy":"product_cat","embeddable":true,"href":"https:\/\/www.skrateljc.org\/en\/wp-json\/wp\/v2\/product_cat?post=492"},{"taxonomy":"product_tag","embeddable":true,"href":"https:\/\/www.skrateljc.org\/en\/wp-json\/wp\/v2\/product_tag?post=492"}],"curies":[{"name":"wp","href":"https:\/\/api.w.org\/{rel}","templated":true}]}}