{"id":3350,"date":"2021-11-26T10:34:54","date_gmt":"2021-11-26T09:34:54","guid":{"rendered":"https:\/\/www.skrateljc.org\/?post_type=product&#038;p=3350"},"modified":"2025-10-25T17:28:14","modified_gmt":"2025-10-25T15:28:14","slug":"darilni-bon","status":"publish","type":"product","link":"https:\/\/www.skrateljc.org\/en\/izdelek\/darilni-bon\/","title":{"rendered":"\u0160kratolovsko do\u017eivetje za zaklju\u010dene skupine"},"content":{"rendered":"<h4>Cena: 180\u20ac do 15 oseb<br \/>\nDopla\u010dilo: 10\u20ac\/osebo<\/h4>\n<h4><strong>KAJ?<\/strong><\/h4>\n<h4>Ekskluzivna ponudba za zaklju\u010dene skupine, ki vklju\u010duje: slikanico (ena na dru\u017eino), bele\u017eko<br \/>\nin nagrado za vsakega otroka ter unikatno 3-urno do\u017eivetje z vrhunskim interpretativnim<br \/>\nvodnikom!<\/h4>\n<h4><strong>\u00a0<\/strong><strong>KJE?<\/strong><\/h4>\n<h4>Do\u017eivetje prilagodimo starostni skupini otrok in \u017eeljam naro\u010dnika. Ponudba velja za vsa na\u0161a do\u017eivetja v naravi.<\/h4>\n<h4><strong>\u00a0<\/strong><strong>KAKO?<\/strong><\/h4>\n<h4>\u010cas in kraj obiska si izberete sami, rezervacija \u017eelenega termina vsaj 14 dni prej.<br \/>\n<strong>Kontakt za rezervacije:<\/strong><br \/>\nksenja@skrateljc.org<br \/>\n070 409 844<\/h4>","protected":false},"excerpt":{"rendered":"<h4><\/h4>\n<h4><strong>KAJ?<\/strong><\/h4>\n<h4>Ekskluzivna ponudba za zaklju\u010dene skupine, ki vklju\u010duje: slikanico (ena na dru\u017eino), bele\u017eko in nagrado za vsakega otroka ter unikatno 3-urno do\u017eivetje z vrhunskim interpretativnim vodnikom!<\/h4>\n<h4>Cena: 180\u20ac do 15 oseb<br \/>\nDopla\u010dilo: 10\u20ac\/osebo<\/h4>\n<h4><strong>\u00a0<\/strong><strong>KJE?<\/strong><\/h4>\n<h4>Do\u017eivetje prilagodimo starostni skupini otrok in \u017eeljam naro\u010dnika. Ponudba velja za vsa na\u0161a do\u017eivetja v naravi.<\/h4>\n<h4><strong>\u00a0<\/strong><strong>KAKO?<\/strong><\/h4>\n<h4>\u010cas in kraj obiska si izberete sami, rezervacija \u017eelenega termina vsaj 14 dni prej.<br \/>\nKontakt:<br \/>\nksenja@skrateljc.org<br \/>\n070 409 844<\/h4>","protected":false},"featured_media":3336,"template":"","meta":{"inline_featured_image":false,"cybocfi_hide_featured_image":""},"product_brand":[],"product_cat":[81],"product_tag":[],"class_list":{"0":"post-3350","1":"product","2":"type-product","3":"status-publish","4":"has-post-thumbnail","6":"product_cat-ostalo","8":"first","9":"instock","10":"shipping-taxable","11":"purchasable","12":"product-type-simple"},"yoast_head":"<!-- This site is optimized with the Yoast SEO Premium plugin v27.4 (Yoast SEO v27.4) - https:\/\/yoast.com\/product\/yoast-seo-premium-wordpress\/ -->\n<title>\u0160kratolovsko do\u017eivetje za zaklju\u010dene skupine | \u0160krateljc<\/title>\n<meta name=\"description\" content=\"Ekskluzivno do\u017eivetje za dru\u017eine in zaklju\u010dene skupine z unikatnim programom. Podajte se na edinstveno 3-urno do\u017eivetje z vrhunskim interpretativnim vodnikom!\" \/>\n<meta name=\"robots\" content=\"index, follow, max-snippet:-1, max-image-preview:large, max-video-preview:-1\" \/>\n<link rel=\"canonical\" href=\"https:\/\/www.skrateljc.org\/en\/product-2\/darilni-bon\/\" \/>\n<meta property=\"og:locale\" content=\"en_GB\" \/>\n<meta property=\"og:type\" content=\"article\" \/>\n<meta property=\"og:title\" content=\"\u0160kratolovsko do\u017eivetje za zaklju\u010dene skupine\" \/>\n<meta property=\"og:description\" content=\"Ekskluzivno do\u017eivetje za dru\u017eine in zaklju\u010dene skupine z unikatnim programom. Podajte se na edinstveno 3-urno do\u017eivetje z vrhunskim interpretativnim vodnikom!\" \/>\n<meta property=\"og:url\" content=\"https:\/\/www.skrateljc.org\/en\/product-2\/darilni-bon\/\" \/>\n<meta property=\"og:site_name\" content=\"\u0160krateljc\" \/>\n<meta property=\"article:publisher\" content=\"https:\/\/www.facebook.com\/skrateljc\" \/>\n<meta property=\"article:modified_time\" content=\"2025-10-25T15:28:14+00:00\" \/>\n<meta property=\"og:image\" content=\"https:\/\/www.skrateljc.org\/wp-content\/uploads\/2021\/11\/bon-web.png\" \/>\n\t<meta property=\"og:image:width\" content=\"940\" \/>\n\t<meta property=\"og:image:height\" content=\"788\" \/>\n\t<meta property=\"og:image:type\" content=\"image\/png\" \/>\n<meta name=\"twitter:card\" content=\"summary_large_image\" \/>\n<script type=\"application\/ld+json\" class=\"yoast-schema-graph\">{\"@context\":\"https:\\\/\\\/schema.org\",\"@graph\":[{\"@type\":\"WebPage\",\"@id\":\"https:\\\/\\\/www.skrateljc.org\\\/izdelek\\\/darilni-bon\\\/\",\"url\":\"https:\\\/\\\/www.skrateljc.org\\\/izdelek\\\/darilni-bon\\\/\",\"name\":\"\u0160kratolovsko do\u017eivetje za zaklju\u010dene skupine | \u0160krateljc\",\"isPartOf\":{\"@id\":\"https:\\\/\\\/www.skrateljc.org\\\/#website\"},\"primaryImageOfPage\":{\"@id\":\"https:\\\/\\\/www.skrateljc.org\\\/izdelek\\\/darilni-bon\\\/#primaryimage\"},\"image\":{\"@id\":\"https:\\\/\\\/www.skrateljc.org\\\/izdelek\\\/darilni-bon\\\/#primaryimage\"},\"thumbnailUrl\":\"https:\\\/\\\/www.skrateljc.org\\\/wp-content\\\/uploads\\\/2021\\\/11\\\/BON-za-skupine.png\",\"datePublished\":\"2021-11-26T09:34:54+00:00\",\"dateModified\":\"2025-10-25T15:28:14+00:00\",\"description\":\"Ekskluzivno do\u017eivetje za dru\u017eine in zaklju\u010dene skupine z unikatnim programom. Podajte se na edinstveno 3-urno do\u017eivetje z vrhunskim interpretativnim vodnikom!\",\"breadcrumb\":{\"@id\":\"https:\\\/\\\/www.skrateljc.org\\\/izdelek\\\/darilni-bon\\\/#breadcrumb\"},\"inLanguage\":\"en-GB\",\"potentialAction\":[{\"@type\":\"ReadAction\",\"target\":[\"https:\\\/\\\/www.skrateljc.org\\\/izdelek\\\/darilni-bon\\\/\"]}]},{\"@type\":\"ImageObject\",\"inLanguage\":\"en-GB\",\"@id\":\"https:\\\/\\\/www.skrateljc.org\\\/izdelek\\\/darilni-bon\\\/#primaryimage\",\"url\":\"https:\\\/\\\/www.skrateljc.org\\\/wp-content\\\/uploads\\\/2021\\\/11\\\/BON-za-skupine.png\",\"contentUrl\":\"https:\\\/\\\/www.skrateljc.org\\\/wp-content\\\/uploads\\\/2021\\\/11\\\/BON-za-skupine.png\",\"width\":940,\"height\":788,\"caption\":\"\u0161kratolovski darilni bon\"},{\"@type\":\"BreadcrumbList\",\"@id\":\"https:\\\/\\\/www.skrateljc.org\\\/izdelek\\\/darilni-bon\\\/#breadcrumb\",\"itemListElement\":[{\"@type\":\"ListItem\",\"position\":1,\"name\":\"Domov\",\"item\":\"https:\\\/\\\/www.skrateljc.org\\\/\"},{\"@type\":\"ListItem\",\"position\":2,\"name\":\"Trgovina\",\"item\":\"https:\\\/\\\/www.skrateljc.org\\\/trgovina\\\/\"},{\"@type\":\"ListItem\",\"position\":3,\"name\":\"\u0160kratolovsko do\u017eivetje za zaklju\u010dene skupine\"}]},{\"@type\":\"WebSite\",\"@id\":\"https:\\\/\\\/www.skrateljc.org\\\/#website\",\"url\":\"https:\\\/\\\/www.skrateljc.org\\\/\",\"name\":\"\u0160krateljc\",\"description\":\"- ustvarjamo do\u017eivetja\",\"publisher\":{\"@id\":\"https:\\\/\\\/www.skrateljc.org\\\/#organization\"},\"potentialAction\":[{\"@type\":\"SearchAction\",\"target\":{\"@type\":\"EntryPoint\",\"urlTemplate\":\"https:\\\/\\\/www.skrateljc.org\\\/?s={search_term_string}\"},\"query-input\":{\"@type\":\"PropertyValueSpecification\",\"valueRequired\":true,\"valueName\":\"search_term_string\"}}],\"inLanguage\":\"en-GB\"},{\"@type\":\"Organization\",\"@id\":\"https:\\\/\\\/www.skrateljc.org\\\/#organization\",\"name\":\"Zavod \u0160krateljc\",\"url\":\"https:\\\/\\\/www.skrateljc.org\\\/\",\"logo\":{\"@type\":\"ImageObject\",\"inLanguage\":\"en-GB\",\"@id\":\"https:\\\/\\\/www.skrateljc.org\\\/#\\\/schema\\\/logo\\\/image\\\/\",\"url\":\"https:\\\/\\\/www.skrateljc.org\\\/wp-content\\\/uploads\\\/2021\\\/11\\\/00_logo-skrateljc-COL.jpg\",\"contentUrl\":\"https:\\\/\\\/www.skrateljc.org\\\/wp-content\\\/uploads\\\/2021\\\/11\\\/00_logo-skrateljc-COL.jpg\",\"width\":1770,\"height\":471,\"caption\":\"Zavod \u0160krateljc\"},\"image\":{\"@id\":\"https:\\\/\\\/www.skrateljc.org\\\/#\\\/schema\\\/logo\\\/image\\\/\"},\"sameAs\":[\"https:\\\/\\\/www.facebook.com\\\/skrateljc\",\"https:\\\/\\\/www.youtube.com\\\/channel\\\/UCffLgYSmHefkqvSMHeoLSDg\",\"https:\\\/\\\/www.instagram.com\\\/zavodskrateljc\"]}]}<\/script>\n<!-- \/ Yoast SEO Premium plugin. -->","yoast_head_json":{"title":"\u0160kratolovsko do\u017eivetje za zaklju\u010dene skupine | \u0160krateljc","description":"Ekskluzivno do\u017eivetje za dru\u017eine in zaklju\u010dene skupine z unikatnim programom. Podajte se na edinstveno 3-urno do\u017eivetje z vrhunskim interpretativnim vodnikom!","robots":{"index":"index","follow":"follow","max-snippet":"max-snippet:-1","max-image-preview":"max-image-preview:large","max-video-preview":"max-video-preview:-1"},"canonical":"https:\/\/www.skrateljc.org\/en\/product-2\/darilni-bon\/","og_locale":"en_GB","og_type":"article","og_title":"\u0160kratolovsko do\u017eivetje za zaklju\u010dene skupine","og_description":"Ekskluzivno do\u017eivetje za dru\u017eine in zaklju\u010dene skupine z unikatnim programom. Podajte se na edinstveno 3-urno do\u017eivetje z vrhunskim interpretativnim vodnikom!","og_url":"https:\/\/www.skrateljc.org\/en\/product-2\/darilni-bon\/","og_site_name":"\u0160krateljc","article_publisher":"https:\/\/www.facebook.com\/skrateljc","article_modified_time":"2025-10-25T15:28:14+00:00","og_image":[{"width":940,"height":788,"url":"https:\/\/www.skrateljc.org\/wp-content\/uploads\/2021\/11\/bon-web.png","type":"image\/png"}],"twitter_card":"summary_large_image","schema":{"@context":"https:\/\/schema.org","@graph":[{"@type":"WebPage","@id":"https:\/\/www.skrateljc.org\/izdelek\/darilni-bon\/","url":"https:\/\/www.skrateljc.org\/izdelek\/darilni-bon\/","name":"\u0160kratolovsko do\u017eivetje za zaklju\u010dene skupine | \u0160krateljc","isPartOf":{"@id":"https:\/\/www.skrateljc.org\/#website"},"primaryImageOfPage":{"@id":"https:\/\/www.skrateljc.org\/izdelek\/darilni-bon\/#primaryimage"},"image":{"@id":"https:\/\/www.skrateljc.org\/izdelek\/darilni-bon\/#primaryimage"},"thumbnailUrl":"https:\/\/www.skrateljc.org\/wp-content\/uploads\/2021\/11\/BON-za-skupine.png","datePublished":"2021-11-26T09:34:54+00:00","dateModified":"2025-10-25T15:28:14+00:00","description":"Ekskluzivno do\u017eivetje za dru\u017eine in zaklju\u010dene skupine z unikatnim programom. Podajte se na edinstveno 3-urno do\u017eivetje z vrhunskim interpretativnim vodnikom!","breadcrumb":{"@id":"https:\/\/www.skrateljc.org\/izdelek\/darilni-bon\/#breadcrumb"},"inLanguage":"en-GB","potentialAction":[{"@type":"ReadAction","target":["https:\/\/www.skrateljc.org\/izdelek\/darilni-bon\/"]}]},{"@type":"ImageObject","inLanguage":"en-GB","@id":"https:\/\/www.skrateljc.org\/izdelek\/darilni-bon\/#primaryimage","url":"https:\/\/www.skrateljc.org\/wp-content\/uploads\/2021\/11\/BON-za-skupine.png","contentUrl":"https:\/\/www.skrateljc.org\/wp-content\/uploads\/2021\/11\/BON-za-skupine.png","width":940,"height":788,"caption":"\u0161kratolovski darilni bon"},{"@type":"BreadcrumbList","@id":"https:\/\/www.skrateljc.org\/izdelek\/darilni-bon\/#breadcrumb","itemListElement":[{"@type":"ListItem","position":1,"name":"Domov","item":"https:\/\/www.skrateljc.org\/"},{"@type":"ListItem","position":2,"name":"Trgovina","item":"https:\/\/www.skrateljc.org\/trgovina\/"},{"@type":"ListItem","position":3,"name":"\u0160kratolovsko do\u017eivetje za zaklju\u010dene skupine"}]},{"@type":"WebSite","@id":"https:\/\/www.skrateljc.org\/#website","url":"https:\/\/www.skrateljc.org\/","name":"\u0160krateljc","description":"- ustvarjamo do\u017eivetja","publisher":{"@id":"https:\/\/www.skrateljc.org\/#organization"},"potentialAction":[{"@type":"SearchAction","target":{"@type":"EntryPoint","urlTemplate":"https:\/\/www.skrateljc.org\/?s={search_term_string}"},"query-input":{"@type":"PropertyValueSpecification","valueRequired":true,"valueName":"search_term_string"}}],"inLanguage":"en-GB"},{"@type":"Organization","@id":"https:\/\/www.skrateljc.org\/#organization","name":"Zavod \u0160krateljc","url":"https:\/\/www.skrateljc.org\/","logo":{"@type":"ImageObject","inLanguage":"en-GB","@id":"https:\/\/www.skrateljc.org\/#\/schema\/logo\/image\/","url":"https:\/\/www.skrateljc.org\/wp-content\/uploads\/2021\/11\/00_logo-skrateljc-COL.jpg","contentUrl":"https:\/\/www.skrateljc.org\/wp-content\/uploads\/2021\/11\/00_logo-skrateljc-COL.jpg","width":1770,"height":471,"caption":"Zavod \u0160krateljc"},"image":{"@id":"https:\/\/www.skrateljc.org\/#\/schema\/logo\/image\/"},"sameAs":["https:\/\/www.facebook.com\/skrateljc","https:\/\/www.youtube.com\/channel\/UCffLgYSmHefkqvSMHeoLSDg","https:\/\/www.instagram.com\/zavodskrateljc"]}]}},"_links":{"self":[{"href":"https:\/\/www.skrateljc.org\/en\/wp-json\/wp\/v2\/product\/3350","targetHints":{"allow":["GET"]}}],"collection":[{"href":"https:\/\/www.skrateljc.org\/en\/wp-json\/wp\/v2\/product"}],"about":[{"href":"https:\/\/www.skrateljc.org\/en\/wp-json\/wp\/v2\/types\/product"}],"wp:featuredmedia":[{"embeddable":true,"href":"https:\/\/www.skrateljc.org\/en\/wp-json\/wp\/v2\/media\/3336"}],"wp:attachment":[{"href":"https:\/\/www.skrateljc.org\/en\/wp-json\/wp\/v2\/media?parent=3350"}],"wp:term":[{"taxonomy":"product_brand","embeddable":true,"href":"https:\/\/www.skrateljc.org\/en\/wp-json\/wp\/v2\/product_brand?post=3350"},{"taxonomy":"product_cat","embeddable":true,"href":"https:\/\/www.skrateljc.org\/en\/wp-json\/wp\/v2\/product_cat?post=3350"},{"taxonomy":"product_tag","embeddable":true,"href":"https:\/\/www.skrateljc.org\/en\/wp-json\/wp\/v2\/product_tag?post=3350"}],"curies":[{"name":"wp","href":"https:\/\/api.w.org\/{rel}","templated":true}]}}