{"id":30556,"date":"2025-06-18T09:22:17","date_gmt":"2025-06-18T08:22:17","guid":{"rendered":"https:\/\/www.skrateljc.org\/?post_type=product&#038;p=30556"},"modified":"2026-03-03T15:16:29","modified_gmt":"2026-03-03T14:16:29","slug":"pogi-pa-pika","status":"publish","type":"product","link":"https:\/\/www.skrateljc.org\/en\/izdelek\/pogi-pa-pika\/","title":{"rendered":"POGI PA PIKA"},"content":{"rendered":"<h4>Kmalu na voljo!<\/h4>\n<p style=\"font-weight: 400;\">Slikanica Uro\u0161a Grilca in Gregorja Gor\u0161i\u010da POGI PA PIKA je zares nekaj posebnega! Zgodba o Tadeju Poga\u010darju in Ur\u0161ki \u017digart te popelje v pravlji\u010dni svet \u0161kratov, velikanov in zmajev ter mlado in staro navdu\u0161uje za kolesarjenje. In koliko novega izve\u0161 o obeh resni\u010dnih junakih, Pogiju in Piki!<\/p>\n<p>TO JE NAJINA KOLESARSKA PRAVLJICA. Z RESNI\u010cNIMI IN PRAVLJI\u010cNIMI JUNAKI. \u010cE VERJAME\u0160 V \u0160KRATE, ZMAJE IN VELIKANE, TI ZAGOTOVO POMAGAJO SKOZI PRENEKATERO PREIZKU\u0160NJO. \u010cE VERJAME\u0160 VASE, PA TE ODPELJEJO VSE DO TVOJIH SANJ. KAKO? NA KOLESU, VENDAR!<\/p>\n<h5 style=\"font-weight: 400;\"><span style=\"font-size: 100%;\">Del sredstev od prodaje slikanice POGI PA PIKA bo namenjen Fundaciji Tadeja Poga\u010darja, USTANOVI<\/span><br \/>\n<span style=\"font-size: 100%;\">ZA DOBRODELNOST.<\/span><\/h5>\n<p>Slikanica je nastala s podporo:<br \/>\nLumar &#8211; generalni pokrovitelj projekta Pogi pa pika<br \/>\nVisit Cerklje, partner projekta Pogi pa Pika<br \/>\nPogi team, Pika team, Kolesarsko dru\u0161tvo Rog, Fundacija Tadeja Poga\u010darja<\/p>","protected":false},"excerpt":{"rendered":"<h4>S pravlji\u010dnimi junaki \u0161irimo veselje do kolesarjenja in zdravega \u017eivljenja!<\/h4>\n<p>Slikanica Uro\u0161a Grilca in Gregorja Gor\u0161i\u010da POGI PA PIKA je zares nekaj posebnega! Zgodba o Tadeju Poga\u010darju in Ur\u0161ki \u017digart nas popelje v pravlji\u010dni svet \u0161kratov, velikanov in zmajev ter mlado in staro navdu\u0161uje za kolesarjenje. In koliko novega v njej izve\u0161 o obeh resni\u010dnih junakih, Pogiju in Piki: zakaj je Ur\u0161ka Pika in od kje se je Tadej nau\u010dil tako izjemne spretnosti na kolesu?<\/p>\n<p>Slikanica je iz\u0161la v zbirki \u0160kratolov\u0161\u010dine v zalo\u017ebi zavoda \u0160krateljc, ki ustvarja Pravlji\u010dno-do\u017eivljajsko transverzalo po Sloveniji, dru\u017einske dogodiv\u0161\u010dine v naravi, povezane z izvirnimi zgodbami v slikanicah. Pravlji\u010dna bitja otroke na krilih domi\u0161ljije popeljejo v resni\u010dne kraje, na gozdna do\u017eivetja, kjer se otroci in odrasli znajdejo sredi zgodbe in postanejo njeni junaki. Prav povezovanje pravlji\u010dnosti in resni\u010dnosti je tudi zna\u010dilnost nove slikanice POGI PA PIKA. Zgodba slikanice POGI PA PIKA je pravlji\u010dna, ilustrator Gregor Gor\u0161i\u010d je do\u017eiveto upodobil \u0161krate, zmaje in velikane, ki Pogija in Piko preizku\u0161ajo v njunih kolesarskih podvigih.<\/p>\n<p>Pisatelj Uro\u0161 Grilc si je zgodbo zamislil kot popotovanje obeh junakov od \u0161olskih dni, ki so kajpada povezani s kolesom, preko sre\u010danj obeh junakov s pravlji\u010dnimi junaki:<\/p>\n<h5><em>\u00bb\u0160kratje, zmaji in velikani Piko in Pogija preizku\u0161ajo na sto in en na\u010din, ju urijo in na koncu izklesajo v kolesarja, kot sta danes. S trudom in vztrajnostjo, pa seveda tudi pogumom Pogi in Pika dajeta zgled vsem otrokom, da naj sledijo svojim sanjam. In prav kolo je na poti do sanj lahko imeniten sopotnik: najsi gre za pot v \u0161olo, na izlet ali pa za trening in vrhunski \u0161port.\u00ab<\/em><\/h5>\n<p>Zato tudi Ur\u0161ka in Tadej skleneta zgodbo v slikanici POGI PA PIKA takole:<\/p>\n<h5>\u00bbTo je najina kolesarska pravljica. Z resni\u010dnimi in pravlji\u010dnimi junaki. \u010ce verjame\u0161 v \u0161krate, zmaje in velikane, ti zagotovo pomagajo skozi prenekatero preizku\u0161njo. \u010ce verjame\u0161 vase, pa te odpeljejo vse do tvojih sanj. Kako? Na kolesu, vendar!\u00ab<\/h5>\n<p>Posebnost slikanice POGI PA PIKA je tudi v tem, da se pravlji\u010dna zgodba odvija na ikoni\u010dnih kolesarskih lokacijah v Sloveniji in Evropi: od Vr\u0161i\u010da in Krvavca, na katerem se je kalil Tadej, do Treh Kraljev na Pohorju, ki je doma\u010di klanec Ur\u0161ke. A tu so \u0161e Flandrija, Col du Galibier, Strade Bianche, Passo Stelvio \u2026 Ilustracije v slikanici so bogate, \u017eivahne in navdane z zanosom in optimizmom, tak\u0161na sta namre\u010d tudi Pogi in Pika.<\/p>\n<p>Gregor Gor\u0161i\u010d, ilustrator:<\/p>\n<h5>\u00bbIlustrirati zgodbo POGI PA PIKA je bila zame res posebna izku\u0161nja \u2013 ne samo ilustratorsko vznemirljiva, ampak posebna tudi zato, ker sem velik navija\u010d Tadeja in Ur\u0161ke ter tudi sam navdu\u0161en kolesar. To slednje mi je bilo v resnici pri delu v veliko pomo\u010d. Z ilustracijami sem \u017eelel ujeti tisto otro\u0161ko veselje, ko sede\u0161 na kolo in za\u010duti\u0161 svobodo vetra v laseh. Da se ne bojimo izzivov, ampak se z njimi spoprimemo in u\u017eivamo na poti. Upam, da bo slikanica otroke spodbudila, da pogumno vrtijo pedala \u2013 tako na kolesu kot v \u017eivljenju.\u00ab<\/h5>\n<p>In nenazadnje, kaj pravita o slikanici njena glavna junaka, Tadej Poga\u010dar in Ur\u0161ka \u017digart?<\/p>\n<h5>&#8220;Z velikim veseljem sva sodelovala pri nastajanju slikanice POGI PA PIKA, ki je nekaj prav posebnega \u2013 kolesarska pravljica za otroke in vse, ki \u0161e verjamejo v \u010darobnost sveta in mo\u010d sanj. Zgodba zdru\u017euje resni\u010dne dogodiv\u0161\u010dine z domi\u0161ljijskimi junaki \u2013 \u0161krati, velikani in zmaji \u2013 ter spodbuja bralce k pogumu, vztrajnosti in gibanju. Knjiga ne govori le o naju, Tadeju in Ur\u0161ki, temve\u010d predvsem o tem, kako pomembno je verjeti vase \u2013 pa naj gre za prvi kolesarski krog ali velike \u017eivljenjske cilje. Verjameva, da bo POGI PA PIKA navdihnila \u0161tevilne mlade bralce \u2013 da bodo sanjali, se gibali in verjeli v mo\u010d vztrajnosti.&#8221;<\/h5>\n<p>Slikanica je nastala s podporo:<br \/>\nLumar &#8211; generalni pokrovitelj projekta, Visit Cerklje, partner projekta Pogi pa Pika<\/p>\n<p><img loading=\"lazy\" decoding=\"async\" class=\"alignnone wp-image-30563\" src=\"https:\/\/www.skrateljc.org\/wp-content\/uploads\/2025\/06\/Lumar.png\" alt=\"\" width=\"145\" height=\"81\" srcset=\"https:\/\/www.skrateljc.org\/wp-content\/uploads\/2025\/06\/Lumar.png 298w, https:\/\/www.skrateljc.org\/wp-content\/uploads\/2025\/06\/Lumar-18x10.png 18w\" sizes=\"auto, (max-width: 145px) 100vw, 145px\" \/><img loading=\"lazy\" decoding=\"async\" class=\"alignnone wp-image-30562\" src=\"https:\/\/www.skrateljc.org\/wp-content\/uploads\/2025\/06\/Cerklje.png\" alt=\"\" width=\"156\" height=\"96\" srcset=\"https:\/\/www.skrateljc.org\/wp-content\/uploads\/2025\/06\/Cerklje.png 295w, https:\/\/www.skrateljc.org\/wp-content\/uploads\/2025\/06\/Cerklje-18x12.png 18w\" sizes=\"auto, (max-width: 156px) 100vw, 156px\" \/><\/p>\n<p>Pogi team, Pika team, Kolesarsko dru\u0161tvo Rog, Fundacija Tadeja Poga\u010darja<\/p>\n<p><img loading=\"lazy\" decoding=\"async\" class=\"alignnone wp-image-30560\" src=\"https:\/\/www.skrateljc.org\/wp-content\/uploads\/2025\/06\/Pogi.png\" alt=\"\" width=\"174\" height=\"72\" srcset=\"https:\/\/www.skrateljc.org\/wp-content\/uploads\/2025\/06\/Pogi.png 315w, https:\/\/www.skrateljc.org\/wp-content\/uploads\/2025\/06\/Pogi-18x7.png 18w\" sizes=\"auto, (max-width: 174px) 100vw, 174px\" \/><img loading=\"lazy\" decoding=\"async\" class=\"alignnone wp-image-30559\" src=\"https:\/\/www.skrateljc.org\/wp-content\/uploads\/2025\/06\/Pika.png\" alt=\"\" width=\"162\" height=\"73\" srcset=\"https:\/\/www.skrateljc.org\/wp-content\/uploads\/2025\/06\/Pika.png 322w, https:\/\/www.skrateljc.org\/wp-content\/uploads\/2025\/06\/Pika-18x8.png 18w\" sizes=\"auto, (max-width: 162px) 100vw, 162px\" \/><\/p>\n<p><img loading=\"lazy\" decoding=\"async\" class=\"alignnone wp-image-30561\" src=\"https:\/\/www.skrateljc.org\/wp-content\/uploads\/2025\/06\/Rog.png\" alt=\"\" width=\"84\" height=\"76\" srcset=\"https:\/\/www.skrateljc.org\/wp-content\/uploads\/2025\/06\/Rog.png 157w, https:\/\/www.skrateljc.org\/wp-content\/uploads\/2025\/06\/Rog-13x12.png 13w\" sizes=\"auto, (max-width: 84px) 100vw, 84px\" \/><img loading=\"lazy\" decoding=\"async\" class=\"alignnone wp-image-30558\" src=\"https:\/\/www.skrateljc.org\/wp-content\/uploads\/2025\/06\/Fundacija.png\" alt=\"\" width=\"219\" height=\"70\" srcset=\"https:\/\/www.skrateljc.org\/wp-content\/uploads\/2025\/06\/Fundacija.png 331w, https:\/\/www.skrateljc.org\/wp-content\/uploads\/2025\/06\/Fundacija-18x6.png 18w\" sizes=\"auto, (max-width: 219px) 100vw, 219px\" \/><\/p>\n<h5 style=\"font-weight: 400;\"><span style=\"font-size: 100%;\">Del sredstev od prodaje slikanice POGI PA PIKA bo namenjen Fundaciji Tadeja Poga\u010darja, USTANOVI <\/span><span style=\"font-size: 100%;\">ZA DOBRODELNOST.<\/span><\/h5>","protected":false},"featured_media":30557,"template":"","meta":{"inline_featured_image":false,"cybocfi_hide_featured_image":""},"product_brand":[],"product_cat":[68],"product_tag":[],"class_list":{"0":"post-30556","1":"product","2":"type-product","3":"status-publish","4":"has-post-thumbnail","6":"product_cat-pravljicne-slikanice","8":"first","9":"instock","10":"sale","11":"featured","12":"shipping-taxable","13":"purchasable","14":"product-type-simple"},"yoast_head":"<!-- This site is optimized with the Yoast SEO Premium plugin v27.2 (Yoast SEO v27.4) - https:\/\/yoast.com\/product\/yoast-seo-premium-wordpress\/ -->\n<title>POGI PA PIKA | \u0160krateljc<\/title>\n<meta name=\"description\" content=\"POGI PA PIKA je zgodba o Tadeju Poga\u010darju in Ur\u0161ki \u017digart, ki te popelje v pravlji\u010dni svet \u0161kratov, velikanov in zmajev ter navdu\u0161i nad kolesarjenjem.\" \/>\n<meta name=\"robots\" content=\"index, follow, max-snippet:-1, max-image-preview:large, max-video-preview:-1\" \/>\n<link rel=\"canonical\" href=\"https:\/\/www.skrateljc.org\/en\/product-2\/pogi-pa-pika\/\" \/>\n<meta property=\"og:locale\" content=\"en_GB\" \/>\n<meta property=\"og:type\" content=\"article\" \/>\n<meta property=\"og:title\" content=\"POGI PA PIKA\" \/>\n<meta property=\"og:description\" content=\"POGI PA PIKA je zgodba o Tadeju Poga\u010darju in Ur\u0161ki \u017digart, ki te popelje v pravlji\u010dni svet \u0161kratov, velikanov in zmajev ter navdu\u0161i nad kolesarjenjem.\" \/>\n<meta property=\"og:url\" content=\"https:\/\/www.skrateljc.org\/en\/product-2\/pogi-pa-pika\/\" \/>\n<meta property=\"og:site_name\" content=\"\u0160krateljc\" \/>\n<meta property=\"article:publisher\" content=\"https:\/\/www.facebook.com\/skrateljc\" \/>\n<meta property=\"article:modified_time\" content=\"2026-03-03T14:16:29+00:00\" \/>\n<meta property=\"og:image\" content=\"https:\/\/www.skrateljc.org\/wp-content\/uploads\/2025\/06\/pogi-pa-pika-naslovka-scaled.jpg\" \/>\n\t<meta property=\"og:image:width\" content=\"2045\" \/>\n\t<meta property=\"og:image:height\" content=\"2560\" \/>\n\t<meta property=\"og:image:type\" content=\"image\/jpeg\" \/>\n<meta name=\"twitter:card\" content=\"summary_large_image\" \/>\n<meta name=\"twitter:label1\" content=\"Estimated reading time\" \/>\n\t<meta name=\"twitter:data1\" content=\"1 minute\" \/>\n<script type=\"application\/ld+json\" class=\"yoast-schema-graph\">{\"@context\":\"https:\\\/\\\/schema.org\",\"@graph\":[{\"@type\":\"WebPage\",\"@id\":\"https:\\\/\\\/www.skrateljc.org\\\/izdelek\\\/pogi-pa-pika\\\/\",\"url\":\"https:\\\/\\\/www.skrateljc.org\\\/izdelek\\\/pogi-pa-pika\\\/\",\"name\":\"POGI PA PIKA | \u0160krateljc\",\"isPartOf\":{\"@id\":\"https:\\\/\\\/www.skrateljc.org\\\/#website\"},\"primaryImageOfPage\":{\"@id\":\"https:\\\/\\\/www.skrateljc.org\\\/izdelek\\\/pogi-pa-pika\\\/#primaryimage\"},\"image\":{\"@id\":\"https:\\\/\\\/www.skrateljc.org\\\/izdelek\\\/pogi-pa-pika\\\/#primaryimage\"},\"thumbnailUrl\":\"https:\\\/\\\/www.skrateljc.org\\\/wp-content\\\/uploads\\\/2025\\\/06\\\/pogi-pa-pika-naslovka-scaled.jpg\",\"datePublished\":\"2025-06-18T08:22:17+00:00\",\"dateModified\":\"2026-03-03T14:16:29+00:00\",\"description\":\"POGI PA PIKA je zgodba o Tadeju Poga\u010darju in Ur\u0161ki \u017digart, ki te popelje v pravlji\u010dni svet \u0161kratov, velikanov in zmajev ter navdu\u0161i nad kolesarjenjem.\",\"breadcrumb\":{\"@id\":\"https:\\\/\\\/www.skrateljc.org\\\/izdelek\\\/pogi-pa-pika\\\/#breadcrumb\"},\"inLanguage\":\"en-GB\",\"potentialAction\":[{\"@type\":\"ReadAction\",\"target\":[\"https:\\\/\\\/www.skrateljc.org\\\/izdelek\\\/pogi-pa-pika\\\/\"]}]},{\"@type\":\"ImageObject\",\"inLanguage\":\"en-GB\",\"@id\":\"https:\\\/\\\/www.skrateljc.org\\\/izdelek\\\/pogi-pa-pika\\\/#primaryimage\",\"url\":\"https:\\\/\\\/www.skrateljc.org\\\/wp-content\\\/uploads\\\/2025\\\/06\\\/pogi-pa-pika-naslovka-scaled.jpg\",\"contentUrl\":\"https:\\\/\\\/www.skrateljc.org\\\/wp-content\\\/uploads\\\/2025\\\/06\\\/pogi-pa-pika-naslovka-scaled.jpg\",\"width\":2045,\"height\":2560},{\"@type\":\"BreadcrumbList\",\"@id\":\"https:\\\/\\\/www.skrateljc.org\\\/izdelek\\\/pogi-pa-pika\\\/#breadcrumb\",\"itemListElement\":[{\"@type\":\"ListItem\",\"position\":1,\"name\":\"Domov\",\"item\":\"https:\\\/\\\/www.skrateljc.org\\\/\"},{\"@type\":\"ListItem\",\"position\":2,\"name\":\"Trgovina\",\"item\":\"https:\\\/\\\/www.skrateljc.org\\\/trgovina\\\/\"},{\"@type\":\"ListItem\",\"position\":3,\"name\":\"POGI PA PIKA\"}]},{\"@type\":\"WebSite\",\"@id\":\"https:\\\/\\\/www.skrateljc.org\\\/#website\",\"url\":\"https:\\\/\\\/www.skrateljc.org\\\/\",\"name\":\"\u0160krateljc\",\"description\":\"- ustvarjamo do\u017eivetja\",\"publisher\":{\"@id\":\"https:\\\/\\\/www.skrateljc.org\\\/#organization\"},\"potentialAction\":[{\"@type\":\"SearchAction\",\"target\":{\"@type\":\"EntryPoint\",\"urlTemplate\":\"https:\\\/\\\/www.skrateljc.org\\\/?s={search_term_string}\"},\"query-input\":{\"@type\":\"PropertyValueSpecification\",\"valueRequired\":true,\"valueName\":\"search_term_string\"}}],\"inLanguage\":\"en-GB\"},{\"@type\":\"Organization\",\"@id\":\"https:\\\/\\\/www.skrateljc.org\\\/#organization\",\"name\":\"Zavod \u0160krateljc\",\"url\":\"https:\\\/\\\/www.skrateljc.org\\\/\",\"logo\":{\"@type\":\"ImageObject\",\"inLanguage\":\"en-GB\",\"@id\":\"https:\\\/\\\/www.skrateljc.org\\\/#\\\/schema\\\/logo\\\/image\\\/\",\"url\":\"https:\\\/\\\/www.skrateljc.org\\\/wp-content\\\/uploads\\\/2021\\\/11\\\/00_logo-skrateljc-COL.jpg\",\"contentUrl\":\"https:\\\/\\\/www.skrateljc.org\\\/wp-content\\\/uploads\\\/2021\\\/11\\\/00_logo-skrateljc-COL.jpg\",\"width\":1770,\"height\":471,\"caption\":\"Zavod \u0160krateljc\"},\"image\":{\"@id\":\"https:\\\/\\\/www.skrateljc.org\\\/#\\\/schema\\\/logo\\\/image\\\/\"},\"sameAs\":[\"https:\\\/\\\/www.facebook.com\\\/skrateljc\",\"https:\\\/\\\/www.youtube.com\\\/channel\\\/UCffLgYSmHefkqvSMHeoLSDg\",\"https:\\\/\\\/www.instagram.com\\\/zavodskrateljc\"]}]}<\/script>\n<!-- \/ Yoast SEO Premium plugin. -->","yoast_head_json":{"title":"POGI PA PIKA | \u0160krateljc","description":"POGI PA PIKA je zgodba o Tadeju Poga\u010darju in Ur\u0161ki \u017digart, ki te popelje v pravlji\u010dni svet \u0161kratov, velikanov in zmajev ter navdu\u0161i nad kolesarjenjem.","robots":{"index":"index","follow":"follow","max-snippet":"max-snippet:-1","max-image-preview":"max-image-preview:large","max-video-preview":"max-video-preview:-1"},"canonical":"https:\/\/www.skrateljc.org\/en\/product-2\/pogi-pa-pika\/","og_locale":"en_GB","og_type":"article","og_title":"POGI PA PIKA","og_description":"POGI PA PIKA je zgodba o Tadeju Poga\u010darju in Ur\u0161ki \u017digart, ki te popelje v pravlji\u010dni svet \u0161kratov, velikanov in zmajev ter navdu\u0161i nad kolesarjenjem.","og_url":"https:\/\/www.skrateljc.org\/en\/product-2\/pogi-pa-pika\/","og_site_name":"\u0160krateljc","article_publisher":"https:\/\/www.facebook.com\/skrateljc","article_modified_time":"2026-03-03T14:16:29+00:00","og_image":[{"width":2045,"height":2560,"url":"https:\/\/www.skrateljc.org\/wp-content\/uploads\/2025\/06\/pogi-pa-pika-naslovka-scaled.jpg","type":"image\/jpeg"}],"twitter_card":"summary_large_image","twitter_misc":{"Estimated reading time":"1 minute"},"schema":{"@context":"https:\/\/schema.org","@graph":[{"@type":"WebPage","@id":"https:\/\/www.skrateljc.org\/izdelek\/pogi-pa-pika\/","url":"https:\/\/www.skrateljc.org\/izdelek\/pogi-pa-pika\/","name":"POGI PA PIKA | \u0160krateljc","isPartOf":{"@id":"https:\/\/www.skrateljc.org\/#website"},"primaryImageOfPage":{"@id":"https:\/\/www.skrateljc.org\/izdelek\/pogi-pa-pika\/#primaryimage"},"image":{"@id":"https:\/\/www.skrateljc.org\/izdelek\/pogi-pa-pika\/#primaryimage"},"thumbnailUrl":"https:\/\/www.skrateljc.org\/wp-content\/uploads\/2025\/06\/pogi-pa-pika-naslovka-scaled.jpg","datePublished":"2025-06-18T08:22:17+00:00","dateModified":"2026-03-03T14:16:29+00:00","description":"POGI PA PIKA je zgodba o Tadeju Poga\u010darju in Ur\u0161ki \u017digart, ki te popelje v pravlji\u010dni svet \u0161kratov, velikanov in zmajev ter navdu\u0161i nad kolesarjenjem.","breadcrumb":{"@id":"https:\/\/www.skrateljc.org\/izdelek\/pogi-pa-pika\/#breadcrumb"},"inLanguage":"en-GB","potentialAction":[{"@type":"ReadAction","target":["https:\/\/www.skrateljc.org\/izdelek\/pogi-pa-pika\/"]}]},{"@type":"ImageObject","inLanguage":"en-GB","@id":"https:\/\/www.skrateljc.org\/izdelek\/pogi-pa-pika\/#primaryimage","url":"https:\/\/www.skrateljc.org\/wp-content\/uploads\/2025\/06\/pogi-pa-pika-naslovka-scaled.jpg","contentUrl":"https:\/\/www.skrateljc.org\/wp-content\/uploads\/2025\/06\/pogi-pa-pika-naslovka-scaled.jpg","width":2045,"height":2560},{"@type":"BreadcrumbList","@id":"https:\/\/www.skrateljc.org\/izdelek\/pogi-pa-pika\/#breadcrumb","itemListElement":[{"@type":"ListItem","position":1,"name":"Domov","item":"https:\/\/www.skrateljc.org\/"},{"@type":"ListItem","position":2,"name":"Trgovina","item":"https:\/\/www.skrateljc.org\/trgovina\/"},{"@type":"ListItem","position":3,"name":"POGI PA PIKA"}]},{"@type":"WebSite","@id":"https:\/\/www.skrateljc.org\/#website","url":"https:\/\/www.skrateljc.org\/","name":"\u0160krateljc","description":"- ustvarjamo do\u017eivetja","publisher":{"@id":"https:\/\/www.skrateljc.org\/#organization"},"potentialAction":[{"@type":"SearchAction","target":{"@type":"EntryPoint","urlTemplate":"https:\/\/www.skrateljc.org\/?s={search_term_string}"},"query-input":{"@type":"PropertyValueSpecification","valueRequired":true,"valueName":"search_term_string"}}],"inLanguage":"en-GB"},{"@type":"Organization","@id":"https:\/\/www.skrateljc.org\/#organization","name":"Zavod \u0160krateljc","url":"https:\/\/www.skrateljc.org\/","logo":{"@type":"ImageObject","inLanguage":"en-GB","@id":"https:\/\/www.skrateljc.org\/#\/schema\/logo\/image\/","url":"https:\/\/www.skrateljc.org\/wp-content\/uploads\/2021\/11\/00_logo-skrateljc-COL.jpg","contentUrl":"https:\/\/www.skrateljc.org\/wp-content\/uploads\/2021\/11\/00_logo-skrateljc-COL.jpg","width":1770,"height":471,"caption":"Zavod \u0160krateljc"},"image":{"@id":"https:\/\/www.skrateljc.org\/#\/schema\/logo\/image\/"},"sameAs":["https:\/\/www.facebook.com\/skrateljc","https:\/\/www.youtube.com\/channel\/UCffLgYSmHefkqvSMHeoLSDg","https:\/\/www.instagram.com\/zavodskrateljc"]}]}},"_links":{"self":[{"href":"https:\/\/www.skrateljc.org\/en\/wp-json\/wp\/v2\/product\/30556","targetHints":{"allow":["GET"]}}],"collection":[{"href":"https:\/\/www.skrateljc.org\/en\/wp-json\/wp\/v2\/product"}],"about":[{"href":"https:\/\/www.skrateljc.org\/en\/wp-json\/wp\/v2\/types\/product"}],"wp:featuredmedia":[{"embeddable":true,"href":"https:\/\/www.skrateljc.org\/en\/wp-json\/wp\/v2\/media\/30557"}],"wp:attachment":[{"href":"https:\/\/www.skrateljc.org\/en\/wp-json\/wp\/v2\/media?parent=30556"}],"wp:term":[{"taxonomy":"product_brand","embeddable":true,"href":"https:\/\/www.skrateljc.org\/en\/wp-json\/wp\/v2\/product_brand?post=30556"},{"taxonomy":"product_cat","embeddable":true,"href":"https:\/\/www.skrateljc.org\/en\/wp-json\/wp\/v2\/product_cat?post=30556"},{"taxonomy":"product_tag","embeddable":true,"href":"https:\/\/www.skrateljc.org\/en\/wp-json\/wp\/v2\/product_tag?post=30556"}],"curies":[{"name":"wp","href":"https:\/\/api.w.org\/{rel}","templated":true}]}}