{"id":29952,"date":"2025-02-10T13:54:44","date_gmt":"2025-02-10T12:54:44","guid":{"rendered":"https:\/\/www.skrateljc.org\/?post_type=product&#038;p=29952"},"modified":"2026-02-23T21:52:11","modified_gmt":"2026-02-23T20:52:11","slug":"vodene-setnje","status":"publish","type":"product","link":"https:\/\/www.skrateljc.org\/en\/izdelek\/vodene-setnje\/","title":{"rendered":"(HR) Vo\u0111ene pustolovine s vje\u0161ticama"},"content":{"rendered":"<p class=\"p1\"><span class=\"s1\">\u261d\ufe0f Za organiziranu pustolovinu uz vodi\u010da interpretatora obavezna je rezervacija. Uz dje\u010dju ulaznicu potrebna je rezervacija barem jedne odrasle osobe. U slu\u010daju va\u0161eg otkazivanja najmanje 24 sata prije doga\u0111aja, primit \u0107ete kupon koji mo\u017eete iskoristiti za drugu organiziranu pustolovinu ili prenijeti na drugu osobu.<br \/>\n<\/span>\u274c U slu\u010daju otkazivanja doga\u0111aja od strane organizatora, kupon mo\u017eete iskoristiti za kupnju proizvoda u na\u0161oj <a href=\"https:\/\/www.skrateljc.org\/hr\/trgovina\">online trgovini<\/a>.<\/p>\n<h4 class=\"p1\"><span class=\"s1\">\ud83c\udded\ud83c\uddf7 Sve vo\u0111ene pustolovine sa popisa na ovi strani radijo se i na hrvatskom jeziku.<br \/>\n<\/span><span class=\"s1\">\ud83c\udf9f\ufe0f Knji\u017eicu za pustolovinu dobit \u0107ete po dolasku na doga\u0111aj. Isto tako i slikovnicu, ako ste je naru\u010dili prilikom rezervacije. Uz slikovnicu va\u0161a pustolovina bit \u0107e potpuna! Za narud\u017ebu slikovnice<a href=\"https:\/\/www.skrateljc.org\/hr\/slikanica-carovniska-sola-krskocara\/\"> kliknite ovdje<\/a>.<br \/>\n<\/span><span class=\"s1\">\u2705 Najmanje 24 sata prije doga\u0111aja primit \u0107ete na\u0161\u00a0<b>e-mail sa svim informacijama<\/b>, stoga je va\u0161a rezervacija obavezna. Organiziriane pustolovine uz vodi\u010de interpretatore odr\u017eavaju se uzimaju\u0107i u obzir odgovaraju\u0107e vremenske uvjete i dovoljan broj prijavljenih pustolova, stoga pozovite i prijatelje!<br \/>\n<\/span><\/h4>","protected":false},"excerpt":{"rendered":"<p class=\"p1\"><span class=\"s1\">\u261d\ufe0f Za organiziranu pustolovinu uz vodi\u010da interpretatora obavezna je rezervacija. Uz dje\u010dju ulaznicu potrebna je rezervacija barem jedne odrasle osobe. U slu\u010daju va\u0161eg otkazivanja najmanje 24 sata prije doga\u0111aja, primit \u0107ete kupon koji mo\u017eete iskoristiti za drugu organiziranu pustolovinu ili prenijeti na drugu osobu.<br \/>\n<\/span>\u274c U slu\u010daju otkazivanja doga\u0111aja od strane organizatora, kupon mo\u017eete iskoristiti za kupnju proizvoda u na\u0161oj <a href=\"https:\/\/www.skrateljc.org\/hr\/trgovina\">online trgovini<\/a>.<\/p>\n<h4 class=\"p1\"><span class=\"s1\">\ud83c\udded\ud83c\uddf7 Sve vo\u0111ene <\/span><span class=\"s1\">pustolovine <\/span>sa popisa na ovi strani radijo se i na hrvatskom jeziku.<\/h4>\n<h4 class=\"p1\"><span class=\"s1\">\ud83c\udf9f\ufe0f Knji\u017eicu za pustolovinu dobit \u0107ete po dolasku na doga\u0111aj. Isto tako i slikovnicu, ako ste je naru\u010dili prilikom rezervacije. Uz slikovnicu va\u0161a pustolovina bit \u0107e potpuna! Za narud\u017ebu slikovnice<a href=\"https:\/\/www.skrateljc.org\/hr\/slikanica-carovniska-sola-krskocara\/\"> kliknite ovdje<\/a>.<br \/>\n<\/span><span class=\"s1\">\u2705 Najmanje 24 sata prije doga\u0111aja primit \u0107ete na\u0161\u00a0<b>e-mail sa svim informacijama<\/b>, stoga je va\u0161a rezervacija obavezna. Organiziriane pustolovine uz vodi\u010de interpretatore odr\u017eavaju se uzimaju\u0107i u obzir odgovaraju\u0107e vremenske uvjete i dovoljan broj prijavljenih pustolova, stoga pozovite i prijatelje!<br \/>\n<\/span><\/h4>","protected":false},"featured_media":31543,"template":"","meta":{"inline_featured_image":false,"cybocfi_hide_featured_image":""},"product_brand":[],"product_cat":[81,94],"product_tag":[],"class_list":{"0":"post-29952","1":"product","2":"type-product","3":"status-publish","4":"has-post-thumbnail","6":"product_cat-ostalo","7":"product_cat-vodene-setnje","9":"first","10":"instock","11":"shipping-taxable","12":"purchasable","13":"product-type-variable"},"yoast_head":"<!-- This site is optimized with the Yoast SEO Premium plugin v27.2 (Yoast SEO v27.4) - https:\/\/yoast.com\/product\/yoast-seo-premium-wordpress\/ -->\n<title>(HR) Vo\u0111ene pustolovine s vje\u0161ticama | \u0160krateljc<\/title>\n<meta name=\"description\" content=\"Za sudjelovanje na vo\u0111enih pustolovinama s vje\u0161ticama obavezna je rezervacija i kupnja kupona koji vrijedi kao ulaznica za doga\u0111aj po va\u0161em izboru.\" \/>\n<meta name=\"robots\" content=\"index, follow, max-snippet:-1, max-image-preview:large, max-video-preview:-1\" \/>\n<link rel=\"canonical\" href=\"https:\/\/www.skrateljc.org\/en\/product-2\/vodene-setnje\/\" \/>\n<meta property=\"og:locale\" content=\"en_GB\" \/>\n<meta property=\"og:type\" content=\"article\" \/>\n<meta property=\"og:title\" content=\"(HR) Vo\u0111ene pustolovine s vje\u0161ticama\" \/>\n<meta property=\"og:description\" content=\"Za sudjelovanje na vo\u0111enih pustolovinama s vje\u0161ticama obavezna je rezervacija i kupnja kupona koji vrijedi kao ulaznica za doga\u0111aj po va\u0161em izboru.\" \/>\n<meta property=\"og:url\" content=\"https:\/\/www.skrateljc.org\/en\/product-2\/vodene-setnje\/\" \/>\n<meta property=\"og:site_name\" content=\"\u0160krateljc\" \/>\n<meta property=\"article:publisher\" content=\"https:\/\/www.facebook.com\/skrateljc\" \/>\n<meta property=\"article:modified_time\" content=\"2026-02-23T20:52:11+00:00\" \/>\n<meta property=\"og:image\" content=\"https:\/\/www.skrateljc.org\/wp-content\/uploads\/2024\/01\/transverzala-4proti5-slo.png\" \/>\n\t<meta property=\"og:image:width\" content=\"568\" \/>\n\t<meta property=\"og:image:height\" content=\"709\" \/>\n\t<meta property=\"og:image:type\" content=\"image\/png\" \/>\n<meta name=\"twitter:card\" content=\"summary_large_image\" \/>\n<meta name=\"twitter:label1\" content=\"Estimated reading time\" \/>\n\t<meta name=\"twitter:data1\" content=\"1 minute\" \/>\n<script type=\"application\/ld+json\" class=\"yoast-schema-graph\">{\"@context\":\"https:\\\/\\\/schema.org\",\"@graph\":[{\"@type\":\"WebPage\",\"@id\":\"https:\\\/\\\/www.skrateljc.org\\\/izdelek\\\/vodene-setnje\\\/\",\"url\":\"https:\\\/\\\/www.skrateljc.org\\\/izdelek\\\/vodene-setnje\\\/\",\"name\":\"(HR) Vo\u0111ene pustolovine s vje\u0161ticama | \u0160krateljc\",\"isPartOf\":{\"@id\":\"https:\\\/\\\/www.skrateljc.org\\\/#website\"},\"primaryImageOfPage\":{\"@id\":\"https:\\\/\\\/www.skrateljc.org\\\/izdelek\\\/vodene-setnje\\\/#primaryimage\"},\"image\":{\"@id\":\"https:\\\/\\\/www.skrateljc.org\\\/izdelek\\\/vodene-setnje\\\/#primaryimage\"},\"thumbnailUrl\":\"https:\\\/\\\/www.skrateljc.org\\\/wp-content\\\/uploads\\\/2025\\\/02\\\/PUSTOLOVINE.png\",\"datePublished\":\"2025-02-10T12:54:44+00:00\",\"dateModified\":\"2026-02-23T20:52:11+00:00\",\"description\":\"Za sudjelovanje na vo\u0111enih pustolovinama s vje\u0161ticama obavezna je rezervacija i kupnja kupona koji vrijedi kao ulaznica za doga\u0111aj po va\u0161em izboru.\",\"breadcrumb\":{\"@id\":\"https:\\\/\\\/www.skrateljc.org\\\/izdelek\\\/vodene-setnje\\\/#breadcrumb\"},\"inLanguage\":\"en-GB\",\"potentialAction\":[{\"@type\":\"ReadAction\",\"target\":[\"https:\\\/\\\/www.skrateljc.org\\\/izdelek\\\/vodene-setnje\\\/\"]}]},{\"@type\":\"ImageObject\",\"inLanguage\":\"en-GB\",\"@id\":\"https:\\\/\\\/www.skrateljc.org\\\/izdelek\\\/vodene-setnje\\\/#primaryimage\",\"url\":\"https:\\\/\\\/www.skrateljc.org\\\/wp-content\\\/uploads\\\/2025\\\/02\\\/PUSTOLOVINE.png\",\"contentUrl\":\"https:\\\/\\\/www.skrateljc.org\\\/wp-content\\\/uploads\\\/2025\\\/02\\\/PUSTOLOVINE.png\",\"width\":1110,\"height\":838},{\"@type\":\"BreadcrumbList\",\"@id\":\"https:\\\/\\\/www.skrateljc.org\\\/izdelek\\\/vodene-setnje\\\/#breadcrumb\",\"itemListElement\":[{\"@type\":\"ListItem\",\"position\":1,\"name\":\"Domov\",\"item\":\"https:\\\/\\\/www.skrateljc.org\\\/\"},{\"@type\":\"ListItem\",\"position\":2,\"name\":\"Trgovina\",\"item\":\"https:\\\/\\\/www.skrateljc.org\\\/trgovina\\\/\"},{\"@type\":\"ListItem\",\"position\":3,\"name\":\"(HR) Vo\u0111ene pustolovine s vje\u0161ticama\"}]},{\"@type\":\"WebSite\",\"@id\":\"https:\\\/\\\/www.skrateljc.org\\\/#website\",\"url\":\"https:\\\/\\\/www.skrateljc.org\\\/\",\"name\":\"\u0160krateljc\",\"description\":\"- ustvarjamo do\u017eivetja\",\"publisher\":{\"@id\":\"https:\\\/\\\/www.skrateljc.org\\\/#organization\"},\"potentialAction\":[{\"@type\":\"SearchAction\",\"target\":{\"@type\":\"EntryPoint\",\"urlTemplate\":\"https:\\\/\\\/www.skrateljc.org\\\/?s={search_term_string}\"},\"query-input\":{\"@type\":\"PropertyValueSpecification\",\"valueRequired\":true,\"valueName\":\"search_term_string\"}}],\"inLanguage\":\"en-GB\"},{\"@type\":\"Organization\",\"@id\":\"https:\\\/\\\/www.skrateljc.org\\\/#organization\",\"name\":\"Zavod \u0160krateljc\",\"url\":\"https:\\\/\\\/www.skrateljc.org\\\/\",\"logo\":{\"@type\":\"ImageObject\",\"inLanguage\":\"en-GB\",\"@id\":\"https:\\\/\\\/www.skrateljc.org\\\/#\\\/schema\\\/logo\\\/image\\\/\",\"url\":\"https:\\\/\\\/www.skrateljc.org\\\/wp-content\\\/uploads\\\/2021\\\/11\\\/00_logo-skrateljc-COL.jpg\",\"contentUrl\":\"https:\\\/\\\/www.skrateljc.org\\\/wp-content\\\/uploads\\\/2021\\\/11\\\/00_logo-skrateljc-COL.jpg\",\"width\":1770,\"height\":471,\"caption\":\"Zavod \u0160krateljc\"},\"image\":{\"@id\":\"https:\\\/\\\/www.skrateljc.org\\\/#\\\/schema\\\/logo\\\/image\\\/\"},\"sameAs\":[\"https:\\\/\\\/www.facebook.com\\\/skrateljc\",\"https:\\\/\\\/www.youtube.com\\\/channel\\\/UCffLgYSmHefkqvSMHeoLSDg\",\"https:\\\/\\\/www.instagram.com\\\/zavodskrateljc\"]}]}<\/script>\n<!-- \/ Yoast SEO Premium plugin. -->","yoast_head_json":{"title":"(HR) Vo\u0111ene pustolovine s vje\u0161ticama | \u0160krateljc","description":"Za sudjelovanje na vo\u0111enih pustolovinama s vje\u0161ticama obavezna je rezervacija i kupnja kupona koji vrijedi kao ulaznica za doga\u0111aj po va\u0161em izboru.","robots":{"index":"index","follow":"follow","max-snippet":"max-snippet:-1","max-image-preview":"max-image-preview:large","max-video-preview":"max-video-preview:-1"},"canonical":"https:\/\/www.skrateljc.org\/en\/product-2\/vodene-setnje\/","og_locale":"en_GB","og_type":"article","og_title":"(HR) Vo\u0111ene pustolovine s vje\u0161ticama","og_description":"Za sudjelovanje na vo\u0111enih pustolovinama s vje\u0161ticama obavezna je rezervacija i kupnja kupona koji vrijedi kao ulaznica za doga\u0111aj po va\u0161em izboru.","og_url":"https:\/\/www.skrateljc.org\/en\/product-2\/vodene-setnje\/","og_site_name":"\u0160krateljc","article_publisher":"https:\/\/www.facebook.com\/skrateljc","article_modified_time":"2026-02-23T20:52:11+00:00","og_image":[{"width":568,"height":709,"url":"https:\/\/www.skrateljc.org\/wp-content\/uploads\/2024\/01\/transverzala-4proti5-slo.png","type":"image\/png"}],"twitter_card":"summary_large_image","twitter_misc":{"Estimated reading time":"1 minute"},"schema":{"@context":"https:\/\/schema.org","@graph":[{"@type":"WebPage","@id":"https:\/\/www.skrateljc.org\/izdelek\/vodene-setnje\/","url":"https:\/\/www.skrateljc.org\/izdelek\/vodene-setnje\/","name":"(HR) Vo\u0111ene pustolovine s vje\u0161ticama | \u0160krateljc","isPartOf":{"@id":"https:\/\/www.skrateljc.org\/#website"},"primaryImageOfPage":{"@id":"https:\/\/www.skrateljc.org\/izdelek\/vodene-setnje\/#primaryimage"},"image":{"@id":"https:\/\/www.skrateljc.org\/izdelek\/vodene-setnje\/#primaryimage"},"thumbnailUrl":"https:\/\/www.skrateljc.org\/wp-content\/uploads\/2025\/02\/PUSTOLOVINE.png","datePublished":"2025-02-10T12:54:44+00:00","dateModified":"2026-02-23T20:52:11+00:00","description":"Za sudjelovanje na vo\u0111enih pustolovinama s vje\u0161ticama obavezna je rezervacija i kupnja kupona koji vrijedi kao ulaznica za doga\u0111aj po va\u0161em izboru.","breadcrumb":{"@id":"https:\/\/www.skrateljc.org\/izdelek\/vodene-setnje\/#breadcrumb"},"inLanguage":"en-GB","potentialAction":[{"@type":"ReadAction","target":["https:\/\/www.skrateljc.org\/izdelek\/vodene-setnje\/"]}]},{"@type":"ImageObject","inLanguage":"en-GB","@id":"https:\/\/www.skrateljc.org\/izdelek\/vodene-setnje\/#primaryimage","url":"https:\/\/www.skrateljc.org\/wp-content\/uploads\/2025\/02\/PUSTOLOVINE.png","contentUrl":"https:\/\/www.skrateljc.org\/wp-content\/uploads\/2025\/02\/PUSTOLOVINE.png","width":1110,"height":838},{"@type":"BreadcrumbList","@id":"https:\/\/www.skrateljc.org\/izdelek\/vodene-setnje\/#breadcrumb","itemListElement":[{"@type":"ListItem","position":1,"name":"Domov","item":"https:\/\/www.skrateljc.org\/"},{"@type":"ListItem","position":2,"name":"Trgovina","item":"https:\/\/www.skrateljc.org\/trgovina\/"},{"@type":"ListItem","position":3,"name":"(HR) Vo\u0111ene pustolovine s vje\u0161ticama"}]},{"@type":"WebSite","@id":"https:\/\/www.skrateljc.org\/#website","url":"https:\/\/www.skrateljc.org\/","name":"\u0160krateljc","description":"- ustvarjamo do\u017eivetja","publisher":{"@id":"https:\/\/www.skrateljc.org\/#organization"},"potentialAction":[{"@type":"SearchAction","target":{"@type":"EntryPoint","urlTemplate":"https:\/\/www.skrateljc.org\/?s={search_term_string}"},"query-input":{"@type":"PropertyValueSpecification","valueRequired":true,"valueName":"search_term_string"}}],"inLanguage":"en-GB"},{"@type":"Organization","@id":"https:\/\/www.skrateljc.org\/#organization","name":"Zavod \u0160krateljc","url":"https:\/\/www.skrateljc.org\/","logo":{"@type":"ImageObject","inLanguage":"en-GB","@id":"https:\/\/www.skrateljc.org\/#\/schema\/logo\/image\/","url":"https:\/\/www.skrateljc.org\/wp-content\/uploads\/2021\/11\/00_logo-skrateljc-COL.jpg","contentUrl":"https:\/\/www.skrateljc.org\/wp-content\/uploads\/2021\/11\/00_logo-skrateljc-COL.jpg","width":1770,"height":471,"caption":"Zavod \u0160krateljc"},"image":{"@id":"https:\/\/www.skrateljc.org\/#\/schema\/logo\/image\/"},"sameAs":["https:\/\/www.facebook.com\/skrateljc","https:\/\/www.youtube.com\/channel\/UCffLgYSmHefkqvSMHeoLSDg","https:\/\/www.instagram.com\/zavodskrateljc"]}]}},"_links":{"self":[{"href":"https:\/\/www.skrateljc.org\/en\/wp-json\/wp\/v2\/product\/29952","targetHints":{"allow":["GET"]}}],"collection":[{"href":"https:\/\/www.skrateljc.org\/en\/wp-json\/wp\/v2\/product"}],"about":[{"href":"https:\/\/www.skrateljc.org\/en\/wp-json\/wp\/v2\/types\/product"}],"wp:featuredmedia":[{"embeddable":true,"href":"https:\/\/www.skrateljc.org\/en\/wp-json\/wp\/v2\/media\/31543"}],"wp:attachment":[{"href":"https:\/\/www.skrateljc.org\/en\/wp-json\/wp\/v2\/media?parent=29952"}],"wp:term":[{"taxonomy":"product_brand","embeddable":true,"href":"https:\/\/www.skrateljc.org\/en\/wp-json\/wp\/v2\/product_brand?post=29952"},{"taxonomy":"product_cat","embeddable":true,"href":"https:\/\/www.skrateljc.org\/en\/wp-json\/wp\/v2\/product_cat?post=29952"},{"taxonomy":"product_tag","embeddable":true,"href":"https:\/\/www.skrateljc.org\/en\/wp-json\/wp\/v2\/product_tag?post=29952"}],"curies":[{"name":"wp","href":"https:\/\/api.w.org\/{rel}","templated":true}]}}