{"id":29018,"date":"2024-05-26T08:47:10","date_gmt":"2024-05-26T07:47:10","guid":{"rendered":"https:\/\/www.skrateljc.org\/?post_type=product&#038;p=29018"},"modified":"2025-10-25T17:10:01","modified_gmt":"2025-10-25T15:10:01","slug":"bobri","status":"publish","type":"product","link":"https:\/\/www.skrateljc.org\/en\/izdelek\/bobri\/","title":{"rendered":"Bobri &#8211; strip"},"content":{"rendered":"<p>Nov \u0160kratelj\u010dev strip z \u0161e eno epsko zgodbo slovenske zgodovine in literature: BOBRI \u2013 STRIP.<\/p>\n<p>Epska pripoved Janeza Jalna o \u017eivljenju koli\u0161\u010darjev in do danes neprese\u017een poklon Ljubljanskemu barju. Prazgodovinska saga o koli\u0161\u010darskem rodu in rodbinskih odnosih, ljubezenska zgodba, boj za pre\u017eivetje in lastno ognji\u0161\u010de, nenazadnje juna\u0161ki lik Ostrorogega Jelena. Vse to so Bobri, ki so zaznamovali generacije slovenskih bralcev.<\/p>\n<p>Vrhunska avtorja, ilustrator Peter \u0160kerl, in pisatelj Tadej Golob, sta pri\u010darala nepozabno stripovsko popotovanje po na\u0161i preteklosti.<\/p>\n<p><em>Strip Bobri so iz\u0161li s podporo Javne agencije za knjigo RS.<\/em><\/p>","protected":false},"excerpt":{"rendered":"<p>Nov \u0160kratelj\u010dev strip z \u0161e eno epsko zgodbo slovenske zgodovine in literature: BOBRI \u2013 STRIP. Vrhunska avtorja, ilustrator <strong>Peter \u0160kerl<\/strong>, in pisatelj <strong>Tadej Golob<\/strong>, sta pri\u010darala nepozabno stripovsko popotovanje po na\u0161i preteklosti.<\/p>\n<p>Epska pripoved Janeza Jalna o \u017eivljenju koli\u0161\u010darjev in do danes neprese\u017een poklon Ljubljanskemu barju. Prazgodovinska saga o koli\u0161\u010darskem rodu in rodbinskih odnosih, ljubezenska zgodba, boj za pre\u017eivetje in lastno ognji\u0161\u010de, nenazadnje juna\u0161ki lik Ostrorogega Jelena. Vse to so Bobri, ki so zaznamovali generacije slovenskih bralcev.<\/p>\n<p><strong>Bobri &#8211; strip, 250 strani, 35 EUR, izdano 25. junija 2024.<\/strong><\/p>\n<p><em>Strip Bobri so iz\u0161li s podporo Javne agencije za knjigo RS.<\/em><\/p>","protected":false},"featured_media":29019,"template":"","meta":{"inline_featured_image":false,"cybocfi_hide_featured_image":""},"product_brand":[],"product_cat":[70],"product_tag":[],"class_list":{"0":"post-29018","1":"product","2":"type-product","3":"status-publish","4":"has-post-thumbnail","6":"product_cat-stripi","8":"first","9":"instock","10":"featured","11":"shipping-taxable","12":"purchasable","13":"product-type-simple"},"yoast_head":"<!-- This site is optimized with the Yoast SEO Premium plugin v27.2 (Yoast SEO v27.4) - https:\/\/yoast.com\/product\/yoast-seo-premium-wordpress\/ -->\n<title>Bobri - strip<\/title>\n<meta name=\"description\" content=\"Bobri - strip z \u0161e eno epsko zgodbo slovenske zgodovine in literature. Peter \u0160kerl, in Tadej Golob, sta pri\u010darala nepozabno stripovsko popotovanje po na\u0161i preteklosti.\" \/>\n<meta name=\"robots\" content=\"index, follow, max-snippet:-1, max-image-preview:large, max-video-preview:-1\" \/>\n<link rel=\"canonical\" href=\"https:\/\/www.skrateljc.org\/en\/product-2\/bobri\/\" \/>\n<meta property=\"og:locale\" content=\"en_GB\" \/>\n<meta property=\"og:type\" content=\"article\" \/>\n<meta property=\"og:title\" content=\"Bobri\" \/>\n<meta property=\"og:description\" content=\"Bobri - strip z \u0161e eno epsko zgodbo slovenske zgodovine in literature. Peter \u0160kerl, in Tadej Golob, sta pri\u010darala nepozabno stripovsko popotovanje po na\u0161i preteklosti.\" \/>\n<meta property=\"og:url\" content=\"https:\/\/www.skrateljc.org\/en\/product-2\/bobri\/\" \/>\n<meta property=\"og:site_name\" content=\"\u0160krateljc\" \/>\n<meta property=\"article:publisher\" content=\"https:\/\/www.facebook.com\/skrateljc\" \/>\n<meta property=\"article:modified_time\" content=\"2025-10-25T15:10:01+00:00\" \/>\n<meta property=\"og:image\" content=\"https:\/\/www.skrateljc.org\/wp-content\/uploads\/2024\/05\/bobri-social-media-naslovka-553x800.png\" \/>\n\t<meta property=\"og:image:width\" content=\"553\" \/>\n\t<meta property=\"og:image:height\" content=\"800\" \/>\n\t<meta property=\"og:image:type\" content=\"image\/png\" \/>\n<meta name=\"twitter:card\" content=\"summary_large_image\" \/>\n<meta name=\"twitter:title\" content=\"Bobri - strip\" \/>\n<meta name=\"twitter:label1\" content=\"Estimated reading time\" \/>\n\t<meta name=\"twitter:data1\" content=\"1 minute\" \/>\n<script type=\"application\/ld+json\" class=\"yoast-schema-graph\">{\"@context\":\"https:\\\/\\\/schema.org\",\"@graph\":[{\"@type\":\"WebPage\",\"@id\":\"https:\\\/\\\/www.skrateljc.org\\\/izdelek\\\/bobri\\\/\",\"url\":\"https:\\\/\\\/www.skrateljc.org\\\/izdelek\\\/bobri\\\/\",\"name\":\"Bobri - strip\",\"isPartOf\":{\"@id\":\"https:\\\/\\\/www.skrateljc.org\\\/#website\"},\"primaryImageOfPage\":{\"@id\":\"https:\\\/\\\/www.skrateljc.org\\\/izdelek\\\/bobri\\\/#primaryimage\"},\"image\":{\"@id\":\"https:\\\/\\\/www.skrateljc.org\\\/izdelek\\\/bobri\\\/#primaryimage\"},\"thumbnailUrl\":\"https:\\\/\\\/www.skrateljc.org\\\/wp-content\\\/uploads\\\/2024\\\/05\\\/bobri-social-media-naslovka.png\",\"datePublished\":\"2024-05-26T07:47:10+00:00\",\"dateModified\":\"2025-10-25T15:10:01+00:00\",\"description\":\"Bobri - strip z \u0161e eno epsko zgodbo slovenske zgodovine in literature. Peter \u0160kerl, in Tadej Golob, sta pri\u010darala nepozabno stripovsko popotovanje po na\u0161i preteklosti.\",\"breadcrumb\":{\"@id\":\"https:\\\/\\\/www.skrateljc.org\\\/izdelek\\\/bobri\\\/#breadcrumb\"},\"inLanguage\":\"en-GB\",\"potentialAction\":[{\"@type\":\"ReadAction\",\"target\":[\"https:\\\/\\\/www.skrateljc.org\\\/izdelek\\\/bobri\\\/\"]}]},{\"@type\":\"ImageObject\",\"inLanguage\":\"en-GB\",\"@id\":\"https:\\\/\\\/www.skrateljc.org\\\/izdelek\\\/bobri\\\/#primaryimage\",\"url\":\"https:\\\/\\\/www.skrateljc.org\\\/wp-content\\\/uploads\\\/2024\\\/05\\\/bobri-social-media-naslovka.png\",\"contentUrl\":\"https:\\\/\\\/www.skrateljc.org\\\/wp-content\\\/uploads\\\/2024\\\/05\\\/bobri-social-media-naslovka.png\",\"width\":889,\"height\":1286,\"caption\":\"Bobri - Tadej Golob Peter \u0160kerl \u0160krateljc Janez Jalen\"},{\"@type\":\"BreadcrumbList\",\"@id\":\"https:\\\/\\\/www.skrateljc.org\\\/izdelek\\\/bobri\\\/#breadcrumb\",\"itemListElement\":[{\"@type\":\"ListItem\",\"position\":1,\"name\":\"Domov\",\"item\":\"https:\\\/\\\/www.skrateljc.org\\\/\"},{\"@type\":\"ListItem\",\"position\":2,\"name\":\"Trgovina\",\"item\":\"https:\\\/\\\/www.skrateljc.org\\\/trgovina\\\/\"},{\"@type\":\"ListItem\",\"position\":3,\"name\":\"Bobri &#8211; strip\"}]},{\"@type\":\"WebSite\",\"@id\":\"https:\\\/\\\/www.skrateljc.org\\\/#website\",\"url\":\"https:\\\/\\\/www.skrateljc.org\\\/\",\"name\":\"\u0160krateljc\",\"description\":\"- ustvarjamo do\u017eivetja\",\"publisher\":{\"@id\":\"https:\\\/\\\/www.skrateljc.org\\\/#organization\"},\"potentialAction\":[{\"@type\":\"SearchAction\",\"target\":{\"@type\":\"EntryPoint\",\"urlTemplate\":\"https:\\\/\\\/www.skrateljc.org\\\/?s={search_term_string}\"},\"query-input\":{\"@type\":\"PropertyValueSpecification\",\"valueRequired\":true,\"valueName\":\"search_term_string\"}}],\"inLanguage\":\"en-GB\"},{\"@type\":\"Organization\",\"@id\":\"https:\\\/\\\/www.skrateljc.org\\\/#organization\",\"name\":\"Zavod \u0160krateljc\",\"url\":\"https:\\\/\\\/www.skrateljc.org\\\/\",\"logo\":{\"@type\":\"ImageObject\",\"inLanguage\":\"en-GB\",\"@id\":\"https:\\\/\\\/www.skrateljc.org\\\/#\\\/schema\\\/logo\\\/image\\\/\",\"url\":\"https:\\\/\\\/www.skrateljc.org\\\/wp-content\\\/uploads\\\/2021\\\/11\\\/00_logo-skrateljc-COL.jpg\",\"contentUrl\":\"https:\\\/\\\/www.skrateljc.org\\\/wp-content\\\/uploads\\\/2021\\\/11\\\/00_logo-skrateljc-COL.jpg\",\"width\":1770,\"height\":471,\"caption\":\"Zavod \u0160krateljc\"},\"image\":{\"@id\":\"https:\\\/\\\/www.skrateljc.org\\\/#\\\/schema\\\/logo\\\/image\\\/\"},\"sameAs\":[\"https:\\\/\\\/www.facebook.com\\\/skrateljc\",\"https:\\\/\\\/www.youtube.com\\\/channel\\\/UCffLgYSmHefkqvSMHeoLSDg\",\"https:\\\/\\\/www.instagram.com\\\/zavodskrateljc\"]}]}<\/script>\n<!-- \/ Yoast SEO Premium plugin. -->","yoast_head_json":{"title":"Bobri - strip","description":"Bobri - strip z \u0161e eno epsko zgodbo slovenske zgodovine in literature. Peter \u0160kerl, in Tadej Golob, sta pri\u010darala nepozabno stripovsko popotovanje po na\u0161i preteklosti.","robots":{"index":"index","follow":"follow","max-snippet":"max-snippet:-1","max-image-preview":"max-image-preview:large","max-video-preview":"max-video-preview:-1"},"canonical":"https:\/\/www.skrateljc.org\/en\/product-2\/bobri\/","og_locale":"en_GB","og_type":"article","og_title":"Bobri","og_description":"Bobri - strip z \u0161e eno epsko zgodbo slovenske zgodovine in literature. Peter \u0160kerl, in Tadej Golob, sta pri\u010darala nepozabno stripovsko popotovanje po na\u0161i preteklosti.","og_url":"https:\/\/www.skrateljc.org\/en\/product-2\/bobri\/","og_site_name":"\u0160krateljc","article_publisher":"https:\/\/www.facebook.com\/skrateljc","article_modified_time":"2025-10-25T15:10:01+00:00","og_image":[{"width":553,"height":800,"url":"https:\/\/www.skrateljc.org\/wp-content\/uploads\/2024\/05\/bobri-social-media-naslovka-553x800.png","type":"image\/png"}],"twitter_card":"summary_large_image","twitter_title":"Bobri - strip","twitter_misc":{"Estimated reading time":"1 minute"},"schema":{"@context":"https:\/\/schema.org","@graph":[{"@type":"WebPage","@id":"https:\/\/www.skrateljc.org\/izdelek\/bobri\/","url":"https:\/\/www.skrateljc.org\/izdelek\/bobri\/","name":"Bobri - strip","isPartOf":{"@id":"https:\/\/www.skrateljc.org\/#website"},"primaryImageOfPage":{"@id":"https:\/\/www.skrateljc.org\/izdelek\/bobri\/#primaryimage"},"image":{"@id":"https:\/\/www.skrateljc.org\/izdelek\/bobri\/#primaryimage"},"thumbnailUrl":"https:\/\/www.skrateljc.org\/wp-content\/uploads\/2024\/05\/bobri-social-media-naslovka.png","datePublished":"2024-05-26T07:47:10+00:00","dateModified":"2025-10-25T15:10:01+00:00","description":"Bobri - strip z \u0161e eno epsko zgodbo slovenske zgodovine in literature. Peter \u0160kerl, in Tadej Golob, sta pri\u010darala nepozabno stripovsko popotovanje po na\u0161i preteklosti.","breadcrumb":{"@id":"https:\/\/www.skrateljc.org\/izdelek\/bobri\/#breadcrumb"},"inLanguage":"en-GB","potentialAction":[{"@type":"ReadAction","target":["https:\/\/www.skrateljc.org\/izdelek\/bobri\/"]}]},{"@type":"ImageObject","inLanguage":"en-GB","@id":"https:\/\/www.skrateljc.org\/izdelek\/bobri\/#primaryimage","url":"https:\/\/www.skrateljc.org\/wp-content\/uploads\/2024\/05\/bobri-social-media-naslovka.png","contentUrl":"https:\/\/www.skrateljc.org\/wp-content\/uploads\/2024\/05\/bobri-social-media-naslovka.png","width":889,"height":1286,"caption":"Bobri - Tadej Golob Peter \u0160kerl \u0160krateljc Janez Jalen"},{"@type":"BreadcrumbList","@id":"https:\/\/www.skrateljc.org\/izdelek\/bobri\/#breadcrumb","itemListElement":[{"@type":"ListItem","position":1,"name":"Domov","item":"https:\/\/www.skrateljc.org\/"},{"@type":"ListItem","position":2,"name":"Trgovina","item":"https:\/\/www.skrateljc.org\/trgovina\/"},{"@type":"ListItem","position":3,"name":"Bobri &#8211; strip"}]},{"@type":"WebSite","@id":"https:\/\/www.skrateljc.org\/#website","url":"https:\/\/www.skrateljc.org\/","name":"\u0160krateljc","description":"- ustvarjamo do\u017eivetja","publisher":{"@id":"https:\/\/www.skrateljc.org\/#organization"},"potentialAction":[{"@type":"SearchAction","target":{"@type":"EntryPoint","urlTemplate":"https:\/\/www.skrateljc.org\/?s={search_term_string}"},"query-input":{"@type":"PropertyValueSpecification","valueRequired":true,"valueName":"search_term_string"}}],"inLanguage":"en-GB"},{"@type":"Organization","@id":"https:\/\/www.skrateljc.org\/#organization","name":"Zavod \u0160krateljc","url":"https:\/\/www.skrateljc.org\/","logo":{"@type":"ImageObject","inLanguage":"en-GB","@id":"https:\/\/www.skrateljc.org\/#\/schema\/logo\/image\/","url":"https:\/\/www.skrateljc.org\/wp-content\/uploads\/2021\/11\/00_logo-skrateljc-COL.jpg","contentUrl":"https:\/\/www.skrateljc.org\/wp-content\/uploads\/2021\/11\/00_logo-skrateljc-COL.jpg","width":1770,"height":471,"caption":"Zavod \u0160krateljc"},"image":{"@id":"https:\/\/www.skrateljc.org\/#\/schema\/logo\/image\/"},"sameAs":["https:\/\/www.facebook.com\/skrateljc","https:\/\/www.youtube.com\/channel\/UCffLgYSmHefkqvSMHeoLSDg","https:\/\/www.instagram.com\/zavodskrateljc"]}]}},"_links":{"self":[{"href":"https:\/\/www.skrateljc.org\/en\/wp-json\/wp\/v2\/product\/29018","targetHints":{"allow":["GET"]}}],"collection":[{"href":"https:\/\/www.skrateljc.org\/en\/wp-json\/wp\/v2\/product"}],"about":[{"href":"https:\/\/www.skrateljc.org\/en\/wp-json\/wp\/v2\/types\/product"}],"wp:featuredmedia":[{"embeddable":true,"href":"https:\/\/www.skrateljc.org\/en\/wp-json\/wp\/v2\/media\/29019"}],"wp:attachment":[{"href":"https:\/\/www.skrateljc.org\/en\/wp-json\/wp\/v2\/media?parent=29018"}],"wp:term":[{"taxonomy":"product_brand","embeddable":true,"href":"https:\/\/www.skrateljc.org\/en\/wp-json\/wp\/v2\/product_brand?post=29018"},{"taxonomy":"product_cat","embeddable":true,"href":"https:\/\/www.skrateljc.org\/en\/wp-json\/wp\/v2\/product_cat?post=29018"},{"taxonomy":"product_tag","embeddable":true,"href":"https:\/\/www.skrateljc.org\/en\/wp-json\/wp\/v2\/product_tag?post=29018"}],"curies":[{"name":"wp","href":"https:\/\/api.w.org\/{rel}","templated":true}]}}