{"id":14145,"date":"2022-06-18T07:56:33","date_gmt":"2022-06-18T06:56:33","guid":{"rendered":"https:\/\/www.skrateljc.org\/?post_type=product&#038;p=14145"},"modified":"2025-10-25T17:25:44","modified_gmt":"2025-10-25T15:25:44","slug":"pod-svobodnim-soncem-strip","status":"publish","type":"product","link":"https:\/\/www.skrateljc.org\/en\/izdelek\/pod-svobodnim-soncem-strip\/","title":{"rendered":"Pod svobodnim soncem &#8211; strip"},"content":{"rendered":"<h1>Pod svobodnim soncem &#8211; strip<\/h1>\n<p>Monumentalen strip, brez dvoma najve\u010dji slovenski zgodovinski ep in najbolj priljubljena slovenska knjiga vseh \u010dasov v posebni izdaji.<\/p>","protected":false},"excerpt":{"rendered":"<p><strong>NAVDIHUJO\u010cE: <a href=\"https:\/\/www.facebook.com\/zgodbevstripu\">Pod svobodnim soncem \u2013 STRIP<\/a><\/strong><\/p>\n<p>Na knji\u017enih policah je monumentalen strip, brez dvoma najve\u010dji slovenski zgodovinski ep in najbolj priljubljena slovenska knjiga vseh \u010dasov v posebni izdaji: Pod svobodnim soncem \u2013 strip.<\/p>\n<p>Fin\u017egarjevo besedilo je senzibilno in dramatur\u0161ko dinami\u010dno priredil Goran Vojnovi\u0107, epske ilustracije je ustvaril Damijan Stepan\u010di\u010d, spremno besedilo je prispeval prof. dr. Janez Bogataj, ki mu je bil Fin\u017egar stari stric. Nastal je obse\u017een, pretresljiv in navdihujo\u010d roman v stripu, ki na kar stopetdesetih straneh pripoveduje zgodbo o tem, kako so na\u0161i predniki iskali in si izborili prostor pod svobodnim soncem. Zgodba, ki je tako globoko vpisana v zavest in identiteto Slovencev, je neverjetno aktualna \u0161e danes, v \u010dasu iskanja novih dru\u017ebenih vezi in soodvisnosti. \u0160e danes nas spodbuja k premisleku in \u0161e danes navdihuje. Zato Pod svobodnim soncem \u2013 strip, tako kot v \u010dasu od prve knji\u017ene izdaje leta 1912, krepi ponos in zavest o pripadnosti narodu. Pod svobodnim soncem je strip, ikona, knjiga in zgodba, ki bralca zaznamuje in povzdigne!<\/p>\n<p>Irena je rodila sedem de\u010dkov, vrlih sokolov, Iztokov duh pa je rodil tiso\u010de, ki so se vojskovali z Bizantinci, prehodili Ilirijo, dospeli v Helado do Epafroditovega groba in potrkali na vrata samega Bizanca. Huni so iskali pri njih zavetja in gostoljubja, obrski kakan je odpovedal zvezo Bizancu in prosil prijateljstva Slovenov in Antov, ki so napolnjeni z Iztokovim duhom \u017eiveli v bratski slogi in u\u017eivali slavo pod svobodnim soncem.<br \/>\n<em>\u2013 Fran Sale\u0161ki Fin\u017egar<\/em><\/p>\n<p>V \u010dasu nastajanja romana Pod svobodnim soncem Slovenci \u0161e nismo imeli svoje dr\u017eave, zato je bilo pisateljevo poudarjanje juna\u0161ke upornosti, \u010deprav v drugem \u010dasovnem obdobju, pravzaprav univerzalno opozorilo in navodilo za uresni\u010ditev samostojnosti.<br \/>\n<em>\u2013 prof. dr. Janez Bogataj<\/em><\/p>\n<p>Kdo so danes barbari? Kje je danes Bizanc? Smo mi barbari na obrobju mogo\u010dnega cesarstva ali smo Bi\u00adzantinci, ki Bizanc varujejo pred vdirajo\u010dimi barbari? In kako je z na\u0161o svobodo? \u017divimo danes pod svobodnim soncem ali ne?<br \/>\n<em>\u2013 Goran Vojnovi\u0107<\/em><\/p>\n<p>Strip ima 150 strani.<\/p>","protected":false},"featured_media":2419,"template":"","meta":{"inline_featured_image":false,"cybocfi_hide_featured_image":""},"product_brand":[],"product_cat":[70],"product_tag":[],"class_list":{"0":"post-14145","1":"product","2":"type-product","3":"status-publish","4":"has-post-thumbnail","6":"product_cat-stripi","8":"first","9":"instock","10":"featured","11":"shipping-taxable","12":"purchasable","13":"product-type-simple"},"yoast_head":"<!-- This site is optimized with the Yoast SEO Premium plugin v27.2 (Yoast SEO v27.4) - https:\/\/yoast.com\/product\/yoast-seo-premium-wordpress\/ -->\n<title>Pod svobodnim soncem - strip<\/title>\n<meta name=\"description\" content=\"Monumentalen strip, brez dvoma najve\u010dji slovenski zgodovinski ep in najbolj priljubljena slovenska knjiga vseh \u010dasov v posebni izdaji.\" \/>\n<meta name=\"robots\" content=\"index, follow, max-snippet:-1, max-image-preview:large, max-video-preview:-1\" \/>\n<link rel=\"canonical\" href=\"https:\/\/www.skrateljc.org\/en\/product-2\/pod-svobodnim-soncem-strip\/\" \/>\n<meta property=\"og:locale\" content=\"en_GB\" \/>\n<meta property=\"og:type\" content=\"article\" \/>\n<meta property=\"og:title\" content=\"Pod svobodnim soncem - strip\" \/>\n<meta property=\"og:description\" content=\"Monumentalen strip, brez dvoma najve\u010dji slovenski zgodovinski ep in najbolj priljubljena slovenska knjiga vseh \u010dasov v posebni izdaji.\" \/>\n<meta property=\"og:url\" content=\"https:\/\/www.skrateljc.org\/en\/product-2\/pod-svobodnim-soncem-strip\/\" \/>\n<meta property=\"og:site_name\" content=\"\u0160krateljc\" \/>\n<meta property=\"article:publisher\" content=\"https:\/\/www.facebook.com\/skrateljc\" \/>\n<meta property=\"article:modified_time\" content=\"2025-10-25T15:25:44+00:00\" \/>\n<meta property=\"og:image\" content=\"https:\/\/www.skrateljc.org\/wp-content\/uploads\/2021\/10\/Pod_svobodnim_soncem.jpg\" \/>\n\t<meta property=\"og:image:width\" content=\"1280\" \/>\n\t<meta property=\"og:image:height\" content=\"1836\" \/>\n\t<meta property=\"og:image:type\" content=\"image\/jpeg\" \/>\n<meta name=\"twitter:card\" content=\"summary_large_image\" \/>\n<meta name=\"twitter:label1\" content=\"Estimated reading time\" \/>\n\t<meta name=\"twitter:data1\" content=\"1 minute\" \/>\n<script type=\"application\/ld+json\" class=\"yoast-schema-graph\">{\"@context\":\"https:\\\/\\\/schema.org\",\"@graph\":[{\"@type\":\"WebPage\",\"@id\":\"https:\\\/\\\/www.skrateljc.org\\\/izdelek\\\/pod-svobodnim-soncem-strip\\\/\",\"url\":\"https:\\\/\\\/www.skrateljc.org\\\/izdelek\\\/pod-svobodnim-soncem-strip\\\/\",\"name\":\"Pod svobodnim soncem - strip\",\"isPartOf\":{\"@id\":\"https:\\\/\\\/www.skrateljc.org\\\/#website\"},\"primaryImageOfPage\":{\"@id\":\"https:\\\/\\\/www.skrateljc.org\\\/izdelek\\\/pod-svobodnim-soncem-strip\\\/#primaryimage\"},\"image\":{\"@id\":\"https:\\\/\\\/www.skrateljc.org\\\/izdelek\\\/pod-svobodnim-soncem-strip\\\/#primaryimage\"},\"thumbnailUrl\":\"https:\\\/\\\/www.skrateljc.org\\\/wp-content\\\/uploads\\\/2021\\\/10\\\/Pod_svobodnim_soncem-1.png\",\"datePublished\":\"2022-06-18T06:56:33+00:00\",\"dateModified\":\"2025-10-25T15:25:44+00:00\",\"description\":\"Monumentalen strip, brez dvoma najve\u010dji slovenski zgodovinski ep in najbolj priljubljena slovenska knjiga vseh \u010dasov v posebni izdaji.\",\"breadcrumb\":{\"@id\":\"https:\\\/\\\/www.skrateljc.org\\\/izdelek\\\/pod-svobodnim-soncem-strip\\\/#breadcrumb\"},\"inLanguage\":\"en-GB\",\"potentialAction\":[{\"@type\":\"ReadAction\",\"target\":[\"https:\\\/\\\/www.skrateljc.org\\\/izdelek\\\/pod-svobodnim-soncem-strip\\\/\"]}]},{\"@type\":\"ImageObject\",\"inLanguage\":\"en-GB\",\"@id\":\"https:\\\/\\\/www.skrateljc.org\\\/izdelek\\\/pod-svobodnim-soncem-strip\\\/#primaryimage\",\"url\":\"https:\\\/\\\/www.skrateljc.org\\\/wp-content\\\/uploads\\\/2021\\\/10\\\/Pod_svobodnim_soncem-1.png\",\"contentUrl\":\"https:\\\/\\\/www.skrateljc.org\\\/wp-content\\\/uploads\\\/2021\\\/10\\\/Pod_svobodnim_soncem-1.png\",\"width\":612,\"height\":767,\"caption\":\"Pod svobodnim soncem strip\"},{\"@type\":\"BreadcrumbList\",\"@id\":\"https:\\\/\\\/www.skrateljc.org\\\/izdelek\\\/pod-svobodnim-soncem-strip\\\/#breadcrumb\",\"itemListElement\":[{\"@type\":\"ListItem\",\"position\":1,\"name\":\"Domov\",\"item\":\"https:\\\/\\\/www.skrateljc.org\\\/\"},{\"@type\":\"ListItem\",\"position\":2,\"name\":\"Trgovina\",\"item\":\"https:\\\/\\\/www.skrateljc.org\\\/trgovina\\\/\"},{\"@type\":\"ListItem\",\"position\":3,\"name\":\"Pod svobodnim soncem &#8211; strip\"}]},{\"@type\":\"WebSite\",\"@id\":\"https:\\\/\\\/www.skrateljc.org\\\/#website\",\"url\":\"https:\\\/\\\/www.skrateljc.org\\\/\",\"name\":\"\u0160krateljc\",\"description\":\"- ustvarjamo do\u017eivetja\",\"publisher\":{\"@id\":\"https:\\\/\\\/www.skrateljc.org\\\/#organization\"},\"potentialAction\":[{\"@type\":\"SearchAction\",\"target\":{\"@type\":\"EntryPoint\",\"urlTemplate\":\"https:\\\/\\\/www.skrateljc.org\\\/?s={search_term_string}\"},\"query-input\":{\"@type\":\"PropertyValueSpecification\",\"valueRequired\":true,\"valueName\":\"search_term_string\"}}],\"inLanguage\":\"en-GB\"},{\"@type\":\"Organization\",\"@id\":\"https:\\\/\\\/www.skrateljc.org\\\/#organization\",\"name\":\"Zavod \u0160krateljc\",\"url\":\"https:\\\/\\\/www.skrateljc.org\\\/\",\"logo\":{\"@type\":\"ImageObject\",\"inLanguage\":\"en-GB\",\"@id\":\"https:\\\/\\\/www.skrateljc.org\\\/#\\\/schema\\\/logo\\\/image\\\/\",\"url\":\"https:\\\/\\\/www.skrateljc.org\\\/wp-content\\\/uploads\\\/2021\\\/11\\\/00_logo-skrateljc-COL.jpg\",\"contentUrl\":\"https:\\\/\\\/www.skrateljc.org\\\/wp-content\\\/uploads\\\/2021\\\/11\\\/00_logo-skrateljc-COL.jpg\",\"width\":1770,\"height\":471,\"caption\":\"Zavod \u0160krateljc\"},\"image\":{\"@id\":\"https:\\\/\\\/www.skrateljc.org\\\/#\\\/schema\\\/logo\\\/image\\\/\"},\"sameAs\":[\"https:\\\/\\\/www.facebook.com\\\/skrateljc\",\"https:\\\/\\\/www.youtube.com\\\/channel\\\/UCffLgYSmHefkqvSMHeoLSDg\",\"https:\\\/\\\/www.instagram.com\\\/zavodskrateljc\"]}]}<\/script>\n<!-- \/ Yoast SEO Premium plugin. -->","yoast_head_json":{"title":"Pod svobodnim soncem - strip","description":"Monumentalen strip, brez dvoma najve\u010dji slovenski zgodovinski ep in najbolj priljubljena slovenska knjiga vseh \u010dasov v posebni izdaji.","robots":{"index":"index","follow":"follow","max-snippet":"max-snippet:-1","max-image-preview":"max-image-preview:large","max-video-preview":"max-video-preview:-1"},"canonical":"https:\/\/www.skrateljc.org\/en\/product-2\/pod-svobodnim-soncem-strip\/","og_locale":"en_GB","og_type":"article","og_title":"Pod svobodnim soncem - strip","og_description":"Monumentalen strip, brez dvoma najve\u010dji slovenski zgodovinski ep in najbolj priljubljena slovenska knjiga vseh \u010dasov v posebni izdaji.","og_url":"https:\/\/www.skrateljc.org\/en\/product-2\/pod-svobodnim-soncem-strip\/","og_site_name":"\u0160krateljc","article_publisher":"https:\/\/www.facebook.com\/skrateljc","article_modified_time":"2025-10-25T15:25:44+00:00","og_image":[{"width":1280,"height":1836,"url":"https:\/\/www.skrateljc.org\/wp-content\/uploads\/2021\/10\/Pod_svobodnim_soncem.jpg","type":"image\/jpeg"}],"twitter_card":"summary_large_image","twitter_misc":{"Estimated reading time":"1 minute"},"schema":{"@context":"https:\/\/schema.org","@graph":[{"@type":"WebPage","@id":"https:\/\/www.skrateljc.org\/izdelek\/pod-svobodnim-soncem-strip\/","url":"https:\/\/www.skrateljc.org\/izdelek\/pod-svobodnim-soncem-strip\/","name":"Pod svobodnim soncem - strip","isPartOf":{"@id":"https:\/\/www.skrateljc.org\/#website"},"primaryImageOfPage":{"@id":"https:\/\/www.skrateljc.org\/izdelek\/pod-svobodnim-soncem-strip\/#primaryimage"},"image":{"@id":"https:\/\/www.skrateljc.org\/izdelek\/pod-svobodnim-soncem-strip\/#primaryimage"},"thumbnailUrl":"https:\/\/www.skrateljc.org\/wp-content\/uploads\/2021\/10\/Pod_svobodnim_soncem-1.png","datePublished":"2022-06-18T06:56:33+00:00","dateModified":"2025-10-25T15:25:44+00:00","description":"Monumentalen strip, brez dvoma najve\u010dji slovenski zgodovinski ep in najbolj priljubljena slovenska knjiga vseh \u010dasov v posebni izdaji.","breadcrumb":{"@id":"https:\/\/www.skrateljc.org\/izdelek\/pod-svobodnim-soncem-strip\/#breadcrumb"},"inLanguage":"en-GB","potentialAction":[{"@type":"ReadAction","target":["https:\/\/www.skrateljc.org\/izdelek\/pod-svobodnim-soncem-strip\/"]}]},{"@type":"ImageObject","inLanguage":"en-GB","@id":"https:\/\/www.skrateljc.org\/izdelek\/pod-svobodnim-soncem-strip\/#primaryimage","url":"https:\/\/www.skrateljc.org\/wp-content\/uploads\/2021\/10\/Pod_svobodnim_soncem-1.png","contentUrl":"https:\/\/www.skrateljc.org\/wp-content\/uploads\/2021\/10\/Pod_svobodnim_soncem-1.png","width":612,"height":767,"caption":"Pod svobodnim soncem strip"},{"@type":"BreadcrumbList","@id":"https:\/\/www.skrateljc.org\/izdelek\/pod-svobodnim-soncem-strip\/#breadcrumb","itemListElement":[{"@type":"ListItem","position":1,"name":"Domov","item":"https:\/\/www.skrateljc.org\/"},{"@type":"ListItem","position":2,"name":"Trgovina","item":"https:\/\/www.skrateljc.org\/trgovina\/"},{"@type":"ListItem","position":3,"name":"Pod svobodnim soncem &#8211; strip"}]},{"@type":"WebSite","@id":"https:\/\/www.skrateljc.org\/#website","url":"https:\/\/www.skrateljc.org\/","name":"\u0160krateljc","description":"- ustvarjamo do\u017eivetja","publisher":{"@id":"https:\/\/www.skrateljc.org\/#organization"},"potentialAction":[{"@type":"SearchAction","target":{"@type":"EntryPoint","urlTemplate":"https:\/\/www.skrateljc.org\/?s={search_term_string}"},"query-input":{"@type":"PropertyValueSpecification","valueRequired":true,"valueName":"search_term_string"}}],"inLanguage":"en-GB"},{"@type":"Organization","@id":"https:\/\/www.skrateljc.org\/#organization","name":"Zavod \u0160krateljc","url":"https:\/\/www.skrateljc.org\/","logo":{"@type":"ImageObject","inLanguage":"en-GB","@id":"https:\/\/www.skrateljc.org\/#\/schema\/logo\/image\/","url":"https:\/\/www.skrateljc.org\/wp-content\/uploads\/2021\/11\/00_logo-skrateljc-COL.jpg","contentUrl":"https:\/\/www.skrateljc.org\/wp-content\/uploads\/2021\/11\/00_logo-skrateljc-COL.jpg","width":1770,"height":471,"caption":"Zavod \u0160krateljc"},"image":{"@id":"https:\/\/www.skrateljc.org\/#\/schema\/logo\/image\/"},"sameAs":["https:\/\/www.facebook.com\/skrateljc","https:\/\/www.youtube.com\/channel\/UCffLgYSmHefkqvSMHeoLSDg","https:\/\/www.instagram.com\/zavodskrateljc"]}]}},"_links":{"self":[{"href":"https:\/\/www.skrateljc.org\/en\/wp-json\/wp\/v2\/product\/14145","targetHints":{"allow":["GET"]}}],"collection":[{"href":"https:\/\/www.skrateljc.org\/en\/wp-json\/wp\/v2\/product"}],"about":[{"href":"https:\/\/www.skrateljc.org\/en\/wp-json\/wp\/v2\/types\/product"}],"wp:featuredmedia":[{"embeddable":true,"href":"https:\/\/www.skrateljc.org\/en\/wp-json\/wp\/v2\/media\/2419"}],"wp:attachment":[{"href":"https:\/\/www.skrateljc.org\/en\/wp-json\/wp\/v2\/media?parent=14145"}],"wp:term":[{"taxonomy":"product_brand","embeddable":true,"href":"https:\/\/www.skrateljc.org\/en\/wp-json\/wp\/v2\/product_brand?post=14145"},{"taxonomy":"product_cat","embeddable":true,"href":"https:\/\/www.skrateljc.org\/en\/wp-json\/wp\/v2\/product_cat?post=14145"},{"taxonomy":"product_tag","embeddable":true,"href":"https:\/\/www.skrateljc.org\/en\/wp-json\/wp\/v2\/product_tag?post=14145"}],"curies":[{"name":"wp","href":"https:\/\/api.w.org\/{rel}","templated":true}]}}